{"id":9193,"date":"2025-05-03T13:25:52","date_gmt":"2025-05-03T11:25:52","guid":{"rendered":"https:\/\/www.agecif.com\/?page_id=9193"},"modified":"2025-05-03T13:48:05","modified_gmt":"2025-05-03T11:48:05","slug":"damien-lenet","status":"publish","type":"page","link":"https:\/\/wptestkevin.ovh\/.Dev\/damien-lenet\/","title":{"rendered":"Damien Lenet"},"content":{"rendered":"<p>[et_pb_section fb_built=\u00a0\u00bb1&Prime; admin_label=\u00a0\u00bbSection\u00a0\u00bb module_id=\u00a0\u00bbadelus\u00a0\u00bb _builder_version=\u00a0\u00bb4.27.4&Prime; _module_preset=\u00a0\u00bbdefault\u00a0\u00bb background_color=\u00a0\u00bb#f1f3f4&Prime; custom_margin=\u00a0\u00bb0px||0px||true|false\u00a0\u00bb custom_padding=\u00a0\u00bb0px||0px||true|false\u00a0\u00bb da_popup_slug=\u00a0\u00bbadelus\u00a0\u00bb da_disable_devices=\u00a0\u00bboff|off|off\u00a0\u00bb global_colors_info=\u00a0\u00bb{}\u00a0\u00bb da_is_popup=\u00a0\u00bboff\u00a0\u00bb da_exit_intent=\u00a0\u00bboff\u00a0\u00bb da_has_close=\u00a0\u00bbon\u00a0\u00bb da_alt_close=\u00a0\u00bboff\u00a0\u00bb da_dark_close=\u00a0\u00bboff\u00a0\u00bb da_not_modal=\u00a0\u00bbon\u00a0\u00bb da_is_singular=\u00a0\u00bboff\u00a0\u00bb da_with_loader=\u00a0\u00bboff\u00a0\u00bb da_has_shadow=\u00a0\u00bbon\u00a0\u00bb][et_pb_row custom_padding_last_edited=\u00a0\u00bbon|phone\u00a0\u00bb _builder_version=\u00a0\u00bb4.27.4&Prime; _module_preset=\u00a0\u00bbdefault\u00a0\u00bb background_color=\u00a0\u00bb#FFFFFF\u00a0\u00bb width_tablet=\u00a0\u00bb\u00a0\u00bb width_phone=\u00a0\u00bb95%\u00a0\u00bb width_last_edited=\u00a0\u00bbon|phone\u00a0\u00bb custom_padding=\u00a0\u00bb|33px||33px|false|true\u00a0\u00bb custom_padding_tablet=\u00a0\u00bb\u00a0\u00bb custom_padding_phone=\u00a0\u00bb|10px||10px|false|true\u00a0\u00bb global_colors_info=\u00a0\u00bb{}\u00a0\u00bb][et_pb_column type=\u00a0\u00bb4_4&Prime; _builder_version=\u00a0\u00bb4.21.0&Prime; _module_preset=\u00a0\u00bbdefault\u00a0\u00bb global_colors_info=\u00a0\u00bb{}\u00a0\u00bb][et_pb_text _builder_version=\u00a0\u00bb4.27.4&Prime; _module_preset=\u00a0\u00bbdefault\u00a0\u00bb custom_margin=\u00a0\u00bb||10px||false|false\u00a0\u00bb global_colors_info=\u00a0\u00bb{}\u00a0\u00bb]<\/p>\n<h1 class=\"uk-article-title\">Damien Lenet<\/h1>\n<p>[\/et_pb_text][et_pb_text _builder_version=\u00a0\u00bb4.27.4&Prime; _module_preset=\u00a0\u00bbdefault\u00a0\u00bb text_orientation=\u00a0\u00bbjustified\u00a0\u00bb hover_enabled=\u00a0\u00bb0&Prime; global_colors_info=\u00a0\u00bb{}\u00a0\u00bb sticky_enabled=\u00a0\u00bb0&Prime;]<\/p>\n<p><img loading=\"lazy\" decoding=\"async\" src=\"http:\/\/wptestkevin.ovh\/.Dev\/wp-content\/uploads\/2025\/05\/Damien-Lenet-Gd.png\" width=\"258\" height=\"300\" \/><\/p>\n<p>Apr\u00e8s des \u00e9tudes en chimie (DUT) et en technique de commercialisation (Licence professionnelle), <span style=\"color: #2271b1;\"><strong>Damien Lenet<\/strong><\/span> choisit d\u2019embrasser le monde du spectacle vivant et de l\u2019\u00e9v\u00e9nementiel, anim\u00e9 par sa passion pour la musique et l\u2019organisation. D\u00e8s 1999, il plonge dans la production de festivals de musique, de tourn\u00e9es d\u2019artistes et de projets photographiques.<\/p>\n<p>Fort de cette exp\u00e9rience, <span style=\"color: #2271b1;\"><strong>Damien Lenet<\/strong><\/span> d\u00e9veloppe au fil des ann\u00e9es une expertise en direction technique et r\u00e9gie g\u00e9n\u00e9rale, notamment pour la Coop\u00e9rative de Rue et de Cirque, le 6b \u00e0 Saint-Denis, le Festival Terraqu\u00e9 \u00e0 Carnac ou encore le Collectif Malun\u00e9s. Sa capacit\u00e9 \u00e0 coordonner les \u00e9quipes et \u00e0 structurer les dispositifs techniques fait de lui un pilier essentiel dans des contextes exigeants.<\/p>\n<p>Depuis 2016, <span style=\"color: #2271b1;\"><strong>Damien Lenet<\/strong><\/span> oriente son engagement vers la gestion globale des risques pour le spectacle vivant et l&rsquo;\u00e9v\u00e9nementiel. Il fonde Moe-Kan SAS et intervient comme coordinateur s\u00e9curit\u00e9 pour de grands \u00e9v\u00e9nements comme Rock en Seine, Pause Guitare ou les F\u00eates Maritimes de Brest. Son approche : cartographier les risques, anticiper les impr\u00e9vus et int\u00e9grer la dimension humaine dans la s\u00e9curit\u00e9.<\/p>\n<p>Souhaitant renforcer ses comp\u00e9tences, <span style=\"color: #2271b1;\"><strong>Damien Lenet<\/strong><\/span> suit de nombreuses formations : SSIAP3 en 2018, gestion de crise \u00e0 Sorbonne-Panth\u00e9on Paris 1 en 2025, s\u00e9curit\u00e9 \u00e9v\u00e9nementielle et gestion de foule \u00e0 Gen\u00e8ve et \u00c9dimbourg en 2023, ou encore auditeur en sant\u00e9 et s\u00e9curit\u00e9 au travail en 2025.<\/p>\n<p>Formateur certifi\u00e9 SIPCA, il transmet depuis 2022 ses savoirs au Centre National de la Musique, \u00e0 Artek Formation, \u00e0 l\u2019AGECIF et au CFPTS, en mettant un point d\u2019honneur \u00e0 lier th\u00e9orie et pratique. Il enseigne notamment la gestion de crise, la s\u00e9curit\u00e9 des lieux de spectacle et la pr\u00e9paration op\u00e9rationnelle des \u00e9v\u00e9nements.<\/p>\n<p>Avec plus de vingt-cinq ans d\u2019exp\u00e9rience, <span style=\"color: #2271b1;\"><strong>Damien Lenet<\/strong><\/span> d\u00e9fend une vision du risque comme levier d&rsquo;organisation, de fluidit\u00e9 et de s\u00e9curit\u00e9 dans le secteur culturel. Sa m\u00e9thode : l\u2019anticipation des surprises et la valorisation des comp\u00e9tences humaines pour faire face \u00e0 l\u2019impr\u00e9visible.<\/p>\n<p>[\/et_pb_text][\/et_pb_column][\/et_pb_row][et_pb_row column_structure=\u00a0\u00bb3_5,2_5&Prime; _builder_version=\u00a0\u00bb4.21.0&Prime; _module_preset=\u00a0\u00bbdefault\u00a0\u00bb global_colors_info=\u00a0\u00bb{}\u00a0\u00bb][et_pb_column type=\u00a0\u00bb3_5&Prime; _builder_version=\u00a0\u00bb4.21.0&Prime; _module_preset=\u00a0\u00bbdefault\u00a0\u00bb global_colors_info=\u00a0\u00bb{}\u00a0\u00bb][\/et_pb_column][et_pb_column type=\u00a0\u00bb2_5&Prime; _builder_version=\u00a0\u00bb4.21.0&Prime; _module_preset=\u00a0\u00bbdefault\u00a0\u00bb global_colors_info=\u00a0\u00bb{}\u00a0\u00bb][et_pb_text _builder_version=\u00a0\u00bb4.21.0&Prime; _module_preset=\u00a0\u00bbdefault\u00a0\u00bb text_orientation=\u00a0\u00bbcenter\u00a0\u00bb custom_padding=\u00a0\u00bb10px||10px||true|false\u00a0\u00bb border_width_all=\u00a0\u00bb1px\u00a0\u00bb border_color_all=\u00a0\u00bb#d8d8d8&Prime; global_colors_info=\u00a0\u00bb{}\u00a0\u00bb]<\/p>\n<p>[lmt-post-modified-info]<\/p>\n<p>[\/et_pb_text][\/et_pb_column][\/et_pb_row][\/et_pb_section]<\/p>\n","protected":false},"excerpt":{"rendered":"<p>Damien Lenet Apr\u00e8s des \u00e9tudes en chimie (DUT) et en technique de commercialisation (Licence professionnelle), Damien Lenet choisit d\u2019embrasser le monde du spectacle vivant et de l\u2019\u00e9v\u00e9nementiel, anim\u00e9 par sa passion pour la musique et l\u2019organisation. D\u00e8s 1999, il plonge dans la production de festivals de musique, de tourn\u00e9es d\u2019artistes et de projets photographiques. Fort [&hellip;]<\/p>\n","protected":false},"author":2,"featured_media":0,"parent":0,"menu_order":0,"comment_status":"closed","ping_status":"closed","template":"","meta":{"_et_pb_use_builder":"on","_et_pb_old_content":"","_et_gb_content_width":"","footnotes":""},"class_list":["post-9193","page","type-page","status-publish","hentry"],"_links":{"self":[{"href":"https:\/\/wptestkevin.ovh\/.Dev\/wp-json\/wp\/v2\/pages\/9193","targetHints":{"allow":["GET"]}}],"collection":[{"href":"https:\/\/wptestkevin.ovh\/.Dev\/wp-json\/wp\/v2\/pages"}],"about":[{"href":"https:\/\/wptestkevin.ovh\/.Dev\/wp-json\/wp\/v2\/types\/page"}],"author":[{"embeddable":true,"href":"https:\/\/wptestkevin.ovh\/.Dev\/wp-json\/wp\/v2\/users\/2"}],"replies":[{"embeddable":true,"href":"https:\/\/wptestkevin.ovh\/.Dev\/wp-json\/wp\/v2\/comments?post=9193"}],"version-history":[{"count":6,"href":"https:\/\/wptestkevin.ovh\/.Dev\/wp-json\/wp\/v2\/pages\/9193\/revisions"}],"predecessor-version":[{"id":9203,"href":"https:\/\/wptestkevin.ovh\/.Dev\/wp-json\/wp\/v2\/pages\/9193\/revisions\/9203"}],"wp:attachment":[{"href":"https:\/\/wptestkevin.ovh\/.Dev\/wp-json\/wp\/v2\/media?parent=9193"}],"curies":[{"name":"wp","href":"https:\/\/api.w.org\/{rel}","templated":true}]}}