{"id":8705,"date":"2025-04-15T13:32:47","date_gmt":"2025-04-15T11:32:47","guid":{"rendered":"https:\/\/www.agecif.com\/?page_id=8705"},"modified":"2025-04-26T16:35:03","modified_gmt":"2025-04-26T14:35:03","slug":"marie-claire-brown","status":"publish","type":"page","link":"https:\/\/wptestkevin.ovh\/.Dev\/marie-claire-brown\/","title":{"rendered":"Marie-Claire Brown"},"content":{"rendered":"<p>[et_pb_section fb_built=\u00a0\u00bb1&Prime; admin_label=\u00a0\u00bbSection\u00a0\u00bb module_id=\u00a0\u00bbadelus\u00a0\u00bb _builder_version=\u00a0\u00bb4.27.4&Prime; _module_preset=\u00a0\u00bbdefault\u00a0\u00bb background_color=\u00a0\u00bb#f1f3f4&Prime; custom_margin=\u00a0\u00bb0px||0px||true|false\u00a0\u00bb custom_padding=\u00a0\u00bb0px||0px||true|false\u00a0\u00bb da_popup_slug=\u00a0\u00bbadelus\u00a0\u00bb da_disable_devices=\u00a0\u00bboff|off|off\u00a0\u00bb global_colors_info=\u00a0\u00bb{}\u00a0\u00bb da_is_popup=\u00a0\u00bboff\u00a0\u00bb da_exit_intent=\u00a0\u00bboff\u00a0\u00bb da_has_close=\u00a0\u00bbon\u00a0\u00bb da_alt_close=\u00a0\u00bboff\u00a0\u00bb da_dark_close=\u00a0\u00bboff\u00a0\u00bb da_not_modal=\u00a0\u00bbon\u00a0\u00bb da_is_singular=\u00a0\u00bboff\u00a0\u00bb da_with_loader=\u00a0\u00bboff\u00a0\u00bb da_has_shadow=\u00a0\u00bbon\u00a0\u00bb][et_pb_row custom_padding_last_edited=\u00a0\u00bbon|phone\u00a0\u00bb _builder_version=\u00a0\u00bb4.27.4&Prime; _module_preset=\u00a0\u00bbdefault\u00a0\u00bb background_color=\u00a0\u00bb#FFFFFF\u00a0\u00bb width_tablet=\u00a0\u00bb\u00a0\u00bb width_phone=\u00a0\u00bb95%\u00a0\u00bb width_last_edited=\u00a0\u00bbon|phone\u00a0\u00bb custom_padding=\u00a0\u00bb|33px||33px|false|true\u00a0\u00bb custom_padding_tablet=\u00a0\u00bb\u00a0\u00bb custom_padding_phone=\u00a0\u00bb|10px||10px|false|true\u00a0\u00bb global_colors_info=\u00a0\u00bb{}\u00a0\u00bb][et_pb_column type=\u00a0\u00bb4_4&Prime; _builder_version=\u00a0\u00bb4.21.0&Prime; _module_preset=\u00a0\u00bbdefault\u00a0\u00bb global_colors_info=\u00a0\u00bb{}\u00a0\u00bb][et_pb_text _builder_version=\u00a0\u00bb4.27.4&Prime; _module_preset=\u00a0\u00bbdefault\u00a0\u00bb custom_margin=\u00a0\u00bb||10px||false|false\u00a0\u00bb global_colors_info=\u00a0\u00bb{}\u00a0\u00bb]<\/p>\n<h1 class=\"uk-article-title\">Marie-Claire Brown<\/h1>\n<p>[\/et_pb_text][et_pb_text _builder_version=\u00a0\u00bb4.27.4&Prime; _module_preset=\u00a0\u00bbdefault\u00a0\u00bb text_orientation=\u00a0\u00bbjustified\u00a0\u00bb hover_enabled=\u00a0\u00bb0&Prime; global_colors_info=\u00a0\u00bb{}\u00a0\u00bb sticky_enabled=\u00a0\u00bb0&Prime;]<\/p>\n<p><img loading=\"lazy\" decoding=\"async\" src=\"http:\/\/wptestkevin.ovh\/.Dev\/wp-content\/uploads\/2025\/04\/brown-Gd.png\" width=\"258\" height=\"300\" \/><\/p>\n<p><span style=\"color: #2271b1;\"><strong>Marie-Claire Brown\u00a0<\/strong><\/span>est journaliste sp\u00e9cialis\u00e9e sur les questions li\u00e9es aux handicaps et notamment la culture, depuis pr\u00e8s de 25 ans et formatrice sur ces sujets.<br \/>Apr\u00e8s des \u00e9tudes d\u2019histoire (master 1), d\u2019histoire de l\u2019art et de langues (anglais et espagnol), et le dipl\u00f4me de l\u2019Institut national des techniques documentaires (INTD \/ master 2), Marie-Claire Brown travaille comme documentaliste puis responsable de Service Documentation dans diff\u00e9rents secteurs (Presse, Sant\u00e9).<\/p>\n<p>Puis <span style=\"color: #2271b1;\"><strong>Marie-Claire Brown\u00a0<\/strong><\/span> d\u00e9veloppe un projet art \/ culture et handicaps, pour tous les types de handicaps et autour de toutes les formes d\u2019art. Elle rencontre de nombreux acteurs de terrain (m\u00e9diateurs, conf\u00e9renciers, animateurs d\u2019ateliers, \u00e9ducateurs dans des mus\u00e9es, th\u00e9\u00e2tres, compagnies et associations). Elle anime une \u00e9mission et des chroniques radio (Euro fm puis Vivre fm), avant d\u2019int\u00e9grer la r\u00e9daction du magazine \u00catre Handicap Information dans un r\u00f4le de coordination, commande et relecture d\u2019articles, recherches iconographiques et r\u00e9daction.<\/p>\n<p>Comme journaliste, <span style=\"color: #2271b1;\"><strong>Marie-Claire Brown\u00a0<\/strong><\/span> exp\u00e9rimente, \u00e9value et rend compte des outils de m\u00e9diation, des visites adapt\u00e9es, des ateliers de pratique artistique, des spectacles sur ces questions ou avec des artistes en situation de handicap, professionnels comme amateurs, en France mais aussi en Grande Bretagne (Londres, Edimbourg et ses festivals), Italie, Espagne, Allemagne, Su\u00e8de, Croatie, Belgique\u2026 Et aime transmettre les bonnes pratiques et les exp\u00e9riences innovantes, orienter les personnes concern\u00e9es et leurs proches.<\/p>\n<p><span style=\"color: #2271b1;\"><strong>Marie-Claire Brown\u00a0<\/strong><\/span> r\u00e9dige articles et documents pour diff\u00e9rents journaux et organismes, comme l\u2019Onisep \/ L\u2019information pour l\u2019orientation (r\u00e9dactrice en chef et r\u00e9dactrice de la collection \u201cPourquoi pas moi ? \u201d, r\u00e9dactrice M\u00e9tiers du handicap\u2026). Elle a anim\u00e9 durant pr\u00e8s de 10 ans des ateliers d\u2019\u00e9criture journalistique pour des personnes ayant un handicap mental ou psychique (dans un \u00c9tablissement et service d\u2019aide par le travail (\u00c9sat), un coll\u00e8ge et dans le Centre de remobilisation vers l\u2019emploi de personnes du magazine \u00catre Handicap Information). Elle anime \u00e9galement des sensibilisations et des formations aux handicaps (M\u00e9diation, Communication, Handicap mental, psychique et autisme, Handicaps invisibles et maladies chroniques), avec l\u2019association Action Handicap France (AHF) : mus\u00e9es de la Ville de Paris, Op\u00e9ra-Comique, Th\u00e9\u00e2tre du Chatelet, R\u00e9union des mus\u00e9es nationaux, offices du tourisme, entreprises, collectivit\u00e9s, universit\u00e9s.<\/p>\n<p><span style=\"color: #2271b1;\"><strong>Marie-Claire Brown\u00a0<\/strong><\/span> ne cesse de se former et de s\u2019informer, suivant des formations comme \u00ab Changer de regard sur la sant\u00e9 mentale \u00bb (Psycom), les \u00ab Premiers secours en sant\u00e9 mentale \u00bb et en participant \u00e0 de nombreuses journ\u00e9es d\u2019\u00e9tudes, rencontres professionnelles, festivals et colloques. Que ce soit sur la cr\u00e9ation artistiques des personnes en situation de handicap, les outils de m\u00e9diation dans les mus\u00e9es, l\u2019audiodescription, le th\u00e9\u00e2tre et le handicap mental, la musique et le handicap visuel ou la surdit\u00e9, la professionnalisation des artistes en situation de handicap, l\u2019art brut, la maladie d\u2019Alzheimer\u2026<\/p>\n<p>En tant que formatrice professionnelle, <span style=\"color: #2271b1;\"><strong>Marie-Claire Brown\u00a0<\/strong><\/span> intervient pour l\u2019AGECIF, sur l\u2019accueil des personnes en situation de handicap, sur les conception et l\u2019animation de m\u00e9diations adapt\u00e9es.<\/p>\n<p>[\/et_pb_text][\/et_pb_column][\/et_pb_row][et_pb_row column_structure=\u00a0\u00bb3_5,2_5&Prime; _builder_version=\u00a0\u00bb4.21.0&Prime; _module_preset=\u00a0\u00bbdefault\u00a0\u00bb global_colors_info=\u00a0\u00bb{}\u00a0\u00bb][et_pb_column type=\u00a0\u00bb3_5&Prime; _builder_version=\u00a0\u00bb4.21.0&Prime; _module_preset=\u00a0\u00bbdefault\u00a0\u00bb global_colors_info=\u00a0\u00bb{}\u00a0\u00bb][\/et_pb_column][et_pb_column type=\u00a0\u00bb2_5&Prime; _builder_version=\u00a0\u00bb4.21.0&Prime; _module_preset=\u00a0\u00bbdefault\u00a0\u00bb global_colors_info=\u00a0\u00bb{}\u00a0\u00bb][et_pb_text _builder_version=\u00a0\u00bb4.21.0&Prime; _module_preset=\u00a0\u00bbdefault\u00a0\u00bb text_orientation=\u00a0\u00bbcenter\u00a0\u00bb custom_padding=\u00a0\u00bb10px||10px||true|false\u00a0\u00bb border_width_all=\u00a0\u00bb1px\u00a0\u00bb border_color_all=\u00a0\u00bb#d8d8d8&Prime; global_colors_info=\u00a0\u00bb{}\u00a0\u00bb]<\/p>\n<p>[lmt-post-modified-info]<\/p>\n<p>[\/et_pb_text][\/et_pb_column][\/et_pb_row][\/et_pb_section]<\/p>\n","protected":false},"excerpt":{"rendered":"<p>Marie-Claire Brown Marie-Claire Brown\u00a0est journaliste sp\u00e9cialis\u00e9e sur les questions li\u00e9es aux handicaps et notamment la culture, depuis pr\u00e8s de 25 ans et formatrice sur ces sujets.Apr\u00e8s des \u00e9tudes d\u2019histoire (master 1), d\u2019histoire de l\u2019art et de langues (anglais et espagnol), et le dipl\u00f4me de l\u2019Institut national des techniques documentaires (INTD \/ master 2), Marie-Claire Brown [&hellip;]<\/p>\n","protected":false},"author":2,"featured_media":0,"parent":0,"menu_order":0,"comment_status":"closed","ping_status":"closed","template":"","meta":{"_et_pb_use_builder":"on","_et_pb_old_content":"","_et_gb_content_width":"","footnotes":""},"class_list":["post-8705","page","type-page","status-publish","hentry"],"_links":{"self":[{"href":"https:\/\/wptestkevin.ovh\/.Dev\/wp-json\/wp\/v2\/pages\/8705","targetHints":{"allow":["GET"]}}],"collection":[{"href":"https:\/\/wptestkevin.ovh\/.Dev\/wp-json\/wp\/v2\/pages"}],"about":[{"href":"https:\/\/wptestkevin.ovh\/.Dev\/wp-json\/wp\/v2\/types\/page"}],"author":[{"embeddable":true,"href":"https:\/\/wptestkevin.ovh\/.Dev\/wp-json\/wp\/v2\/users\/2"}],"replies":[{"embeddable":true,"href":"https:\/\/wptestkevin.ovh\/.Dev\/wp-json\/wp\/v2\/comments?post=8705"}],"version-history":[{"count":10,"href":"https:\/\/wptestkevin.ovh\/.Dev\/wp-json\/wp\/v2\/pages\/8705\/revisions"}],"predecessor-version":[{"id":9014,"href":"https:\/\/wptestkevin.ovh\/.Dev\/wp-json\/wp\/v2\/pages\/8705\/revisions\/9014"}],"wp:attachment":[{"href":"https:\/\/wptestkevin.ovh\/.Dev\/wp-json\/wp\/v2\/media?parent=8705"}],"curies":[{"name":"wp","href":"https:\/\/api.w.org\/{rel}","templated":true}]}}