{"id":8510,"date":"2025-04-02T21:28:52","date_gmt":"2025-04-02T19:28:52","guid":{"rendered":"http:\/\/wptestkevin.ovh\/.Dev\/?page_id=8510"},"modified":"2025-04-02T21:36:09","modified_gmt":"2025-04-02T19:36:09","slug":"hermann-lugan","status":"publish","type":"page","link":"https:\/\/wptestkevin.ovh\/.Dev\/hermann-lugan\/","title":{"rendered":"Hermann LUGAN"},"content":{"rendered":"<p>[et_pb_section fb_built=\u00a0\u00bb1&Prime; admin_label=\u00a0\u00bbSection\u00a0\u00bb module_id=\u00a0\u00bbadelus\u00a0\u00bb _builder_version=\u00a0\u00bb4.27.4&Prime; _module_preset=\u00a0\u00bbdefault\u00a0\u00bb background_color=\u00a0\u00bb#f1f3f4&Prime; custom_margin=\u00a0\u00bb0px||0px||true|false\u00a0\u00bb custom_padding=\u00a0\u00bb0px||0px||true|false\u00a0\u00bb animation_style=\u00a0\u00bbfade\u00a0\u00bb da_popup_slug=\u00a0\u00bbadelus\u00a0\u00bb da_disable_devices=\u00a0\u00bboff|off|off\u00a0\u00bb global_colors_info=\u00a0\u00bb{}\u00a0\u00bb da_is_popup=\u00a0\u00bboff\u00a0\u00bb da_exit_intent=\u00a0\u00bboff\u00a0\u00bb da_has_close=\u00a0\u00bbon\u00a0\u00bb da_alt_close=\u00a0\u00bboff\u00a0\u00bb da_dark_close=\u00a0\u00bboff\u00a0\u00bb da_not_modal=\u00a0\u00bbon\u00a0\u00bb da_is_singular=\u00a0\u00bboff\u00a0\u00bb da_with_loader=\u00a0\u00bboff\u00a0\u00bb da_has_shadow=\u00a0\u00bbon\u00a0\u00bb][et_pb_row custom_padding_last_edited=\u00a0\u00bbon|phone\u00a0\u00bb _builder_version=\u00a0\u00bb4.27.4&Prime; _module_preset=\u00a0\u00bbdefault\u00a0\u00bb background_color=\u00a0\u00bb#FFFFFF\u00a0\u00bb width_tablet=\u00a0\u00bb\u00a0\u00bb width_phone=\u00a0\u00bb95%\u00a0\u00bb width_last_edited=\u00a0\u00bbon|phone\u00a0\u00bb custom_padding=\u00a0\u00bb|33px||33px|false|true\u00a0\u00bb custom_padding_tablet=\u00a0\u00bb\u00a0\u00bb custom_padding_phone=\u00a0\u00bb|10px||10px|false|true\u00a0\u00bb global_colors_info=\u00a0\u00bb{}\u00a0\u00bb][et_pb_column type=\u00a0\u00bb4_4&Prime; _builder_version=\u00a0\u00bb4.21.0&Prime; _module_preset=\u00a0\u00bbdefault\u00a0\u00bb global_colors_info=\u00a0\u00bb{}\u00a0\u00bb][et_pb_text _builder_version=\u00a0\u00bb4.27.4&Prime; _module_preset=\u00a0\u00bbdefault\u00a0\u00bb custom_margin=\u00a0\u00bb||10px||false|false\u00a0\u00bb hover_enabled=\u00a0\u00bb0&Prime; global_colors_info=\u00a0\u00bb{}\u00a0\u00bb sticky_enabled=\u00a0\u00bb0&Prime;]<\/p>\n<h1 class=\"uk-article-title\">\u200bHermann Lugan<\/h1>\n<p>[\/et_pb_text][et_pb_text _builder_version=\u00a0\u00bb4.27.4&Prime; _module_preset=\u00a0\u00bbdefault\u00a0\u00bb text_orientation=\u00a0\u00bbjustified\u00a0\u00bb global_colors_info=\u00a0\u00bb{}\u00a0\u00bb]<\/p>\n<p><img loading=\"lazy\" decoding=\"async\" class=\"\" src=\"http:\/\/wptestkevin.ovh\/.Dev\/wp-content\/uploads\/2025\/04\/Hermann-Lugan-Gd.png\" width=\"175\" height=\"168\" \/><\/p>\n<p style=\"text-align: justify;\"><span style=\"color: #2271b1;\"><strong>Hermann LUGAN<\/strong><\/span> est \u00e9co-conseiller ind\u00e9pendant. Son activit\u00e9 est d\u00e9di\u00e9e \u00e0 la redirection \u00e9cologique du secteur culturel. Il a travaill\u00e9 sur la strat\u00e9gie \u00e9co-responsable de la candidature de Bourges 2028, Capitale europ\u00e9enne de la culture. Il en accompagne aujourd\u2019hui la mise en \u0153uvre. Avec l\u2019ONDA et des partenaires europ\u00e9ens, <span style=\"color: #2271b1;\"><strong>Hermann LUGAN<\/strong><\/span> a d\u00e9velopp\u00e9\u00a0<a href=\"https:\/\/cooprog.eu\/fr\" target=\"_blank\" rel=\"noopener\">CooProg<\/a>, plateforme visant \u00e0 construire des tourn\u00e9es g\u00e9ographiquement et temporellement coh\u00e9rentes afin de r\u00e9duire l&#8217;empreinte \u00e9cologique des mobilit\u00e9s artistiques.<\/p>\n<p style=\"text-align: justify;\"><span style=\"color: #2271b1;\"><strong>Hermann LUGAN<\/strong><\/span> d\u00e9veloppe une activit\u00e9 de sensibilisation, formation et accompagnement des organisations culturelles. Form\u00e9 \u00e0 la m\u00e9thode Bilan Carbone\u00ae, \u00e0 la M\u00e9thode Ocara d\u00e9di\u00e9 \u00e0 l\u2019adaptation au changement climatique\u00a0et \u00e0 l\u2019accompagnement du changement (ARVIVA), <span style=\"color: #2271b1;\"><strong>Hermann LUGAN<\/strong><\/span> est conf\u00e9rencier\u00a0<em>Teach the Shift<\/em>\u00a0et animateur de diff\u00e9rentes fresques dont la Fresque de la mobilit\u00e9 culturelle et la Fresque de la culture, la Fresque du climat, l\u2019Atelier 2 Tonnes, l\u2019Atelier Compte-gouttes et l\u2019Atelier de l\u2019Adaptation au Changement Climatique.<\/p>\n<p style=\"text-align: justify;\">En 2021-2022, <span style=\"color: #2271b1;\"><strong>Hermann LUGAN<\/strong><\/span> coordonne l&rsquo;initiative europ\u00e9enne\u00a0<em><a href=\"https:\/\/drive.google.com\/file\/d\/15QcBJGZZBvMTk6Pal5hTzORu8MvQ-aKj\/view?usp=sharing\" target=\"_blank\" rel=\"noopener\">Where to land, embedding European performing arts in the new Climate Regime.<\/a><\/em><\/p>\n<p style=\"text-align: justify;\">De 2018 \u00e0 2022, <span style=\"color: #2271b1;\"><strong>Hermann LUGAN<\/strong><\/span> dirige le Bureau du th\u00e9\u00e2tre et de la danse de l&rsquo;Institut fran\u00e7ais en Allemagne. De 2011 \u00e0 2018, il est directeur adjoint du Ph\u00e9nix, sc\u00e8ne nationale Valenciennes, p\u00f4le europ\u00e9en de cr\u00e9ation europ\u00e9en. De 2005 \u00e0 2011, <span style=\"color: #2271b1;\"><strong>Hermann LUGAN<\/strong><\/span> est codirecteur de\u00a0<em>la Quinzaine de l&rsquo;Entorse<\/em>, festival d\u00e9di\u00e9 aux croisements entre arts et sports. De 2003 \u00e0 2011 il travaille \u2013 fonctions d\u2019administration, production, coordination de projets &#8211; pour diff\u00e9rentes structures culturelles de la m\u00e9tropole Lilloise dont Lille 2004, Capitale europ\u00e9enne de la Culture, la Condition Publique, le CCN de Roubaix, le Colis\u00e9e, la Ville de Lille.<\/p>\n<p style=\"text-align: justify;\">A l\u2019AGECIF, <span style=\"color: #2271b1;\"><strong>Hermann LUGAN<\/strong><\/span> intervient sur les formations li\u00e9es \u00e0 la transformation \u00e9cologiques.<\/p>\n<p>[\/et_pb_text][\/et_pb_column][\/et_pb_row][et_pb_row column_structure=\u00a0\u00bb3_5,2_5&Prime; _builder_version=\u00a0\u00bb4.21.0&Prime; _module_preset=\u00a0\u00bbdefault\u00a0\u00bb global_colors_info=\u00a0\u00bb{}\u00a0\u00bb][et_pb_column type=\u00a0\u00bb3_5&Prime; _builder_version=\u00a0\u00bb4.21.0&Prime; _module_preset=\u00a0\u00bbdefault\u00a0\u00bb global_colors_info=\u00a0\u00bb{}\u00a0\u00bb][\/et_pb_column][et_pb_column type=\u00a0\u00bb2_5&Prime; _builder_version=\u00a0\u00bb4.21.0&Prime; _module_preset=\u00a0\u00bbdefault\u00a0\u00bb global_colors_info=\u00a0\u00bb{}\u00a0\u00bb][et_pb_text _builder_version=\u00a0\u00bb4.21.0&Prime; _module_preset=\u00a0\u00bbdefault\u00a0\u00bb text_orientation=\u00a0\u00bbcenter\u00a0\u00bb custom_padding=\u00a0\u00bb10px||10px||true|false\u00a0\u00bb border_width_all=\u00a0\u00bb1px\u00a0\u00bb border_color_all=\u00a0\u00bb#d8d8d8&Prime; global_colors_info=\u00a0\u00bb{}\u00a0\u00bb]<\/p>\n<p>[lmt-post-modified-info]<\/p>\n<p>[\/et_pb_text][\/et_pb_column][\/et_pb_row][\/et_pb_section]<\/p>\n","protected":false},"excerpt":{"rendered":"<p>\u200bHermann Lugan Hermann LUGAN est \u00e9co-conseiller ind\u00e9pendant. Son activit\u00e9 est d\u00e9di\u00e9e \u00e0 la redirection \u00e9cologique du secteur culturel. Il a travaill\u00e9 sur la strat\u00e9gie \u00e9co-responsable de la candidature de Bourges 2028, Capitale europ\u00e9enne de la culture. Il en accompagne aujourd\u2019hui la mise en \u0153uvre. Avec l\u2019ONDA et des partenaires europ\u00e9ens, Hermann LUGAN a d\u00e9velopp\u00e9\u00a0CooProg, plateforme [&hellip;]<\/p>\n","protected":false},"author":2,"featured_media":0,"parent":0,"menu_order":0,"comment_status":"closed","ping_status":"closed","template":"","meta":{"_et_pb_use_builder":"on","_et_pb_old_content":"","_et_gb_content_width":"","footnotes":""},"class_list":["post-8510","page","type-page","status-publish","hentry"],"_links":{"self":[{"href":"https:\/\/wptestkevin.ovh\/.Dev\/wp-json\/wp\/v2\/pages\/8510","targetHints":{"allow":["GET"]}}],"collection":[{"href":"https:\/\/wptestkevin.ovh\/.Dev\/wp-json\/wp\/v2\/pages"}],"about":[{"href":"https:\/\/wptestkevin.ovh\/.Dev\/wp-json\/wp\/v2\/types\/page"}],"author":[{"embeddable":true,"href":"https:\/\/wptestkevin.ovh\/.Dev\/wp-json\/wp\/v2\/users\/2"}],"replies":[{"embeddable":true,"href":"https:\/\/wptestkevin.ovh\/.Dev\/wp-json\/wp\/v2\/comments?post=8510"}],"version-history":[{"count":8,"href":"https:\/\/wptestkevin.ovh\/.Dev\/wp-json\/wp\/v2\/pages\/8510\/revisions"}],"predecessor-version":[{"id":8522,"href":"https:\/\/wptestkevin.ovh\/.Dev\/wp-json\/wp\/v2\/pages\/8510\/revisions\/8522"}],"wp:attachment":[{"href":"https:\/\/wptestkevin.ovh\/.Dev\/wp-json\/wp\/v2\/media?parent=8510"}],"curies":[{"name":"wp","href":"https:\/\/api.w.org\/{rel}","templated":true}]}}