{"id":8440,"date":"2025-04-01T16:05:26","date_gmt":"2025-04-01T14:05:26","guid":{"rendered":"https:\/\/wptestkevin.ovh\/.Dev\/?page_id=8440"},"modified":"2025-05-19T01:22:19","modified_gmt":"2025-05-18T23:22:19","slug":"tarifs-delais-et-inscription","status":"publish","type":"page","link":"https:\/\/wptestkevin.ovh\/.Dev\/tarifs-delais-et-inscription\/","title":{"rendered":"Tarifs, d\u00e9lais et inscription"},"content":{"rendered":"<p>[et_pb_section fb_built=\u00a0\u00bb1&Prime; _builder_version=\u00a0\u00bb4.21.0&Prime; _module_preset=\u00a0\u00bbdefault\u00a0\u00bb background_color=\u00a0\u00bbgcid-0429de00-debb-4ba4-bbe8-f1178a68dceb\u00a0\u00bb custom_margin=\u00a0\u00bb0px||0px||false|false\u00a0\u00bb custom_padding=\u00a0\u00bb0px||0px||false|false\u00a0\u00bb animation_style=\u00a0\u00bbfade\u00a0\u00bb da_disable_devices=\u00a0\u00bboff|off|off\u00a0\u00bb global_colors_info=\u00a0\u00bb{%22gcid-0429de00-debb-4ba4-bbe8-f1178a68dceb%22:%91%22background_color%22%93}\u00a0\u00bb da_is_popup=\u00a0\u00bboff\u00a0\u00bb da_exit_intent=\u00a0\u00bboff\u00a0\u00bb da_has_close=\u00a0\u00bbon\u00a0\u00bb da_alt_close=\u00a0\u00bboff\u00a0\u00bb da_dark_close=\u00a0\u00bboff\u00a0\u00bb da_not_modal=\u00a0\u00bbon\u00a0\u00bb da_is_singular=\u00a0\u00bboff\u00a0\u00bb da_with_loader=\u00a0\u00bboff\u00a0\u00bb da_has_shadow=\u00a0\u00bbon\u00a0\u00bb][et_pb_row use_custom_gutter=\u00a0\u00bbon\u00a0\u00bb gutter_width=\u00a0\u00bb1&Prime; make_equal=\u00a0\u00bbon\u00a0\u00bb custom_padding_last_edited=\u00a0\u00bbon|phone\u00a0\u00bb _builder_version=\u00a0\u00bb4.27.3&Prime; _module_preset=\u00a0\u00bbdefault\u00a0\u00bb background_color=\u00a0\u00bb#FFFFFF\u00a0\u00bb background_image=\u00a0\u00bbhttp:\/\/wptestkevin.ovh\/.Dev\/wp-content\/uploads\/2024\/11\/capucine-cut3.jpg\u00a0\u00bb z_index=\u00a0\u00bb5&Prime; width=\u00a0\u00bb100%\u00a0\u00bb max_width=\u00a0\u00bb100%\u00a0\u00bb custom_margin=\u00a0\u00bb0px|0px||0px|false|false\u00a0\u00bb custom_padding=\u00a0\u00bb50px|0px|50px|0px|false|true\u00a0\u00bb custom_padding_tablet=\u00a0\u00bb\u00a0\u00bb custom_padding_phone=\u00a0\u00bb|10px||10px|false|true\u00a0\u00bb global_colors_info=\u00a0\u00bb{}\u00a0\u00bb][et_pb_column type=\u00a0\u00bb4_4&Prime; _builder_version=\u00a0\u00bb4.19.0&Prime; _module_preset=\u00a0\u00bbdefault\u00a0\u00bb global_colors_info=\u00a0\u00bb{}\u00a0\u00bb][et_pb_text _builder_version=\u00a0\u00bb4.21.0&Prime; _module_preset=\u00a0\u00bbdefault\u00a0\u00bb custom_margin=\u00a0\u00bb||25px||false|false\u00a0\u00bb global_colors_info=\u00a0\u00bb{}\u00a0\u00bb]<\/p>\n<h2 style=\"text-align: center;\"><span style=\"color: #ffffff;\">Trouvez rapidement votre formation gr\u00e2ce \u00e0 la recherche par th\u00e8mes<\/span><\/h2>\n<p style=\"text-align: center;\"><span style=\"color: #ffffff;\">exemple : handicap, VHSS, droit d&rsquo;auteur, RSE, sobri\u00e9t\u00e9 \u00e9nerg\u00e9tique, communication, m\u00e9diation artistique, etc&#8230;<\/span><\/p>\n<p>[\/et_pb_text][et_pb_code _builder_version=\u00a0\u00bb4.19.0&Prime; _module_preset=\u00a0\u00bbdefault\u00a0\u00bb z_index=\u00a0\u00bb0&Prime; custom_padding=\u00a0\u00bb|0px||0px|false|true\u00a0\u00bb global_colors_info=\u00a0\u00bb{}\u00a0\u00bb]<!-- Start of Site Search 360 Search Box --><\/p>\n<section role=\"search\" data-ss360=\"true\">   <input type=\"search\" id=\"searchBox\" placeholder=\"Search\u2026\">   <button id=\"searchButton\"><\/button><\/section>\n<p><!-- End of Site Search 360 Search Box -->[\/et_pb_code][\/et_pb_column][\/et_pb_row][et_pb_row custom_padding_last_edited=\u00a0\u00bbon|phone\u00a0\u00bb _builder_version=\u00a0\u00bb4.27.3&Prime; _module_preset=\u00a0\u00bbdefault\u00a0\u00bb background_color=\u00a0\u00bb#FFFFFF\u00a0\u00bb width_tablet=\u00a0\u00bb\u00a0\u00bb width_phone=\u00a0\u00bb95%\u00a0\u00bb width_last_edited=\u00a0\u00bbon|phone\u00a0\u00bb custom_margin=\u00a0\u00bb30px||||false|true\u00a0\u00bb custom_padding=\u00a0\u00bb20px|33px||33px|false|true\u00a0\u00bb custom_padding_tablet=\u00a0\u00bb20px|33px||33px|false|true\u00a0\u00bb custom_padding_phone=\u00a0\u00bb20px|10px||10px|false|true\u00a0\u00bb global_colors_info=\u00a0\u00bb{}\u00a0\u00bb][et_pb_column type=\u00a0\u00bb4_4&Prime; _builder_version=\u00a0\u00bb4.19.0&Prime; _module_preset=\u00a0\u00bbdefault\u00a0\u00bb global_colors_info=\u00a0\u00bb{}\u00a0\u00bb][et_pb_text _builder_version=\u00a0\u00bb4.27.4&Prime; _module_preset=\u00a0\u00bbdefault\u00a0\u00bb global_colors_info=\u00a0\u00bb{}\u00a0\u00bb]<\/p>\n<h1>Tarifs, d\u00e9lais et inscription<\/h1>\n<p>[\/et_pb_text][\/et_pb_column][\/et_pb_row][et_pb_row column_structure=\u00a0\u00bb3_4,1_4&Prime; custom_padding_last_edited=\u00a0\u00bbon|phone\u00a0\u00bb _builder_version=\u00a0\u00bb4.27.3&Prime; _module_preset=\u00a0\u00bbdefault\u00a0\u00bb background_color=\u00a0\u00bb#FFFFFF\u00a0\u00bb width_tablet=\u00a0\u00bb\u00a0\u00bb width_phone=\u00a0\u00bb95%\u00a0\u00bb width_last_edited=\u00a0\u00bbon|phone\u00a0\u00bb custom_margin=\u00a0\u00bb-55px||||false|false\u00a0\u00bb custom_padding=\u00a0\u00bb|33px||33px|false|true\u00a0\u00bb custom_padding_tablet=\u00a0\u00bb|33px||33px|false|true\u00a0\u00bb custom_padding_phone=\u00a0\u00bb|10px||10px|false|true\u00a0\u00bb global_colors_info=\u00a0\u00bb{}\u00a0\u00bb][et_pb_column type=\u00a0\u00bb3_4&Prime; _builder_version=\u00a0\u00bb4.19.0&Prime; _module_preset=\u00a0\u00bbdefault\u00a0\u00bb global_colors_info=\u00a0\u00bb{}\u00a0\u00bb][et_pb_text _builder_version=\u00a0\u00bb4.27.4&Prime; _module_preset=\u00a0\u00bbdefault\u00a0\u00bb hover_enabled=\u00a0\u00bb0&Prime; global_colors_info=\u00a0\u00bb{}\u00a0\u00bb sticky_enabled=\u00a0\u00bb0&Prime;]<\/p>\n<p style=\"text-align: justify;\"><span style=\"color: #2271b1;\"><strong>..Orientation p\u00e9dagogique<\/strong><\/span><br \/>Toute inscription\u00a0n\u00e9cessite des \u00e9changes pr\u00e9alables\u00a0afin de valider l&rsquo;ad\u00e9quation entre les objectifs de formation des participants et les objectifs p\u00e9dagogiques de l&rsquo;AGECIF.<\/p>\n<p style=\"text-align: justify;\"><span style=\"color: #2271b1;\"><strong>Tarifs et devis<\/strong><\/span><br \/>Le tarif des formations varie selon que la formation soit\u00a0financ\u00e9e par le stagiaire \u00e0 titre personnel ou prise en charge par des financeurs\u00a0: structure, OPCO, France Travail, CDC, \u2026\u00a0<\/p>\n<p><span style=\"color: #2271b1;\">Le tarif en Formation\u00a0INTER<\/span> varie de 26 \u20ac \u00e0 66 \u20ac HT par heure de formation selon le statut du stagiaire :<\/p>\n<p><span style=\"color: #2271b1;\">Salari\u00e9s : financement\u00a0Structure ou OPCO :<\/span> 60 \u20ac \u00e0 66 \u20ac HT par heure de formation.<br \/><span style=\"color: #2271b1;\">Demandeurs d\u2019emploi, intermittents du spectacle et artistes-auteurs :<\/span> de 35 \u20ac \u00e0 50 \u20ac HT par heure de formation.<br \/><span style=\"color: #2271b1;\">Financement individuel par le stagiaire :<\/span> 26 \u20ac HT par heure de formation.<br \/><span style=\"color: #2271b1;\">Financement par le Compte personnel de formation (CPF) :<\/span> de 42 \u20ac \u00e0 100 \u20ac HT par heure de formation.<\/p>\n<p><span style=\"color: #2271b1;\">Le tarif d\u2019une Formation sur mesure, en cours individuel, <\/span>varie de 50 \u20ac \u00e0 250 \u20ac HT par heure de formation.<\/p>\n<p><span style=\"color: #2271b1;\">Le tarif des Formations INTRA<\/span> varie de 200 \u20ac \u00e0 350 \u20ac HT par heure de formation.<\/p>\n<p>Les formations de l\u2019AGECIF sont assujetties \u00e0 une TVA de 20%.<\/p>\n<p style=\"caret-color: #000000; color: #000000; font-family: Helvetica; font-size: 12px; font-style: normal; font-variant-caps: normal; font-weight: normal; letter-spacing: normal; orphans: auto; text-indent: 0px; text-transform: none; white-space: normal; widows: auto; word-spacing: 0px; -webkit-text-size-adjust: auto; -webkit-text-stroke-width: 0px; text-decoration: none; margin: 0cm; text-align: justify; vertical-align: baseline;\">\n<p style=\"text-align: justify;\">Pour les intermittents du spectacle, une d\u00e9gressivit\u00e9 de nos tarifs s\u2019applique en fonction de la dur\u00e9e du parcours de formation.<\/p>\n<p style=\"text-align: justify;\">Val\u00e9rie Daly et Amandine Gravereaux \u00e9tablissent les devis personnalis\u00e9s.<br \/>Contactez-les par m\u00e9l :\u00a0<a href=\"#contact\">formation@agecif.com<\/a><\/p>\n<p style=\"text-align: justify;\"><span style=\"color: #2271b1;\"><strong>Financements et prise en charge<\/strong><\/span><br \/>Les formations sont prises en charge par diff\u00e9rents organismes : les OPCOS (AFDAS, UNIFORMATION, \u2026), les Conseils R\u00e9gionaux, France Travail, AGEFIPH, AUDIENS, les Caisses de retraite, ou par la Caisse des D\u00e9p\u00f4ts et de Consignations pour les formations \u00e9ligibles au CPF.<\/p>\n<p style=\"text-align: justify;\">Les d\u00e9marches \u00e0 effectuer d\u00e9pendent de l&rsquo;organisme qui prend en charge les co\u00fbts p\u00e9dagogiques.\u00a0Pour plus d&rsquo;informations n&rsquo;h\u00e9sitez pas \u00e0 nous contacter ou \u00e0 consulter la rubrique :\u00a0<a href=\"https:\/\/wptestkevin.ovh\/.Dev\/financements\/\">Financements<\/a><\/p>\n<p style=\"text-align: justify;\"><span style=\"color: #2271b1;\"><strong>CPF\u00a0:<\/strong><\/span> Plus de\u00a080 sessions\u00a0sont \u00e9ligibles.\u00a0<a href=\"https:\/\/wptestkevin.ovh\/.Dev\/les-formations-cpf\/\">En savoir plus&#8230;<\/a><\/p>\n<p style=\"text-align: justify;\"><span style=\"color: #2271b1;\"><strong>D\u00e9lai d&rsquo;acc\u00e8s aux sessions de formation<\/strong><\/span><br \/>D\u2019une mani\u00e8re g\u00e9n\u00e9rale il n\u2019y a pas de pr\u00e9-r\u00e9servation, mais il n\u2019y a pas de date limite pour s\u2019inscrire \u00e0 une session de formation.\u00a0Les inscriptions sont effectu\u00e9es jusqu\u2019\u00e0\u00a0la veille en fonction des places disponibles.<\/p>\n<p style=\"text-align: justify;\"><span style=\"color: #2271b1;\"><strong>Les formations financ\u00e9es \u00e0 titre individuel, ou par l\u2019employeur ou par un OPCO autre que l\u2019AFDAS\u00a0:<\/strong><\/span> l\u2019inscription est effective \u00e0 r\u00e9ception du devis dat\u00e9, sign\u00e9, avec la mention \u00ab Bon pour accord \u00bb assortie du nom et de la qualit\u00e9 du signataire.<\/p>\n<p style=\"text-align: justify;\"><span style=\"color: #2271b1;\"><strong>Les formations prises en charge par l\u2019AFDAS\u00a0:<\/strong><\/span> l\u2019inscription est effective \u00e0 r\u00e9ception du devis dat\u00e9, sign\u00e9, avec la mention \u00ab Bon pour accord \u00bb assortie du nom et de la qualit\u00e9 du signataire, ou \u00e0 r\u00e9ception de l\u2019accord de prise en charge de l\u2019AFDAS. Les d\u00e9lais de traitement par l\u2019AFDAS varient de 1 semaine \u00e0 1 mois.<\/p>\n<p style=\"text-align: justify;\"><span style=\"color: #2271b1;\"><strong>Les formations prises en charge par\u00a0P\u00f4le Emploi\u00a0:<\/strong><\/span> l\u2019inscription est effective \u00e0 r\u00e9ception de\u00a0l\u2019accord de prise en charge de P\u00f4le Emploi. Les d\u00e9lais de traitement par P\u00f4le Emploi varient de 15 jours \u00e0 1 mois.<\/p>\n<p style=\"text-align: justify;\"><span style=\"color: #2271b1;\"><strong>D\u00e9lai d&rsquo;acc\u00e8s pour un financement par la Caisse des D\u00e9p\u00f4ts et Consignations\u00a0dans le cadre d\u2019une formation \u00e9ligible au Compte personnel de formation (CPF)<\/strong><\/span><br \/>Pour toute demande de formation sur la plateforme du CPF, un d\u00e9lai de 14 jours avant le d\u00e9but d\u2019une session de formation est exig\u00e9 par la CDC.<br \/>L\u2019inscription est effective aupr\u00e8s de l\u2019AGECIF d\u00e8s la validation de la demande sur la plateforme du CPF.<\/p>\n<p>[\/et_pb_text][\/et_pb_column][et_pb_column type=\u00a0\u00bb1_4&Prime; _builder_version=\u00a0\u00bb4.19.0&Prime; _module_preset=\u00a0\u00bbdefault\u00a0\u00bb global_colors_info=\u00a0\u00bb{}\u00a0\u00bb][et_pb_image src=\u00a0\u00bbhttp:\/\/wptestkevin.ovh\/.Dev\/wp-content\/uploads\/2023\/07\/Le_Point_Statista2.png\u00a0\u00bb title_text=\u00a0\u00bbLe_Point_Statista2&Prime; align=\u00a0\u00bbcenter\u00a0\u00bb _builder_version=\u00a0\u00bb4.27.3&Prime; _module_preset=\u00a0\u00bbdefault\u00a0\u00bb global_colors_info=\u00a0\u00bb{}\u00a0\u00bb][\/et_pb_image][et_pb_blog fullwidth=\u00a0\u00bboff\u00a0\u00bb posts_number=\u00a0\u00bb1&Prime; include_categories=\u00a0\u00bball\u00a0\u00bb meta_date=\u00a0\u00bbj,M,Y\u00a0\u00bb use_manual_excerpt=\u00a0\u00bboff\u00a0\u00bb excerpt_length=\u00a0\u00bb150&Prime; show_more=\u00a0\u00bbon\u00a0\u00bb show_author=\u00a0\u00bboff\u00a0\u00bb show_pagination=\u00a0\u00bboff\u00a0\u00bb _builder_version=\u00a0\u00bb4.27.4&Prime; _module_preset=\u00a0\u00bbdefault\u00a0\u00bb global_colors_info=\u00a0\u00bb{}\u00a0\u00bb][\/et_pb_blog][\/et_pb_column][\/et_pb_row][et_pb_row column_structure=\u00a0\u00bb3_5,2_5&Prime; _builder_version=\u00a0\u00bb4.21.0&Prime; _module_preset=\u00a0\u00bbdefault\u00a0\u00bb global_colors_info=\u00a0\u00bb{}\u00a0\u00bb][et_pb_column type=\u00a0\u00bb3_5&Prime; _builder_version=\u00a0\u00bb4.21.0&Prime; _module_preset=\u00a0\u00bbdefault\u00a0\u00bb global_colors_info=\u00a0\u00bb{}\u00a0\u00bb][\/et_pb_column][et_pb_column type=\u00a0\u00bb2_5&Prime; _builder_version=\u00a0\u00bb4.21.0&Prime; _module_preset=\u00a0\u00bbdefault\u00a0\u00bb global_colors_info=\u00a0\u00bb{}\u00a0\u00bb][et_pb_text _builder_version=\u00a0\u00bb4.21.0&Prime; _module_preset=\u00a0\u00bbdefault\u00a0\u00bb text_orientation=\u00a0\u00bbcenter\u00a0\u00bb custom_padding=\u00a0\u00bb10px||10px||true|false\u00a0\u00bb border_width_all=\u00a0\u00bb1px\u00a0\u00bb border_color_all=\u00a0\u00bb#d8d8d8&Prime; global_colors_info=\u00a0\u00bb{}\u00a0\u00bb]<\/p>\n<p>[lmt-post-modified-info]<\/p>\n<p>[\/et_pb_text][\/et_pb_column][\/et_pb_row][\/et_pb_section][et_pb_section fb_built=\u00a0\u00bb1&Prime; admin_label=\u00a0\u00bbPopup &#8211; #contact\u00a0\u00bb module_id=\u00a0\u00bbcontact\u00a0\u00bb module_class=\u00a0\u00bbpopup\u00a0\u00bb _builder_version=\u00a0\u00bb4.21.0&Prime; _module_preset=\u00a0\u00bbdefault\u00a0\u00bb da_is_popup=\u00a0\u00bbon\u00a0\u00bb da_popup_slug=\u00a0\u00bbcontact\u00a0\u00bb da_disable_devices=\u00a0\u00bboff|off|off\u00a0\u00bb global_colors_info=\u00a0\u00bb{}\u00a0\u00bb da_exit_intent=\u00a0\u00bboff\u00a0\u00bb da_has_close=\u00a0\u00bbon\u00a0\u00bb da_alt_close=\u00a0\u00bboff\u00a0\u00bb da_dark_close=\u00a0\u00bboff\u00a0\u00bb da_not_modal=\u00a0\u00bbon\u00a0\u00bb da_is_singular=\u00a0\u00bboff\u00a0\u00bb da_with_loader=\u00a0\u00bboff\u00a0\u00bb da_has_shadow=\u00a0\u00bbon\u00a0\u00bb][et_pb_row custom_padding_last_edited=\u00a0\u00bbon|phone\u00a0\u00bb _builder_version=\u00a0\u00bb4.27.3&Prime; _module_preset=\u00a0\u00bbdefault\u00a0\u00bb width_tablet=\u00a0\u00bb\u00a0\u00bb width_phone=\u00a0\u00bb95%\u00a0\u00bb width_last_edited=\u00a0\u00bbon|phone\u00a0\u00bb custom_padding_tablet=\u00a0\u00bb\u00a0\u00bb custom_padding_phone=\u00a0\u00bb|10px||10px|false|true\u00a0\u00bb global_colors_info=\u00a0\u00bb{}\u00a0\u00bb width__hover_enabled=\u00a0\u00bboff|desktop\u00a0\u00bb][et_pb_column type=\u00a0\u00bb4_4&Prime; _builder_version=\u00a0\u00bb4.21.0&Prime; _module_preset=\u00a0\u00bbdefault\u00a0\u00bb global_colors_info=\u00a0\u00bb{}\u00a0\u00bb][et_pb_text _builder_version=\u00a0\u00bb4.27.2&Prime; _module_preset=\u00a0\u00bbdefault\u00a0\u00bb global_colors_info=\u00a0\u00bb{}\u00a0\u00bb]<\/p>\n<div class=\"et_pb_module et_pb_text et_pb_text_1  et_pb_text_align_left et_pb_bg_layout_light\">\n<div class=\"et_pb_text_inner\">\n<h1>Contacter l\u2019AGECIF<\/h1>\n<\/div>\n<\/div>\n<div class=\"et_pb_module et_pb_text et_pb_text_2  et_pb_text_align_left et_pb_bg_layout_light\">\n<div class=\"et_pb_text_inner\">\n<p>L\u2019AGECIF est situ\u00e9e au 22 rue de Picardie \u00e0 Paris.<br \/>M\u00e9l\u00a0 <a href=\"mailto:accueil@agecif.com\">accueil@agecif.com<\/a> ou <a href=\"mailto:formation@agecif.com\">formation@agecif.com<\/a><\/p>\n<p>Si vous souhaitez qu&rsquo;on vous rappelle, merci de bien indiquer vos coordonn\u00e9es et \u00e9ventuellement vos disponibilit\u00e9s.<\/p>\n<\/div>\n<\/div>\n<p>[\/et_pb_text][et_pb_contact_form email=\u00a0\u00bbformation@agecif.com\u00a0\u00bb success_message=\u00a0\u00bbMerci, votre message a bien \u00e9t\u00e9 envoy\u00e9\u00a0\u00bb submit_button_text=\u00a0\u00bbEnvoyer\u00a0\u00bb _builder_version=\u00a0\u00bb4.27.4&Prime; _module_preset=\u00a0\u00bbdefault\u00a0\u00bb _unique_id=\u00a0\u00bb6a46fe86-254e-481d-b9b2-b8e1d268443e\u00a0\u00bb custom_button=\u00a0\u00bbon\u00a0\u00bb button_text_color=\u00a0\u00bb#FFFFFF\u00a0\u00bb button_bg_color=\u00a0\u00bb#2271b1&Prime; global_colors_info=\u00a0\u00bb{}\u00a0\u00bb][et_pb_contact_field field_id=\u00a0\u00bbNom\u00a0\u00bb field_title=\u00a0\u00bbNom*\u00a0\u00bb _builder_version=\u00a0\u00bb4.21.0&Prime; global_colors_info=\u00a0\u00bb{}\u00a0\u00bb button_text_size__hover_enabled=\u00a0\u00bboff\u00a0\u00bb button_one_text_size__hover_enabled=\u00a0\u00bboff\u00a0\u00bb button_two_text_size__hover_enabled=\u00a0\u00bboff\u00a0\u00bb button_text_color__hover_enabled=\u00a0\u00bboff\u00a0\u00bb button_one_text_color__hover_enabled=\u00a0\u00bboff\u00a0\u00bb button_two_text_color__hover_enabled=\u00a0\u00bboff\u00a0\u00bb button_border_width__hover_enabled=\u00a0\u00bboff\u00a0\u00bb button_one_border_width__hover_enabled=\u00a0\u00bboff\u00a0\u00bb button_two_border_width__hover_enabled=\u00a0\u00bboff\u00a0\u00bb button_border_color__hover_enabled=\u00a0\u00bboff\u00a0\u00bb button_one_border_color__hover_enabled=\u00a0\u00bboff\u00a0\u00bb button_two_border_color__hover_enabled=\u00a0\u00bboff\u00a0\u00bb button_border_radius__hover_enabled=\u00a0\u00bboff\u00a0\u00bb button_one_border_radius__hover_enabled=\u00a0\u00bboff\u00a0\u00bb button_two_border_radius__hover_enabled=\u00a0\u00bboff\u00a0\u00bb button_letter_spacing__hover_enabled=\u00a0\u00bboff\u00a0\u00bb button_one_letter_spacing__hover_enabled=\u00a0\u00bboff\u00a0\u00bb button_two_letter_spacing__hover_enabled=\u00a0\u00bboff\u00a0\u00bb button_bg_color__hover_enabled=\u00a0\u00bboff\u00a0\u00bb button_one_bg_color__hover_enabled=\u00a0\u00bboff\u00a0\u00bb button_two_bg_color__hover_enabled=\u00a0\u00bboff\u00a0\u00bb][\/et_pb_contact_field][et_pb_contact_field field_id=\u00a0\u00bbPrenom\u00a0\u00bb field_title=\u00a0\u00bbPr\u00e9nom\u00a0\u00bb required_mark=\u00a0\u00bboff\u00a0\u00bb _builder_version=\u00a0\u00bb4.19.0&Prime; global_colors_info=\u00a0\u00bb{}\u00a0\u00bb button_text_size__hover_enabled=\u00a0\u00bboff\u00a0\u00bb button_one_text_size__hover_enabled=\u00a0\u00bboff\u00a0\u00bb button_two_text_size__hover_enabled=\u00a0\u00bboff\u00a0\u00bb button_text_color__hover_enabled=\u00a0\u00bboff\u00a0\u00bb button_one_text_color__hover_enabled=\u00a0\u00bboff\u00a0\u00bb button_two_text_color__hover_enabled=\u00a0\u00bboff\u00a0\u00bb button_border_width__hover_enabled=\u00a0\u00bboff\u00a0\u00bb button_one_border_width__hover_enabled=\u00a0\u00bboff\u00a0\u00bb button_two_border_width__hover_enabled=\u00a0\u00bboff\u00a0\u00bb button_border_color__hover_enabled=\u00a0\u00bboff\u00a0\u00bb button_one_border_color__hover_enabled=\u00a0\u00bboff\u00a0\u00bb button_two_border_color__hover_enabled=\u00a0\u00bboff\u00a0\u00bb button_border_radius__hover_enabled=\u00a0\u00bboff\u00a0\u00bb button_one_border_radius__hover_enabled=\u00a0\u00bboff\u00a0\u00bb button_two_border_radius__hover_enabled=\u00a0\u00bboff\u00a0\u00bb button_letter_spacing__hover_enabled=\u00a0\u00bboff\u00a0\u00bb button_one_letter_spacing__hover_enabled=\u00a0\u00bboff\u00a0\u00bb button_two_letter_spacing__hover_enabled=\u00a0\u00bboff\u00a0\u00bb button_bg_color__hover_enabled=\u00a0\u00bboff\u00a0\u00bb button_one_bg_color__hover_enabled=\u00a0\u00bboff\u00a0\u00bb button_two_bg_color__hover_enabled=\u00a0\u00bboff\u00a0\u00bb][\/et_pb_contact_field][et_pb_contact_field field_id=\u00a0\u00bbTelephone\u00a0\u00bb field_title=\u00a0\u00bbT\u00e9l\u00e9phone\u00a0\u00bb min_length=\u00a0\u00bb10&Prime; allowed_symbols=\u00a0\u00bbnumbers\u00a0\u00bb required_mark=\u00a0\u00bboff\u00a0\u00bb _builder_version=\u00a0\u00bb4.27.4&Prime; global_colors_info=\u00a0\u00bb{}\u00a0\u00bb button_text_size__hover_enabled=\u00a0\u00bboff\u00a0\u00bb button_one_text_size__hover_enabled=\u00a0\u00bboff\u00a0\u00bb button_two_text_size__hover_enabled=\u00a0\u00bboff\u00a0\u00bb button_text_color__hover_enabled=\u00a0\u00bboff\u00a0\u00bb button_one_text_color__hover_enabled=\u00a0\u00bboff\u00a0\u00bb button_two_text_color__hover_enabled=\u00a0\u00bboff\u00a0\u00bb button_border_width__hover_enabled=\u00a0\u00bboff\u00a0\u00bb button_one_border_width__hover_enabled=\u00a0\u00bboff\u00a0\u00bb button_two_border_width__hover_enabled=\u00a0\u00bboff\u00a0\u00bb button_border_color__hover_enabled=\u00a0\u00bboff\u00a0\u00bb button_one_border_color__hover_enabled=\u00a0\u00bboff\u00a0\u00bb button_two_border_color__hover_enabled=\u00a0\u00bboff\u00a0\u00bb button_border_radius__hover_enabled=\u00a0\u00bboff\u00a0\u00bb button_one_border_radius__hover_enabled=\u00a0\u00bboff\u00a0\u00bb button_two_border_radius__hover_enabled=\u00a0\u00bboff\u00a0\u00bb button_letter_spacing__hover_enabled=\u00a0\u00bboff\u00a0\u00bb button_one_letter_spacing__hover_enabled=\u00a0\u00bboff\u00a0\u00bb button_two_letter_spacing__hover_enabled=\u00a0\u00bboff\u00a0\u00bb button_bg_color__hover_enabled=\u00a0\u00bboff\u00a0\u00bb button_one_bg_color__hover_enabled=\u00a0\u00bboff\u00a0\u00bb button_two_bg_color__hover_enabled=\u00a0\u00bboff\u00a0\u00bb][\/et_pb_contact_field][et_pb_contact_field field_id=\u00a0\u00bbMel\u00a0\u00bb field_title=\u00a0\u00bbM\u00e9l*\u00a0\u00bb field_type=\u00a0\u00bbemail\u00a0\u00bb _builder_version=\u00a0\u00bb4.21.0&Prime; global_colors_info=\u00a0\u00bb{}\u00a0\u00bb button_text_size__hover_enabled=\u00a0\u00bboff\u00a0\u00bb button_one_text_size__hover_enabled=\u00a0\u00bboff\u00a0\u00bb button_two_text_size__hover_enabled=\u00a0\u00bboff\u00a0\u00bb button_text_color__hover_enabled=\u00a0\u00bboff\u00a0\u00bb button_one_text_color__hover_enabled=\u00a0\u00bboff\u00a0\u00bb button_two_text_color__hover_enabled=\u00a0\u00bboff\u00a0\u00bb button_border_width__hover_enabled=\u00a0\u00bboff\u00a0\u00bb button_one_border_width__hover_enabled=\u00a0\u00bboff\u00a0\u00bb button_two_border_width__hover_enabled=\u00a0\u00bboff\u00a0\u00bb button_border_color__hover_enabled=\u00a0\u00bboff\u00a0\u00bb button_one_border_color__hover_enabled=\u00a0\u00bboff\u00a0\u00bb button_two_border_color__hover_enabled=\u00a0\u00bboff\u00a0\u00bb button_border_radius__hover_enabled=\u00a0\u00bboff\u00a0\u00bb button_one_border_radius__hover_enabled=\u00a0\u00bboff\u00a0\u00bb button_two_border_radius__hover_enabled=\u00a0\u00bboff\u00a0\u00bb button_letter_spacing__hover_enabled=\u00a0\u00bboff\u00a0\u00bb button_one_letter_spacing__hover_enabled=\u00a0\u00bboff\u00a0\u00bb button_two_letter_spacing__hover_enabled=\u00a0\u00bboff\u00a0\u00bb button_bg_color__hover_enabled=\u00a0\u00bboff\u00a0\u00bb button_one_bg_color__hover_enabled=\u00a0\u00bboff\u00a0\u00bb button_two_bg_color__hover_enabled=\u00a0\u00bboff\u00a0\u00bb][\/et_pb_contact_field][et_pb_contact_field field_id=\u00a0\u00bbMessage\u00a0\u00bb field_title=\u00a0\u00bbMessage*\u00a0\u00bb field_type=\u00a0\u00bbtext\u00a0\u00bb fullwidth_field=\u00a0\u00bbon\u00a0\u00bb _builder_version=\u00a0\u00bb4.21.0&Prime; global_colors_info=\u00a0\u00bb{}\u00a0\u00bb button_text_size__hover_enabled=\u00a0\u00bboff\u00a0\u00bb button_one_text_size__hover_enabled=\u00a0\u00bboff\u00a0\u00bb button_two_text_size__hover_enabled=\u00a0\u00bboff\u00a0\u00bb button_text_color__hover_enabled=\u00a0\u00bboff\u00a0\u00bb button_one_text_color__hover_enabled=\u00a0\u00bboff\u00a0\u00bb button_two_text_color__hover_enabled=\u00a0\u00bboff\u00a0\u00bb button_border_width__hover_enabled=\u00a0\u00bboff\u00a0\u00bb button_one_border_width__hover_enabled=\u00a0\u00bboff\u00a0\u00bb button_two_border_width__hover_enabled=\u00a0\u00bboff\u00a0\u00bb button_border_color__hover_enabled=\u00a0\u00bboff\u00a0\u00bb button_one_border_color__hover_enabled=\u00a0\u00bboff\u00a0\u00bb button_two_border_color__hover_enabled=\u00a0\u00bboff\u00a0\u00bb button_border_radius__hover_enabled=\u00a0\u00bboff\u00a0\u00bb button_one_border_radius__hover_enabled=\u00a0\u00bboff\u00a0\u00bb button_two_border_radius__hover_enabled=\u00a0\u00bboff\u00a0\u00bb button_letter_spacing__hover_enabled=\u00a0\u00bboff\u00a0\u00bb button_one_letter_spacing__hover_enabled=\u00a0\u00bboff\u00a0\u00bb button_two_letter_spacing__hover_enabled=\u00a0\u00bboff\u00a0\u00bb button_bg_color__hover_enabled=\u00a0\u00bboff\u00a0\u00bb button_one_bg_color__hover_enabled=\u00a0\u00bboff\u00a0\u00bb button_two_bg_color__hover_enabled=\u00a0\u00bboff\u00a0\u00bb][\/et_pb_contact_field][et_pb_contact_field field_id=\u00a0\u00bbRGPD\u00a0\u00bb field_title=\u00a0\u00bbNorme RGPD*\u00a0\u00bb field_type=\u00a0\u00bbcheckbox\u00a0\u00bb checkbox_options=\u00a0\u00bb%91{%22value%22:%22En soumettant ce formulaire, j&rsquo;accepte que les donn\u00e9es saisies soient utilis\u00e9es dans le cadre du traitement de ma demande d&rsquo;informations. %22,%22checked%22:0,%22dragID%22:-1,%22link_url%22:%22http:\/\/wptestkevin.ovh\/.Dev\/protection-des-donnees-personnelles\/%22,%22link_text%22:%22En savoir plus%22}%93&Prime; fullwidth_field=\u00a0\u00bbon\u00a0\u00bb _builder_version=\u00a0\u00bb4.21.0&Prime; _module_preset=\u00a0\u00bbdefault\u00a0\u00bb global_colors_info=\u00a0\u00bb{}\u00a0\u00bb][\/et_pb_contact_field][\/et_pb_contact_form][\/et_pb_column][\/et_pb_row][\/et_pb_section]<\/p>\n","protected":false},"excerpt":{"rendered":"<p>Trouvez rapidement votre formation gr\u00e2ce \u00e0 la recherche par th\u00e8mes exemple : handicap, VHSS, droit d&rsquo;auteur, RSE, sobri\u00e9t\u00e9 \u00e9nerg\u00e9tique, communication, m\u00e9diation artistique, etc&#8230;Tarifs, d\u00e9lais et inscription..Orientation p\u00e9dagogiqueToute inscription\u00a0n\u00e9cessite des \u00e9changes pr\u00e9alables\u00a0afin de valider l&rsquo;ad\u00e9quation entre les objectifs de formation des participants et les objectifs p\u00e9dagogiques de l&rsquo;AGECIF. Tarifs et devisLe tarif des formations varie selon [&hellip;]<\/p>\n","protected":false},"author":1,"featured_media":0,"parent":0,"menu_order":0,"comment_status":"closed","ping_status":"closed","template":"","meta":{"_et_pb_use_builder":"on","_et_pb_old_content":"","_et_gb_content_width":"","footnotes":""},"class_list":["post-8440","page","type-page","status-publish","hentry"],"_links":{"self":[{"href":"https:\/\/wptestkevin.ovh\/.Dev\/wp-json\/wp\/v2\/pages\/8440","targetHints":{"allow":["GET"]}}],"collection":[{"href":"https:\/\/wptestkevin.ovh\/.Dev\/wp-json\/wp\/v2\/pages"}],"about":[{"href":"https:\/\/wptestkevin.ovh\/.Dev\/wp-json\/wp\/v2\/types\/page"}],"author":[{"embeddable":true,"href":"https:\/\/wptestkevin.ovh\/.Dev\/wp-json\/wp\/v2\/users\/1"}],"replies":[{"embeddable":true,"href":"https:\/\/wptestkevin.ovh\/.Dev\/wp-json\/wp\/v2\/comments?post=8440"}],"version-history":[{"count":10,"href":"https:\/\/wptestkevin.ovh\/.Dev\/wp-json\/wp\/v2\/pages\/8440\/revisions"}],"predecessor-version":[{"id":9352,"href":"https:\/\/wptestkevin.ovh\/.Dev\/wp-json\/wp\/v2\/pages\/8440\/revisions\/9352"}],"wp:attachment":[{"href":"https:\/\/wptestkevin.ovh\/.Dev\/wp-json\/wp\/v2\/media?parent=8440"}],"curies":[{"name":"wp","href":"https:\/\/api.w.org\/{rel}","templated":true}]}}