{"id":8421,"date":"2025-04-01T14:59:12","date_gmt":"2025-04-01T12:59:12","guid":{"rendered":"https:\/\/wptestkevin.ovh\/.Dev\/?page_id=8421"},"modified":"2025-04-01T15:01:33","modified_gmt":"2025-04-01T13:01:33","slug":"lea-zaouk","status":"publish","type":"page","link":"https:\/\/wptestkevin.ovh\/.Dev\/lea-zaouk\/","title":{"rendered":"L\u00e9a ZAOUK"},"content":{"rendered":"<p>[et_pb_section fb_built=\u00a0\u00bb1&Prime; admin_label=\u00a0\u00bbSection\u00a0\u00bb module_id=\u00a0\u00bbadelus\u00a0\u00bb _builder_version=\u00a0\u00bb4.27.4&Prime; _module_preset=\u00a0\u00bbdefault\u00a0\u00bb background_color=\u00a0\u00bb#f1f3f4&Prime; custom_margin=\u00a0\u00bb0px||0px||true|false\u00a0\u00bb custom_padding=\u00a0\u00bb0px||0px||true|false\u00a0\u00bb animation_style=\u00a0\u00bbfade\u00a0\u00bb da_popup_slug=\u00a0\u00bbadelus\u00a0\u00bb da_disable_devices=\u00a0\u00bboff|off|off\u00a0\u00bb global_colors_info=\u00a0\u00bb{}\u00a0\u00bb da_is_popup=\u00a0\u00bboff\u00a0\u00bb da_exit_intent=\u00a0\u00bboff\u00a0\u00bb da_has_close=\u00a0\u00bbon\u00a0\u00bb da_alt_close=\u00a0\u00bboff\u00a0\u00bb da_dark_close=\u00a0\u00bboff\u00a0\u00bb da_not_modal=\u00a0\u00bbon\u00a0\u00bb da_is_singular=\u00a0\u00bboff\u00a0\u00bb da_with_loader=\u00a0\u00bboff\u00a0\u00bb da_has_shadow=\u00a0\u00bbon\u00a0\u00bb][et_pb_row custom_padding_last_edited=\u00a0\u00bbon|phone\u00a0\u00bb _builder_version=\u00a0\u00bb4.27.4&Prime; _module_preset=\u00a0\u00bbdefault\u00a0\u00bb background_color=\u00a0\u00bb#FFFFFF\u00a0\u00bb width_tablet=\u00a0\u00bb\u00a0\u00bb width_phone=\u00a0\u00bb95%\u00a0\u00bb width_last_edited=\u00a0\u00bbon|phone\u00a0\u00bb custom_padding=\u00a0\u00bb|33px||33px|false|true\u00a0\u00bb custom_padding_tablet=\u00a0\u00bb\u00a0\u00bb custom_padding_phone=\u00a0\u00bb|10px||10px|false|true\u00a0\u00bb global_colors_info=\u00a0\u00bb{}\u00a0\u00bb][et_pb_column type=\u00a0\u00bb4_4&Prime; _builder_version=\u00a0\u00bb4.21.0&Prime; _module_preset=\u00a0\u00bbdefault\u00a0\u00bb global_colors_info=\u00a0\u00bb{}\u00a0\u00bb][et_pb_text _builder_version=\u00a0\u00bb4.21.0&Prime; _module_preset=\u00a0\u00bbdefault\u00a0\u00bb custom_margin=\u00a0\u00bb||10px||false|false\u00a0\u00bb global_colors_info=\u00a0\u00bb{}\u00a0\u00bb]<\/p>\n<h1 class=\"uk-article-title\">L\u00e9a Zaouk<\/h1>\n<p>[\/et_pb_text][et_pb_text _builder_version=\u00a0\u00bb4.25.2&Prime; _module_preset=\u00a0\u00bbdefault\u00a0\u00bb text_orientation=\u00a0\u00bbjustified\u00a0\u00bb global_colors_info=\u00a0\u00bb{}\u00a0\u00bb]<\/p>\n<p><img loading=\"lazy\" decoding=\"async\" src=\"http:\/\/wptestkevin.ovh\/.Dev\/wp-content\/uploads\/2024\/10\/l.zaouk_.jpg\" width=\"200\" height=\"231\" \/><\/p>\n<p style=\"text-align: justify;\"><strong><span style=\"color: #2271b1;\">L\u00e9a Zaouk<\/span>\u00a0<\/strong>est dipl\u00f4m\u00e9e en Psychologie du travail et Ing\u00e9nierie des ressources humaines de l\u2019universit\u00e9 de <em>Nice Sophia-Antipolis<\/em>. Originaire du sud de la France, <strong><span style=\"color: #2271b1;\">L\u00e9a Zaouk<\/span>\u00a0<\/strong>a grandi dans l\u2019univers du spectacle vivant avec un p\u00e8re com\u00e9dien et une m\u00e8re travaillant \u00e0 la billetterie d\u2019un th\u00e9\u00e2tre. Pourtant c\u2019est en h\u00f4tellerie restauration qu\u2019elle commence sa carri\u00e8re.<\/p>\n<p style=\"text-align: justify;\">En 2011, avec son dipl\u00f4me en poche, <strong><span style=\"color: #2271b1;\">L\u00e9a Zaouk<\/span>\u00a0<\/strong>s\u2019installe \u00e0 <em>San Francisco<\/em> pour apprendre l\u2019anglais tout en occupant un poste de stagiaire RH en h\u00f4tellerie. C\u2019est le d\u00e9but d\u2019un parcours de 10 ans o\u00f9 <strong><span style=\"color: #2271b1;\">L\u00e9a Zaouk<\/span>\u00a0<\/strong>\u00e9volue sur des fonctions RH en d\u00e9couvrant diff\u00e9rents h\u00f4tels sur plusieurs continents. Au cours de ces diff\u00e9rentes exp\u00e9riences, elle occupe des missions g\u00e9n\u00e9ralistes RH mais elle se sp\u00e9cialise \u00e9galement en recrutement, en accompagnement des carri\u00e8res et d\u00e9veloppement des comp\u00e9tences et en pr\u00e9vention des risques professionnels.<\/p>\n<p style=\"text-align: justify;\">En 2020, <strong><span style=\"color: #2271b1;\">L\u00e9a Zaouk<\/span>\u00a0<\/strong>retrouve l\u2019univers du spectacle vivant en int\u00e9grant le <em>Th\u00e9\u00e2tre National de Chaillot<\/em> sur des missions de d\u00e9veloppement RH. Elle accompagne l\u2019institution dans sa d\u00e9marche de qualit\u00e9 de vie et des conditions de travail centr\u00e9e sur la Pr\u00e9vention des Risques Psychosociaux, l\u2019Egalit\u00e9 Professionnelle et la Diversit\u00e9. <strong><span style=\"color: #2271b1;\">L\u00e9a Zaouk<\/span>\u00a0<\/strong>est en charge de d\u00e9velopper et piloter ces diff\u00e9rents plans d\u2019action en int\u00e9grant l\u2019ensemble des acteurs internes et partenaires de l\u2019institution.<\/p>\n<p style=\"text-align: justify;\">En 2023, <strong><span style=\"color: #2271b1;\">L\u00e9a Zaouk<\/span>\u00a0<\/strong>devient consultante et formatrice en RH et QVCT. Elle accompagne les entreprises des secteurs du tourisme, des loisirs et de la culture sur des enjeux de Pr\u00e9vention des Risques Psychosociaux et Lutte contre les Discriminations, Harc\u00e8lement Moral et Violences Sexuelles et Sexistes. Mais \u00e9galement sur la Pr\u00e9vention des Pratiques Addictives, la Diversit\u00e9 et l\u2019Inclusion, l\u2019Egalit\u00e9 Professionnelle ainsi que sur la Strat\u00e9gie RH.<\/p>\n<p style=\"text-align: justify;\">\u00c0 l\u2019AGECIF, <strong><span style=\"color: #2271b1;\">L\u00e9a Zaouk<\/span>\u00a0<\/strong>anime les formations sur la Pr\u00e9vention des Violences et du Harc\u00e8lement Sexuels et Sexistes (VHSS) ainsi que sur la Pr\u00e9vention des RPS, de la Discrimination, l\u2019Am\u00e9lioration de la Qualit\u00e9 de Vie et des Conditions de Travail et la Diversit\u00e9 et l\u2019Inclusion.<\/p>\n<p>[\/et_pb_text][\/et_pb_column][\/et_pb_row][et_pb_row column_structure=\u00a0\u00bb3_5,2_5&Prime; _builder_version=\u00a0\u00bb4.21.0&Prime; _module_preset=\u00a0\u00bbdefault\u00a0\u00bb global_colors_info=\u00a0\u00bb{}\u00a0\u00bb][et_pb_column type=\u00a0\u00bb3_5&Prime; _builder_version=\u00a0\u00bb4.21.0&Prime; _module_preset=\u00a0\u00bbdefault\u00a0\u00bb global_colors_info=\u00a0\u00bb{}\u00a0\u00bb][\/et_pb_column][et_pb_column type=\u00a0\u00bb2_5&Prime; _builder_version=\u00a0\u00bb4.21.0&Prime; _module_preset=\u00a0\u00bbdefault\u00a0\u00bb global_colors_info=\u00a0\u00bb{}\u00a0\u00bb][et_pb_text _builder_version=\u00a0\u00bb4.21.0&Prime; _module_preset=\u00a0\u00bbdefault\u00a0\u00bb text_orientation=\u00a0\u00bbcenter\u00a0\u00bb custom_padding=\u00a0\u00bb10px||10px||true|false\u00a0\u00bb border_width_all=\u00a0\u00bb1px\u00a0\u00bb border_color_all=\u00a0\u00bb#d8d8d8&Prime; global_colors_info=\u00a0\u00bb{}\u00a0\u00bb]<\/p>\n<p>[lmt-post-modified-info]<\/p>\n<p>[\/et_pb_text][\/et_pb_column][\/et_pb_row][\/et_pb_section]<\/p>\n","protected":false},"excerpt":{"rendered":"<p>L\u00e9a Zaouk L\u00e9a Zaouk\u00a0est dipl\u00f4m\u00e9e en Psychologie du travail et Ing\u00e9nierie des ressources humaines de l\u2019universit\u00e9 de Nice Sophia-Antipolis. Originaire du sud de la France, L\u00e9a Zaouk\u00a0a grandi dans l\u2019univers du spectacle vivant avec un p\u00e8re com\u00e9dien et une m\u00e8re travaillant \u00e0 la billetterie d\u2019un th\u00e9\u00e2tre. Pourtant c\u2019est en h\u00f4tellerie restauration qu\u2019elle commence sa carri\u00e8re. [&hellip;]<\/p>\n","protected":false},"author":1,"featured_media":0,"parent":0,"menu_order":0,"comment_status":"closed","ping_status":"closed","template":"","meta":{"_et_pb_use_builder":"on","_et_pb_old_content":"","_et_gb_content_width":"","footnotes":""},"class_list":["post-8421","page","type-page","status-publish","hentry"],"_links":{"self":[{"href":"https:\/\/wptestkevin.ovh\/.Dev\/wp-json\/wp\/v2\/pages\/8421","targetHints":{"allow":["GET"]}}],"collection":[{"href":"https:\/\/wptestkevin.ovh\/.Dev\/wp-json\/wp\/v2\/pages"}],"about":[{"href":"https:\/\/wptestkevin.ovh\/.Dev\/wp-json\/wp\/v2\/types\/page"}],"author":[{"embeddable":true,"href":"https:\/\/wptestkevin.ovh\/.Dev\/wp-json\/wp\/v2\/users\/1"}],"replies":[{"embeddable":true,"href":"https:\/\/wptestkevin.ovh\/.Dev\/wp-json\/wp\/v2\/comments?post=8421"}],"version-history":[{"count":4,"href":"https:\/\/wptestkevin.ovh\/.Dev\/wp-json\/wp\/v2\/pages\/8421\/revisions"}],"predecessor-version":[{"id":8430,"href":"https:\/\/wptestkevin.ovh\/.Dev\/wp-json\/wp\/v2\/pages\/8421\/revisions\/8430"}],"wp:attachment":[{"href":"https:\/\/wptestkevin.ovh\/.Dev\/wp-json\/wp\/v2\/media?parent=8421"}],"curies":[{"name":"wp","href":"https:\/\/api.w.org\/{rel}","templated":true}]}}