{"id":8412,"date":"2025-04-01T14:49:27","date_gmt":"2025-04-01T12:49:27","guid":{"rendered":"https:\/\/wptestkevin.ovh\/.Dev\/?page_id=8412"},"modified":"2025-04-01T14:50:25","modified_gmt":"2025-04-01T12:50:25","slug":"rachel-wadoux","status":"publish","type":"page","link":"https:\/\/wptestkevin.ovh\/.Dev\/rachel-wadoux\/","title":{"rendered":"Rachel WADOUX"},"content":{"rendered":"<p>[et_pb_section fb_built=\u00a0\u00bb1&Prime; admin_label=\u00a0\u00bbSection\u00a0\u00bb module_id=\u00a0\u00bbadelus\u00a0\u00bb _builder_version=\u00a0\u00bb4.27.4&Prime; _module_preset=\u00a0\u00bbdefault\u00a0\u00bb background_color=\u00a0\u00bb#f1f3f4&Prime; custom_margin=\u00a0\u00bb0px||0px||true|false\u00a0\u00bb custom_padding=\u00a0\u00bb0px||0px||true|false\u00a0\u00bb animation_style=\u00a0\u00bbfade\u00a0\u00bb da_popup_slug=\u00a0\u00bbadelus\u00a0\u00bb da_disable_devices=\u00a0\u00bboff|off|off\u00a0\u00bb global_colors_info=\u00a0\u00bb{}\u00a0\u00bb da_is_popup=\u00a0\u00bboff\u00a0\u00bb da_exit_intent=\u00a0\u00bboff\u00a0\u00bb da_has_close=\u00a0\u00bbon\u00a0\u00bb da_alt_close=\u00a0\u00bboff\u00a0\u00bb da_dark_close=\u00a0\u00bboff\u00a0\u00bb da_not_modal=\u00a0\u00bbon\u00a0\u00bb da_is_singular=\u00a0\u00bboff\u00a0\u00bb da_with_loader=\u00a0\u00bboff\u00a0\u00bb da_has_shadow=\u00a0\u00bbon\u00a0\u00bb][et_pb_row custom_padding_last_edited=\u00a0\u00bbon|phone\u00a0\u00bb _builder_version=\u00a0\u00bb4.27.4&Prime; _module_preset=\u00a0\u00bbdefault\u00a0\u00bb background_color=\u00a0\u00bb#FFFFFF\u00a0\u00bb width_tablet=\u00a0\u00bb\u00a0\u00bb width_phone=\u00a0\u00bb95%\u00a0\u00bb width_last_edited=\u00a0\u00bbon|phone\u00a0\u00bb custom_padding=\u00a0\u00bb|33px||33px|false|true\u00a0\u00bb custom_padding_tablet=\u00a0\u00bb\u00a0\u00bb custom_padding_phone=\u00a0\u00bb|10px||10px|false|true\u00a0\u00bb global_colors_info=\u00a0\u00bb{}\u00a0\u00bb][et_pb_column type=\u00a0\u00bb4_4&Prime; _builder_version=\u00a0\u00bb4.21.0&Prime; _module_preset=\u00a0\u00bbdefault\u00a0\u00bb global_colors_info=\u00a0\u00bb{}\u00a0\u00bb][et_pb_text _builder_version=\u00a0\u00bb4.21.0&Prime; _module_preset=\u00a0\u00bbdefault\u00a0\u00bb custom_margin=\u00a0\u00bb||10px||false|false\u00a0\u00bb global_colors_info=\u00a0\u00bb{}\u00a0\u00bb]<\/p>\n<h1 class=\"uk-article-title\">Rachel Wadoux<\/h1>\n<p>[\/et_pb_text][et_pb_text _builder_version=\u00a0\u00bb4.25.2&Prime; _module_preset=\u00a0\u00bbdefault\u00a0\u00bb text_orientation=\u00a0\u00bbjustified\u00a0\u00bb global_colors_info=\u00a0\u00bb{}\u00a0\u00bb]<\/p>\n<p><img loading=\"lazy\" decoding=\"async\" style=\"font-size: 15px;\" src=\"http:\/\/wptestkevin.ovh\/.Dev\/wp-content\/uploads\/2024\/06\/r.wadoux.jpg\" alt=\"rachel-wadoux\" width=\"200\" height=\"231\" \/><\/p>\n<p><span style=\"color: #2271b1;\"><strong>Rachel Wadoux<\/strong><\/span> est juriste et formatrice sp\u00e9cialis\u00e9e en pr\u00e9vention du sexisme et des discriminations. Elle anime pour l\u2019AGECIF des formations sur l\u2019\u00e9galit\u00e9 femmes-hommes, la pr\u00e9vention des violences sexistes et sexuelles et du harc\u00e8lement moral au travail.<\/p>\n<p>Dipl\u00f4m\u00e9e de droit (<em>Universit\u00e9 de Lille 2<\/em>), administration publique et gestion des organisations culturelles (<em>IEP de Lille<\/em>), <span style=\"color: #2271b1;\"><strong>Rachel Wadoux<\/strong><\/span>\u00a0commence sa carri\u00e8re dans l\u2019acc\u00e8s au soin des personnes r\u00e9fugi\u00e9es et la pr\u00e9vention des discriminations en sant\u00e9. Elle travaille notamment \u00e0 sensibiliser les professionnels du m\u00e9dico-social aux pratiques inclusives dans le soin. Elle intervient \u00e0 l\u2019universit\u00e9 (<em>Paris Descartes, Sorbonne, Dauphine<\/em>) sur\u00a0les politiques d&rsquo;\u00e9galit\u00e9 et la pr\u00e9vention des discriminations.<\/p>\n<p>Engag\u00e9e au sein d\u2019un collectif f\u00e9ministe qui \u0153uvre \u00e0 d\u00e9construire les st\u00e9r\u00e9otypes de genre et promouvoir la repr\u00e9sentation des femmes dans l\u2019histoire, les arts et la culture, elle est co-autrice de \u00ab\u00a0<em>Ni vues ni connues &#8211; Panth\u00e9on, histoire, m\u00e9moire, o\u00f9 sont les femmes ?<\/em>\u00a0\u00bb paru en 2017 aux \u00e9ditions Hugo et Cie.<\/p>\n<p>Elle rejoint ensuite la fonction publique d\u2019\u00c9tat comme\u00a0charg\u00e9e de mission \u00e9galit\u00e9 femmes-hommes et non-discrimination. Elle travaille notamment sur la mixit\u00e9 dans les fili\u00e8res num\u00e9riques de l\u2019\u00c9tat.<\/p>\n<p>En 2018,\u00a0elle\u00a0devient\u00a0r\u00e9f\u00e9rente \u00e9galit\u00e9 femmes-hommes et diversit\u00e9\u00a0pour les services du Premier ministre. Elle co-con\u00e7oit et met en \u0153uvre le premier plan d\u2019action \u00e9galit\u00e9 professionnelle et non-discrimination qui m\u00e8ne \u00e0 la lab\u00e9lisation \u00ab\u00a0\u00e9galit\u00e9 et diversit\u00e9\u00a0\u00bb des services du Premier ministre en 2020. Elle contribue au d\u00e9ploiement du premier dispositif de signalement et traitement des violences sexistes et sexuelles d\u00e9di\u00e9 aux agent\u00b7es (<a href=\"https:\/\/lannuaire.service-public.fr\/gouvernement\/049e51f5-25b0-4ce6-a779-12511ffe965f\">Vigisexisme<\/a>).<\/p>\n<p>En 2021, elle fonde\u00a0<em>Point m\u00e9dian<\/em>, une agence de conseil qui accompagne les organisations \u00e0 pr\u00e9venir et traiter les violences sexistes et sexuelles au travail.<\/p>\n<p><span style=\"color: #2271b1;\"><strong>Rachel Wadoux<\/strong><\/span> est aussi membre du conseil d\u2019administration du Festival de Saint-Denis qui propose chaque ann\u00e9e des concerts de musiques classique, traditionnelles et actuelles et m\u00e8ne des actions \u00e9ducatives pour faire d\u00e9couvrir la musique au plus grand nombre sur le territoire de la Seine-Saint-Denis.<\/p>\n<p>[\/et_pb_text][\/et_pb_column][\/et_pb_row][et_pb_row column_structure=\u00a0\u00bb3_5,2_5&Prime; _builder_version=\u00a0\u00bb4.21.0&Prime; _module_preset=\u00a0\u00bbdefault\u00a0\u00bb global_colors_info=\u00a0\u00bb{}\u00a0\u00bb][et_pb_column type=\u00a0\u00bb3_5&Prime; _builder_version=\u00a0\u00bb4.21.0&Prime; _module_preset=\u00a0\u00bbdefault\u00a0\u00bb global_colors_info=\u00a0\u00bb{}\u00a0\u00bb][\/et_pb_column][et_pb_column type=\u00a0\u00bb2_5&Prime; _builder_version=\u00a0\u00bb4.21.0&Prime; _module_preset=\u00a0\u00bbdefault\u00a0\u00bb global_colors_info=\u00a0\u00bb{}\u00a0\u00bb][et_pb_text _builder_version=\u00a0\u00bb4.21.0&Prime; _module_preset=\u00a0\u00bbdefault\u00a0\u00bb text_orientation=\u00a0\u00bbcenter\u00a0\u00bb custom_padding=\u00a0\u00bb10px||10px||true|false\u00a0\u00bb border_width_all=\u00a0\u00bb1px\u00a0\u00bb border_color_all=\u00a0\u00bb#d8d8d8&Prime; global_colors_info=\u00a0\u00bb{}\u00a0\u00bb]<\/p>\n<p>[lmt-post-modified-info]<\/p>\n<p>[\/et_pb_text][\/et_pb_column][\/et_pb_row][\/et_pb_section]<\/p>\n","protected":false},"excerpt":{"rendered":"<p>Rachel Wadoux Rachel Wadoux est juriste et formatrice sp\u00e9cialis\u00e9e en pr\u00e9vention du sexisme et des discriminations. Elle anime pour l\u2019AGECIF des formations sur l\u2019\u00e9galit\u00e9 femmes-hommes, la pr\u00e9vention des violences sexistes et sexuelles et du harc\u00e8lement moral au travail. Dipl\u00f4m\u00e9e de droit (Universit\u00e9 de Lille 2), administration publique et gestion des organisations culturelles (IEP de Lille), [&hellip;]<\/p>\n","protected":false},"author":1,"featured_media":0,"parent":0,"menu_order":0,"comment_status":"closed","ping_status":"closed","template":"","meta":{"_et_pb_use_builder":"on","_et_pb_old_content":"","_et_gb_content_width":"","footnotes":""},"class_list":["post-8412","page","type-page","status-publish","hentry"],"_links":{"self":[{"href":"https:\/\/wptestkevin.ovh\/.Dev\/wp-json\/wp\/v2\/pages\/8412","targetHints":{"allow":["GET"]}}],"collection":[{"href":"https:\/\/wptestkevin.ovh\/.Dev\/wp-json\/wp\/v2\/pages"}],"about":[{"href":"https:\/\/wptestkevin.ovh\/.Dev\/wp-json\/wp\/v2\/types\/page"}],"author":[{"embeddable":true,"href":"https:\/\/wptestkevin.ovh\/.Dev\/wp-json\/wp\/v2\/users\/1"}],"replies":[{"embeddable":true,"href":"https:\/\/wptestkevin.ovh\/.Dev\/wp-json\/wp\/v2\/comments?post=8412"}],"version-history":[{"count":5,"href":"https:\/\/wptestkevin.ovh\/.Dev\/wp-json\/wp\/v2\/pages\/8412\/revisions"}],"predecessor-version":[{"id":8422,"href":"https:\/\/wptestkevin.ovh\/.Dev\/wp-json\/wp\/v2\/pages\/8412\/revisions\/8422"}],"wp:attachment":[{"href":"https:\/\/wptestkevin.ovh\/.Dev\/wp-json\/wp\/v2\/media?parent=8412"}],"curies":[{"name":"wp","href":"https:\/\/api.w.org\/{rel}","templated":true}]}}