{"id":8404,"date":"2025-04-01T14:45:59","date_gmt":"2025-04-01T12:45:59","guid":{"rendered":"https:\/\/wptestkevin.ovh\/.Dev\/?page_id=8404"},"modified":"2025-04-01T14:47:35","modified_gmt":"2025-04-01T12:47:35","slug":"anne-lise-vinciguerra","status":"publish","type":"page","link":"https:\/\/wptestkevin.ovh\/.Dev\/anne-lise-vinciguerra\/","title":{"rendered":"Anne-Lise VINCIGUERRA"},"content":{"rendered":"<p>[et_pb_section fb_built=\u00a0\u00bb1&Prime; admin_label=\u00a0\u00bbSection\u00a0\u00bb module_id=\u00a0\u00bbadelus\u00a0\u00bb _builder_version=\u00a0\u00bb4.27.4&Prime; _module_preset=\u00a0\u00bbdefault\u00a0\u00bb background_color=\u00a0\u00bb#f1f3f4&Prime; custom_margin=\u00a0\u00bb0px||0px||true|false\u00a0\u00bb custom_padding=\u00a0\u00bb0px||0px||true|false\u00a0\u00bb animation_style=\u00a0\u00bbfade\u00a0\u00bb da_popup_slug=\u00a0\u00bbadelus\u00a0\u00bb da_disable_devices=\u00a0\u00bboff|off|off\u00a0\u00bb global_colors_info=\u00a0\u00bb{}\u00a0\u00bb da_is_popup=\u00a0\u00bboff\u00a0\u00bb da_exit_intent=\u00a0\u00bboff\u00a0\u00bb da_has_close=\u00a0\u00bbon\u00a0\u00bb da_alt_close=\u00a0\u00bboff\u00a0\u00bb da_dark_close=\u00a0\u00bboff\u00a0\u00bb da_not_modal=\u00a0\u00bbon\u00a0\u00bb da_is_singular=\u00a0\u00bboff\u00a0\u00bb da_with_loader=\u00a0\u00bboff\u00a0\u00bb da_has_shadow=\u00a0\u00bbon\u00a0\u00bb][et_pb_row custom_padding_last_edited=\u00a0\u00bbon|phone\u00a0\u00bb _builder_version=\u00a0\u00bb4.27.4&Prime; _module_preset=\u00a0\u00bbdefault\u00a0\u00bb background_color=\u00a0\u00bb#FFFFFF\u00a0\u00bb width_tablet=\u00a0\u00bb\u00a0\u00bb width_phone=\u00a0\u00bb95%\u00a0\u00bb width_last_edited=\u00a0\u00bbon|phone\u00a0\u00bb custom_padding=\u00a0\u00bb|33px||33px|false|true\u00a0\u00bb custom_padding_tablet=\u00a0\u00bb\u00a0\u00bb custom_padding_phone=\u00a0\u00bb|10px||10px|false|true\u00a0\u00bb global_colors_info=\u00a0\u00bb{}\u00a0\u00bb][et_pb_column type=\u00a0\u00bb4_4&Prime; _builder_version=\u00a0\u00bb4.21.0&Prime; _module_preset=\u00a0\u00bbdefault\u00a0\u00bb global_colors_info=\u00a0\u00bb{}\u00a0\u00bb][et_pb_text _builder_version=\u00a0\u00bb4.21.0&Prime; _module_preset=\u00a0\u00bbdefault\u00a0\u00bb custom_margin=\u00a0\u00bb||10px||false|false\u00a0\u00bb global_colors_info=\u00a0\u00bb{}\u00a0\u00bb]<\/p>\n<h1 class=\"uk-article-title\">Anne-Lise Vinciguerra<\/h1>\n<p>[\/et_pb_text][et_pb_text _builder_version=\u00a0\u00bb4.25.2&Prime; _module_preset=\u00a0\u00bbdefault\u00a0\u00bb text_orientation=\u00a0\u00bbjustified\u00a0\u00bb global_colors_info=\u00a0\u00bb{}\u00a0\u00bb]<\/p>\n<p><img loading=\"lazy\" decoding=\"async\" style=\"font-size: 15px;\" src=\"http:\/\/wptestkevin.ovh\/.Dev\/wp-content\/uploads\/2024\/06\/al-vinciguerra.jpg\" alt=\"al-vinciguerra\" width=\"200\" height=\"199\" \/><\/p>\n<p style=\"text-align: justify;\">Programmatrice de 1999 \u00e0 2015, <span style=\"color: #2271b1;\"><strong>Anne-Lise Vinciguerra<\/strong><\/span> a toujours \u00e9t\u00e9 passionn\u00e9e par la cr\u00e9ation adress\u00e9e au jeune public, et a con\u00e7u de nombreux projets de r\u00e9sidences de territoire en th\u00e9\u00e2tre, danse, ou \u00e9critures dramatiques contemporaines. Tr\u00e8s engag\u00e9e dans le champ de l\u2019\u00e9ducation artistique et culturelle, le d\u00e9sir de mettre en partage la complexit\u00e9 du monde \u00e0 travers la pluralit\u00e9 des regards des artistes l\u2019anime. Au cours de ces ann\u00e9es elle acquiert une connaissance pr\u00e9cise des r\u00e9alit\u00e9s des cr\u00e9ateurs\u00b7trices, des attentes des programmateurs\u00b7trices et des enjeux des relations entre \u00e9quipes artistiques, op\u00e9rateurs et collectivit\u00e9s. Cinq ans directrice d\u2019un service culturel en intercommunalit\u00e9 <em>(Fumel 47)<\/em>, apr\u00e8s avoir \u00e9t\u00e9 responsable pendant neuf ans du spectacle vivant et des politiques culturelles en agence d\u00e9partementale <em>(ADDA)<\/em>, elle a contribu\u00e9 \u00e0 de nombreux r\u00e9seaux et organisations professionnelles <em>(Arts Vivants et D\u00e9partements, OARA, Mixage, Cha\u00eenon-FNTAV, ANRAT, Sc\u00e8nes d\u2019enfance et d\u2019ailleurs)<\/em>.<\/p>\n<p style=\"text-align: justify;\">En septembre 2015 <span style=\"color: #2271b1;\"><strong>Anne-Lise Vinciguerra<\/strong><\/span>\u00a0choisit de se tourner vers la transmission et le conseil et fonde son propre bureau d\u2019\u00e9tudes solutions culturelles. A ce titre, elle intervient aupr\u00e8s d\u2019artistes et de structures culturelles pour des missions d\u2019accompagnement au d\u00e9veloppement, de programmation de spectacles, de conseil en m\u00e9diation ou en \u00e9ducation artistique et culturelle.<\/p>\n<p style=\"text-align: justify;\">Pluriactive, elle est parall\u00e8lement recrut\u00e9e en 2017 par la coop\u00e9rative <em>Illusion et Macadam <\/em>(Montpellier) o\u00f9 contribue \u00e0 la conception de formations et de missions de conseil pour la structuration du secteur culturel et cr\u00e9atif. Elle est \u00e9galement \u00e0 titre b\u00e9n\u00e9vole pr\u00e9sidente du Conseil de Surveillance du groupe coop\u00e9ratif <em>Illusion et Macadam<\/em>.<\/p>\n<p style=\"text-align: justify;\"><span style=\"color: #2271b1;\"><strong>Anne-Lise Vinciguerra<\/strong><\/span> m\u00e8ne \u00e9galement le projet de <em>La Petite<\/em> \u00e0 Toulouse, dont elle est directrice. Elle y d\u00e9veloppe des actions de programmation, de formation et d&rsquo;accompagnement destin\u00e9es \u00e0 favoriser l&rsquo;\u00e9galit\u00e9 des genres dans le secteur culturel. A ce titre, elle contribue au r\u00e9seau d&rsquo;entrepreneurs sociaux <em>France Impact.<\/em> Elle s&rsquo;est \u00e9galement form\u00e9e \u00e0 l&rsquo;\u00e9coute des personnes victimes de violences de genre et est \u00e9coutante b\u00e9n\u00e9vole pour le collectif HF au sein de la permanence Alli\u00e9\u00b7e\u00b7s \u00e0 Toulouse.<\/p>\n<p style=\"text-align: justify;\"><span style=\"color: #2271b1;\"><strong>Anne-Lise Vinciguerra<\/strong><\/span> consacre une part importante de son temps \u00e0 la formation professionnelle, aupr\u00e8s des agents de la fonction publique avec le <em>CNFPT<\/em> (m\u00e9diation, enseignements artistiques, \u00e9ducation artistique et culturelle), aupr\u00e8s des artistes avec l\u2019<em>IDDAC<\/em>, et aupr\u00e8s des autres professionnels du secteur avec l\u2019<em>AGECIF<\/em>, o\u00f9 elle est charg\u00e9e des formations consacr\u00e9es aux projets jeune public, \u00e0 l\u2019\u00e9ducation artistique et culturelle, ou encore aux r\u00e9sidences.<\/p>\n<p style=\"text-align: justify;\">Dipl\u00f4m\u00e9e en 2007 du master professionnel de l\u2019<em>Observatoire des Politiques Culturelles-Sciences Po Grenoble<\/em>, <span style=\"color: #2271b1;\"><strong>Anne-Lise Vinciguerra<\/strong><\/span>\u00a0est \u00e9galement charg\u00e9e de cours en m\u00e9thodologie de projets culturels \u00e0 l\u2019<em>Universit\u00e9 Bordeaux-Montaigne<\/em>.<\/p>\n<p style=\"text-align: justify;\">A l\u2019AGECIF, <span style=\"color: #2271b1;\"><strong>Anne-Lise Vinciguerra<\/strong><\/span>\u00a0anime les formations consacr\u00e9es \u00e0 l\u2019\u00e9laboration de projets jeune public, \u00e0 l\u2019\u00e9ducation artistique et culturelle et aux r\u00e9sidences.<\/p>\n<p>[\/et_pb_text][\/et_pb_column][\/et_pb_row][et_pb_row column_structure=\u00a0\u00bb3_5,2_5&Prime; _builder_version=\u00a0\u00bb4.21.0&Prime; _module_preset=\u00a0\u00bbdefault\u00a0\u00bb global_colors_info=\u00a0\u00bb{}\u00a0\u00bb][et_pb_column type=\u00a0\u00bb3_5&Prime; _builder_version=\u00a0\u00bb4.21.0&Prime; _module_preset=\u00a0\u00bbdefault\u00a0\u00bb global_colors_info=\u00a0\u00bb{}\u00a0\u00bb][\/et_pb_column][et_pb_column type=\u00a0\u00bb2_5&Prime; _builder_version=\u00a0\u00bb4.21.0&Prime; _module_preset=\u00a0\u00bbdefault\u00a0\u00bb global_colors_info=\u00a0\u00bb{}\u00a0\u00bb][et_pb_text _builder_version=\u00a0\u00bb4.21.0&Prime; _module_preset=\u00a0\u00bbdefault\u00a0\u00bb text_orientation=\u00a0\u00bbcenter\u00a0\u00bb custom_padding=\u00a0\u00bb10px||10px||true|false\u00a0\u00bb border_width_all=\u00a0\u00bb1px\u00a0\u00bb border_color_all=\u00a0\u00bb#d8d8d8&Prime; global_colors_info=\u00a0\u00bb{}\u00a0\u00bb]<\/p>\n<p>[lmt-post-modified-info]<\/p>\n<p>[\/et_pb_text][\/et_pb_column][\/et_pb_row][\/et_pb_section]<\/p>\n","protected":false},"excerpt":{"rendered":"<p>Anne-Lise Vinciguerra Programmatrice de 1999 \u00e0 2015, Anne-Lise Vinciguerra a toujours \u00e9t\u00e9 passionn\u00e9e par la cr\u00e9ation adress\u00e9e au jeune public, et a con\u00e7u de nombreux projets de r\u00e9sidences de territoire en th\u00e9\u00e2tre, danse, ou \u00e9critures dramatiques contemporaines. Tr\u00e8s engag\u00e9e dans le champ de l\u2019\u00e9ducation artistique et culturelle, le d\u00e9sir de mettre en partage la complexit\u00e9 [&hellip;]<\/p>\n","protected":false},"author":1,"featured_media":0,"parent":0,"menu_order":0,"comment_status":"closed","ping_status":"closed","template":"","meta":{"_et_pb_use_builder":"on","_et_pb_old_content":"","_et_gb_content_width":"","footnotes":""},"class_list":["post-8404","page","type-page","status-publish","hentry"],"_links":{"self":[{"href":"https:\/\/wptestkevin.ovh\/.Dev\/wp-json\/wp\/v2\/pages\/8404","targetHints":{"allow":["GET"]}}],"collection":[{"href":"https:\/\/wptestkevin.ovh\/.Dev\/wp-json\/wp\/v2\/pages"}],"about":[{"href":"https:\/\/wptestkevin.ovh\/.Dev\/wp-json\/wp\/v2\/types\/page"}],"author":[{"embeddable":true,"href":"https:\/\/wptestkevin.ovh\/.Dev\/wp-json\/wp\/v2\/users\/1"}],"replies":[{"embeddable":true,"href":"https:\/\/wptestkevin.ovh\/.Dev\/wp-json\/wp\/v2\/comments?post=8404"}],"version-history":[{"count":5,"href":"https:\/\/wptestkevin.ovh\/.Dev\/wp-json\/wp\/v2\/pages\/8404\/revisions"}],"predecessor-version":[{"id":8413,"href":"https:\/\/wptestkevin.ovh\/.Dev\/wp-json\/wp\/v2\/pages\/8404\/revisions\/8413"}],"wp:attachment":[{"href":"https:\/\/wptestkevin.ovh\/.Dev\/wp-json\/wp\/v2\/media?parent=8404"}],"curies":[{"name":"wp","href":"https:\/\/api.w.org\/{rel}","templated":true}]}}