{"id":8388,"date":"2025-04-01T14:36:24","date_gmt":"2025-04-01T12:36:24","guid":{"rendered":"https:\/\/wptestkevin.ovh\/.Dev\/?page_id=8388"},"modified":"2025-04-01T14:36:24","modified_gmt":"2025-04-01T12:36:24","slug":"gregory-vanheulle","status":"publish","type":"page","link":"https:\/\/wptestkevin.ovh\/.Dev\/gregory-vanheulle\/","title":{"rendered":"Gregory VANHEULLE"},"content":{"rendered":"<p>[et_pb_section fb_built=\u00a0\u00bb1&Prime; admin_label=\u00a0\u00bbSection\u00a0\u00bb module_id=\u00a0\u00bbadelus\u00a0\u00bb _builder_version=\u00a0\u00bb4.27.4&Prime; _module_preset=\u00a0\u00bbdefault\u00a0\u00bb background_color=\u00a0\u00bb#f1f3f4&Prime; custom_margin=\u00a0\u00bb0px||0px||true|false\u00a0\u00bb custom_padding=\u00a0\u00bb0px||0px||true|false\u00a0\u00bb da_popup_slug=\u00a0\u00bbadelus\u00a0\u00bb da_disable_devices=\u00a0\u00bboff|off|off\u00a0\u00bb global_colors_info=\u00a0\u00bb{}\u00a0\u00bb theme_builder_area=\u00a0\u00bbpost_content\u00a0\u00bb da_is_popup=\u00a0\u00bboff\u00a0\u00bb da_exit_intent=\u00a0\u00bboff\u00a0\u00bb da_has_close=\u00a0\u00bbon\u00a0\u00bb da_alt_close=\u00a0\u00bboff\u00a0\u00bb da_dark_close=\u00a0\u00bboff\u00a0\u00bb da_not_modal=\u00a0\u00bbon\u00a0\u00bb da_is_singular=\u00a0\u00bboff\u00a0\u00bb da_with_loader=\u00a0\u00bboff\u00a0\u00bb da_has_shadow=\u00a0\u00bbon\u00a0\u00bb][et_pb_row custom_padding_last_edited=\u00a0\u00bbon|phone\u00a0\u00bb _builder_version=\u00a0\u00bb4.27.4&Prime; _module_preset=\u00a0\u00bbdefault\u00a0\u00bb background_color=\u00a0\u00bb#FFFFFF\u00a0\u00bb width_tablet=\u00a0\u00bb\u00a0\u00bb width_phone=\u00a0\u00bb95%\u00a0\u00bb width_last_edited=\u00a0\u00bbon|phone\u00a0\u00bb custom_padding=\u00a0\u00bb|33px||33px|false|true\u00a0\u00bb custom_padding_tablet=\u00a0\u00bb\u00a0\u00bb custom_padding_phone=\u00a0\u00bb|10px||10px|false|true\u00a0\u00bb global_colors_info=\u00a0\u00bb{}\u00a0\u00bb theme_builder_area=\u00a0\u00bbpost_content\u00a0\u00bb][et_pb_column type=\u00a0\u00bb4_4&Prime; _builder_version=\u00a0\u00bb4.21.0&Prime; _module_preset=\u00a0\u00bbdefault\u00a0\u00bb global_colors_info=\u00a0\u00bb{}\u00a0\u00bb theme_builder_area=\u00a0\u00bbpost_content\u00a0\u00bb][et_pb_text _builder_version=\u00a0\u00bb4.21.0&Prime; _module_preset=\u00a0\u00bbdefault\u00a0\u00bb custom_margin=\u00a0\u00bb||10px||false|false\u00a0\u00bb global_colors_info=\u00a0\u00bb{}\u00a0\u00bb theme_builder_area=\u00a0\u00bbpost_content\u00a0\u00bb]<\/p>\n<h1 class=\"uk-article-title\">Gr\u00e9gory Vanheulle<\/h1>\n<p>[\/et_pb_text][et_pb_text _builder_version=\u00a0\u00bb4.25.2&Prime; _module_preset=\u00a0\u00bbdefault\u00a0\u00bb text_orientation=\u00a0\u00bbjustified\u00a0\u00bb global_colors_info=\u00a0\u00bb{}\u00a0\u00bb theme_builder_area=\u00a0\u00bbpost_content\u00a0\u00bb]<\/p>\n<p><span style=\"color: #2271b1;\"><strong>Gr\u00e9gory Vanheulle<\/strong><\/span> est r\u00e9gisseur lumi\u00e8re et \u00e9clairagiste depuis presque 20 ans. <span style=\"font-size: 15px;\">D&rsquo;abord r\u00e9gisseur lumi\u00e8re d&rsquo;accueil \u00e0 la <\/span><em style=\"font-size: 15px;\">MCA &#8211; Maison de la culture d&rsquo;Amiens<\/em><span style=\"font-size: 15px;\"> \u00e0 partir de 2006, il part en tourn\u00e9e avec plusieurs spectacles produits par celle-ci entre 2009 et 2015. <\/span><span style=\"color: #2271b1;\"><strong style=\"font-size: 15px;\">Gr\u00e9gory Vanheulle<\/strong><\/span><span style=\"font-size: 15px;\"> rejoint l\u2019univers des compagnies en 2013 aupr\u00e8s du <\/span><em style=\"font-size: 15px;\">Th\u00e9\u00e2tre Irruptionnel<\/em><span style=\"font-size: 15px;\">. Gr\u00e9gory rejoint la <\/span><em style=\"font-size: 15px;\">Compagnie DCA<\/em><span style=\"font-size: 15px;\"> en 2022 en tant que r\u00e9gisseur lumi\u00e8re sur la tourn\u00e9e de\u00a0<\/span><em style=\"font-size: 15px;\">St\u00e9r\u00e9o<\/em><span style=\"font-size: 15px;\">. En parall\u00e8le, il intervient sur d\u2019autres projets de <\/span><em style=\"font-size: 15px;\">Philippe Decoufl\u00e9<\/em><span style=\"font-size: 15px;\"> et de la Compagnie tels que\u00a0<\/span><em style=\"font-size: 15px;\">M\u00e9moire de forme, Shazam\u00a0<\/em><span style=\"font-size: 15px;\">ou encore\u00a0<\/span><em style=\"font-size: 15px;\">Herm\u00e8s Parade<\/em><span style=\"font-size: 15px;\">.<\/span><\/p>\n<p>[\/et_pb_text][\/et_pb_column][\/et_pb_row][et_pb_row column_structure=\u00a0\u00bb3_5,2_5&Prime; _builder_version=\u00a0\u00bb4.21.0&Prime; _module_preset=\u00a0\u00bbdefault\u00a0\u00bb global_colors_info=\u00a0\u00bb{}\u00a0\u00bb theme_builder_area=\u00a0\u00bbpost_content\u00a0\u00bb][et_pb_column type=\u00a0\u00bb3_5&Prime; _builder_version=\u00a0\u00bb4.21.0&Prime; _module_preset=\u00a0\u00bbdefault\u00a0\u00bb global_colors_info=\u00a0\u00bb{}\u00a0\u00bb theme_builder_area=\u00a0\u00bbpost_content\u00a0\u00bb][\/et_pb_column][et_pb_column type=\u00a0\u00bb2_5&Prime; _builder_version=\u00a0\u00bb4.21.0&Prime; _module_preset=\u00a0\u00bbdefault\u00a0\u00bb global_colors_info=\u00a0\u00bb{}\u00a0\u00bb theme_builder_area=\u00a0\u00bbpost_content\u00a0\u00bb][et_pb_text _builder_version=\u00a0\u00bb4.21.0&Prime; _module_preset=\u00a0\u00bbdefault\u00a0\u00bb text_orientation=\u00a0\u00bbcenter\u00a0\u00bb custom_padding=\u00a0\u00bb10px||10px||true|false\u00a0\u00bb border_width_all=\u00a0\u00bb1px\u00a0\u00bb border_color_all=\u00a0\u00bb#d8d8d8&Prime; global_colors_info=\u00a0\u00bb{}\u00a0\u00bb theme_builder_area=\u00a0\u00bbpost_content\u00a0\u00bb]<\/p>\n<p>[lmt-post-modified-info]<\/p>\n<p>[\/et_pb_text][\/et_pb_column][\/et_pb_row][\/et_pb_section]<\/p>\n","protected":false},"excerpt":{"rendered":"<p>Gr\u00e9gory VanheulleGr\u00e9gory Vanheulle est r\u00e9gisseur lumi\u00e8re et \u00e9clairagiste depuis presque 20 ans. D&rsquo;abord r\u00e9gisseur lumi\u00e8re d&rsquo;accueil \u00e0 la MCA &#8211; Maison de la culture d&rsquo;Amiens \u00e0 partir de 2006, il part en tourn\u00e9e avec plusieurs spectacles produits par celle-ci entre 2009 et 2015. Gr\u00e9gory Vanheulle rejoint l\u2019univers des compagnies en 2013 aupr\u00e8s du Th\u00e9\u00e2tre Irruptionnel. [&hellip;]<\/p>\n","protected":false},"author":1,"featured_media":0,"parent":0,"menu_order":0,"comment_status":"closed","ping_status":"closed","template":"","meta":{"_et_pb_use_builder":"on","_et_pb_old_content":"","_et_gb_content_width":"","footnotes":""},"class_list":["post-8388","page","type-page","status-publish","hentry"],"_links":{"self":[{"href":"https:\/\/wptestkevin.ovh\/.Dev\/wp-json\/wp\/v2\/pages\/8388","targetHints":{"allow":["GET"]}}],"collection":[{"href":"https:\/\/wptestkevin.ovh\/.Dev\/wp-json\/wp\/v2\/pages"}],"about":[{"href":"https:\/\/wptestkevin.ovh\/.Dev\/wp-json\/wp\/v2\/types\/page"}],"author":[{"embeddable":true,"href":"https:\/\/wptestkevin.ovh\/.Dev\/wp-json\/wp\/v2\/users\/1"}],"replies":[{"embeddable":true,"href":"https:\/\/wptestkevin.ovh\/.Dev\/wp-json\/wp\/v2\/comments?post=8388"}],"version-history":[{"count":3,"href":"https:\/\/wptestkevin.ovh\/.Dev\/wp-json\/wp\/v2\/pages\/8388\/revisions"}],"predecessor-version":[{"id":8392,"href":"https:\/\/wptestkevin.ovh\/.Dev\/wp-json\/wp\/v2\/pages\/8388\/revisions\/8392"}],"wp:attachment":[{"href":"https:\/\/wptestkevin.ovh\/.Dev\/wp-json\/wp\/v2\/media?parent=8388"}],"curies":[{"name":"wp","href":"https:\/\/api.w.org\/{rel}","templated":true}]}}