{"id":8380,"date":"2025-04-01T14:33:09","date_gmt":"2025-04-01T12:33:09","guid":{"rendered":"https:\/\/wptestkevin.ovh\/.Dev\/?page_id=8380"},"modified":"2025-04-01T14:34:29","modified_gmt":"2025-04-01T12:34:29","slug":"kevin-thoret","status":"publish","type":"page","link":"https:\/\/wptestkevin.ovh\/.Dev\/kevin-thoret\/","title":{"rendered":"Kevin THORET"},"content":{"rendered":"<p>[et_pb_section fb_built=\u00a0\u00bb1&Prime; admin_label=\u00a0\u00bbSection\u00a0\u00bb module_id=\u00a0\u00bbadelus\u00a0\u00bb _builder_version=\u00a0\u00bb4.27.4&Prime; _module_preset=\u00a0\u00bbdefault\u00a0\u00bb background_color=\u00a0\u00bb#f1f3f4&Prime; custom_margin=\u00a0\u00bb0px||0px||true|false\u00a0\u00bb custom_padding=\u00a0\u00bb0px||0px||true|false\u00a0\u00bb animation_style=\u00a0\u00bbfade\u00a0\u00bb da_popup_slug=\u00a0\u00bbadelus\u00a0\u00bb da_disable_devices=\u00a0\u00bboff|off|off\u00a0\u00bb global_colors_info=\u00a0\u00bb{}\u00a0\u00bb da_is_popup=\u00a0\u00bboff\u00a0\u00bb da_exit_intent=\u00a0\u00bboff\u00a0\u00bb da_has_close=\u00a0\u00bbon\u00a0\u00bb da_alt_close=\u00a0\u00bboff\u00a0\u00bb da_dark_close=\u00a0\u00bboff\u00a0\u00bb da_not_modal=\u00a0\u00bbon\u00a0\u00bb da_is_singular=\u00a0\u00bboff\u00a0\u00bb da_with_loader=\u00a0\u00bboff\u00a0\u00bb da_has_shadow=\u00a0\u00bbon\u00a0\u00bb][et_pb_row custom_padding_last_edited=\u00a0\u00bbon|phone\u00a0\u00bb _builder_version=\u00a0\u00bb4.27.4&Prime; _module_preset=\u00a0\u00bbdefault\u00a0\u00bb background_color=\u00a0\u00bb#FFFFFF\u00a0\u00bb width_tablet=\u00a0\u00bb\u00a0\u00bb width_phone=\u00a0\u00bb95%\u00a0\u00bb width_last_edited=\u00a0\u00bbon|phone\u00a0\u00bb custom_padding=\u00a0\u00bb|33px||33px|false|true\u00a0\u00bb custom_padding_tablet=\u00a0\u00bb\u00a0\u00bb custom_padding_phone=\u00a0\u00bb|10px||10px|false|true\u00a0\u00bb global_colors_info=\u00a0\u00bb{}\u00a0\u00bb][et_pb_column type=\u00a0\u00bb4_4&Prime; _builder_version=\u00a0\u00bb4.21.0&Prime; _module_preset=\u00a0\u00bbdefault\u00a0\u00bb global_colors_info=\u00a0\u00bb{}\u00a0\u00bb][et_pb_text _builder_version=\u00a0\u00bb4.21.0&Prime; _module_preset=\u00a0\u00bbdefault\u00a0\u00bb custom_margin=\u00a0\u00bb||10px||false|false\u00a0\u00bb global_colors_info=\u00a0\u00bb{}\u00a0\u00bb]<\/p>\n<h1 class=\"uk-article-title\">Kevin Thoret<\/h1>\n<p>[\/et_pb_text][et_pb_text _builder_version=\u00a0\u00bb4.25.2&Prime; _module_preset=\u00a0\u00bbdefault\u00a0\u00bb text_orientation=\u00a0\u00bbjustified\u00a0\u00bb global_colors_info=\u00a0\u00bb{}\u00a0\u00bb]<\/p>\n<p><img loading=\"lazy\" decoding=\"async\" class=\"\" style=\"font-size: 15px;\" src=\"http:\/\/wptestkevin.ovh\/.Dev\/wp-content\/uploads\/2024\/06\/k-thoret.png\" alt=\"k-thoret\" width=\"222\" height=\"148\" \/><\/p>\n<p>C\u2019est en 2000, apr\u00e8s une Maitrise d\u2019Espagnol et un Master2 en D\u00e9veloppement culturel que <span style=\"color: #2271b1;\"><strong>Kevin Thoret <\/strong><\/span>int\u00e8gre pour la premi\u00e8re fois l\u2019AGECIF.<\/p>\n<p>D\u2019abord rep\u00e9r\u00e9 pour ses comp\u00e9tences linguistiques, il accompagne comme traducteur \u2013 interpr\u00e8te la mise en \u0153uvre du projet <em>Cultures Cara\u00efbe<\/em>, vaste programme de formation visant \u00e0 r\u00e9unir autour d\u2019un m\u00eame cursus p\u00e9dagogique des acteurs culturels issus des principaux pays de la zone Cara\u00efb\u00e9enne.<\/p>\n<p>Charg\u00e9 de la relation avec les publics hispanophones bas\u00e9s en Colombie, \u00e0 Cuba ou au Venezuela, <span style=\"color: #2271b1;\"><strong>Kevin Thoret<\/strong><\/span><strong>\u00a0<\/strong>se familiarise alors avec la puissance des outils num\u00e9riques qu\u2019il per\u00e7oit d\u2019embl\u00e9e comme une v\u00e9ritable r\u00e9volution pour le d\u00e9veloppement culturel et les modes de communication qui lui sont associ\u00e9s.<\/p>\n<p>Pris de passion pour ce nouvel outil qui faisait tout juste son entr\u00e9e dans le quotidien professionnel des fran\u00e7ais,<b> <span style=\"color: #2271b1;\"><strong>Kevin Thoret<\/strong><\/span><\/b>\u00a0oublie peu \u00e0 peu ses pr\u00e9c\u00e9dentes aspirations pour l\u2019organisation de festivals et accepte fin 2000 le poste d\u2019animateur multim\u00e9dia \u00e0 l\u2019AGECIF.<\/p>\n<p>Dot\u00e9 d\u2019une aisance naturelle pour l\u2019informatique, il compl\u00e8te d\u00e8s 2001 ses acquis universitaires par une formation continue de six mois en d\u00e9veloppement de sites web au <em>GRETA<\/em>. Il y acquiert ses premi\u00e8res connaissances en programmation HTML et prend la main sur les principaux logiciels d\u2019infographie, d\u2019animation et de montage vid\u00e9o.<\/p>\n<p>Charg\u00e9 de d\u00e9velopper la communication num\u00e9rique de l\u2019AGECIF et d\u2019assister les \u00e9quipes administratives et p\u00e9dagogiques dans leurs usages informatiques, <span style=\"color: #2271b1;\"><strong>Kevin Thoret<\/strong><\/span>\u00a0veut aller au-del\u00e0 d\u2019une approche qui serait purement technique sur ces questions du digital.<br \/>C\u2019est alors qu\u2019il rencontre Pascal Desfarges, philosophe, conf\u00e9rencier, grand militant de l\u2019internet citoyen et pr\u00e9curseur du num\u00e9rique en France.<\/p>\n<p>S\u00e9duit par l\u2019approche intellectuelle et la pens\u00e9e d\u00e9velopp\u00e9e par Desfarges autour des questions du num\u00e9rique, <span style=\"color: #2271b1;\"><strong>Kevin Thoret<\/strong><\/span>\u00a0se prend alors d\u2019int\u00e9r\u00eat pour la transmission du savoir informatique, et le r\u00f4le cl\u00e9 tenu dans nos soci\u00e9t\u00e9s contemporaines par ceux qui le d\u00e9tiennent.<\/p>\n<p>Trouvant \u00e0 cet endroit la coh\u00e9rence parfaite entre ses aspirations intellectuelles et sa capacit\u00e9 \u00e0 dominer les situations informatiques les plus diverses, <span style=\"color: #2271b1;\"><strong>Kevin Thoret<\/strong><\/span>\u00a0s\u2019oriente alors tout naturellement vers la p\u00e9dagogie. V\u00e9ritable bin\u00f4me de Pascal Desfarges \u00e0 l\u2019AGECIF, il renforce par la pratique les contenus th\u00e9oriques d\u00e9velopp\u00e9s par celui-ci avec des formations relatives \u00e0 la cr\u00e9ation de sites internet et \u00e0 l\u2019animation pour le web.<\/p>\n<p>Jeune trentenaire dans ces ann\u00e9es-l\u00e0, <span style=\"color: #2271b1;\"><strong>Kevin Thoret<\/strong><\/span>\u00a0d\u00e9borde d\u2019\u00e9nergie. Permanent de l\u2019AGECIF le jour, il est aussi percussionniste semi-professionnel sur ses temps libres et c\u00f4toie l\u2019univers des musiques actuelles. D\u00e9sireux d\u2019\u00e9prouver ses comp\u00e9tences en communication digitale, il se confronte \u00e0 la r\u00e9alit\u00e9 du secteur culturel en travaillant au d\u00e9veloppement de carri\u00e8res artistiques et se plait \u00e0 cr\u00e9er des sites internet pour de nombreux artistes en devenir.<\/p>\n<p>Fin 2006, <span style=\"color: #2271b1;\"><strong>Kevin Thoret<\/strong><\/span>\u00a0quitte momentan\u00e9ment l\u2019AGECIF pour s\u2019installer \u00e0 l\u2019\u00e9tranger et cr\u00e9er sa propre agence de communication digitale. Il fait alors ses armes sur les outils du tout nouveau web 2.0 qui am\u00e8ne avec lui de grands noms tels Facebook, MySpace et autres r\u00e9seaux sociaux qui transformeront durablement le contexte de la communication culturelle.<br \/>Mais le secteur culturel lui manque terriblement, son pays natal aussi\u2026<\/p>\n<p>C\u2019est dans ce contexte, fort de cette exp\u00e9rience en agence sp\u00e9cialis\u00e9e et dot\u00e9 d\u2019une l\u00e9gitimit\u00e9 nouvelle en mati\u00e8re de strat\u00e9gie digitale, qu\u2019il rentre en France fin 2009 pour r\u00e9int\u00e9grer l\u2019AGECIF \u00e0 la demande de Denis Th\u00e9venin, son directeur, comme Responsable p\u00e9dagogique.<\/p>\n<p>A cette p\u00e9riode, <span style=\"color: #2271b1;\"><strong>Kevin Thoret<\/strong><\/span>\u00a0enrichit progressivement la famille Communication et Web 2.0 avec de nouveaux modules tels que Cr\u00e9er rapidement un site avec WordPress, Cr\u00e9er un site carte de visite, Monter un Facebook et un Twitter professionnels, Manager sa visibilit\u00e9 pour le web ou Ma\u00eetriser le son et la vid\u00e9o pour Internet.<\/p>\n<p>En 2010, quand l\u2019AGECIF se voit confier la mission de mettre en \u0153uvre les premiers parcours de formation \u00e0 l\u2019attention des artistes-auteurs, nouveaux ayants-droit aux dispositifs de formation continue, <span style=\"color: #2271b1;\"><strong>Kevin Thoret<\/strong><\/span>\u00a0cr\u00e9e la formation Promouvoir une activit\u00e9 d\u2019auteur sur Internet et anime avec Abdelkader Haroune, Chef de police, enqu\u00eateur, enseignant \u00e0 l\u2019Universit\u00e9 de Lille, la formation Appr\u00e9hender l\u2019univers du polar\u2026 dont la premi\u00e8re journ\u00e9e traite des probl\u00e9matiques li\u00e9es \u00e0 la cybercriminalit\u00e9.<\/p>\n<p>Plus en lien avec le secteur culturel \u00e0 proprement parler, ses formations sur la strat\u00e9gie digitale regroupent essentiellement des personnes occupant un poste li\u00e9 \u00e0 la communication, aux relations presse ou aux relations envers les publics. Dans le cas des compagnies de th\u00e9\u00e2tre, ce sont g\u00e9n\u00e9ralement des charg\u00e9s de communication et\/ou de diffusion qui viennent se renforcer sur les probl\u00e9matiques de la communication web.<\/p>\n<p>Les publics qui assistent aux formations de <span style=\"color: #2271b1;\"><strong>Kevin Thoret<\/strong><\/span>\u00a0peuvent \u00eatre issus de structures de renom telles que le Th\u00e9\u00e2tre national de Toulouse (TNT), Le Volcan &#8211; Sc\u00e8ne nationale du Havre, Le Carr\u00e9 &#8211; Sc\u00e8ne nationale de Ch\u00e2teau-Gontier, Les G\u00e9meaux \u2013 Sc\u00e8ne nationale de Sceaux, le Festival du Court-M\u00e9trage, la Semaine des r\u00e9alisateurs, le FGO Barbara, le Festival d\u2019Automne, le Parc de la Villette, le festival Avignon-Off.<\/p>\n<p>A ceux-ci peuvent se joindre des intermittents ou permanents de compagnies, des artistes ou cr\u00e9ateurs ind\u00e9pendants, et tout porteur de projet culturel\u2026 cette diversit\u00e9 des approches et des probl\u00e9matiques \u00e9tant, pour ce formateur hors-pair, facteur d\u2019enrichissement p\u00e9dagogique.<\/p>\n<p>Depuis 2015, <span style=\"color: #2271b1;\"><strong>Kevin Thoret<\/strong><\/span>\u00a0est aussi le r\u00e9f\u00e9rent technique de l\u2019AGECIF sur toutes les questions relatives au passage des certifications <em>TOSA<\/em>, pour la bureautique, et <em>BULATS<\/em> pour l\u2019anglais. De mani\u00e8re plus g\u00e9n\u00e9rale, il accompagne l\u2019AGECIF dans sa transformation digitale continue par l\u2019exp\u00e9rimentation de solutions commerciales et p\u00e9dagogiques innovantes. Il accompagne aussi dans une approche p\u00e9dagogique l\u2019ensemble des formateurs de l\u2019AGECIF sur les questions li\u00e9es au num\u00e9rique et \u00e0 la digitalisation des contenus de formation.<\/p>\n<p>Pour la p\u00e9riode 2019-2020, sa mission essentielle consiste \u00e0 d\u00e9velopper la dimension blended-learning (ou apprentissage mixte) des formations propos\u00e9es par l\u2019AGECIF. Fondamentalement, il s\u2019agit de former et d\u2019accompagner l\u2019ensemble des formateurs vers une utilisation intelligente et assidue du Cloud priv\u00e9 que l\u2019AGECIF est en train de mettre en oeuvre afin de renforcer sur la dur\u00e9e le lien p\u00e9dagogique entre formateurs et stagiaires.<\/p>\n<p>Le d\u00e9fi est de taille mais, comme vous le dirait Denis Th\u00e9venin \u2013 directeur de l\u2019AGECIF, l\u2019effort en vaut toujours la peine d\u00e8s lors que la qualit\u00e9 de notre prestation p\u00e9dagogique en ressort am\u00e9lior\u00e9e. C\u2019est aussi le leitmotiv de <span style=\"color: #2271b1;\"><strong>Kevin Thoret<\/strong><\/span>, pour qui la qualit\u00e9 de l\u2019enseignement et son enracinement dans le quotidien des stagiaires reste une pr\u00e9occupation permanente.<\/p>\n<p>[\/et_pb_text][\/et_pb_column][\/et_pb_row][et_pb_row column_structure=\u00a0\u00bb3_5,2_5&Prime; _builder_version=\u00a0\u00bb4.21.0&Prime; _module_preset=\u00a0\u00bbdefault\u00a0\u00bb global_colors_info=\u00a0\u00bb{}\u00a0\u00bb][et_pb_column type=\u00a0\u00bb3_5&Prime; _builder_version=\u00a0\u00bb4.21.0&Prime; _module_preset=\u00a0\u00bbdefault\u00a0\u00bb global_colors_info=\u00a0\u00bb{}\u00a0\u00bb][\/et_pb_column][et_pb_column type=\u00a0\u00bb2_5&Prime; _builder_version=\u00a0\u00bb4.21.0&Prime; _module_preset=\u00a0\u00bbdefault\u00a0\u00bb global_colors_info=\u00a0\u00bb{}\u00a0\u00bb][et_pb_text _builder_version=\u00a0\u00bb4.21.0&Prime; _module_preset=\u00a0\u00bbdefault\u00a0\u00bb text_orientation=\u00a0\u00bbcenter\u00a0\u00bb custom_padding=\u00a0\u00bb10px||10px||true|false\u00a0\u00bb border_width_all=\u00a0\u00bb1px\u00a0\u00bb border_color_all=\u00a0\u00bb#d8d8d8&Prime; global_colors_info=\u00a0\u00bb{}\u00a0\u00bb]<\/p>\n<p>[lmt-post-modified-info]<\/p>\n<p>[\/et_pb_text][\/et_pb_column][\/et_pb_row][\/et_pb_section]<\/p>\n","protected":false},"excerpt":{"rendered":"<p>Kevin Thoret C\u2019est en 2000, apr\u00e8s une Maitrise d\u2019Espagnol et un Master2 en D\u00e9veloppement culturel que Kevin Thoret int\u00e8gre pour la premi\u00e8re fois l\u2019AGECIF. D\u2019abord rep\u00e9r\u00e9 pour ses comp\u00e9tences linguistiques, il accompagne comme traducteur \u2013 interpr\u00e8te la mise en \u0153uvre du projet Cultures Cara\u00efbe, vaste programme de formation visant \u00e0 r\u00e9unir autour d\u2019un m\u00eame cursus [&hellip;]<\/p>\n","protected":false},"author":1,"featured_media":0,"parent":0,"menu_order":0,"comment_status":"closed","ping_status":"closed","template":"","meta":{"_et_pb_use_builder":"on","_et_pb_old_content":"","_et_gb_content_width":"","footnotes":""},"class_list":["post-8380","page","type-page","status-publish","hentry"],"_links":{"self":[{"href":"https:\/\/wptestkevin.ovh\/.Dev\/wp-json\/wp\/v2\/pages\/8380","targetHints":{"allow":["GET"]}}],"collection":[{"href":"https:\/\/wptestkevin.ovh\/.Dev\/wp-json\/wp\/v2\/pages"}],"about":[{"href":"https:\/\/wptestkevin.ovh\/.Dev\/wp-json\/wp\/v2\/types\/page"}],"author":[{"embeddable":true,"href":"https:\/\/wptestkevin.ovh\/.Dev\/wp-json\/wp\/v2\/users\/1"}],"replies":[{"embeddable":true,"href":"https:\/\/wptestkevin.ovh\/.Dev\/wp-json\/wp\/v2\/comments?post=8380"}],"version-history":[{"count":4,"href":"https:\/\/wptestkevin.ovh\/.Dev\/wp-json\/wp\/v2\/pages\/8380\/revisions"}],"predecessor-version":[{"id":8387,"href":"https:\/\/wptestkevin.ovh\/.Dev\/wp-json\/wp\/v2\/pages\/8380\/revisions\/8387"}],"wp:attachment":[{"href":"https:\/\/wptestkevin.ovh\/.Dev\/wp-json\/wp\/v2\/media?parent=8380"}],"curies":[{"name":"wp","href":"https:\/\/api.w.org\/{rel}","templated":true}]}}