{"id":8372,"date":"2025-04-01T14:28:17","date_gmt":"2025-04-01T12:28:17","guid":{"rendered":"https:\/\/wptestkevin.ovh\/.Dev\/?page_id=8372"},"modified":"2025-04-01T14:30:13","modified_gmt":"2025-04-01T12:30:13","slug":"jean-luc-tartera","status":"publish","type":"page","link":"https:\/\/wptestkevin.ovh\/.Dev\/jean-luc-tartera\/","title":{"rendered":"Jean-Luc TARTERA"},"content":{"rendered":"<p>[et_pb_section fb_built=\u00a0\u00bb1&Prime; admin_label=\u00a0\u00bbSection\u00a0\u00bb module_id=\u00a0\u00bbadelus\u00a0\u00bb _builder_version=\u00a0\u00bb4.27.4&Prime; _module_preset=\u00a0\u00bbdefault\u00a0\u00bb background_color=\u00a0\u00bb#f1f3f4&Prime; custom_margin=\u00a0\u00bb0px||0px||true|false\u00a0\u00bb custom_padding=\u00a0\u00bb0px||0px||true|false\u00a0\u00bb animation_style=\u00a0\u00bbfade\u00a0\u00bb da_popup_slug=\u00a0\u00bbadelus\u00a0\u00bb da_disable_devices=\u00a0\u00bboff|off|off\u00a0\u00bb global_colors_info=\u00a0\u00bb{}\u00a0\u00bb da_is_popup=\u00a0\u00bboff\u00a0\u00bb da_exit_intent=\u00a0\u00bboff\u00a0\u00bb da_has_close=\u00a0\u00bbon\u00a0\u00bb da_alt_close=\u00a0\u00bboff\u00a0\u00bb da_dark_close=\u00a0\u00bboff\u00a0\u00bb da_not_modal=\u00a0\u00bbon\u00a0\u00bb da_is_singular=\u00a0\u00bboff\u00a0\u00bb da_with_loader=\u00a0\u00bboff\u00a0\u00bb da_has_shadow=\u00a0\u00bbon\u00a0\u00bb][et_pb_row custom_padding_last_edited=\u00a0\u00bbon|phone\u00a0\u00bb _builder_version=\u00a0\u00bb4.27.4&Prime; _module_preset=\u00a0\u00bbdefault\u00a0\u00bb background_color=\u00a0\u00bb#FFFFFF\u00a0\u00bb width_tablet=\u00a0\u00bb\u00a0\u00bb width_phone=\u00a0\u00bb95%\u00a0\u00bb width_last_edited=\u00a0\u00bbon|phone\u00a0\u00bb custom_padding=\u00a0\u00bb|33px||33px|false|true\u00a0\u00bb custom_padding_tablet=\u00a0\u00bb\u00a0\u00bb custom_padding_phone=\u00a0\u00bb|10px||10px|false|true\u00a0\u00bb global_colors_info=\u00a0\u00bb{}\u00a0\u00bb][et_pb_column type=\u00a0\u00bb4_4&Prime; _builder_version=\u00a0\u00bb4.21.0&Prime; _module_preset=\u00a0\u00bbdefault\u00a0\u00bb global_colors_info=\u00a0\u00bb{}\u00a0\u00bb][et_pb_text _builder_version=\u00a0\u00bb4.21.0&Prime; _module_preset=\u00a0\u00bbdefault\u00a0\u00bb custom_margin=\u00a0\u00bb||10px||false|false\u00a0\u00bb global_colors_info=\u00a0\u00bb{}\u00a0\u00bb]<\/p>\n<h1 class=\"uk-article-title\">Jean-Luc Tartera<\/h1>\n<p>[\/et_pb_text][et_pb_text _builder_version=\u00a0\u00bb4.25.2&Prime; _module_preset=\u00a0\u00bbdefault\u00a0\u00bb text_orientation=\u00a0\u00bbjustified\u00a0\u00bb global_colors_info=\u00a0\u00bb{}\u00a0\u00bb]<\/p>\n<p><img loading=\"lazy\" decoding=\"async\" src=\"http:\/\/wptestkevin.ovh\/.Dev\/wp-content\/uploads\/2024\/06\/JLtartera-Site.png\" alt=\"JLtartera Site\" width=\"200\" height=\"231\" \/><\/p>\n<p style=\"text-align: justify;\"><span style=\"color: #2271b1;\"><strong>Jean-Luc TARTERA<\/strong><\/span> est coach professionnel certifi\u00e9<em> (Coach &amp; Team, Transformance)<\/em>, administrateur de production, ing\u00e9nieur informaticien et formateur.<\/p>\n<p style=\"text-align: justify;\">Dipl\u00f4m\u00e9 en 2010 du <em>Master Management des Organisations Culturelles<\/em> de <em>Paris Dauphine<\/em>, <span style=\"color: #2271b1;\"><strong>Jean-Luc TARTERA<\/strong><\/span><strong>\u00a0<\/strong>pilote pendant plus de dix ans les projets de diff\u00e9rentes compagnies de th\u00e9\u00e2tre, notamment\u00a0<em>Les Com\u00e9diens voyageurs<\/em>, dirig\u00e9e par\u00a0<em>Marcel Bozonnet<\/em>,\u00a0<em>La Compagnie Sandrine Anglade<\/em>, le\u00a0<em>Th\u00e9\u00e2tre de chair<\/em>\u00a0de\u00a0<em>Gr\u00e9goire Cuvier<\/em>, alors implant\u00e9 au sein du\u00a0<em>Centre de sant\u00e9 mentale Marcel Rivi\u00e8re<\/em>\u00a0au\u00a0<em>Mesnil-Saint-Denis<\/em>.<\/p>\n<p style=\"text-align: justify;\">Au sein du bureau de\u00a0<em>Dauphine Culture<\/em>, l\u2019association des anciens du Master Management des Organisations Culturelles, <span style=\"color: #2271b1;\"><strong>Jean-Luc TARTERA<\/strong><\/span>\u00a0est le chef de projet pour les \u00e9ditions 2021et 2022 des\u00a0<em>Journ\u00e9es du Management Culturel,<\/em>\u00a0sur les th\u00e8mes :\u00a0<em>\u00ab L\u2019humain dans l\u2019entreprise culturelle \u00bb<\/em>\u00a0et\u00a0<em>\u00ab Comment les crises modifient-elles notre rapport \u00e0 la culture ?<\/em>\u00a0\u00bb. En 2022, il anime l\u2019atelier\u00a0<em>\u00ab Management directif, collaboratif, d\u00e9l\u00e9gatif&#8230; comment choisir ? \u00bb<\/em>\u00a0dans le cadre de la 8e \u00e9dition du<em>\u00a0Forum Entreprendre dans la Cultur<\/em>e, organis\u00e9 par le\u00a0<em>Minist\u00e8re de la Culture<\/em>.<\/p>\n<p style=\"text-align: justify;\">En 2020, il suit la formation \u00ab\u00a0<em>Management et ressources humaines dans le secteur culturel<\/em>\u00a0\u00bb aupr\u00e8s de l\u2019<em>Observatoire des Pratiques Culturelles<\/em>\u00a0\u00e0\u00a0<em>Grenoble<\/em>, formation anim\u00e9e par\u00a0<em>Carole Le Rendu<\/em>. En 2021, il suit la formation\u00a0<em>R\u00e9ussir le changement<\/em>\u00a0de l\u2019<em>ESSEC Business School<\/em>.<\/p>\n<p style=\"text-align: justify;\">En 2022, souhaitant contribuer aux transformations rendues n\u00e9cessaires par la transition \u00e9cologique, <span style=\"color: #2271b1;\"><strong>Jean-Luc TARTERA<\/strong><\/span>\u00a0rejoint l&rsquo;association <em>Les Shifters<\/em>, se forme \u00e0 l&rsquo;animation de La <a href=\"https:\/\/fresqueduclimat.org\/\" target=\"_blank\" rel=\"noopener\">Fresque du Climat<\/a> et\u00a0commence l&rsquo;animation d&rsquo;ateliers \u00e0 destination de l&rsquo;enseignement sup\u00e9rieur, du monde associatif et des professionnels de la culture. Il suit \u00e9galement la formation de l&rsquo;ADEME\u00a0<em>Comprendre la transition bas carbone et comment se mettre en marche vers une strat\u00e9gie de d\u00e9carbonation<\/em>.<\/p>\n<p style=\"text-align: justify;\"><span style=\"color: #2271b1;\"><strong>Jean-Luc TARTERA<\/strong><\/span> est \u00e9galement titulaire d\u2019un dipl\u00f4me d\u2019ing\u00e9nieur en informatique et a exerc\u00e9 en tant d\u00e9veloppeur et chef de projet pendant plus de 15 ans dans des soci\u00e9t\u00e9s de service et des grands groupes, en France, en Angleterre et en Suisse, au service principalement de la gestion des entreprises :\u00a0<em>Schlumberger Cambridge Research, Natsoft, United Overseas Bank, Fret SNCF&#8230;<\/em><\/p>\n<p style=\"text-align: justify;\">Tr\u00e8s int\u00e9ress\u00e9 par le d\u00e9veloppement personnel, il anime en 2021 des conf\u00e9rences sur l\u2019histoire des psychoth\u00e9rapies : <em>\u00ab Un panorama des courants psychoth\u00e9rapeutiques \u00bb<\/em>.<\/p>\n<p style=\"text-align: justify;\">Partie 1 \u2013 Origine de la psychanalyse : <a href=\"https:\/\/youtu.be\/7XSoi6XKgGs\">https:\/\/youtu.be\/7XSoi6XKgGs<\/a><\/p>\n<p style=\"text-align: justify;\">Partie 2 \u2013 Les th\u00e9rapies humanistes : <a href=\"https:\/\/youtu.be\/QWR_yFqJr0k\">https:\/\/youtu.be\/QWR_yFqJr0k<\/a><\/p>\n<p style=\"text-align: justify;\">Partie 3 \u2013 Les th\u00e9rapies syst\u00e9miques, existentielles, cognitivo-comportementales\u00a0et le mod\u00e8le int\u00e9gratif : <a href=\"https:\/\/youtu.be\/JuMz_jYyqgk\" target=\"_blank\" rel=\"noopener\">https:\/\/youtu.be\/JuMz_jYyqgk<\/a><\/p>\n<p style=\"text-align: justify;\">Passionn\u00e9 de th\u00e9\u00e2tre, il s\u2019investit artistiquement entre 2000 et 2010 dans diff\u00e9rents projets comme com\u00e9dien et metteur en sc\u00e8ne. Il participe notamment \u00e0 la cr\u00e9ation du <em>Revizor<\/em>, mis en sc\u00e8ne par\u00a0<em>Christophe Rauck<\/em>\u00a0au\u00a0<em>Th\u00e9\u00e2tre du peuple de Bussang<\/em>\u00a0en 2005.<\/p>\n<p>Au sein de l\u2019AGECIF, il anime les formations :<\/p>\n<p style=\"text-align: justify;\"><strong>Piloter et g\u00e9rer un projet<\/strong>\u00a0en INTER\u00a0comme en INTRA\u00a0pour des entreprises comme\u00a0:\u00a0<em>Live Nation, EPPGHV de La Villette, La Com\u00e9die Fran\u00e7aise\u2026<\/em><\/p>\n<p style=\"text-align: justify;\"><strong>Bien accueillir les publics et g\u00e9rer les situations conflictuelles<\/strong>\u00a0en INTER\u00a0comme en INTRA\u00a0pour des entreprises comme\u00a0:\u00a0<em>l\u2019Institut Catholique de Paris, Le Lac de Saint-Pardoux\u2026<\/em><\/p>\n<p style=\"text-align: justify;\"><strong>Se pr\u00e9parer au changement<\/strong>\u00a0en INTER\u00a0comme en INTRA\u00a0pour des entreprises comme\u00a0: <em>MixLab \u00e0 Grenoble\u2026<\/em><\/p>\n<p style=\"text-align: justify;\"><strong>Prendre la parole en public et en r\u00e9union<\/strong>\u00a0en INTER\u00a0comme en INTRA\u00a0pour des entreprises comme\u00a0:\u00a0<em>L\u2019Institut Fran\u00e7ais, le Th\u00e9\u00e2tre National de la Colline, La Ga\u00eet\u00e9 Lyrique\u2026<\/em><\/p>\n<p style=\"text-align: justify;\"><strong>Excel pour les m\u00e9tiers de la production<\/strong>, <strong>Excel pour les m\u00e9tiers de l\u2019administration<\/strong>\u00a0et <strong>Excel pour les m\u00e9tiers de la production<\/strong>\u00a0en INTER\u00a0comme en INTRA\u00a0pour des entreprises comme\u00a0:\u00a0<em>le CCN de Rennes, Danse \u00e0 tous les \u00e9tages \u00e0 Rennes, Le Th\u00e9\u00e2tre de Sartrouville, AAKI records, Cin\u00e9Fabrique \u00e0 Lyon, le FAIR\u2026<\/em><\/p>\n<p style=\"text-align: justify;\"><strong>Excel pour la planification<\/strong>, <strong>Excel pour les tableaux crois\u00e9s dynamiques<\/strong>\u00a0et <strong>Excel pour les bases de donn\u00e9es<\/strong>\u00a0en INTER\u00a0comme en INTRA\u00a0pour des entreprises comme\u00a0:\u00a0<em>Live Nation, le Nouveau Th\u00e9\u00e2tre de Montreuil, La Commune d\u2019Aubervilliers, Le Th\u00e9\u00e2tre Romain Rolland, le Minist\u00e8re de la culture\u2026<\/em><\/p>\n<p>[\/et_pb_text][\/et_pb_column][\/et_pb_row][et_pb_row column_structure=\u00a0\u00bb3_5,2_5&Prime; _builder_version=\u00a0\u00bb4.21.0&Prime; _module_preset=\u00a0\u00bbdefault\u00a0\u00bb global_colors_info=\u00a0\u00bb{}\u00a0\u00bb][et_pb_column type=\u00a0\u00bb3_5&Prime; _builder_version=\u00a0\u00bb4.21.0&Prime; _module_preset=\u00a0\u00bbdefault\u00a0\u00bb global_colors_info=\u00a0\u00bb{}\u00a0\u00bb][\/et_pb_column][et_pb_column type=\u00a0\u00bb2_5&Prime; _builder_version=\u00a0\u00bb4.21.0&Prime; _module_preset=\u00a0\u00bbdefault\u00a0\u00bb global_colors_info=\u00a0\u00bb{}\u00a0\u00bb][et_pb_text _builder_version=\u00a0\u00bb4.21.0&Prime; _module_preset=\u00a0\u00bbdefault\u00a0\u00bb text_orientation=\u00a0\u00bbcenter\u00a0\u00bb custom_padding=\u00a0\u00bb10px||10px||true|false\u00a0\u00bb border_width_all=\u00a0\u00bb1px\u00a0\u00bb border_color_all=\u00a0\u00bb#d8d8d8&Prime; global_colors_info=\u00a0\u00bb{}\u00a0\u00bb]<\/p>\n<p>[lmt-post-modified-info]<\/p>\n<p>[\/et_pb_text][\/et_pb_column][\/et_pb_row][\/et_pb_section]<\/p>\n","protected":false},"excerpt":{"rendered":"<p>Jean-Luc Tartera Jean-Luc TARTERA est coach professionnel certifi\u00e9 (Coach &amp; Team, Transformance), administrateur de production, ing\u00e9nieur informaticien et formateur. Dipl\u00f4m\u00e9 en 2010 du Master Management des Organisations Culturelles de Paris Dauphine, Jean-Luc TARTERA\u00a0pilote pendant plus de dix ans les projets de diff\u00e9rentes compagnies de th\u00e9\u00e2tre, notamment\u00a0Les Com\u00e9diens voyageurs, dirig\u00e9e par\u00a0Marcel Bozonnet,\u00a0La Compagnie Sandrine Anglade, le\u00a0Th\u00e9\u00e2tre [&hellip;]<\/p>\n","protected":false},"author":1,"featured_media":0,"parent":0,"menu_order":0,"comment_status":"closed","ping_status":"closed","template":"","meta":{"_et_pb_use_builder":"on","_et_pb_old_content":"","_et_gb_content_width":"","footnotes":""},"class_list":["post-8372","page","type-page","status-publish","hentry"],"_links":{"self":[{"href":"https:\/\/wptestkevin.ovh\/.Dev\/wp-json\/wp\/v2\/pages\/8372","targetHints":{"allow":["GET"]}}],"collection":[{"href":"https:\/\/wptestkevin.ovh\/.Dev\/wp-json\/wp\/v2\/pages"}],"about":[{"href":"https:\/\/wptestkevin.ovh\/.Dev\/wp-json\/wp\/v2\/types\/page"}],"author":[{"embeddable":true,"href":"https:\/\/wptestkevin.ovh\/.Dev\/wp-json\/wp\/v2\/users\/1"}],"replies":[{"embeddable":true,"href":"https:\/\/wptestkevin.ovh\/.Dev\/wp-json\/wp\/v2\/comments?post=8372"}],"version-history":[{"count":4,"href":"https:\/\/wptestkevin.ovh\/.Dev\/wp-json\/wp\/v2\/pages\/8372\/revisions"}],"predecessor-version":[{"id":8379,"href":"https:\/\/wptestkevin.ovh\/.Dev\/wp-json\/wp\/v2\/pages\/8372\/revisions\/8379"}],"wp:attachment":[{"href":"https:\/\/wptestkevin.ovh\/.Dev\/wp-json\/wp\/v2\/media?parent=8372"}],"curies":[{"name":"wp","href":"https:\/\/api.w.org\/{rel}","templated":true}]}}