{"id":8364,"date":"2025-04-01T14:24:33","date_gmt":"2025-04-01T12:24:33","guid":{"rendered":"https:\/\/wptestkevin.ovh\/.Dev\/?page_id=8364"},"modified":"2025-05-07T08:12:59","modified_gmt":"2025-05-07T06:12:59","slug":"nathalie-sultan-4","status":"publish","type":"page","link":"https:\/\/wptestkevin.ovh\/.Dev\/nathalie-sultan-4\/","title":{"rendered":"Nathalie SULTAN"},"content":{"rendered":"<p>[et_pb_section fb_built=\u00a0\u00bb1&Prime; admin_label=\u00a0\u00bbSection\u00a0\u00bb module_id=\u00a0\u00bbadelus\u00a0\u00bb _builder_version=\u00a0\u00bb4.27.4&Prime; _module_preset=\u00a0\u00bbdefault\u00a0\u00bb background_color=\u00a0\u00bb#f1f3f4&Prime; custom_margin=\u00a0\u00bb0px||0px||true|false\u00a0\u00bb custom_padding=\u00a0\u00bb0px||0px||true|false\u00a0\u00bb animation_style=\u00a0\u00bbfade\u00a0\u00bb da_popup_slug=\u00a0\u00bbadelus\u00a0\u00bb da_disable_devices=\u00a0\u00bboff|off|off\u00a0\u00bb global_colors_info=\u00a0\u00bb{}\u00a0\u00bb da_is_popup=\u00a0\u00bboff\u00a0\u00bb da_exit_intent=\u00a0\u00bboff\u00a0\u00bb da_has_close=\u00a0\u00bbon\u00a0\u00bb da_alt_close=\u00a0\u00bboff\u00a0\u00bb da_dark_close=\u00a0\u00bboff\u00a0\u00bb da_not_modal=\u00a0\u00bbon\u00a0\u00bb da_is_singular=\u00a0\u00bboff\u00a0\u00bb da_with_loader=\u00a0\u00bboff\u00a0\u00bb da_has_shadow=\u00a0\u00bbon\u00a0\u00bb][et_pb_row custom_padding_last_edited=\u00a0\u00bbon|phone\u00a0\u00bb _builder_version=\u00a0\u00bb4.27.4&Prime; _module_preset=\u00a0\u00bbdefault\u00a0\u00bb background_color=\u00a0\u00bb#FFFFFF\u00a0\u00bb width_tablet=\u00a0\u00bb\u00a0\u00bb width_phone=\u00a0\u00bb95%\u00a0\u00bb width_last_edited=\u00a0\u00bbon|phone\u00a0\u00bb custom_padding=\u00a0\u00bb|33px||33px|false|true\u00a0\u00bb custom_padding_tablet=\u00a0\u00bb\u00a0\u00bb custom_padding_phone=\u00a0\u00bb|10px||10px|false|true\u00a0\u00bb global_colors_info=\u00a0\u00bb{}\u00a0\u00bb][et_pb_column type=\u00a0\u00bb4_4&Prime; _builder_version=\u00a0\u00bb4.21.0&Prime; _module_preset=\u00a0\u00bbdefault\u00a0\u00bb global_colors_info=\u00a0\u00bb{}\u00a0\u00bb][et_pb_text _builder_version=\u00a0\u00bb4.21.0&Prime; _module_preset=\u00a0\u00bbdefault\u00a0\u00bb custom_margin=\u00a0\u00bb||10px||false|false\u00a0\u00bb global_colors_info=\u00a0\u00bb{}\u00a0\u00bb]<\/p>\n<h1 class=\"uk-article-title\">Nathalie Sultan<\/h1>\n<p>[\/et_pb_text][et_pb_text _builder_version=\u00a0\u00bb4.27.4&Prime; _module_preset=\u00a0\u00bbdefault\u00a0\u00bb text_orientation=\u00a0\u00bbjustified\u00a0\u00bb hover_enabled=\u00a0\u00bb0&Prime; global_colors_info=\u00a0\u00bb{}\u00a0\u00bb sticky_enabled=\u00a0\u00bb0&Prime;]<\/p>\n<p><img loading=\"lazy\" decoding=\"async\" style=\"font-size: 15px;\" src=\"http:\/\/wptestkevin.ovh\/.Dev\/wp-content\/uploads\/2024\/06\/nathalie-sultan.jpg\" alt=\"nathalie-sultan\" width=\"231\" height=\"166\" \/><\/p>\n<p>Apr\u00e8s des \u00e9tudes en sciences politiques \u00e0 l\u2019<em>IEP Paris<\/em>, <span style=\"color: #2271b1;\"><strong>Nathalie Sultan<\/strong><\/span> choisit de se tourner vers le secteur culturel. En 1991, charg\u00e9e des relations presse et de la coordination g\u00e9n\u00e9rale au <em>Th\u00e9\u00e2tre de la Bastille<\/em>, elle travaille avec <em>Olivier Py, Didier Georges Gabily, Louis Charles Sirjacq, Val\u00e8re Novarina<\/em> et les chor\u00e9graphes, <em>Josef Nadj, Catherine Diverr\u00e8s, Lloyd Newson (DV8), Alain Platel, Philippe Decoufl\u00e9<\/em>.<\/p>\n<p>Secr\u00e9taire G\u00e9n\u00e9rale du <em>Th\u00e9\u00e2tre 71<\/em>, Sc\u00e8ne Nationale de <em>Malakoff<\/em> en 1999, <span style=\"color: #2271b1;\"><strong>Nathalie Sultan<\/strong><\/span>\u00a0anime la communication et les relations publiques, m\u00e8ne des ateliers p\u00e9dagogiques et participe \u00e0 la programmation du th\u00e9\u00e2tre. Elle accueille notamment <em>Wajdi Mouawad, Fran\u00e7ois Morel, Arthur Nauzyciel<\/em> et <em>Vincent Delerm<\/em>. Elle initie le festival de marionnettes <em>MARTO<\/em> qui se d\u00e9roule toujours dans plusieurs villes des <em>Hauts de Seine<\/em>.<\/p>\n<p>En 2001, <em>Bernard Faivre d\u2019Arcier<\/em> lui confie la direction de la communication du <em>Festival d\u2019Avignon<\/em>. <span style=\"color: #2271b1;\"><strong>Nathalie Sultan <\/strong><\/span>y collabore avec de nombreux artistes de la sc\u00e8ne internationale parmi lesquels <em>Pippo Delbono, Krzysztof Warlikowski, Thomas Ostermeier, Eric Lacascade<\/em> et <em>Stanislas Nordey<\/em>. Elle invente de nouveaux outils de communication dont le <em>\u00ab Carnet du spectateur \u00bb<\/em> et organise la venue de 1000 jeunes des quartiers prioritaires dans la <em>Cour d\u2019honneur<\/em> du <em>Palais des Papes<\/em>.<\/p>\n<p>En 2004, <em>Jean-Michel Ribes<\/em> fait appel \u00e0 <span style=\"color: #2271b1;\"><strong>Nathalie Sultan<\/strong><\/span>\u00a0pour la r\u00e9-ouverture du <em>Th\u00e9\u00e2tre du Rond Point<\/em>. <em>Directrice de la Communication<\/em>, elle con\u00e7oit l\u2019identit\u00e9 graphique du th\u00e9\u00e2tre avec <em>Xavier Barral\/Atalante<\/em> et l\u2019illustrateur <em>St\u00e9phane Trapier<\/em>. Elle y retrouve <em>Olivier Py, Fran\u00e7ois Morel, Pippo Delbono. Nathalie Baye, Daniel Pennac, Claude Brasseur<\/em> ou <em>Roger Planchon<\/em>. De 2004 \u00e0 2015, <span style=\"color: #2271b1;\"><strong>Nathalie Sultan<\/strong><\/span>\u00a0a pr\u00e9sid\u00e9 le Conseil d\u2019Administration de la <em>Compagnie Fran\u00e7aise<\/em> dirig\u00e9e par <em>Wajdi Mouawad<\/em>.<\/p>\n<p>En 2009, <span style=\"color: #2271b1;\"><strong>Nathalie Sultan<\/strong><\/span>\u00a0devient <em>Secr\u00e9taire G\u00e9n\u00e9rale du Conseil de la Cr\u00e9ation Artistique<\/em>, plac\u00e9 aupr\u00e8s du <em>Premier Ministre<\/em> et dirig\u00e9 par le producteur de cin\u00e9ma, <em>Marin Karmitz<\/em>. Au sein de cette cellule d\u2019innovation culturelle, elle initie de nombreux projets dont <em>DEMOS<\/em>, l\u2019orchestre des jeunes des quartiers, port\u00e9 aujourd\u2019hui par la <em>Philharmonie<\/em> de <em>Paris<\/em> et la <em>VOD<\/em> du lyc\u00e9en, plateforme de films de r\u00e9f\u00e9rence en acc\u00e8s libre pour les \u00e9l\u00e8ves pilot\u00e9 par le <em>CNC<\/em>.<\/p>\n<p>En 2012, <span style=\"color: #2271b1;\"><strong>Nathalie Sultan<\/strong><\/span>\u00a0est appel\u00e9e aux c\u00f4t\u00e9s de <em>Jean-Fran\u00e7ois Chougnet<\/em>, <em>Directeur G\u00e9n\u00e9ral de \u00ab Marseille-Provence 2013, Capitale Europ\u00e9enne de la Culture \u00bb<\/em>, pour assurer la communication de cet \u00e9v\u00e9nement qui r\u00e9unit 17 collectivit\u00e9s partenaires et produit 900 manifestations sur le territoire pour 10 millions de visiteurs. <em>MP2013<\/em> a chang\u00e9 la physionomie de <em>Marseille<\/em>, devenue une destination touristique pris\u00e9e, avec le <em>MuCEM<\/em> comme vaisseau amiral.<\/p>\n<p>En 2014, <span style=\"color: #2271b1;\"><strong>Nathalie Sultan<\/strong><\/span>\u00a0devient directrice du d\u00e9veloppement du <em>Mus\u00e9e National de l\u2019Histoire de l\u2019Immigration<\/em>au <em>Palais de la Porte Dor\u00e9e<\/em> \u00e0 <em>Paris<\/em>. Elle r\u00e9organise les \u00e9quipes des relations ext\u00e9rieures et assure la fusion avec celles de l\u2019<em>Aquarium Tropical<\/em> situ\u00e9 dans les sous-sols du b\u00e2timent. Elle organise l\u2019inauguration du Mus\u00e9e par le <em>Pr\u00e9sident de la R\u00e9publique<\/em>, <em>Fran\u00e7ois Hollande<\/em>.<\/p>\n<p>En 2015, <span style=\"color: #2271b1;\"><strong>Nathalie Sultan<\/strong><\/span>\u00a0est nomm\u00e9e <em>Conseill\u00e8re Culture et Communication<\/em> aupr\u00e8s du <em>Premier Ministre<\/em>, <em>Manuel Valls<\/em> puis <em>Bernard Cazeneuve<\/em>. Elle suit l\u2019ensemble des dossiers du <em>Minist\u00e8re de la Culture<\/em> dont la loi <em>Cr\u00e9ation Architecture et Patrimoine<\/em> qui inscrit pour la premi\u00e8re fois dans la loi, la responsabilit\u00e9 culturelle de l\u2019Etat. Sa mission porte \u00e9galement sur les industries culturelles, l\u2019audiovisuel public et les m\u00e9dias.<\/p>\n<p>En avril 2017, <span style=\"color: #2271b1;\"><strong>Nathalie Sultan<\/strong><\/span>\u00a0devient <em>Conseill\u00e8re Culture<\/em> du <em>D\u00e9l\u00e9gu\u00e9 Interminist\u00e9riel \u00e0 la langue fran\u00e7aise pour la Coh\u00e9sion Sociale<\/em>, <em>Thierry Lepaon<\/em>, dont la mission consiste \u00e0 coordonner les politiques publiques en mati\u00e8re de lutte contre l\u2019illettrisme et d\u2019acc\u00e8s \u00e0 la langue fran\u00e7aise.<\/p>\n<p>En 2019, elle est directrice des publics et des partenariats du <em>Pass Culture<\/em>. Promesse de campagne du Pr\u00e9sident Macron, le <em>Pass Culture<\/em> est une application g\u00e9olocalis\u00e9e qui offre aux jeunes de 18 ans 300 euros de biens et services culturels.<\/p>\n<p>En 2022, elle accompagne la candidature de la Ville de Nice au titre de Capitale europ\u00e9enne de la Culture en 2028, puis rejoint l\u2019Inspection g\u00e9n\u00e9rale des affaires culturelles du minist\u00e8re de la Culture.<\/p>\n<p><span style=\"color: #2271b1;\"><strong>Nathalie Sultan<\/strong><\/span> m\u00e8ne \u00e9galement depuis de nombreuses ann\u00e9es des actions de formation pour l\u2019<em>Ecole Nationale Sup\u00e9rieure des Arts et Technique<\/em> du <em>Th\u00e9\u00e2tre \u00e0 Lyon<\/em>, <em>Universit\u00e9 d\u2019Arras<\/em> et plus ponctuellement pour l\u2019<em>Universit\u00e9 d\u2019Avignon<\/em>, <em>IEP<\/em> <em>de Paris<\/em> et <em>AGECIF<\/em>.<\/p>\n<p>[\/et_pb_text][\/et_pb_column][\/et_pb_row][et_pb_row column_structure=\u00a0\u00bb3_5,2_5&Prime; _builder_version=\u00a0\u00bb4.21.0&Prime; _module_preset=\u00a0\u00bbdefault\u00a0\u00bb global_colors_info=\u00a0\u00bb{}\u00a0\u00bb][et_pb_column type=\u00a0\u00bb3_5&Prime; _builder_version=\u00a0\u00bb4.21.0&Prime; _module_preset=\u00a0\u00bbdefault\u00a0\u00bb global_colors_info=\u00a0\u00bb{}\u00a0\u00bb][\/et_pb_column][et_pb_column type=\u00a0\u00bb2_5&Prime; _builder_version=\u00a0\u00bb4.21.0&Prime; _module_preset=\u00a0\u00bbdefault\u00a0\u00bb global_colors_info=\u00a0\u00bb{}\u00a0\u00bb][et_pb_text _builder_version=\u00a0\u00bb4.21.0&Prime; _module_preset=\u00a0\u00bbdefault\u00a0\u00bb text_orientation=\u00a0\u00bbcenter\u00a0\u00bb custom_padding=\u00a0\u00bb10px||10px||true|false\u00a0\u00bb border_width_all=\u00a0\u00bb1px\u00a0\u00bb border_color_all=\u00a0\u00bb#d8d8d8&Prime; global_colors_info=\u00a0\u00bb{}\u00a0\u00bb]<\/p>\n<p>[lmt-post-modified-info]<\/p>\n<p>[\/et_pb_text][\/et_pb_column][\/et_pb_row][\/et_pb_section]<\/p>\n","protected":false},"excerpt":{"rendered":"<p>Nathalie Sultan Apr\u00e8s des \u00e9tudes en sciences politiques \u00e0 l\u2019IEP Paris, Nathalie Sultan choisit de se tourner vers le secteur culturel. En 1991, charg\u00e9e des relations presse et de la coordination g\u00e9n\u00e9rale au Th\u00e9\u00e2tre de la Bastille, elle travaille avec Olivier Py, Didier Georges Gabily, Louis Charles Sirjacq, Val\u00e8re Novarina et les chor\u00e9graphes, Josef Nadj, [&hellip;]<\/p>\n","protected":false},"author":1,"featured_media":0,"parent":0,"menu_order":0,"comment_status":"closed","ping_status":"closed","template":"","meta":{"_et_pb_use_builder":"on","_et_pb_old_content":"","_et_gb_content_width":"","footnotes":""},"class_list":["post-8364","page","type-page","status-publish","hentry"],"_links":{"self":[{"href":"https:\/\/wptestkevin.ovh\/.Dev\/wp-json\/wp\/v2\/pages\/8364","targetHints":{"allow":["GET"]}}],"collection":[{"href":"https:\/\/wptestkevin.ovh\/.Dev\/wp-json\/wp\/v2\/pages"}],"about":[{"href":"https:\/\/wptestkevin.ovh\/.Dev\/wp-json\/wp\/v2\/types\/page"}],"author":[{"embeddable":true,"href":"https:\/\/wptestkevin.ovh\/.Dev\/wp-json\/wp\/v2\/users\/1"}],"replies":[{"embeddable":true,"href":"https:\/\/wptestkevin.ovh\/.Dev\/wp-json\/wp\/v2\/comments?post=8364"}],"version-history":[{"count":5,"href":"https:\/\/wptestkevin.ovh\/.Dev\/wp-json\/wp\/v2\/pages\/8364\/revisions"}],"predecessor-version":[{"id":9248,"href":"https:\/\/wptestkevin.ovh\/.Dev\/wp-json\/wp\/v2\/pages\/8364\/revisions\/9248"}],"wp:attachment":[{"href":"https:\/\/wptestkevin.ovh\/.Dev\/wp-json\/wp\/v2\/media?parent=8364"}],"curies":[{"name":"wp","href":"https:\/\/api.w.org\/{rel}","templated":true}]}}