{"id":8356,"date":"2025-04-01T14:20:55","date_gmt":"2025-04-01T12:20:55","guid":{"rendered":"https:\/\/wptestkevin.ovh\/.Dev\/?page_id=8356"},"modified":"2025-04-01T14:22:38","modified_gmt":"2025-04-01T12:22:38","slug":"philippe-stefanyszyn","status":"publish","type":"page","link":"https:\/\/wptestkevin.ovh\/.Dev\/philippe-stefanyszyn\/","title":{"rendered":"Philippe STEFANYSZYN"},"content":{"rendered":"<p>[et_pb_section fb_built=\u00a0\u00bb1&Prime; admin_label=\u00a0\u00bbSection\u00a0\u00bb module_id=\u00a0\u00bbadelus\u00a0\u00bb _builder_version=\u00a0\u00bb4.27.4&Prime; _module_preset=\u00a0\u00bbdefault\u00a0\u00bb background_color=\u00a0\u00bb#f1f3f4&Prime; custom_margin=\u00a0\u00bb0px||0px||true|false\u00a0\u00bb custom_padding=\u00a0\u00bb0px||0px||true|false\u00a0\u00bb animation_style=\u00a0\u00bbfade\u00a0\u00bb da_popup_slug=\u00a0\u00bbadelus\u00a0\u00bb da_disable_devices=\u00a0\u00bboff|off|off\u00a0\u00bb global_colors_info=\u00a0\u00bb{}\u00a0\u00bb da_is_popup=\u00a0\u00bboff\u00a0\u00bb da_exit_intent=\u00a0\u00bboff\u00a0\u00bb da_has_close=\u00a0\u00bbon\u00a0\u00bb da_alt_close=\u00a0\u00bboff\u00a0\u00bb da_dark_close=\u00a0\u00bboff\u00a0\u00bb da_not_modal=\u00a0\u00bbon\u00a0\u00bb da_is_singular=\u00a0\u00bboff\u00a0\u00bb da_with_loader=\u00a0\u00bboff\u00a0\u00bb da_has_shadow=\u00a0\u00bbon\u00a0\u00bb][et_pb_row custom_padding_last_edited=\u00a0\u00bbon|phone\u00a0\u00bb _builder_version=\u00a0\u00bb4.27.4&Prime; _module_preset=\u00a0\u00bbdefault\u00a0\u00bb background_color=\u00a0\u00bb#FFFFFF\u00a0\u00bb width_tablet=\u00a0\u00bb\u00a0\u00bb width_phone=\u00a0\u00bb95%\u00a0\u00bb width_last_edited=\u00a0\u00bbon|phone\u00a0\u00bb custom_padding=\u00a0\u00bb|33px||33px|false|true\u00a0\u00bb custom_padding_tablet=\u00a0\u00bb\u00a0\u00bb custom_padding_phone=\u00a0\u00bb|10px||10px|false|true\u00a0\u00bb global_colors_info=\u00a0\u00bb{}\u00a0\u00bb][et_pb_column type=\u00a0\u00bb4_4&Prime; _builder_version=\u00a0\u00bb4.21.0&Prime; _module_preset=\u00a0\u00bbdefault\u00a0\u00bb global_colors_info=\u00a0\u00bb{}\u00a0\u00bb][et_pb_text _builder_version=\u00a0\u00bb4.21.0&Prime; _module_preset=\u00a0\u00bbdefault\u00a0\u00bb custom_margin=\u00a0\u00bb||10px||false|false\u00a0\u00bb global_colors_info=\u00a0\u00bb{}\u00a0\u00bb]<\/p>\n<h1 class=\"uk-article-title\">Philippe Stefanyszyn<\/h1>\n<p>[\/et_pb_text][et_pb_text _builder_version=\u00a0\u00bb4.25.2&Prime; _module_preset=\u00a0\u00bbdefault\u00a0\u00bb text_orientation=\u00a0\u00bbjustified\u00a0\u00bb global_colors_info=\u00a0\u00bb{}\u00a0\u00bb]<\/p>\n<div class=\"article-content\">\n<div class=\"article-content\">\n<p><strong><span class=\"Apple-style-span\"><img decoding=\"async\" src=\"http:\/\/wptestkevin.ovh\/.Dev\/wp-content\/uploads\/2024\/06\/P.Stefanyszyn.jpg\" alt=\"p stefanyszyn\" width=\"130\" \/><\/span><\/strong><\/p>\n<p><span style=\"color: #2271b1;\"><strong>Philippe Stefanyszyn<\/strong><\/span> est un sp\u00e9cialiste de la communication visuelle et plus largement de l\u2019ensemble de la cha\u00eene graphique, de l\u2019image fixe et anim\u00e9e. Il dirige actuellement <em>Prisme Graphique<\/em>, plate-forme de communication papier et digitale, int\u00e9grant un studio de cr\u00e9atifs, des formations d\u00e9di\u00e9es aux m\u00e9tiers du graphisme et plusieurs sites de production offset et num\u00e9rique. Dans le cadre de son activit\u00e9 professionnelle, il pilote de nombreux projets de communication pour des annonceurs tr\u00e8s vari\u00e9s.<\/p>\n<p>Il consacre une part de son temps \u00e0 l\u2019<em>AGECIF<\/em> o\u00f9 il anime des formations \u00e0 la fois th\u00e9oriques et pratiques sur le graphisme. Il intervient notamment sur \u00ab Les bases du graphisme \u00bb et sur l\u2019ensemble des modules \u00ab <em>Photoshop<\/em> \u00bb et \u00ab <em>InDesign<\/em> \u00bb de l\u2019AGECIF. Il est \u00e9galement consult\u00e9 par le <em>CFPJ<\/em> pour des sujets connexes.<\/p>\n<p><span style=\"color: #2271b1;\"><strong>Philippe Stefanyszyn<\/strong><\/span> a un parcours et une formation professionnelle atypiques. Apr\u00e8s un <em>DUT Informatique<\/em> \u00e0 l\u2019<em>IUT de PARIS<\/em> et une sp\u00e9cialisation au <em>CNAM<\/em> sur l\u2019architecture et l\u2019int\u00e9gration des syst\u00e8mes et des logiciels, il travaille successivement pour de grande d\u2019entreprise telle que <em>Logitech<\/em> ou <em>Adobe<\/em>. Il se d\u00e9couvre assez rapidement une passion pour le graphisme et la conception d\u2019images de synth\u00e8se avec <em>Autodesk<\/em> et le cin\u00e9ma d\u2019animation. Une rencontre dans le monde de l\u2019\u00e9dition orientera d\u00e9finitivement son parcours. Il rejoint un groupe d\u2019art graphique et int\u00e8gre les arcanes de la communication visuelle et de l\u2019\u00e9dition pour en faire son m\u00e9tier de c\u0153ur. Il ajoute \u00e0 ses comp\u00e9tences une formation sur les fondamentaux du journalisme au <em>CFPJ<\/em>, \u00e9crit quelques articles pour diff\u00e9rents m\u00e9dias, mais se recentre assez vite sur sa passion pour l\u2019image et la communication offrant selon lui plus de perspectives.<\/p>\n<p>Parall\u00e8lement, son int\u00e9r\u00eat pour le 7e art porte <span style=\"color: #2271b1;\"><strong>Philippe Stefanyszyn<\/strong><\/span>\u00a0jusqu\u2019au th\u00e9\u00e2tre et le <em>Cour Florent<\/em> o\u00f9 il apprend \u00e0 dire <em>Racine<\/em> et <em>Moli\u00e8re<\/em>. Mais plus encore que le jeu de l\u2019acteur, c\u2019est l\u2019\u00e9criture cin\u00e9matographique et la r\u00e9alisation qui l\u2019int\u00e9resse. Il apprend le r\u00f4le de la cam\u00e9ra dans la mise en sc\u00e8ne avec l\u2019\u00e9quipe de <em>Cin\u00e9Syst\u00e8me<\/em> et le chef op\u00e9rateur <em>Philippe Coroyer<\/em>. Il compl\u00e8te sa formation par une<em> License de cin\u00e9ma L3<\/em> via l\u2019<em>Universit\u00e9 Paris 1 Panth\u00e9on-Sorbonne<\/em>, s\u2019essaye au court-m\u00e9trage, \u00e9crit des sc\u00e9narios, exp\u00e9rimente diff\u00e9rents genres et en fait le montage. Il a \u00e9galement le statut d\u2019auteur-photographe et travail pour des \u00e9v\u00e8nements op\u00e9rationnels ou institutionnels li\u00e9s \u00e0 son activit\u00e9. Il expose ses travaux photographiques personnels en galerie.<\/p>\n<p><span style=\"color: #2271b1;\"><strong>Philippe Stefanyszyn<\/strong><\/span> cr\u00e9e et dirige successivement <em>EKINOXE<\/em>, plate-forme d\u2019\u00e9dition de journaux, de revues, de communication institutionnelle ou op\u00e9rationnelle jusqu\u2019en 2006. Il cr\u00e9e <em>PRISME GRAPHIQUE<\/em> en 2009, agence sp\u00e9cialis\u00e9e en communication papier et digitale, positionnement et strat\u00e9gie de marque, vid\u00e9o, \u00e9dition, web. Il partage simultan\u00e9ment l\u2019activit\u00e9 de l\u2019agence 1000 ans communication sur les m\u00eames sujets.<\/p>\n<\/div>\n<\/div>\n<p>[\/et_pb_text][\/et_pb_column][\/et_pb_row][et_pb_row column_structure=\u00a0\u00bb3_5,2_5&Prime; _builder_version=\u00a0\u00bb4.21.0&Prime; _module_preset=\u00a0\u00bbdefault\u00a0\u00bb global_colors_info=\u00a0\u00bb{}\u00a0\u00bb][et_pb_column type=\u00a0\u00bb3_5&Prime; _builder_version=\u00a0\u00bb4.21.0&Prime; _module_preset=\u00a0\u00bbdefault\u00a0\u00bb global_colors_info=\u00a0\u00bb{}\u00a0\u00bb][\/et_pb_column][et_pb_column type=\u00a0\u00bb2_5&Prime; _builder_version=\u00a0\u00bb4.21.0&Prime; _module_preset=\u00a0\u00bbdefault\u00a0\u00bb global_colors_info=\u00a0\u00bb{}\u00a0\u00bb][et_pb_text _builder_version=\u00a0\u00bb4.21.0&Prime; _module_preset=\u00a0\u00bbdefault\u00a0\u00bb text_orientation=\u00a0\u00bbcenter\u00a0\u00bb custom_padding=\u00a0\u00bb10px||10px||true|false\u00a0\u00bb border_width_all=\u00a0\u00bb1px\u00a0\u00bb border_color_all=\u00a0\u00bb#d8d8d8&Prime; global_colors_info=\u00a0\u00bb{}\u00a0\u00bb]<\/p>\n<p>[lmt-post-modified-info]<\/p>\n<p>[\/et_pb_text][\/et_pb_column][\/et_pb_row][\/et_pb_section]<\/p>\n","protected":false},"excerpt":{"rendered":"<p>Philippe Stefanyszyn Philippe Stefanyszyn est un sp\u00e9cialiste de la communication visuelle et plus largement de l\u2019ensemble de la cha\u00eene graphique, de l\u2019image fixe et anim\u00e9e. Il dirige actuellement Prisme Graphique, plate-forme de communication papier et digitale, int\u00e9grant un studio de cr\u00e9atifs, des formations d\u00e9di\u00e9es aux m\u00e9tiers du graphisme et plusieurs sites de production offset et [&hellip;]<\/p>\n","protected":false},"author":1,"featured_media":0,"parent":0,"menu_order":0,"comment_status":"closed","ping_status":"closed","template":"","meta":{"_et_pb_use_builder":"on","_et_pb_old_content":"","_et_gb_content_width":"","footnotes":""},"class_list":["post-8356","page","type-page","status-publish","hentry"],"_links":{"self":[{"href":"https:\/\/wptestkevin.ovh\/.Dev\/wp-json\/wp\/v2\/pages\/8356","targetHints":{"allow":["GET"]}}],"collection":[{"href":"https:\/\/wptestkevin.ovh\/.Dev\/wp-json\/wp\/v2\/pages"}],"about":[{"href":"https:\/\/wptestkevin.ovh\/.Dev\/wp-json\/wp\/v2\/types\/page"}],"author":[{"embeddable":true,"href":"https:\/\/wptestkevin.ovh\/.Dev\/wp-json\/wp\/v2\/users\/1"}],"replies":[{"embeddable":true,"href":"https:\/\/wptestkevin.ovh\/.Dev\/wp-json\/wp\/v2\/comments?post=8356"}],"version-history":[{"count":4,"href":"https:\/\/wptestkevin.ovh\/.Dev\/wp-json\/wp\/v2\/pages\/8356\/revisions"}],"predecessor-version":[{"id":8363,"href":"https:\/\/wptestkevin.ovh\/.Dev\/wp-json\/wp\/v2\/pages\/8356\/revisions\/8363"}],"wp:attachment":[{"href":"https:\/\/wptestkevin.ovh\/.Dev\/wp-json\/wp\/v2\/media?parent=8356"}],"curies":[{"name":"wp","href":"https:\/\/api.w.org\/{rel}","templated":true}]}}