{"id":8348,"date":"2025-04-01T14:17:57","date_gmt":"2025-04-01T12:17:57","guid":{"rendered":"https:\/\/wptestkevin.ovh\/.Dev\/?page_id=8348"},"modified":"2025-05-05T13:14:13","modified_gmt":"2025-05-05T11:14:13","slug":"isabelle-sivan","status":"publish","type":"page","link":"https:\/\/wptestkevin.ovh\/.Dev\/isabelle-sivan\/","title":{"rendered":"Isabelle SIVAN"},"content":{"rendered":"<p>[et_pb_section fb_built=\u00a0\u00bb1&Prime; admin_label=\u00a0\u00bbSection\u00a0\u00bb module_id=\u00a0\u00bbadelus\u00a0\u00bb _builder_version=\u00a0\u00bb4.27.4&Prime; _module_preset=\u00a0\u00bbdefault\u00a0\u00bb background_color=\u00a0\u00bb#f1f3f4&Prime; custom_margin=\u00a0\u00bb0px||0px||true|false\u00a0\u00bb custom_padding=\u00a0\u00bb0px||0px||true|false\u00a0\u00bb animation_style=\u00a0\u00bbfade\u00a0\u00bb da_popup_slug=\u00a0\u00bbadelus\u00a0\u00bb da_disable_devices=\u00a0\u00bboff|off|off\u00a0\u00bb global_colors_info=\u00a0\u00bb{}\u00a0\u00bb da_is_popup=\u00a0\u00bboff\u00a0\u00bb da_exit_intent=\u00a0\u00bboff\u00a0\u00bb da_has_close=\u00a0\u00bbon\u00a0\u00bb da_alt_close=\u00a0\u00bboff\u00a0\u00bb da_dark_close=\u00a0\u00bboff\u00a0\u00bb da_not_modal=\u00a0\u00bbon\u00a0\u00bb da_is_singular=\u00a0\u00bboff\u00a0\u00bb da_with_loader=\u00a0\u00bboff\u00a0\u00bb da_has_shadow=\u00a0\u00bbon\u00a0\u00bb][et_pb_row custom_padding_last_edited=\u00a0\u00bbon|phone\u00a0\u00bb _builder_version=\u00a0\u00bb4.27.4&Prime; _module_preset=\u00a0\u00bbdefault\u00a0\u00bb background_color=\u00a0\u00bb#FFFFFF\u00a0\u00bb width_tablet=\u00a0\u00bb\u00a0\u00bb width_phone=\u00a0\u00bb95%\u00a0\u00bb width_last_edited=\u00a0\u00bbon|phone\u00a0\u00bb custom_padding=\u00a0\u00bb|33px||33px|false|true\u00a0\u00bb custom_padding_tablet=\u00a0\u00bb\u00a0\u00bb custom_padding_phone=\u00a0\u00bb|10px||10px|false|true\u00a0\u00bb global_colors_info=\u00a0\u00bb{}\u00a0\u00bb][et_pb_column type=\u00a0\u00bb4_4&Prime; _builder_version=\u00a0\u00bb4.21.0&Prime; _module_preset=\u00a0\u00bbdefault\u00a0\u00bb global_colors_info=\u00a0\u00bb{}\u00a0\u00bb][et_pb_text _builder_version=\u00a0\u00bb4.21.0&Prime; _module_preset=\u00a0\u00bbdefault\u00a0\u00bb custom_margin=\u00a0\u00bb||10px||false|false\u00a0\u00bb global_colors_info=\u00a0\u00bb{}\u00a0\u00bb]<\/p>\n<h1 class=\"uk-article-title\">Isabelle Sivan<\/h1>\n<p>[\/et_pb_text][et_pb_text _builder_version=\u00a0\u00bb4.27.4&Prime; _module_preset=\u00a0\u00bbdefault\u00a0\u00bb text_orientation=\u00a0\u00bbjustified\u00a0\u00bb hover_enabled=\u00a0\u00bb0&Prime; global_colors_info=\u00a0\u00bb{}\u00a0\u00bb sticky_enabled=\u00a0\u00bb0&Prime;]<\/p>\n<p><img loading=\"lazy\" decoding=\"async\" src=\"http:\/\/wptestkevin.ovh\/.Dev\/wp-content\/uploads\/2025\/04\/isabelle-sivan-Gd.png\" width=\"200\" height=\"233\" \/><\/p>\n<p style=\"text-align: justify;\">Inscrite au barreau de Paris depuis 2009, <span style=\"color: #2271b1;\"><strong>Isabelle Sivan<\/strong><\/span> a d\u00e9velopp\u00e9 son expertise en droit de la propri\u00e9t\u00e9 intellectuelle comme juriste \u00e0 l&rsquo;Institut National de la Propri\u00e9t\u00e9 Industrielle (1997-2001) puis au sein des \u00c9ditions du Seuil comme responsable juridique (2001-2008). Elle intervient aujourd&rsquo;hui en tant que conseil en droit de la propri\u00e9t\u00e9 litt\u00e9raire et artistique et sur le statut social et fiscal des artistes aupr\u00e8s des auteurs de l&rsquo;\u00e9crit, illustrateurs, photographes, graphistes, architectes, artistes plasticiens, r\u00e9alisateurs, sc\u00e9naristes, musiciens et artistes-interpr\u00e8tes.<\/p>\n<p style=\"text-align: justify;\"><span style=\"color: #2271b1;\"><strong>Isabelle Sivan<\/strong><\/span> accompagne les cr\u00e9ateurs d&rsquo;entreprises et les porteurs de projets artistiques et culturels quant \u00e0 la protection de leur cr\u00e9ation, leur identit\u00e9 commerciale, leur marque, au choix de l&rsquo;entit\u00e9 juridique qui h\u00e9bergera leur projet et valide leurs initiatives sur le plan juridique sous la forme d&rsquo;audit de propri\u00e9t\u00e9 intellectuelle.<\/p>\n<p style=\"text-align: justify;\">En 2012, <span style=\"color: #2271b1;\"><strong>Isabelle Sivan<\/strong><\/span>\u00a0a effectu\u00e9 la formation \u00e0 la m\u00e9diation inter-entreprises aupr\u00e8s du Centre de M\u00e9diation et d&rsquo;Arbitrage de Paris (CMAP).<\/p>\n<p style=\"text-align: justify;\"><span style=\"color: #2271b1;\"><strong>Isabelle Sivan<\/strong><\/span> participe r\u00e9guli\u00e8rement \u00e0 des colloques dans les secteurs de la culture et \u00e0 de nombreuses formations en droit d&rsquo;auteur, droit \u00e0 l&rsquo;image, droit de la presse et sur le statut social et fiscal de l&rsquo;artiste-auteur.<\/p>\n<p style=\"text-align: justify;\"><span style=\"color: #2271b1;\"><strong>Isabelle Sivan<\/strong><\/span> enseigne le droit d\u2019auteur \u00e0 l\u2019Institut Catholique de Lille en Master Ecritures, Lettres et \u00c9ditions Num\u00e9riques (Master ELEN).<\/p>\n<p style=\"text-align: justify;\">Depuis 2021, <span style=\"color: #2271b1;\"><strong>Isabelle Sivan<\/strong><\/span>\u00a0est administratrice au sein de la Soci\u00e9t\u00e9 des Gens de Lettres (SGDL).<\/p>\n<p style=\"text-align: justify;\">Pianiste classique, passionn\u00e9e de musique, <span style=\"color: #2271b1;\"><strong>Isabelle Sivan<\/strong><\/span>\u00a0est par ailleurs auteure de sc\u00e9narii de bande dessin\u00e9e et de romans.<\/p>\n<p style=\"text-align: justify;\"><span style=\"color: #2271b1;\"><strong>Bibliographie :<\/strong><\/span><br \/>2024 \u00ab\u00a0Deux Soeurs\u00a0\u00bb Bamboo \/ Grand Angle<br \/>2023 \u00ab\u00a0Le soliste \u2013 \u00c9tudes \u00e0 trois voix\u00a0\u00bb Envol \u00c9moi \u00c9ditions<br \/>2020 \u00a0\u00bb Le Voyage d&rsquo;Abel \u00a0\u00bb Bamboo \/ Grand Angle<br \/>2018 \u00a0\u00bb Dankala \u00a0\u00bb Editions Les Amaranthes<\/p>\n<p>[\/et_pb_text][\/et_pb_column][\/et_pb_row][et_pb_row column_structure=\u00a0\u00bb3_5,2_5&Prime; _builder_version=\u00a0\u00bb4.21.0&Prime; _module_preset=\u00a0\u00bbdefault\u00a0\u00bb global_colors_info=\u00a0\u00bb{}\u00a0\u00bb][et_pb_column type=\u00a0\u00bb3_5&Prime; _builder_version=\u00a0\u00bb4.21.0&Prime; _module_preset=\u00a0\u00bbdefault\u00a0\u00bb global_colors_info=\u00a0\u00bb{}\u00a0\u00bb][\/et_pb_column][et_pb_column type=\u00a0\u00bb2_5&Prime; _builder_version=\u00a0\u00bb4.21.0&Prime; _module_preset=\u00a0\u00bbdefault\u00a0\u00bb global_colors_info=\u00a0\u00bb{}\u00a0\u00bb][et_pb_text _builder_version=\u00a0\u00bb4.21.0&Prime; _module_preset=\u00a0\u00bbdefault\u00a0\u00bb text_orientation=\u00a0\u00bbcenter\u00a0\u00bb custom_padding=\u00a0\u00bb10px||10px||true|false\u00a0\u00bb border_width_all=\u00a0\u00bb1px\u00a0\u00bb border_color_all=\u00a0\u00bb#d8d8d8&Prime; global_colors_info=\u00a0\u00bb{}\u00a0\u00bb]<\/p>\n<p>[lmt-post-modified-info]<\/p>\n<p>[\/et_pb_text][\/et_pb_column][\/et_pb_row][\/et_pb_section]<\/p>\n","protected":false},"excerpt":{"rendered":"<p>Isabelle Sivan Inscrite au barreau de Paris depuis 2009, Isabelle Sivan a d\u00e9velopp\u00e9 son expertise en droit de la propri\u00e9t\u00e9 intellectuelle comme juriste \u00e0 l&rsquo;Institut National de la Propri\u00e9t\u00e9 Industrielle (1997-2001) puis au sein des \u00c9ditions du Seuil comme responsable juridique (2001-2008). Elle intervient aujourd&rsquo;hui en tant que conseil en droit de la propri\u00e9t\u00e9 litt\u00e9raire [&hellip;]<\/p>\n","protected":false},"author":1,"featured_media":0,"parent":0,"menu_order":0,"comment_status":"closed","ping_status":"closed","template":"","meta":{"_et_pb_use_builder":"on","_et_pb_old_content":"","_et_gb_content_width":"","footnotes":""},"class_list":["post-8348","page","type-page","status-publish","hentry"],"_links":{"self":[{"href":"https:\/\/wptestkevin.ovh\/.Dev\/wp-json\/wp\/v2\/pages\/8348","targetHints":{"allow":["GET"]}}],"collection":[{"href":"https:\/\/wptestkevin.ovh\/.Dev\/wp-json\/wp\/v2\/pages"}],"about":[{"href":"https:\/\/wptestkevin.ovh\/.Dev\/wp-json\/wp\/v2\/types\/page"}],"author":[{"embeddable":true,"href":"https:\/\/wptestkevin.ovh\/.Dev\/wp-json\/wp\/v2\/users\/1"}],"replies":[{"embeddable":true,"href":"https:\/\/wptestkevin.ovh\/.Dev\/wp-json\/wp\/v2\/comments?post=8348"}],"version-history":[{"count":6,"href":"https:\/\/wptestkevin.ovh\/.Dev\/wp-json\/wp\/v2\/pages\/8348\/revisions"}],"predecessor-version":[{"id":9223,"href":"https:\/\/wptestkevin.ovh\/.Dev\/wp-json\/wp\/v2\/pages\/8348\/revisions\/9223"}],"wp:attachment":[{"href":"https:\/\/wptestkevin.ovh\/.Dev\/wp-json\/wp\/v2\/media?parent=8348"}],"curies":[{"name":"wp","href":"https:\/\/api.w.org\/{rel}","templated":true}]}}