{"id":8331,"date":"2025-04-01T14:06:11","date_gmt":"2025-04-01T12:06:11","guid":{"rendered":"https:\/\/wptestkevin.ovh\/.Dev\/?page_id=8331"},"modified":"2025-04-01T14:07:30","modified_gmt":"2025-04-01T12:07:30","slug":"pauline-roth","status":"publish","type":"page","link":"https:\/\/wptestkevin.ovh\/.Dev\/pauline-roth\/","title":{"rendered":"Pauline ROTH"},"content":{"rendered":"<p>[et_pb_section fb_built=\u00a0\u00bb1&Prime; admin_label=\u00a0\u00bbSection\u00a0\u00bb module_id=\u00a0\u00bbadelus\u00a0\u00bb _builder_version=\u00a0\u00bb4.27.4&Prime; _module_preset=\u00a0\u00bbdefault\u00a0\u00bb background_color=\u00a0\u00bb#f1f3f4&Prime; custom_margin=\u00a0\u00bb0px||0px||true|false\u00a0\u00bb custom_padding=\u00a0\u00bb0px||0px||true|false\u00a0\u00bb animation_style=\u00a0\u00bbfade\u00a0\u00bb da_popup_slug=\u00a0\u00bbadelus\u00a0\u00bb da_disable_devices=\u00a0\u00bboff|off|off\u00a0\u00bb global_colors_info=\u00a0\u00bb{}\u00a0\u00bb da_is_popup=\u00a0\u00bboff\u00a0\u00bb da_exit_intent=\u00a0\u00bboff\u00a0\u00bb da_has_close=\u00a0\u00bbon\u00a0\u00bb da_alt_close=\u00a0\u00bboff\u00a0\u00bb da_dark_close=\u00a0\u00bboff\u00a0\u00bb da_not_modal=\u00a0\u00bbon\u00a0\u00bb da_is_singular=\u00a0\u00bboff\u00a0\u00bb da_with_loader=\u00a0\u00bboff\u00a0\u00bb da_has_shadow=\u00a0\u00bbon\u00a0\u00bb][et_pb_row custom_padding_last_edited=\u00a0\u00bbon|phone\u00a0\u00bb _builder_version=\u00a0\u00bb4.27.4&Prime; _module_preset=\u00a0\u00bbdefault\u00a0\u00bb background_color=\u00a0\u00bb#FFFFFF\u00a0\u00bb width_tablet=\u00a0\u00bb\u00a0\u00bb width_phone=\u00a0\u00bb95%\u00a0\u00bb width_last_edited=\u00a0\u00bbon|phone\u00a0\u00bb custom_padding=\u00a0\u00bb|33px||33px|false|true\u00a0\u00bb custom_padding_tablet=\u00a0\u00bb\u00a0\u00bb custom_padding_phone=\u00a0\u00bb|10px||10px|false|true\u00a0\u00bb global_colors_info=\u00a0\u00bb{}\u00a0\u00bb][et_pb_column type=\u00a0\u00bb4_4&Prime; _builder_version=\u00a0\u00bb4.21.0&Prime; _module_preset=\u00a0\u00bbdefault\u00a0\u00bb global_colors_info=\u00a0\u00bb{}\u00a0\u00bb][et_pb_text _builder_version=\u00a0\u00bb4.21.0&Prime; _module_preset=\u00a0\u00bbdefault\u00a0\u00bb custom_margin=\u00a0\u00bb||10px||false|false\u00a0\u00bb global_colors_info=\u00a0\u00bb{}\u00a0\u00bb]<\/p>\n<h1 class=\"uk-article-title\">Pauline Roth<\/h1>\n<p>[\/et_pb_text][et_pb_text _builder_version=\u00a0\u00bb4.25.2&Prime; _module_preset=\u00a0\u00bbdefault\u00a0\u00bb text_orientation=\u00a0\u00bbjustified\u00a0\u00bb global_colors_info=\u00a0\u00bb{}\u00a0\u00bb]<\/p>\n<p style=\"text-align: justify;\"><img loading=\"lazy\" decoding=\"async\" class=\"wp-image-5335 alignnone size-full\" src=\"http:\/\/wptestkevin.ovh\/.Dev\/wp-content\/uploads\/2024\/11\/P.roth_.jpg\" alt=\"\" width=\"200\" height=\"200\" \/><\/p>\n<p style=\"text-align: justify;\">Juriste en droit de la propri\u00e9t\u00e9 intellectuelle, <strong><span style=\"color: #2271b1;\">Pauline Roth<\/span><\/strong> s\u2019int\u00e9resse particuli\u00e8rement aux probl\u00e9matiques de droit de la propri\u00e9t\u00e9 litt\u00e9raire et artistique, de droit des contrats et de droit social appliqu\u00e9es aux personnes physiques et morales.<\/p>\n<p style=\"text-align: justify;\">Apr\u00e8s une licence en droit priv\u00e9, un <em>Master 1 en droit de la propri\u00e9t\u00e9 intellectuelle<\/em> et un <em>Master 2 en droit de la cr\u00e9ation et du num\u00e9rique<\/em> au sein de l\u2019<em>Universit\u00e9 Paris-Saclay<\/em>, <strong><span style=\"color: #2271b1;\">Pauline Roth <\/span><\/strong>effectue deux stages au sein de la <em>SACEM<\/em> o\u00f9 elle se familiarise avec le fonctionnement de ce grand organisme de gestion collective des droits d\u2019auteur.<\/p>\n<p style=\"text-align: justify;\"><strong><span style=\"color: #2271b1;\">Pauline Roth<\/span> <\/strong>s\u2019investit dans le secteur associatif, notamment en dispensant plusieurs formations sur\u00a0les fondamentaux du droit de la propri\u00e9t\u00e9 litt\u00e9raire et artistique \u00e0 destination d\u2019artistes ou de structures de production phonographique.<\/p>\n<p style=\"text-align: justify;\">Depuis trois ans, <strong><span style=\"color: #2271b1;\">Pauline Roth<\/span><\/strong>\u00a0travaille pour le cabinet de <em>Ma\u00eetre Jean Vincent<\/em>, conseil de nombreux artistes et entreprises culturelles. A ses c\u00f4t\u00e9s, elle pratique la mati\u00e8re contractuelle et pr\u00e9contentieuse dans les domaines du spectacle vivant, de la production phonographique, des arts plastiques, de l&rsquo;\u00e9dition et de l&rsquo;audiovisuel.<\/p>\n<p style=\"text-align: justify;\">En parall\u00e8le de cette riche collaboration, <strong><span style=\"color: #2271b1;\">Pauline Roth<\/span><\/strong>\u00a0obtient en 2023 l\u2019examen d\u2019acc\u00e8s au <em>Centre R\u00e9gional de Formation Professionnelle d\u2019Avocats (CRFPA)<\/em>. Elle effectue, depuis, sa formation au sein de la <em>Haute \u00c9cole des Avocats Conseils (HEDAC)<\/em>.<\/p>\n<p style=\"text-align: justify;\">Elle pr\u00eatera serment en 2025, et succ\u00e8dera \u00e0 <em>Ma\u00eetre Jean Vincent<\/em> dans son activit\u00e9 d\u2019avocat et de formateur.<\/p>\n<p>[\/et_pb_text][\/et_pb_column][\/et_pb_row][et_pb_row column_structure=\u00a0\u00bb3_5,2_5&Prime; _builder_version=\u00a0\u00bb4.21.0&Prime; _module_preset=\u00a0\u00bbdefault\u00a0\u00bb global_colors_info=\u00a0\u00bb{}\u00a0\u00bb][et_pb_column type=\u00a0\u00bb3_5&Prime; _builder_version=\u00a0\u00bb4.21.0&Prime; _module_preset=\u00a0\u00bbdefault\u00a0\u00bb global_colors_info=\u00a0\u00bb{}\u00a0\u00bb][\/et_pb_column][et_pb_column type=\u00a0\u00bb2_5&Prime; _builder_version=\u00a0\u00bb4.21.0&Prime; _module_preset=\u00a0\u00bbdefault\u00a0\u00bb global_colors_info=\u00a0\u00bb{}\u00a0\u00bb][et_pb_text _builder_version=\u00a0\u00bb4.21.0&Prime; _module_preset=\u00a0\u00bbdefault\u00a0\u00bb text_orientation=\u00a0\u00bbcenter\u00a0\u00bb custom_padding=\u00a0\u00bb10px||10px||true|false\u00a0\u00bb border_width_all=\u00a0\u00bb1px\u00a0\u00bb border_color_all=\u00a0\u00bb#d8d8d8&Prime; global_colors_info=\u00a0\u00bb{}\u00a0\u00bb]<\/p>\n<p>[lmt-post-modified-info]<\/p>\n<p>[\/et_pb_text][\/et_pb_column][\/et_pb_row][\/et_pb_section]<\/p>\n","protected":false},"excerpt":{"rendered":"<p>Pauline Roth Juriste en droit de la propri\u00e9t\u00e9 intellectuelle, Pauline Roth s\u2019int\u00e9resse particuli\u00e8rement aux probl\u00e9matiques de droit de la propri\u00e9t\u00e9 litt\u00e9raire et artistique, de droit des contrats et de droit social appliqu\u00e9es aux personnes physiques et morales. Apr\u00e8s une licence en droit priv\u00e9, un Master 1 en droit de la propri\u00e9t\u00e9 intellectuelle et un Master [&hellip;]<\/p>\n","protected":false},"author":1,"featured_media":0,"parent":0,"menu_order":0,"comment_status":"closed","ping_status":"closed","template":"","meta":{"_et_pb_use_builder":"on","_et_pb_old_content":"","_et_gb_content_width":"","footnotes":""},"class_list":["post-8331","page","type-page","status-publish","hentry"],"_links":{"self":[{"href":"https:\/\/wptestkevin.ovh\/.Dev\/wp-json\/wp\/v2\/pages\/8331","targetHints":{"allow":["GET"]}}],"collection":[{"href":"https:\/\/wptestkevin.ovh\/.Dev\/wp-json\/wp\/v2\/pages"}],"about":[{"href":"https:\/\/wptestkevin.ovh\/.Dev\/wp-json\/wp\/v2\/types\/page"}],"author":[{"embeddable":true,"href":"https:\/\/wptestkevin.ovh\/.Dev\/wp-json\/wp\/v2\/users\/1"}],"replies":[{"embeddable":true,"href":"https:\/\/wptestkevin.ovh\/.Dev\/wp-json\/wp\/v2\/comments?post=8331"}],"version-history":[{"count":4,"href":"https:\/\/wptestkevin.ovh\/.Dev\/wp-json\/wp\/v2\/pages\/8331\/revisions"}],"predecessor-version":[{"id":8338,"href":"https:\/\/wptestkevin.ovh\/.Dev\/wp-json\/wp\/v2\/pages\/8331\/revisions\/8338"}],"wp:attachment":[{"href":"https:\/\/wptestkevin.ovh\/.Dev\/wp-json\/wp\/v2\/media?parent=8331"}],"curies":[{"name":"wp","href":"https:\/\/api.w.org\/{rel}","templated":true}]}}