{"id":8315,"date":"2025-04-01T13:54:06","date_gmt":"2025-04-01T11:54:06","guid":{"rendered":"https:\/\/wptestkevin.ovh\/.Dev\/?page_id=8315"},"modified":"2025-04-01T13:56:12","modified_gmt":"2025-04-01T11:56:12","slug":"pauline-rochart","status":"publish","type":"page","link":"https:\/\/wptestkevin.ovh\/.Dev\/pauline-rochart\/","title":{"rendered":"Pauline ROCHART"},"content":{"rendered":"<p>[et_pb_section fb_built=\u00a0\u00bb1&Prime; admin_label=\u00a0\u00bbSection\u00a0\u00bb module_id=\u00a0\u00bbadelus\u00a0\u00bb _builder_version=\u00a0\u00bb4.27.4&Prime; _module_preset=\u00a0\u00bbdefault\u00a0\u00bb background_color=\u00a0\u00bb#f1f3f4&Prime; custom_margin=\u00a0\u00bb0px||0px||true|false\u00a0\u00bb custom_padding=\u00a0\u00bb0px||0px||true|false\u00a0\u00bb animation_style=\u00a0\u00bbfade\u00a0\u00bb da_popup_slug=\u00a0\u00bbadelus\u00a0\u00bb da_disable_devices=\u00a0\u00bboff|off|off\u00a0\u00bb global_colors_info=\u00a0\u00bb{}\u00a0\u00bb da_is_popup=\u00a0\u00bboff\u00a0\u00bb da_exit_intent=\u00a0\u00bboff\u00a0\u00bb da_has_close=\u00a0\u00bbon\u00a0\u00bb da_alt_close=\u00a0\u00bboff\u00a0\u00bb da_dark_close=\u00a0\u00bboff\u00a0\u00bb da_not_modal=\u00a0\u00bbon\u00a0\u00bb da_is_singular=\u00a0\u00bboff\u00a0\u00bb da_with_loader=\u00a0\u00bboff\u00a0\u00bb da_has_shadow=\u00a0\u00bbon\u00a0\u00bb][et_pb_row custom_padding_last_edited=\u00a0\u00bbon|phone\u00a0\u00bb _builder_version=\u00a0\u00bb4.27.4&Prime; _module_preset=\u00a0\u00bbdefault\u00a0\u00bb background_color=\u00a0\u00bb#FFFFFF\u00a0\u00bb width_tablet=\u00a0\u00bb\u00a0\u00bb width_phone=\u00a0\u00bb95%\u00a0\u00bb width_last_edited=\u00a0\u00bbon|phone\u00a0\u00bb custom_padding=\u00a0\u00bb|33px||33px|false|true\u00a0\u00bb custom_padding_tablet=\u00a0\u00bb\u00a0\u00bb custom_padding_phone=\u00a0\u00bb|10px||10px|false|true\u00a0\u00bb global_colors_info=\u00a0\u00bb{}\u00a0\u00bb][et_pb_column type=\u00a0\u00bb4_4&Prime; _builder_version=\u00a0\u00bb4.21.0&Prime; _module_preset=\u00a0\u00bbdefault\u00a0\u00bb global_colors_info=\u00a0\u00bb{}\u00a0\u00bb][et_pb_text _builder_version=\u00a0\u00bb4.21.0&Prime; _module_preset=\u00a0\u00bbdefault\u00a0\u00bb custom_margin=\u00a0\u00bb||10px||false|false\u00a0\u00bb global_colors_info=\u00a0\u00bb{}\u00a0\u00bb]<\/p>\n<h1><a href=\"https:\/\/wptestkevin.ovh\/.Dev\/les-formatrices-et-les-formateurs\/#rochart\" data-trigger-click=\"rochart\">Pauline ROCHART<\/a><\/h1>\n<p>[\/et_pb_text][et_pb_text _builder_version=\u00a0\u00bb4.25.2&Prime; _module_preset=\u00a0\u00bbdefault\u00a0\u00bb text_orientation=\u00a0\u00bbjustified\u00a0\u00bb global_colors_info=\u00a0\u00bb{}\u00a0\u00bb]<\/p>\n<p><img loading=\"lazy\" decoding=\"async\" src=\"http:\/\/wptestkevin.ovh\/.Dev\/wp-content\/uploads\/2024\/06\/p.rochart-3.jpg\" alt=\"pauline-rochart\" width=\"200\" height=\"231\" \/><\/p>\n<p style=\"text-align: justify;\">Consultante ind\u00e9pendante, <span style=\"color: #2271b1;\"><strong>Pauline Rochart<\/strong><\/span> s&rsquo;int\u00e9resse aux mutations du travail et au futur des organisations. Sp\u00e9cialiste des enjeux sociaux et RH li\u00e9s \u00e0 l\u2019\u00e9galit\u00e9 femmes-hommes, elle anime pour l\u2019AGECIF des formations de pr\u00e9vention des violences sexistes et sexuelles au travail et de lutte contre les discriminations.<\/p>\n<p style=\"text-align: justify;\">Apr\u00e8s une formation en <em>Hypokh\u00e2gne \/ Kh\u00e2gne BL<\/em> et un <em>Dipl\u00f4me en Management de l\u2019EDHEC Business School (Lille)<\/em>, <span style=\"color: #2271b1;\"><strong>Pauline Rochart<\/strong><\/span>\u00a0commence sa carri\u00e8re dans les services RH du <em>Groupe Danone<\/em>. Elle dirige ensuite une association d\u00e9di\u00e9e \u00e0 l\u2019inclusion des profils litt\u00e9raires en entreprise <em>(Atout Jeunes Universit\u00e9s)<\/em>. L\u2019objectif de l\u2019association est d&rsquo;\u0153uvrer pour une plus grande diversit\u00e9 des recrutements en promouvant les profils issus de l\u2019universit\u00e9 publique.<\/p>\n<p style=\"text-align: justify;\">En parall\u00e8le de cette activit\u00e9, <span style=\"color: #2271b1;\"><strong>Pauline Rochart<\/strong><\/span>\u00a0gagne un concours lanc\u00e9 par le journal <em>Le Monde<\/em> et int\u00e8gre le <em>\u201cMonde Acad\u00e9mie\u201d<\/em> qui forme des jeunes journalistes pendant 1 an.<\/p>\n<p style=\"text-align: justify;\">En 2014, <span style=\"color: #2271b1;\"><strong>Pauline Rochart<\/strong><\/span> int\u00e8gre un cabinet de conseil en management (carewan), o\u00f9 elle passera 6 ans. Form\u00e9e aux pratiques d\u2019intelligence collective, elle accompagne ses clients sur des projets d\u2019innovation sociale et RH : transformation des pratiques manag\u00e9riales, qualit\u00e9 de vie au travail, gouvernance partag\u00e9e, inclusion et diversit\u00e9\u2026 <span style=\"color: #2271b1;\"><strong>Pauline Rochart<\/strong><\/span>\u00a0intervient dans des grandes et moyennes entreprises mais aussi pour des organisations publiques (minist\u00e8res, DRAC, collectivit\u00e9s\u2026).<\/p>\n<p style=\"text-align: justify;\">En 2020, <span style=\"color: #2271b1;\"><strong>Pauline Rochart<\/strong><\/span>\u00a0fonde <a href=\"https:\/\/www.grandplace.net\/\" target=\"_blank\" rel=\"noopener\"><em>Grand\u2019place<\/em><\/a> pour explorer et pr\u00e9parer le monde du travail de demain. Elle intervient sur des projets li\u00e9s au travail hybride, au management inter-g\u00e9n\u00e9rationnel et \u00e0 l\u2019\u00e9galit\u00e9 femmes-hommes. Elle s\u2019appuie sur la recherche en sciences sociales pour concevoir des dispositifs capables de faire dialoguer la sociologie et le monde de l\u2019entreprise.<\/p>\n<p style=\"text-align: justify;\">Experte associ\u00e9e du <a href=\"https:\/\/www.welcometothejungle.com\/fr\/le-lab\" target=\"_blank\" rel=\"noopener\"><em>\u201cLab Welcome to the Jungle\u201d<\/em><\/a>, <span style=\"color: #2271b1;\"><strong>Pauline Rochart<\/strong><\/span>\u00a0contribue r\u00e9guli\u00e8rement \u00e0 des m\u00e9dias en ligne d\u00e9di\u00e9s au futur du travail : <em>Welcome to the Jungle, Usbek &amp; Rica, Philonomist<\/em>. Ses sujets de pr\u00e9dilection sont la situation des femmes au travail et plus globalement la mixit\u00e9 au sein des organisations.<\/p>\n<p>[\/et_pb_text][\/et_pb_column][\/et_pb_row][et_pb_row column_structure=\u00a0\u00bb3_5,2_5&Prime; _builder_version=\u00a0\u00bb4.21.0&Prime; _module_preset=\u00a0\u00bbdefault\u00a0\u00bb global_colors_info=\u00a0\u00bb{}\u00a0\u00bb][et_pb_column type=\u00a0\u00bb3_5&Prime; _builder_version=\u00a0\u00bb4.21.0&Prime; _module_preset=\u00a0\u00bbdefault\u00a0\u00bb global_colors_info=\u00a0\u00bb{}\u00a0\u00bb][\/et_pb_column][et_pb_column type=\u00a0\u00bb2_5&Prime; _builder_version=\u00a0\u00bb4.21.0&Prime; _module_preset=\u00a0\u00bbdefault\u00a0\u00bb global_colors_info=\u00a0\u00bb{}\u00a0\u00bb][et_pb_text _builder_version=\u00a0\u00bb4.21.0&Prime; _module_preset=\u00a0\u00bbdefault\u00a0\u00bb text_orientation=\u00a0\u00bbcenter\u00a0\u00bb custom_padding=\u00a0\u00bb10px||10px||true|false\u00a0\u00bb border_width_all=\u00a0\u00bb1px\u00a0\u00bb border_color_all=\u00a0\u00bb#d8d8d8&Prime; global_colors_info=\u00a0\u00bb{}\u00a0\u00bb]<\/p>\n<p>[lmt-post-modified-info]<\/p>\n<p>[\/et_pb_text][\/et_pb_column][\/et_pb_row][\/et_pb_section]<\/p>\n","protected":false},"excerpt":{"rendered":"<p>Pauline ROCHART Consultante ind\u00e9pendante, Pauline Rochart s&rsquo;int\u00e9resse aux mutations du travail et au futur des organisations. Sp\u00e9cialiste des enjeux sociaux et RH li\u00e9s \u00e0 l\u2019\u00e9galit\u00e9 femmes-hommes, elle anime pour l\u2019AGECIF des formations de pr\u00e9vention des violences sexistes et sexuelles au travail et de lutte contre les discriminations. Apr\u00e8s une formation en Hypokh\u00e2gne \/ Kh\u00e2gne BL [&hellip;]<\/p>\n","protected":false},"author":1,"featured_media":0,"parent":0,"menu_order":0,"comment_status":"closed","ping_status":"closed","template":"","meta":{"_et_pb_use_builder":"on","_et_pb_old_content":"","_et_gb_content_width":"","footnotes":""},"class_list":["post-8315","page","type-page","status-publish","hentry"],"_links":{"self":[{"href":"https:\/\/wptestkevin.ovh\/.Dev\/wp-json\/wp\/v2\/pages\/8315","targetHints":{"allow":["GET"]}}],"collection":[{"href":"https:\/\/wptestkevin.ovh\/.Dev\/wp-json\/wp\/v2\/pages"}],"about":[{"href":"https:\/\/wptestkevin.ovh\/.Dev\/wp-json\/wp\/v2\/types\/page"}],"author":[{"embeddable":true,"href":"https:\/\/wptestkevin.ovh\/.Dev\/wp-json\/wp\/v2\/users\/1"}],"replies":[{"embeddable":true,"href":"https:\/\/wptestkevin.ovh\/.Dev\/wp-json\/wp\/v2\/comments?post=8315"}],"version-history":[{"count":4,"href":"https:\/\/wptestkevin.ovh\/.Dev\/wp-json\/wp\/v2\/pages\/8315\/revisions"}],"predecessor-version":[{"id":8322,"href":"https:\/\/wptestkevin.ovh\/.Dev\/wp-json\/wp\/v2\/pages\/8315\/revisions\/8322"}],"wp:attachment":[{"href":"https:\/\/wptestkevin.ovh\/.Dev\/wp-json\/wp\/v2\/media?parent=8315"}],"curies":[{"name":"wp","href":"https:\/\/api.w.org\/{rel}","templated":true}]}}