{"id":8298,"date":"2025-04-01T13:45:13","date_gmt":"2025-04-01T11:45:13","guid":{"rendered":"https:\/\/wptestkevin.ovh\/.Dev\/?page_id=8298"},"modified":"2025-04-01T13:47:30","modified_gmt":"2025-04-01T11:47:30","slug":"romain-prevalet","status":"publish","type":"page","link":"https:\/\/wptestkevin.ovh\/.Dev\/romain-prevalet\/","title":{"rendered":"Romain PREVALET"},"content":{"rendered":"<p>[et_pb_section fb_built=\u00a0\u00bb1&Prime; admin_label=\u00a0\u00bbSection\u00a0\u00bb module_id=\u00a0\u00bbadelus\u00a0\u00bb _builder_version=\u00a0\u00bb4.27.4&Prime; _module_preset=\u00a0\u00bbdefault\u00a0\u00bb background_color=\u00a0\u00bb#f1f3f4&Prime; custom_margin=\u00a0\u00bb0px||0px||true|false\u00a0\u00bb custom_padding=\u00a0\u00bb0px||0px||true|false\u00a0\u00bb animation_style=\u00a0\u00bbfade\u00a0\u00bb da_popup_slug=\u00a0\u00bbadelus\u00a0\u00bb da_disable_devices=\u00a0\u00bboff|off|off\u00a0\u00bb global_colors_info=\u00a0\u00bb{}\u00a0\u00bb da_is_popup=\u00a0\u00bboff\u00a0\u00bb da_exit_intent=\u00a0\u00bboff\u00a0\u00bb da_has_close=\u00a0\u00bbon\u00a0\u00bb da_alt_close=\u00a0\u00bboff\u00a0\u00bb da_dark_close=\u00a0\u00bboff\u00a0\u00bb da_not_modal=\u00a0\u00bbon\u00a0\u00bb da_is_singular=\u00a0\u00bboff\u00a0\u00bb da_with_loader=\u00a0\u00bboff\u00a0\u00bb da_has_shadow=\u00a0\u00bbon\u00a0\u00bb][et_pb_row custom_padding_last_edited=\u00a0\u00bbon|phone\u00a0\u00bb _builder_version=\u00a0\u00bb4.27.4&Prime; _module_preset=\u00a0\u00bbdefault\u00a0\u00bb background_color=\u00a0\u00bb#FFFFFF\u00a0\u00bb width_tablet=\u00a0\u00bb\u00a0\u00bb width_phone=\u00a0\u00bb95%\u00a0\u00bb width_last_edited=\u00a0\u00bbon|phone\u00a0\u00bb custom_padding=\u00a0\u00bb|33px||33px|false|true\u00a0\u00bb custom_padding_tablet=\u00a0\u00bb\u00a0\u00bb custom_padding_phone=\u00a0\u00bb|10px||10px|false|true\u00a0\u00bb global_colors_info=\u00a0\u00bb{}\u00a0\u00bb][et_pb_column type=\u00a0\u00bb4_4&Prime; _builder_version=\u00a0\u00bb4.21.0&Prime; _module_preset=\u00a0\u00bbdefault\u00a0\u00bb global_colors_info=\u00a0\u00bb{}\u00a0\u00bb][et_pb_text _builder_version=\u00a0\u00bb4.21.0&Prime; _module_preset=\u00a0\u00bbdefault\u00a0\u00bb custom_margin=\u00a0\u00bb||10px||false|false\u00a0\u00bb global_colors_info=\u00a0\u00bb{}\u00a0\u00bb]<\/p>\n<h1 class=\"uk-article-title\">Romain Pr\u00e9valet<\/h1>\n<p>[\/et_pb_text][et_pb_text _builder_version=\u00a0\u00bb4.25.2&Prime; _module_preset=\u00a0\u00bbdefault\u00a0\u00bb text_orientation=\u00a0\u00bbjustified\u00a0\u00bb global_colors_info=\u00a0\u00bb{}\u00a0\u00bb]<\/p>\n<p><img loading=\"lazy\" decoding=\"async\" src=\"http:\/\/wptestkevin.ovh\/.Dev\/wp-content\/uploads\/2024\/06\/r-prevalet.png\" alt=\"r prevalet\" width=\"202\" height=\"233\" \/><\/p>\n<p style=\"text-align: justify;\"><span style=\"color: #2271b1;\"><strong>Romain Pr\u00e9valet<\/strong><\/span> est un sp\u00e9cialiste de la m\u00e9diation culturelle et num\u00e9rique.<\/p>\n<p style=\"text-align: justify;\">Docteur en Arch\u00e9ologie et Sciences de l\u2019Antiquit\u00e9, chercheur au CNRS en anthropologie des savoir-faire et Knowledge Management, <span style=\"color: #2271b1;\"><strong>Romain Pr\u00e9valet<\/strong><\/span>\u00a0travaille sur des programmes de recherche en lien avec la transmission des connaissances et l\u2019apprentissage, l\u2019impact des dispositifs de m\u00e9diation culturelle et num\u00e9rique pour r\u00e9pondre \u00e0 des enjeux d\u2019\u00e9ducation et de sant\u00e9 publique, l\u2019\u00e9volution environnementale et patrimoniale des territoires anthropis\u00e9s\/urbanis\u00e9s.<\/p>\n<p style=\"text-align: justify;\"><span style=\"color: #2271b1;\"><strong>Romain Pr\u00e9valet<\/strong><\/span> est \u00e9galement enseignant et conf\u00e9rencier professionnel dans des universit\u00e9s (Paris Sorbonne, CELSA, Sorbonne Paris Nord) et \u00e9coles (Campus de Versailles, AMA, IDAA, IPAG, EIML) o\u00f9 il intervient sur la place des sciences humaines et sociales dans les projets d\u2019innovation (d\u2019usage ou d\u2019exp\u00e9rience plus particuli\u00e8rement).<\/p>\n<p style=\"text-align: justify;\"><span style=\"color: #2271b1;\"><strong>Romain Pr\u00e9valet<\/strong><\/span> fonde CulturMoov en 2016 et d\u00e9veloppe le premier mus\u00e9e virtuel accessible dans l&rsquo;espace public \u00e0 Paris. Il cr\u00e9e \u00e9galement l&rsquo;application CulturMoov d\u00e9di\u00e9e \u00e0 la valorisation des sites et collections invisibles tels que les objets de r\u00e9serve ou les sites vernaculaires. Depuis, CulturMoov a d\u00e9velopp\u00e9 trois volets d\u2019activit\u00e9s : R&amp;D portant une d\u00e9marche d\u2019innovation sociale et territoriale ; Conseil &amp; Production (des phases d&rsquo;\u00e9tudes et d&rsquo;AMO jusqu&rsquo;\u00e0 la production des dispositifs de m\u00e9diation, programmation, parcours, contenus, multim\u00e9dias, LSF, application de visite, audioguide, visite virtuelle, r\u00e9alit\u00e9 augment\u00e9e, VR, etc.) ; Ev\u00e9nementiel (organisation d\u2019animations et d\u2019\u00e9v\u00e9nements culturels et scientifiques &#8211; conf\u00e9rence, visite guid\u00e9e, cyclotourisme, jeu de piste, s\u00e9minaire, Eductours, etc.).<\/p>\n<p style=\"text-align: justify;\">Il accompagne depuis pr\u00e8s de 10 ans des acteurs publics et des entreprises dans le secteur du tourisme culturel \u00e0 la mise en place de projet de valorisation de la recherche, de programmation culturelle, de dispositifs de m\u00e9diation num\u00e9rique et d\u2019\u00e9v\u00e9nements grand public. Plus r\u00e9cemment, il d\u00e9veloppe la marketplace culturmoov.com d\u00e9di\u00e9e aux visites culturelles en France, en physique, en virtuelle et en streaming. Plus de 400 visites ont \u00e9t\u00e9 cr\u00e9\u00e9es et pr\u00e8s de 10000 visiteurs accueillis.<\/p>\n<p style=\"text-align: justify;\"><span style=\"color: #2271b1;\"><strong>Romain Pr\u00e9valet<\/strong><\/span> est \u00e9galement le co-dirigeant de la soci\u00e9t\u00e9 de production num\u00e9rique Yunow et est responsable scientifique des programmes de l\u2019organisme de formation L\u2019Acad\u00e9mie des M\u00e9tiers d\u2019Art.<\/p>\n<p>[\/et_pb_text][\/et_pb_column][\/et_pb_row][et_pb_row column_structure=\u00a0\u00bb3_5,2_5&Prime; _builder_version=\u00a0\u00bb4.21.0&Prime; _module_preset=\u00a0\u00bbdefault\u00a0\u00bb global_colors_info=\u00a0\u00bb{}\u00a0\u00bb][et_pb_column type=\u00a0\u00bb3_5&Prime; _builder_version=\u00a0\u00bb4.21.0&Prime; _module_preset=\u00a0\u00bbdefault\u00a0\u00bb global_colors_info=\u00a0\u00bb{}\u00a0\u00bb][\/et_pb_column][et_pb_column type=\u00a0\u00bb2_5&Prime; _builder_version=\u00a0\u00bb4.21.0&Prime; _module_preset=\u00a0\u00bbdefault\u00a0\u00bb global_colors_info=\u00a0\u00bb{}\u00a0\u00bb][et_pb_text _builder_version=\u00a0\u00bb4.21.0&Prime; _module_preset=\u00a0\u00bbdefault\u00a0\u00bb text_orientation=\u00a0\u00bbcenter\u00a0\u00bb custom_padding=\u00a0\u00bb10px||10px||true|false\u00a0\u00bb border_width_all=\u00a0\u00bb1px\u00a0\u00bb border_color_all=\u00a0\u00bb#d8d8d8&Prime; global_colors_info=\u00a0\u00bb{}\u00a0\u00bb]<\/p>\n<p>[lmt-post-modified-info]<\/p>\n<p>[\/et_pb_text][\/et_pb_column][\/et_pb_row][\/et_pb_section]<\/p>\n","protected":false},"excerpt":{"rendered":"<p>Romain Pr\u00e9valet Romain Pr\u00e9valet est un sp\u00e9cialiste de la m\u00e9diation culturelle et num\u00e9rique. Docteur en Arch\u00e9ologie et Sciences de l\u2019Antiquit\u00e9, chercheur au CNRS en anthropologie des savoir-faire et Knowledge Management, Romain Pr\u00e9valet\u00a0travaille sur des programmes de recherche en lien avec la transmission des connaissances et l\u2019apprentissage, l\u2019impact des dispositifs de m\u00e9diation culturelle et num\u00e9rique pour [&hellip;]<\/p>\n","protected":false},"author":1,"featured_media":0,"parent":0,"menu_order":0,"comment_status":"closed","ping_status":"closed","template":"","meta":{"_et_pb_use_builder":"on","_et_pb_old_content":"","_et_gb_content_width":"","footnotes":""},"class_list":["post-8298","page","type-page","status-publish","hentry"],"_links":{"self":[{"href":"https:\/\/wptestkevin.ovh\/.Dev\/wp-json\/wp\/v2\/pages\/8298","targetHints":{"allow":["GET"]}}],"collection":[{"href":"https:\/\/wptestkevin.ovh\/.Dev\/wp-json\/wp\/v2\/pages"}],"about":[{"href":"https:\/\/wptestkevin.ovh\/.Dev\/wp-json\/wp\/v2\/types\/page"}],"author":[{"embeddable":true,"href":"https:\/\/wptestkevin.ovh\/.Dev\/wp-json\/wp\/v2\/users\/1"}],"replies":[{"embeddable":true,"href":"https:\/\/wptestkevin.ovh\/.Dev\/wp-json\/wp\/v2\/comments?post=8298"}],"version-history":[{"count":4,"href":"https:\/\/wptestkevin.ovh\/.Dev\/wp-json\/wp\/v2\/pages\/8298\/revisions"}],"predecessor-version":[{"id":8306,"href":"https:\/\/wptestkevin.ovh\/.Dev\/wp-json\/wp\/v2\/pages\/8298\/revisions\/8306"}],"wp:attachment":[{"href":"https:\/\/wptestkevin.ovh\/.Dev\/wp-json\/wp\/v2\/media?parent=8298"}],"curies":[{"name":"wp","href":"https:\/\/api.w.org\/{rel}","templated":true}]}}