{"id":8289,"date":"2025-04-01T13:40:26","date_gmt":"2025-04-01T11:40:26","guid":{"rendered":"https:\/\/wptestkevin.ovh\/.Dev\/?page_id=8289"},"modified":"2025-04-01T13:41:42","modified_gmt":"2025-04-01T11:41:42","slug":"sylvie-pelade","status":"publish","type":"page","link":"https:\/\/wptestkevin.ovh\/.Dev\/sylvie-pelade\/","title":{"rendered":"Sylvie PELADE"},"content":{"rendered":"<p>[et_pb_section fb_built=\u00a0\u00bb1&Prime; admin_label=\u00a0\u00bbSection\u00a0\u00bb module_id=\u00a0\u00bbadelus\u00a0\u00bb _builder_version=\u00a0\u00bb4.27.4&Prime; _module_preset=\u00a0\u00bbdefault\u00a0\u00bb background_color=\u00a0\u00bb#f1f3f4&Prime; custom_margin=\u00a0\u00bb0px||0px||true|false\u00a0\u00bb custom_padding=\u00a0\u00bb0px||0px||true|false\u00a0\u00bb animation_style=\u00a0\u00bbfade\u00a0\u00bb da_popup_slug=\u00a0\u00bbadelus\u00a0\u00bb da_disable_devices=\u00a0\u00bboff|off|off\u00a0\u00bb global_colors_info=\u00a0\u00bb{}\u00a0\u00bb da_is_popup=\u00a0\u00bboff\u00a0\u00bb da_exit_intent=\u00a0\u00bboff\u00a0\u00bb da_has_close=\u00a0\u00bbon\u00a0\u00bb da_alt_close=\u00a0\u00bboff\u00a0\u00bb da_dark_close=\u00a0\u00bboff\u00a0\u00bb da_not_modal=\u00a0\u00bbon\u00a0\u00bb da_is_singular=\u00a0\u00bboff\u00a0\u00bb da_with_loader=\u00a0\u00bboff\u00a0\u00bb da_has_shadow=\u00a0\u00bbon\u00a0\u00bb][et_pb_row custom_padding_last_edited=\u00a0\u00bbon|phone\u00a0\u00bb _builder_version=\u00a0\u00bb4.27.4&Prime; _module_preset=\u00a0\u00bbdefault\u00a0\u00bb background_color=\u00a0\u00bb#FFFFFF\u00a0\u00bb width_tablet=\u00a0\u00bb\u00a0\u00bb width_phone=\u00a0\u00bb95%\u00a0\u00bb width_last_edited=\u00a0\u00bbon|phone\u00a0\u00bb custom_padding=\u00a0\u00bb|33px||33px|false|true\u00a0\u00bb custom_padding_tablet=\u00a0\u00bb\u00a0\u00bb custom_padding_phone=\u00a0\u00bb|10px||10px|false|true\u00a0\u00bb global_colors_info=\u00a0\u00bb{}\u00a0\u00bb][et_pb_column type=\u00a0\u00bb4_4&Prime; _builder_version=\u00a0\u00bb4.21.0&Prime; _module_preset=\u00a0\u00bbdefault\u00a0\u00bb global_colors_info=\u00a0\u00bb{}\u00a0\u00bb][et_pb_text _builder_version=\u00a0\u00bb4.21.0&Prime; _module_preset=\u00a0\u00bbdefault\u00a0\u00bb custom_margin=\u00a0\u00bb||10px||false|false\u00a0\u00bb global_colors_info=\u00a0\u00bb{}\u00a0\u00bb]<\/p>\n<h1 class=\"uk-article-title\">Sylvie Pelade<\/h1>\n<p>[\/et_pb_text][et_pb_text _builder_version=\u00a0\u00bb4.25.2&Prime; _module_preset=\u00a0\u00bbdefault\u00a0\u00bb text_orientation=\u00a0\u00bbjustified\u00a0\u00bb global_colors_info=\u00a0\u00bb{}\u00a0\u00bb]<\/p>\n<p><img loading=\"lazy\" decoding=\"async\" style=\"font-size: 15px;\" src=\"http:\/\/wptestkevin.ovh\/.Dev\/wp-content\/uploads\/2024\/06\/s-pelade.jpg\" alt=\"s-pelade\" width=\"230\" height=\"199\" \/><\/p>\n<p style=\"text-align: justify;\"><span style=\"color: #2271b1;\"><strong>Sylvie Pelade<\/strong><\/span> est dipl\u00f4m\u00e9e de l\u2019\u00e9cole de management <em>NEOMA Business School<\/em> et titulaire d&rsquo;un Master en d\u00e9veloppement culturel et touristique. Elle fait ses premiers pas dans l\u2019organisation de projets culturels comme charg\u00e9e de mission <em>\u201carts de la rue\u201d<\/em> pour la <em>Ville de Cergy<\/em>. A ce titre, elle participe \u00e0 la conception et \u00e0 la mise \u0153uvre des deux premi\u00e8res \u00e9ditions du festival <em>Cergy Soit!<\/em> identifi\u00e9 aujourd\u2019hui comme l\u2019un des \u00e9v\u00e9nements majeurs valorisant les arts de la rue en <em>Ile de France<\/em>.<\/p>\n<p style=\"text-align: justify;\">En 1999 <span style=\"color: #2271b1;\"><strong>Sylvie Pelade<\/strong><\/span>\u00a0s\u2019installe \u00e0 <em>Rome<\/em> et rejoint l\u2019<em>Association des Fran\u00e7ais<\/em> de <em>Rome<\/em> et du <em>Latium<\/em> avec pour mission d\u2019organiser des \u00e9v\u00e9nements interculturels en lien avec l\u2019<em>Ambassade de France<\/em>. Elle pilote en particulier une semaine culturelle fran\u00e7aise \u00e0 l&rsquo;occasion du 14 juillet 2000. Elle est \u00e9galement charg\u00e9e de promotion pour la <em>Chambre de Commerce Franco-Italienne<\/em> o\u00f9 elle organise des \u00e9v\u00e9nements \u00e0 destination des entreprises fran\u00e7aises implant\u00e9es en Italie du Sud.<\/p>\n<p style=\"text-align: justify;\"><span style=\"color: #2271b1;\"><strong>Sylvie Pelade<\/strong><\/span> se sp\u00e9cialise ensuite dans le secteur de la philanthropie et du m\u00e9c\u00e9nat en rejoignant la <em>Fondation de France<\/em>, comme responsable des prix et bourses aux jeunes (2001-2007). Elle con\u00e7oit et instruit des appels \u00e0 projets, organise des jurys et des remises de prix et anime un r\u00e9seau d\u2019anciens laur\u00e9ats pour valoriser des initiatives innovantes dans de nombreux domaines : arts, sciences, environnement, social.<\/p>\n<p style=\"text-align: justify;\">A partir de 2008 et dans un contexte tr\u00e8s favorable au m\u00e9c\u00e9nat suite \u00e0 la loi <em>Aillagon<\/em> de 2003, <span style=\"color: #2271b1;\"><strong>Sylvie Pelade<\/strong><\/span><strong>\u00a0<\/strong>conseille et accompagne les particuliers et les entreprises sur la cr\u00e9ation de fondations dans le champ de l\u2019enseignement sup\u00e9rieur, de la recherche et de la culture (<em>Fondation Jacques Henri-Lartigue, Fondation Olivier Messiaen, Fondation Jean-Luc Lagard\u00e8re<\/em>\u2026).<\/p>\n<p style=\"text-align: justify;\">Apr\u00e8s sa r\u00e9ussite au concours externe d\u2019attach\u00e9e territoriale en 2013, <span style=\"color: #2271b1;\"><strong>Sylvie Pelade<\/strong><\/span>\u00a0int\u00e8gre la commune de <em>Guyancourt (Yvelines)<\/em>, comme <em>Directrice de la Culture et des Sports<\/em>. En lien avec les orientations politiques des \u00e9lus, elle manage et anime une \u00e9quipe de responsables de structures et de services charg\u00e9s de mettre en \u0153uvre et \u00e9valuer les politiques culturelles et sportives. <span style=\"color: #2271b1;\"><strong>Sylvie Pelade<\/strong><\/span>\u00a0pilote en direct plusieurs projets municipaux d\u2019envergure, notamment la cr\u00e9ation d\u2019une \u0153uvre d\u2019art avec des habitants (dispositif Nouveaux commanditaires de la <em>Fondation de France<\/em> 2016-2019), un programme d&rsquo;\u00c9ducation artistique et culturelle \u00e0 <em>Guyancourt<\/em> financ\u00e9 par le D\u00e9partement, la <em>DRAC<\/em> et la R\u00e9gion (2019-2021), un programme local d\u2019actions li\u00e9es \u00e0 la comp\u00e9tition mondiale de golf <em>Ryder Cup 2018<\/em>. Plus r\u00e9cemment, elle a coordonn\u00e9 les trois premi\u00e8res \u00e9ditions de <em>Vive l\u2019\u00e9t\u00e9<\/em> \u00e0 <em>Guyancourt<\/em>, soutenu par la <em>DRAC Ile de France<\/em> dans le cadre de l\u2019<em>Et\u00e9 culturel<\/em>. De 2016 \u00e0 2021, <span style=\"color: #2271b1;\"><strong>Sylvie Pelade<\/strong><\/span>\u00a0a \u00e9galement coordonn\u00e9 chaque ann\u00e9e au mois de mars le <em>Temps des femmes<\/em>, ensemble de manifestations culturelles et d\u2019animations port\u00e9es par les services municipaux et valorisant l\u2019\u00e9galit\u00e9 entre les femmes et les hommes et la lutte contre les st\u00e9r\u00e9otypes. Elle a particip\u00e9 \u00e0 l\u2019\u00e9laboration du dossier pour la signature par la ville en 2021 de la <em>Charte europ\u00e9enne pour l\u2019\u00e9galit\u00e9 des femmes et des hommes dans la vie locale<\/em>.<\/p>\n<p style=\"text-align: justify;\">Enfin, <span style=\"color: #2271b1;\"><strong>Sylvie Pelade<\/strong><\/span> a accompagn\u00e9 deux r\u00e9organisations au sein de sa direction. Outre l\u2019exp\u00e9rience acquise, elle a d\u00e9velopp\u00e9 ses comp\u00e9tences manag\u00e9riales en se formant aux bases de la Communication NonViolente, aux cartes heuristiques et \u00e0 la facilitation des r\u00e9unions en intelligence collective. Elle pr\u00e9pare actuellement une Licence de psychologie du travail avec le CNAM et s&rsquo;est form\u00e9e aux premiers secours en sant\u00e9 mentale (PSSM).<\/p>\n<p style=\"text-align: justify;\"><span style=\"color: #2271b1;\"><strong>Sylvie Pelade<\/strong><\/span> a \u00e9t\u00e9 Vice-Pr\u00e9sidente de 2021 \u00e0 2023 de l\u2019Association des Directeurs et Directrices des Affaires Culturelles d\u2019Ile de France. Elle est actuellement membre de l&rsquo;ACNV &#8211; France (Association pour la Communication NonViolente).<\/p>\n<p style=\"text-align: justify;\">A l&rsquo;AGECIF, <span style=\"color: #2271b1;\"><strong>Sylvie Pelade<\/strong><\/span> anime les formations sur la gestion de projets, l&rsquo;efficacit\u00e9 professionnelle, la pr\u00e9vention des violences et harc\u00e8lement sexistes et sexuels (VHSS) et sur le management de la qualit\u00e9 de vie et des conditions de travail.<\/p>\n<p>[\/et_pb_text][\/et_pb_column][\/et_pb_row][et_pb_row column_structure=\u00a0\u00bb3_5,2_5&Prime; _builder_version=\u00a0\u00bb4.21.0&Prime; _module_preset=\u00a0\u00bbdefault\u00a0\u00bb global_colors_info=\u00a0\u00bb{}\u00a0\u00bb][et_pb_column type=\u00a0\u00bb3_5&Prime; _builder_version=\u00a0\u00bb4.21.0&Prime; _module_preset=\u00a0\u00bbdefault\u00a0\u00bb global_colors_info=\u00a0\u00bb{}\u00a0\u00bb][\/et_pb_column][et_pb_column type=\u00a0\u00bb2_5&Prime; _builder_version=\u00a0\u00bb4.21.0&Prime; _module_preset=\u00a0\u00bbdefault\u00a0\u00bb global_colors_info=\u00a0\u00bb{}\u00a0\u00bb][et_pb_text _builder_version=\u00a0\u00bb4.21.0&Prime; _module_preset=\u00a0\u00bbdefault\u00a0\u00bb text_orientation=\u00a0\u00bbcenter\u00a0\u00bb custom_padding=\u00a0\u00bb10px||10px||true|false\u00a0\u00bb border_width_all=\u00a0\u00bb1px\u00a0\u00bb border_color_all=\u00a0\u00bb#d8d8d8&Prime; global_colors_info=\u00a0\u00bb{}\u00a0\u00bb]<\/p>\n<p>[lmt-post-modified-info]<\/p>\n<p>[\/et_pb_text][\/et_pb_column][\/et_pb_row][\/et_pb_section]<\/p>\n","protected":false},"excerpt":{"rendered":"<p>Sylvie Pelade Sylvie Pelade est dipl\u00f4m\u00e9e de l\u2019\u00e9cole de management NEOMA Business School et titulaire d&rsquo;un Master en d\u00e9veloppement culturel et touristique. Elle fait ses premiers pas dans l\u2019organisation de projets culturels comme charg\u00e9e de mission \u201carts de la rue\u201d pour la Ville de Cergy. A ce titre, elle participe \u00e0 la conception et \u00e0 [&hellip;]<\/p>\n","protected":false},"author":1,"featured_media":0,"parent":0,"menu_order":0,"comment_status":"closed","ping_status":"closed","template":"","meta":{"_et_pb_use_builder":"on","_et_pb_old_content":"","_et_gb_content_width":"","footnotes":""},"class_list":["post-8289","page","type-page","status-publish","hentry"],"_links":{"self":[{"href":"https:\/\/wptestkevin.ovh\/.Dev\/wp-json\/wp\/v2\/pages\/8289","targetHints":{"allow":["GET"]}}],"collection":[{"href":"https:\/\/wptestkevin.ovh\/.Dev\/wp-json\/wp\/v2\/pages"}],"about":[{"href":"https:\/\/wptestkevin.ovh\/.Dev\/wp-json\/wp\/v2\/types\/page"}],"author":[{"embeddable":true,"href":"https:\/\/wptestkevin.ovh\/.Dev\/wp-json\/wp\/v2\/users\/1"}],"replies":[{"embeddable":true,"href":"https:\/\/wptestkevin.ovh\/.Dev\/wp-json\/wp\/v2\/comments?post=8289"}],"version-history":[{"count":4,"href":"https:\/\/wptestkevin.ovh\/.Dev\/wp-json\/wp\/v2\/pages\/8289\/revisions"}],"predecessor-version":[{"id":8297,"href":"https:\/\/wptestkevin.ovh\/.Dev\/wp-json\/wp\/v2\/pages\/8289\/revisions\/8297"}],"wp:attachment":[{"href":"https:\/\/wptestkevin.ovh\/.Dev\/wp-json\/wp\/v2\/media?parent=8289"}],"curies":[{"name":"wp","href":"https:\/\/api.w.org\/{rel}","templated":true}]}}