{"id":8280,"date":"2025-04-01T13:22:20","date_gmt":"2025-04-01T11:22:20","guid":{"rendered":"https:\/\/wptestkevin.ovh\/.Dev\/?page_id=8280"},"modified":"2025-04-01T13:37:48","modified_gmt":"2025-04-01T11:37:48","slug":"anne-laure-pham","status":"publish","type":"page","link":"https:\/\/wptestkevin.ovh\/.Dev\/anne-laure-pham\/","title":{"rendered":"Anne-Laure PHAM"},"content":{"rendered":"<p>[et_pb_section fb_built=\u00a0\u00bb1&Prime; admin_label=\u00a0\u00bbSection\u00a0\u00bb module_id=\u00a0\u00bbadelus\u00a0\u00bb _builder_version=\u00a0\u00bb4.27.4&Prime; _module_preset=\u00a0\u00bbdefault\u00a0\u00bb background_color=\u00a0\u00bb#f1f3f4&Prime; custom_margin=\u00a0\u00bb0px||0px||true|false\u00a0\u00bb custom_padding=\u00a0\u00bb0px||0px||true|false\u00a0\u00bb animation_style=\u00a0\u00bbfade\u00a0\u00bb da_popup_slug=\u00a0\u00bbadelus\u00a0\u00bb da_disable_devices=\u00a0\u00bboff|off|off\u00a0\u00bb global_colors_info=\u00a0\u00bb{}\u00a0\u00bb da_is_popup=\u00a0\u00bboff\u00a0\u00bb da_exit_intent=\u00a0\u00bboff\u00a0\u00bb da_has_close=\u00a0\u00bbon\u00a0\u00bb da_alt_close=\u00a0\u00bboff\u00a0\u00bb da_dark_close=\u00a0\u00bboff\u00a0\u00bb da_not_modal=\u00a0\u00bbon\u00a0\u00bb da_is_singular=\u00a0\u00bboff\u00a0\u00bb da_with_loader=\u00a0\u00bboff\u00a0\u00bb da_has_shadow=\u00a0\u00bbon\u00a0\u00bb][et_pb_row custom_padding_last_edited=\u00a0\u00bbon|phone\u00a0\u00bb _builder_version=\u00a0\u00bb4.27.4&Prime; _module_preset=\u00a0\u00bbdefault\u00a0\u00bb background_color=\u00a0\u00bb#FFFFFF\u00a0\u00bb width_tablet=\u00a0\u00bb\u00a0\u00bb width_phone=\u00a0\u00bb95%\u00a0\u00bb width_last_edited=\u00a0\u00bbon|phone\u00a0\u00bb custom_padding=\u00a0\u00bb|33px||33px|false|true\u00a0\u00bb custom_padding_tablet=\u00a0\u00bb\u00a0\u00bb custom_padding_phone=\u00a0\u00bb|10px||10px|false|true\u00a0\u00bb global_colors_info=\u00a0\u00bb{}\u00a0\u00bb][et_pb_column type=\u00a0\u00bb4_4&Prime; _builder_version=\u00a0\u00bb4.21.0&Prime; _module_preset=\u00a0\u00bbdefault\u00a0\u00bb global_colors_info=\u00a0\u00bb{}\u00a0\u00bb][et_pb_text _builder_version=\u00a0\u00bb4.21.0&Prime; _module_preset=\u00a0\u00bbdefault\u00a0\u00bb custom_margin=\u00a0\u00bb||10px||false|false\u00a0\u00bb global_colors_info=\u00a0\u00bb{}\u00a0\u00bb]<\/p>\n<h1><a href=\"https:\/\/wptestkevin.ovh\/.Dev\/les-formatrices-et-les-formateurs\/#pham\" data-trigger-click=\"pham\">Anne-Laure P<\/a>ham<em><\/em><\/h1>\n<p>[\/et_pb_text][et_pb_text _builder_version=\u00a0\u00bb4.25.2&Prime; _module_preset=\u00a0\u00bbdefault\u00a0\u00bb text_orientation=\u00a0\u00bbjustified\u00a0\u00bb global_colors_info=\u00a0\u00bb{}\u00a0\u00bb]<\/p>\n<p><img loading=\"lazy\" decoding=\"async\" src=\"http:\/\/wptestkevin.ovh\/.Dev\/wp-content\/uploads\/2024\/06\/a-l-pham.jpg\" alt=\"a-l-pham\" width=\"200\" height=\"200\" \/><\/p>\n<p><span style=\"color: #2271b1;\"><strong>Anne-Laure\u00a0<\/strong><b>Pham<\/b><\/span> est form\u00e9e en sciences humaines (psychologie sociale, psychanalyse, p\u00e9dagogie et sociologie des organisations) et aux sciences de la gestion (comptabilit\u00e9, organisation, finances). Son parcours professionnel se d\u00e9roule dans deux domaines compl\u00e9mentaires : Consultante formatrice (15 ans) et Directrice de projets et de structures dans l\u2019\u00e9conomie sociale (25 ans). Elle anime des sessions de formation depuis 1984, con\u00e7oit et pilote des programmes de formation depuis 1989, conduit des coachings depuis 1997. Egalement R\u00e9dactrice, depuis 2013, <span style=\"color: #2271b1;\"><strong>Anne-Laure\u00a0<\/strong><b>Pham<\/b><\/span>\u00a0\u00e9crit, \u00e0 la demande, les biographies d\u2019inconnus.<\/p>\n<p>La premi\u00e8re partie de sa vie professionnelle l\u2019am\u00e8ne \u00e0 diriger des projets et des structures dans l\u2019\u00e9conomie sociale. De 1979 \u00e0 1985, <span style=\"color: #2271b1;\"><strong>Anne-Laure\u00a0<\/strong><b>Pham<\/b><\/span>\u00a0manage le projet de mise en place de <em>Campus XIII<\/em>, double structure associative et service universitaire, ayant en charge l\u2019animation de l\u2019<em>Universit\u00e9 Paris XIII<\/em>. Ensuite, de 1986 \u00e0 1989, <span style=\"color: #2271b1;\"><strong>Anne-Laure\u00a0<\/strong><b>Pham<\/b><\/span>\u00a0dirige la mise en place du projet de la Ville de Paris \u00ab <em>Informatique pour Tous<\/em> \u00bb, projet d\u2019\u00e9ducation aux nouvelles technologies : cr\u00e9ation de 20 ateliers d\u2019informatique, recevant chacun 4 classes par jour sur un programme de 10 s\u00e9ances d\u2019initiation et des particuliers jeunes et adultes en soir\u00e9e et le samedi ; anim\u00e9s par un animateur informaticien.<\/p>\n<p>De 1989 \u00e0 1997, <span style=\"color: #2271b1;\"><strong>Anne-Laure\u00a0<\/strong><b>Pham<\/b><\/span>\u00a0dirige la d\u00e9l\u00e9gation r\u00e9gionale de l\u2019<em>UFCV Cr\u00e9teil<\/em> dont le m\u00e9tier principal est la formation aux activit\u00e9s et aux m\u00e9tiers de l\u2019animation socio-culturelle. Elle devient, en autres, conceptrice et animatrice de formation et rejoint, comme membre expert, les jurys de d\u00e9livrance des dipl\u00f4mes professionnels de l\u2019animation sociale <em>(BEATEP &#8211; DEFA)<\/em>.<\/p>\n<p>De 1997 \u00e0 2003, consultante \u00e0 <em>France T\u00e9l\u00e9com formation<\/em>, elle con\u00e7oit et anime les sessions d\u2019accompagnement du changement et de professionnalisation des managers pour diff\u00e9rentes directions r\u00e9gionales : <em>Rh\u00f4ne-Alpes, Aquitaine et PACA<\/em>. Puis, de 2003 \u00e0 2009, choisie pour diriger la <em>F\u00e9d\u00e9ration fran\u00e7aise des Diab\u00e9tiques<\/em>, alors en pleine r\u00e9organisation, <span style=\"color: #2271b1;\"><strong>Anne-Laure\u00a0<\/strong><b>Pham<\/b><\/span>\u00a0pilote la mutation de la gouvernance et adapte la structure de la <em>FFD<\/em> \u00e0 la nouvelle donne r\u00e8glementaire du syst\u00e8me de sant\u00e9.<\/p>\n<p>Depuis 2009, <span style=\"color: #2271b1;\"><strong>Anne-Laure\u00a0<\/strong><b>Pham<\/b><\/span>, consultante formatrice et coach, con\u00e7oit et anime entre 45 et 60 sessions intra entreprise par an, dans les domaines de la communication \u00e9crite, l\u2019accompagnement du changement et l\u2019efficacit\u00e9 personnelle. Comme animatrice d\u2019ateliers cr\u00e9atifs, elle propose la d\u00e9marche de carnettiste comme support et stimulation de la cr\u00e9ativit\u00e9. En tant que b\u00e9n\u00e9vole, elle est administratrice de l&rsquo;<em>Association Abbaye aux Dames<\/em>, <em>Cit\u00e9 musicale (Festival international de musique baroque et romantique)<\/em> et d\u2019une caisse locale du <em>Cr\u00e9dit Mutuel<\/em>.<\/p>\n<p><span style=\"color: #2271b1;\"><strong>Anne-Laure\u00a0<\/strong><b>Pham<\/b><\/span> est dipl\u00f4m\u00e9e d&rsquo;un <em>DESS<\/em> d&rsquo;accompagnement du changement dans les organisations <em>(INSA Lyon)<\/em>, titulaire du <em>DESJEPS (Dipl\u00f4me d&rsquo;Etat Sup\u00e9rieur de la Jeunesse, de l\u2019Education Populaire et des Sports)<\/em> : mention Dirigeants de l&rsquo;\u00e9conomie sociale ; enfin elle est certifi\u00e9e en coaching et m\u00e9diation singuli\u00e8re <em>(CNAM)<\/em> Elle s&rsquo;\u00e9tait auparavant form\u00e9e en gestion des entreprises et ing\u00e9nierie sociale et p\u00e9dagogique <em>(Universit\u00e9 Paris XIII)<\/em>. Aujourd\u2019hui elle compl\u00e8te sa formation en art-th\u00e9rapie par l\u2019\u00e9criture.<\/p>\n<p>A l&rsquo;AGECIF, depuis 2001, <span style=\"color: #2271b1;\"><strong>Anne-Laure\u00a0<\/strong><b>Pham<\/b><\/span>\u00a0anime les formations :<\/p>\n<p>&#8211; La m\u00e9thode du storytelling<br \/>&#8211; Communication \u00e9crite et r\u00e9daction<br \/>&#8211; Concevoir et animer un atelier d\u2019\u00e9criture<br \/>&#8211; R\u00e9diger et pr\u00e9senter sa biographie professionnelle.<\/p>\n<p><span style=\"color: #2271b1;\"><strong>Parmi ses r\u00e9f\u00e9rences :<\/strong><\/span><\/p>\n<p><strong>Secteur Culture :<\/strong> <em>Minist\u00e8re de la Culture ; Th\u00e9\u00e2tre de Guyane ; Th\u00e9\u00e2tre de N\u00eemes, Abbaye aux Dames, Cit\u00e9 de la Villette, Atelier C\u00e9zario, Orchestre des Champs Elys\u00e9es, Mus\u00e9e d\u2019Orsay, DRAC Hauts de France, DRAC Sud, DRAC Occitanie, Biblioth\u00e8que de Cabris.<\/em><\/p>\n<p><strong>Administrations et Assimil\u00e9s :<\/strong> <em>Minist\u00e8re des Arm\u00e9es, Minist\u00e8re de l\u2019agriculture, Minist\u00e8re de l\u2019Ecologie, Direction G\u00e9n\u00e9rale des Imp\u00f4ts PREFECTURES Paris, R\u00e9gion Ile de France, Finist\u00e8re, Occitanie, Yvelines DRAAF Bretagne, DRAAF Grand Est, DRAAF Limousin, DRAAF Picardie, DRAAF Auvergne DRJSCS Bretagne, \u00cele de France, DRF Hauts de France DIRECCTE Auvergne, DIRECCTE Bretagne.<\/em><\/p>\n<p><strong>Secteur Sant\u00e9 :<\/strong> <em>Clinique du Crois\u00e9 Laroche, Etablissement Fran\u00e7ais du Sang, G\u00e9n\u00e9rale de Sant\u00e9, H\u00f4pital FOCH, CHU Caen.<\/em><\/p>\n<p><strong>Recherche :<\/strong> <em>CNRS Meudon, CNRA Marseille, IRDES, INRIA Lille, INSERM Kremlin-Bic\u00eatre.<\/em><\/p>\n<p><strong>Universit\u00e9s :<\/strong> <em>Bretagne Sud, Lyon 1 et 2, Marne la Vall\u00e9e, Paris Panth\u00e9on Sorbonne, Paris Dauphine, Paris Cergy, Strasbourg, Orl\u00e9ans, UBS Vannes, Rennes 1 et Rennes 2, Tours, UT Compi\u00e8gne, UT Troyes CESI Rouen, CNAM Paris, EHESS Paris, EHESS Poitiers, ENIT Tarbes, ENS Cachan, ENS Lyon, ENSI Caen, INALCO, Telecom Lille 1.<\/em><\/p>\n<p><strong>Centres de formation :<\/strong> <em>AGECIF ; CNFPT ; UFCV-CNFA.<\/em><\/p>\n<p><strong>Autres :<\/strong> <em>OFFICE NATIONAL DES FOR\u00caTS ; POMONA ; YaMaKaDo, Guerlain, AFPA, La Poste, UCANSS, \u2026<\/em><\/p>\n<p><strong>Site de l\u2019intervenant :<\/strong> <a href=\"http:\/\/www.annelaurepham.com\/\" target=\"_blank\" rel=\"noopener\">www.annelaurepham.com<\/a><\/p>\n<p>[\/et_pb_text][\/et_pb_column][\/et_pb_row][et_pb_row column_structure=\u00a0\u00bb3_5,2_5&Prime; _builder_version=\u00a0\u00bb4.21.0&Prime; _module_preset=\u00a0\u00bbdefault\u00a0\u00bb global_colors_info=\u00a0\u00bb{}\u00a0\u00bb][et_pb_column type=\u00a0\u00bb3_5&Prime; _builder_version=\u00a0\u00bb4.21.0&Prime; _module_preset=\u00a0\u00bbdefault\u00a0\u00bb global_colors_info=\u00a0\u00bb{}\u00a0\u00bb][\/et_pb_column][et_pb_column type=\u00a0\u00bb2_5&Prime; _builder_version=\u00a0\u00bb4.21.0&Prime; _module_preset=\u00a0\u00bbdefault\u00a0\u00bb global_colors_info=\u00a0\u00bb{}\u00a0\u00bb][et_pb_text _builder_version=\u00a0\u00bb4.21.0&Prime; _module_preset=\u00a0\u00bbdefault\u00a0\u00bb text_orientation=\u00a0\u00bbcenter\u00a0\u00bb custom_padding=\u00a0\u00bb10px||10px||true|false\u00a0\u00bb border_width_all=\u00a0\u00bb1px\u00a0\u00bb border_color_all=\u00a0\u00bb#d8d8d8&Prime; global_colors_info=\u00a0\u00bb{}\u00a0\u00bb]<\/p>\n<p>[lmt-post-modified-info]<\/p>\n<p>[\/et_pb_text][\/et_pb_column][\/et_pb_row][\/et_pb_section]<\/p>\n","protected":false},"excerpt":{"rendered":"<p>Anne-Laure Pham Anne-Laure\u00a0Pham est form\u00e9e en sciences humaines (psychologie sociale, psychanalyse, p\u00e9dagogie et sociologie des organisations) et aux sciences de la gestion (comptabilit\u00e9, organisation, finances). Son parcours professionnel se d\u00e9roule dans deux domaines compl\u00e9mentaires : Consultante formatrice (15 ans) et Directrice de projets et de structures dans l\u2019\u00e9conomie sociale (25 ans). Elle anime des sessions [&hellip;]<\/p>\n","protected":false},"author":1,"featured_media":0,"parent":0,"menu_order":0,"comment_status":"closed","ping_status":"closed","template":"","meta":{"_et_pb_use_builder":"on","_et_pb_old_content":"","_et_gb_content_width":"","footnotes":""},"class_list":["post-8280","page","type-page","status-publish","hentry"],"_links":{"self":[{"href":"https:\/\/wptestkevin.ovh\/.Dev\/wp-json\/wp\/v2\/pages\/8280","targetHints":{"allow":["GET"]}}],"collection":[{"href":"https:\/\/wptestkevin.ovh\/.Dev\/wp-json\/wp\/v2\/pages"}],"about":[{"href":"https:\/\/wptestkevin.ovh\/.Dev\/wp-json\/wp\/v2\/types\/page"}],"author":[{"embeddable":true,"href":"https:\/\/wptestkevin.ovh\/.Dev\/wp-json\/wp\/v2\/users\/1"}],"replies":[{"embeddable":true,"href":"https:\/\/wptestkevin.ovh\/.Dev\/wp-json\/wp\/v2\/comments?post=8280"}],"version-history":[{"count":5,"href":"https:\/\/wptestkevin.ovh\/.Dev\/wp-json\/wp\/v2\/pages\/8280\/revisions"}],"predecessor-version":[{"id":8708,"href":"https:\/\/wptestkevin.ovh\/.Dev\/wp-json\/wp\/v2\/pages\/8280\/revisions\/8708"}],"wp:attachment":[{"href":"https:\/\/wptestkevin.ovh\/.Dev\/wp-json\/wp\/v2\/media?parent=8280"}],"curies":[{"name":"wp","href":"https:\/\/api.w.org\/{rel}","templated":true}]}}