{"id":8271,"date":"2025-04-01T13:15:42","date_gmt":"2025-04-01T11:15:42","guid":{"rendered":"https:\/\/wptestkevin.ovh\/.Dev\/?page_id=8271"},"modified":"2025-04-21T13:01:23","modified_gmt":"2025-04-21T11:01:23","slug":"valerie-parickmiler-duguet","status":"publish","type":"page","link":"https:\/\/wptestkevin.ovh\/.Dev\/valerie-parickmiler-duguet\/","title":{"rendered":"Val\u00e9rie PARICKMILER DUGUET"},"content":{"rendered":"<p>[et_pb_section fb_built=\u00a0\u00bb1&Prime; admin_label=\u00a0\u00bbSection\u00a0\u00bb module_id=\u00a0\u00bbadelus\u00a0\u00bb _builder_version=\u00a0\u00bb4.27.4&Prime; _module_preset=\u00a0\u00bbdefault\u00a0\u00bb background_color=\u00a0\u00bb#f1f3f4&Prime; custom_margin=\u00a0\u00bb0px||0px||true|false\u00a0\u00bb custom_padding=\u00a0\u00bb0px||0px||true|false\u00a0\u00bb animation_style=\u00a0\u00bbfade\u00a0\u00bb da_popup_slug=\u00a0\u00bbadelus\u00a0\u00bb da_disable_devices=\u00a0\u00bboff|off|off\u00a0\u00bb global_colors_info=\u00a0\u00bb{}\u00a0\u00bb da_is_popup=\u00a0\u00bboff\u00a0\u00bb da_exit_intent=\u00a0\u00bboff\u00a0\u00bb da_has_close=\u00a0\u00bbon\u00a0\u00bb da_alt_close=\u00a0\u00bboff\u00a0\u00bb da_dark_close=\u00a0\u00bboff\u00a0\u00bb da_not_modal=\u00a0\u00bbon\u00a0\u00bb da_is_singular=\u00a0\u00bboff\u00a0\u00bb da_with_loader=\u00a0\u00bboff\u00a0\u00bb da_has_shadow=\u00a0\u00bbon\u00a0\u00bb][et_pb_row custom_padding_last_edited=\u00a0\u00bbon|phone\u00a0\u00bb _builder_version=\u00a0\u00bb4.27.4&Prime; _module_preset=\u00a0\u00bbdefault\u00a0\u00bb background_color=\u00a0\u00bb#FFFFFF\u00a0\u00bb width_tablet=\u00a0\u00bb\u00a0\u00bb width_phone=\u00a0\u00bb95%\u00a0\u00bb width_last_edited=\u00a0\u00bbon|phone\u00a0\u00bb custom_padding=\u00a0\u00bb|33px||33px|false|true\u00a0\u00bb custom_padding_tablet=\u00a0\u00bb\u00a0\u00bb custom_padding_phone=\u00a0\u00bb|10px||10px|false|true\u00a0\u00bb global_colors_info=\u00a0\u00bb{}\u00a0\u00bb][et_pb_column type=\u00a0\u00bb4_4&Prime; _builder_version=\u00a0\u00bb4.21.0&Prime; _module_preset=\u00a0\u00bbdefault\u00a0\u00bb global_colors_info=\u00a0\u00bb{}\u00a0\u00bb][et_pb_text _builder_version=\u00a0\u00bb4.21.0&Prime; _module_preset=\u00a0\u00bbdefault\u00a0\u00bb custom_margin=\u00a0\u00bb||10px||false|false\u00a0\u00bb global_colors_info=\u00a0\u00bb{}\u00a0\u00bb]<\/p>\n<h1 class=\"uk-article-title\">Val\u00e9rie Parickmiler Duguet<\/h1>\n<p>[\/et_pb_text][et_pb_text _builder_version=\u00a0\u00bb4.27.4&Prime; _module_preset=\u00a0\u00bbdefault\u00a0\u00bb text_orientation=\u00a0\u00bbjustified\u00a0\u00bb hover_enabled=\u00a0\u00bb0&Prime; global_colors_info=\u00a0\u00bb{}\u00a0\u00bb sticky_enabled=\u00a0\u00bb0&Prime;]<\/p>\n<p><img loading=\"lazy\" decoding=\"async\" src=\"http:\/\/wptestkevin.ovh\/.Dev\/wp-content\/uploads\/2025\/04\/duguet-Gd.png\" width=\"258\" height=\"300\" \/><\/p>\n<p style=\"text-align: justify;\"><span style=\"font-size: 15px;\">G\u00e9n\u00e9raliste de l&rsquo;ing\u00e9nierie culturelle, exerce depuis 1992 dans les domaines du patrimoine, des arts vivants, de l&rsquo;enseignement artistique, de l&rsquo;\u00e9ducation artistique et culturelle. Expert du d\u00e9veloppement et de l\u2019\u00e9ducation culturels,\u00a0\u00a0accompagne depuis plus de 30 ans les porteurs de projets associatifs ou publics dans la construction et l\u2019adaptation de leurs projets aux nouveaux enjeux.<\/span><\/p>\n<p style=\"text-align: justify;\">Initialement sp\u00e9cialis\u00e9e dans le domaine du patrimoine,\u00a0<span style=\"color: #2271b1;\"><strong>Val\u00e9rie Parickmiler Duguet <\/strong><\/span>commence sa carri\u00e8re au sein d&rsquo;un cabinet de programmation architecturale et collabore aux programmes scientifiques et culturels du Mus\u00e9e Guimet, de la Domus des Bouquets \u00e0 P\u00e9rigueux et aux \u00e9tudes de faisabilit\u00e9 de divers projets touchant \u00e0 la valorisation et \u00e0 la restauration du patrimoine.<\/p>\n<p style=\"text-align: justify;\">Conservateur du patrimoine, <span style=\"color: #2271b1;\"><strong>Val\u00e9rie Parickmiler Duguet<\/strong><\/span>\u00a0cr\u00e9e en 1994 le premier service du patrimoine dans le D\u00e9partement de Lot-et-Garonne et f\u00e9d\u00e8re les collectivit\u00e9s autour d&rsquo;un projet de r\u00e9seau des mus\u00e9es et des sites patrimoniaux. Elle accompagne la modernisation des \u00e9quipements et initie la professionnalisation et le d\u00e9veloppement des publics, notamment du public familial dans le cadre d&rsquo;un partenariat avec le Parc de la Villette qui accompagne la formation des m\u00e9diateurs par le biais de formations-actions.<\/p>\n<p style=\"text-align: justify;\">A partir de 2008,<strong> <span style=\"color: #2271b1;\">Val\u00e9rie Parickmiler Duguet<\/span> <\/strong>prend \u00e9galement la t\u00eate du service arts vivants du Lot-et-Garonne, puis, durant trois ans, la direction culturelle pour la Communaut\u00e9 de communes de Fumel-Communaut\u00e9 (16 500 habitants). Elle y d\u00e9veloppe l&rsquo;\u00e9cole d&rsquo;enseignement artistique, la programmation artistique, un projet de Pays d&rsquo;Art et d&rsquo;Histoire et fonde notamment Terre d\u2019exploration qui r\u00e9unit\u00a0les acteurs du territoire autour des enjeux \u00e9ducatifs. Elle exp\u00e9rimente des initiatives de mobilisation et de participation des habitants qu&rsquo;elle rassemble\u00a0autour du projet culturel du territoire.<\/p>\n<p style=\"text-align: justify;\"><span style=\"color: #2271b1;\"><strong>Val\u00e9rie Parickmiler Duguet<\/strong><\/span> pilote aujourd\u2019hui le programme d\u2019\u00e9ducation artistique, culturelle et citoyenne du D\u00e9partement de Lot-et-Garonne \u00e0 travers la Convention \u00e9ducative et l\u2019Appel \u00e0 projet \u00e9ducatif et culturel des coll\u00e8ges.<\/p>\n<p style=\"text-align: justify;\">Formatrice depuis 2017, <span style=\"color: #2271b1;\"><strong>Val\u00e9rie Parickmiler Duguet<\/strong><\/span>\u00a0mobilise la diversit\u00e9 de ses exp\u00e9riences dans l&rsquo;accompagnement des stagiaires et fonde sa p\u00e9dagogie sur la transversalit\u00e9 des probl\u00e9matiques, en prenant en compte la richesse des exp\u00e9riences et la compl\u00e9mentarit\u00e9 des parcours.<\/p>\n<p>[\/et_pb_text][\/et_pb_column][\/et_pb_row][et_pb_row column_structure=\u00a0\u00bb3_5,2_5&Prime; _builder_version=\u00a0\u00bb4.21.0&Prime; _module_preset=\u00a0\u00bbdefault\u00a0\u00bb global_colors_info=\u00a0\u00bb{}\u00a0\u00bb][et_pb_column type=\u00a0\u00bb3_5&Prime; _builder_version=\u00a0\u00bb4.21.0&Prime; _module_preset=\u00a0\u00bbdefault\u00a0\u00bb global_colors_info=\u00a0\u00bb{}\u00a0\u00bb][\/et_pb_column][et_pb_column type=\u00a0\u00bb2_5&Prime; _builder_version=\u00a0\u00bb4.21.0&Prime; _module_preset=\u00a0\u00bbdefault\u00a0\u00bb global_colors_info=\u00a0\u00bb{}\u00a0\u00bb][et_pb_text _builder_version=\u00a0\u00bb4.21.0&Prime; _module_preset=\u00a0\u00bbdefault\u00a0\u00bb text_orientation=\u00a0\u00bbcenter\u00a0\u00bb custom_padding=\u00a0\u00bb10px||10px||true|false\u00a0\u00bb border_width_all=\u00a0\u00bb1px\u00a0\u00bb border_color_all=\u00a0\u00bb#d8d8d8&Prime; global_colors_info=\u00a0\u00bb{}\u00a0\u00bb]<\/p>\n<p>[lmt-post-modified-info]<\/p>\n<p>[\/et_pb_text][\/et_pb_column][\/et_pb_row][\/et_pb_section]<\/p>\n","protected":false},"excerpt":{"rendered":"<p>Val\u00e9rie Parickmiler Duguet G\u00e9n\u00e9raliste de l&rsquo;ing\u00e9nierie culturelle, exerce depuis 1992 dans les domaines du patrimoine, des arts vivants, de l&rsquo;enseignement artistique, de l&rsquo;\u00e9ducation artistique et culturelle. Expert du d\u00e9veloppement et de l\u2019\u00e9ducation culturels,\u00a0\u00a0accompagne depuis plus de 30 ans les porteurs de projets associatifs ou publics dans la construction et l\u2019adaptation de leurs projets aux nouveaux [&hellip;]<\/p>\n","protected":false},"author":1,"featured_media":0,"parent":0,"menu_order":0,"comment_status":"closed","ping_status":"closed","template":"","meta":{"_et_pb_use_builder":"on","_et_pb_old_content":"","_et_gb_content_width":"","footnotes":""},"class_list":["post-8271","page","type-page","status-publish","hentry"],"_links":{"self":[{"href":"https:\/\/wptestkevin.ovh\/.Dev\/wp-json\/wp\/v2\/pages\/8271","targetHints":{"allow":["GET"]}}],"collection":[{"href":"https:\/\/wptestkevin.ovh\/.Dev\/wp-json\/wp\/v2\/pages"}],"about":[{"href":"https:\/\/wptestkevin.ovh\/.Dev\/wp-json\/wp\/v2\/types\/page"}],"author":[{"embeddable":true,"href":"https:\/\/wptestkevin.ovh\/.Dev\/wp-json\/wp\/v2\/users\/1"}],"replies":[{"embeddable":true,"href":"https:\/\/wptestkevin.ovh\/.Dev\/wp-json\/wp\/v2\/comments?post=8271"}],"version-history":[{"count":6,"href":"https:\/\/wptestkevin.ovh\/.Dev\/wp-json\/wp\/v2\/pages\/8271\/revisions"}],"predecessor-version":[{"id":8828,"href":"https:\/\/wptestkevin.ovh\/.Dev\/wp-json\/wp\/v2\/pages\/8271\/revisions\/8828"}],"wp:attachment":[{"href":"https:\/\/wptestkevin.ovh\/.Dev\/wp-json\/wp\/v2\/media?parent=8271"}],"curies":[{"name":"wp","href":"https:\/\/api.w.org\/{rel}","templated":true}]}}