{"id":8263,"date":"2025-04-01T13:11:37","date_gmt":"2025-04-01T11:11:37","guid":{"rendered":"https:\/\/wptestkevin.ovh\/.Dev\/?page_id=8263"},"modified":"2025-04-01T13:12:47","modified_gmt":"2025-04-01T11:12:47","slug":"julie-nioche","status":"publish","type":"page","link":"https:\/\/wptestkevin.ovh\/.Dev\/julie-nioche\/","title":{"rendered":"Julie NIOCHE"},"content":{"rendered":"<p>[et_pb_section fb_built=\u00a0\u00bb1&Prime; admin_label=\u00a0\u00bbSection\u00a0\u00bb module_id=\u00a0\u00bbadelus\u00a0\u00bb _builder_version=\u00a0\u00bb4.27.4&Prime; _module_preset=\u00a0\u00bbdefault\u00a0\u00bb background_color=\u00a0\u00bb#f1f3f4&Prime; custom_margin=\u00a0\u00bb0px||0px||true|false\u00a0\u00bb custom_padding=\u00a0\u00bb0px||0px||true|false\u00a0\u00bb animation_style=\u00a0\u00bbfade\u00a0\u00bb da_popup_slug=\u00a0\u00bbadelus\u00a0\u00bb da_disable_devices=\u00a0\u00bboff|off|off\u00a0\u00bb global_colors_info=\u00a0\u00bb{}\u00a0\u00bb da_is_popup=\u00a0\u00bboff\u00a0\u00bb da_exit_intent=\u00a0\u00bboff\u00a0\u00bb da_has_close=\u00a0\u00bbon\u00a0\u00bb da_alt_close=\u00a0\u00bboff\u00a0\u00bb da_dark_close=\u00a0\u00bboff\u00a0\u00bb da_not_modal=\u00a0\u00bbon\u00a0\u00bb da_is_singular=\u00a0\u00bboff\u00a0\u00bb da_with_loader=\u00a0\u00bboff\u00a0\u00bb da_has_shadow=\u00a0\u00bbon\u00a0\u00bb][et_pb_row custom_padding_last_edited=\u00a0\u00bbon|phone\u00a0\u00bb _builder_version=\u00a0\u00bb4.27.4&Prime; _module_preset=\u00a0\u00bbdefault\u00a0\u00bb background_color=\u00a0\u00bb#FFFFFF\u00a0\u00bb width_tablet=\u00a0\u00bb\u00a0\u00bb width_phone=\u00a0\u00bb95%\u00a0\u00bb width_last_edited=\u00a0\u00bbon|phone\u00a0\u00bb custom_padding=\u00a0\u00bb|33px||33px|false|true\u00a0\u00bb custom_padding_tablet=\u00a0\u00bb\u00a0\u00bb custom_padding_phone=\u00a0\u00bb|10px||10px|false|true\u00a0\u00bb global_colors_info=\u00a0\u00bb{}\u00a0\u00bb][et_pb_column type=\u00a0\u00bb4_4&Prime; _builder_version=\u00a0\u00bb4.21.0&Prime; _module_preset=\u00a0\u00bbdefault\u00a0\u00bb global_colors_info=\u00a0\u00bb{}\u00a0\u00bb][et_pb_text _builder_version=\u00a0\u00bb4.21.0&Prime; _module_preset=\u00a0\u00bbdefault\u00a0\u00bb custom_margin=\u00a0\u00bb||10px||false|false\u00a0\u00bb global_colors_info=\u00a0\u00bb{}\u00a0\u00bb]<\/p>\n<h1 class=\"uk-article-title\">Julie Nioche<\/h1>\n<p>[\/et_pb_text][et_pb_text _builder_version=\u00a0\u00bb4.25.2&Prime; _module_preset=\u00a0\u00bbdefault\u00a0\u00bb text_orientation=\u00a0\u00bbjustified\u00a0\u00bb global_colors_info=\u00a0\u00bb{}\u00a0\u00bb]<\/p>\n<div class=\"article-content\">\n<div class=\"article-content\">\n<p><img loading=\"lazy\" decoding=\"async\" src=\"http:\/\/wptestkevin.ovh\/.Dev\/wp-content\/uploads\/2024\/06\/j.nioche.jpg\" alt=\"j nioche\" width=\"231\" height=\"150\" \/><\/p>\n<p><span style=\"color: #2271b1;\"><strong>Julie Nioche<\/strong><\/span>\u00a0est danseuse, chor\u00e9graphe et ost\u00e9opathe. En 2007, avec des collaborateurs venus de contextes professionnels diff\u00e9rents, elle participe \u00e0 la cr\u00e9ation de A.I.M.E. \u2013 Association d\u2019Individus en Mouvements Engag\u00e9s. L\u2019association accompagne depuis ses projets artistiques et travaille \u00e0 la diffusion des savoirs du corps dans la soci\u00e9t\u00e9.<\/p>\n<p><span style=\"color: #2271b1;\"><strong>Julie Nioche<\/strong><\/span> travaille la danse comme un lieu de recherche pour rendre visible sa sensibilit\u00e9 et son imaginaire. Chaque cr\u00e9ation est un projet d\u2019exp\u00e9rimentation, qui porte une attention particuli\u00e8re au processus, au chemin menant \u00e0 la r\u00e9alisation. Les pi\u00e8ces sont des questions pos\u00e9es offrant l\u2019espace du d\u00e9bat et de l\u2019\u00e9change. La danse est un lieu de rencontre.<\/p>\n<p>Les chor\u00e9graphies de <span style=\"color: #2271b1;\"><strong>Julie Nioche<\/strong><\/span>\u00a0sont loin de tout exercice narratif. Elle travaille avec l\u2019histoire des corps professionnels ou pas ; ainsi la danse s\u2019expose aux corps vivants, effa\u00e7ant les limites ordinaires de la sc\u00e8ne. Ses \u0153uvres partent d\u2019une attention \u00e0 l\u2019imaginaire qui construit notre identit\u00e9 et notre sensibilit\u00e9 : toutes ces images qui rendent possible ou impossible nos projections, nos mouvements, nos id\u00e9es et nos actes.<\/p>\n<p>Elle donne aussi une place radicale \u00e0 la sc\u00e9nographie, la musique, la lumi\u00e8re, qui se construisent simultan\u00e9ment avec la danse pour rendre visible cette sensibilit\u00e9 par d\u2019autres points de vue. Tel un \u00e9cosyst\u00e8me, tous les \u00e9l\u00e9ments sont \u00e0 la fois autonomes et interd\u00e9pendants ce qui cr\u00e9e une \u00e9coute sensitive particuli\u00e8re.<\/p>\n<p>Son objectif est de r\u00e9aliser des \u0153uvres qu\u2019elle appelle \u201cenvironnementales\u201d, c\u2019est-\u00e0-dire qui cherchent \u00e0 envelopper assez les spectateurs pour \u00e9veiller leur empathie \u00e0 travers leurs propres sensations, leurs propres imaginaires et leurs m\u00e9moires. Elle implique les danseurs avec qui elle collabore dans des danses sensorielles et engageant leur intimit\u00e9 dans le mouvement, ce qui est, \u00e0 ses yeux, la dimension oubli\u00e9e de la fabrique politique des corps.<\/p>\n<p>Cr\u00e9ations 2001 XX \/ 2003 La Sisyphe- Les Sisyphe \/ 2005 H2O-NaCl-CaCO3 \/ 2006 Matter of fact &#8211; Women\u2019s matter \/ 2007 H\u00e9ro\u00efnes \/ 2008 Matter \/ 2009 No matter &#8211; Lost Matter \u2013 Espace prot\u00e9g\u00e9 \/ 2010 Nos solitudes &#8211; Br\u00e8ves suspensions \/ 2010 Central Park \/ 2011 Contes tordus \/ 2012 Voleuse \/ 2013 Sensationnelle \/ 2014 En Classe \/ 2014 Matter (recr\u00e9ation) \/ 2016 Nos Amours \/ 2017 Qu\u2019est-ce qui vous am\u00e8ne ? \/ 2018 La taille de nos \u00e2mes &#8211; L\u2019heure Int\u00e9rieure &#8211; Rituel pour une g\u00e9ographie du sensible \/ 2020 Vague Int\u00e9rieur Vague &#8211; L\u2019Impass\u00e9-e \/ 2021 Une \u00e9chapp\u00e9e.<\/p>\n<\/div>\n<\/div>\n<p>[\/et_pb_text][\/et_pb_column][\/et_pb_row][et_pb_row column_structure=\u00a0\u00bb3_5,2_5&Prime; _builder_version=\u00a0\u00bb4.21.0&Prime; _module_preset=\u00a0\u00bbdefault\u00a0\u00bb global_colors_info=\u00a0\u00bb{}\u00a0\u00bb][et_pb_column type=\u00a0\u00bb3_5&Prime; _builder_version=\u00a0\u00bb4.21.0&Prime; _module_preset=\u00a0\u00bbdefault\u00a0\u00bb global_colors_info=\u00a0\u00bb{}\u00a0\u00bb][\/et_pb_column][et_pb_column type=\u00a0\u00bb2_5&Prime; _builder_version=\u00a0\u00bb4.21.0&Prime; _module_preset=\u00a0\u00bbdefault\u00a0\u00bb global_colors_info=\u00a0\u00bb{}\u00a0\u00bb][et_pb_text _builder_version=\u00a0\u00bb4.21.0&Prime; _module_preset=\u00a0\u00bbdefault\u00a0\u00bb text_orientation=\u00a0\u00bbcenter\u00a0\u00bb custom_padding=\u00a0\u00bb10px||10px||true|false\u00a0\u00bb border_width_all=\u00a0\u00bb1px\u00a0\u00bb border_color_all=\u00a0\u00bb#d8d8d8&Prime; global_colors_info=\u00a0\u00bb{}\u00a0\u00bb]<\/p>\n<p>[lmt-post-modified-info]<\/p>\n<p>[\/et_pb_text][\/et_pb_column][\/et_pb_row][\/et_pb_section]<\/p>\n","protected":false},"excerpt":{"rendered":"<p>Julie Nioche Julie Nioche\u00a0est danseuse, chor\u00e9graphe et ost\u00e9opathe. En 2007, avec des collaborateurs venus de contextes professionnels diff\u00e9rents, elle participe \u00e0 la cr\u00e9ation de A.I.M.E. \u2013 Association d\u2019Individus en Mouvements Engag\u00e9s. L\u2019association accompagne depuis ses projets artistiques et travaille \u00e0 la diffusion des savoirs du corps dans la soci\u00e9t\u00e9. Julie Nioche travaille la danse comme [&hellip;]<\/p>\n","protected":false},"author":1,"featured_media":0,"parent":0,"menu_order":0,"comment_status":"closed","ping_status":"closed","template":"","meta":{"_et_pb_use_builder":"on","_et_pb_old_content":"","_et_gb_content_width":"","footnotes":""},"class_list":["post-8263","page","type-page","status-publish","hentry"],"_links":{"self":[{"href":"https:\/\/wptestkevin.ovh\/.Dev\/wp-json\/wp\/v2\/pages\/8263","targetHints":{"allow":["GET"]}}],"collection":[{"href":"https:\/\/wptestkevin.ovh\/.Dev\/wp-json\/wp\/v2\/pages"}],"about":[{"href":"https:\/\/wptestkevin.ovh\/.Dev\/wp-json\/wp\/v2\/types\/page"}],"author":[{"embeddable":true,"href":"https:\/\/wptestkevin.ovh\/.Dev\/wp-json\/wp\/v2\/users\/1"}],"replies":[{"embeddable":true,"href":"https:\/\/wptestkevin.ovh\/.Dev\/wp-json\/wp\/v2\/comments?post=8263"}],"version-history":[{"count":4,"href":"https:\/\/wptestkevin.ovh\/.Dev\/wp-json\/wp\/v2\/pages\/8263\/revisions"}],"predecessor-version":[{"id":8269,"href":"https:\/\/wptestkevin.ovh\/.Dev\/wp-json\/wp\/v2\/pages\/8263\/revisions\/8269"}],"wp:attachment":[{"href":"https:\/\/wptestkevin.ovh\/.Dev\/wp-json\/wp\/v2\/media?parent=8263"}],"curies":[{"name":"wp","href":"https:\/\/api.w.org\/{rel}","templated":true}]}}