{"id":8255,"date":"2025-04-01T13:08:00","date_gmt":"2025-04-01T11:08:00","guid":{"rendered":"https:\/\/wptestkevin.ovh\/.Dev\/?page_id=8255"},"modified":"2025-04-23T09:58:29","modified_gmt":"2025-04-23T07:58:29","slug":"isabelle-nerin","status":"publish","type":"page","link":"https:\/\/wptestkevin.ovh\/.Dev\/isabelle-nerin\/","title":{"rendered":"Isabelle NERIN"},"content":{"rendered":"<p>[et_pb_section fb_built=\u00a0\u00bb1&Prime; admin_label=\u00a0\u00bbSection\u00a0\u00bb module_id=\u00a0\u00bbadelus\u00a0\u00bb _builder_version=\u00a0\u00bb4.27.4&Prime; _module_preset=\u00a0\u00bbdefault\u00a0\u00bb background_color=\u00a0\u00bb#f1f3f4&Prime; custom_margin=\u00a0\u00bb0px||0px||true|false\u00a0\u00bb custom_padding=\u00a0\u00bb0px||0px||true|false\u00a0\u00bb animation_style=\u00a0\u00bbfade\u00a0\u00bb da_popup_slug=\u00a0\u00bbadelus\u00a0\u00bb da_disable_devices=\u00a0\u00bboff|off|off\u00a0\u00bb global_colors_info=\u00a0\u00bb{}\u00a0\u00bb da_is_popup=\u00a0\u00bboff\u00a0\u00bb da_exit_intent=\u00a0\u00bboff\u00a0\u00bb da_has_close=\u00a0\u00bbon\u00a0\u00bb da_alt_close=\u00a0\u00bboff\u00a0\u00bb da_dark_close=\u00a0\u00bboff\u00a0\u00bb da_not_modal=\u00a0\u00bbon\u00a0\u00bb da_is_singular=\u00a0\u00bboff\u00a0\u00bb da_with_loader=\u00a0\u00bboff\u00a0\u00bb da_has_shadow=\u00a0\u00bbon\u00a0\u00bb][et_pb_row custom_padding_last_edited=\u00a0\u00bbon|phone\u00a0\u00bb _builder_version=\u00a0\u00bb4.27.4&Prime; _module_preset=\u00a0\u00bbdefault\u00a0\u00bb background_color=\u00a0\u00bb#FFFFFF\u00a0\u00bb width_tablet=\u00a0\u00bb\u00a0\u00bb width_phone=\u00a0\u00bb95%\u00a0\u00bb width_last_edited=\u00a0\u00bbon|phone\u00a0\u00bb custom_padding=\u00a0\u00bb|33px||33px|false|true\u00a0\u00bb custom_padding_tablet=\u00a0\u00bb\u00a0\u00bb custom_padding_phone=\u00a0\u00bb|10px||10px|false|true\u00a0\u00bb global_colors_info=\u00a0\u00bb{}\u00a0\u00bb][et_pb_column type=\u00a0\u00bb4_4&Prime; _builder_version=\u00a0\u00bb4.21.0&Prime; _module_preset=\u00a0\u00bbdefault\u00a0\u00bb global_colors_info=\u00a0\u00bb{}\u00a0\u00bb][et_pb_text _builder_version=\u00a0\u00bb4.21.0&Prime; _module_preset=\u00a0\u00bbdefault\u00a0\u00bb custom_margin=\u00a0\u00bb||10px||false|false\u00a0\u00bb global_colors_info=\u00a0\u00bb{}\u00a0\u00bb]<\/p>\n<h1 class=\"uk-article-title\">Isabelle Nerin<\/h1>\n<p>[\/et_pb_text][et_pb_text _builder_version=\u00a0\u00bb4.27.4&Prime; _module_preset=\u00a0\u00bbdefault\u00a0\u00bb text_orientation=\u00a0\u00bbjustified\u00a0\u00bb hover_enabled=\u00a0\u00bb0&Prime; global_colors_info=\u00a0\u00bb{}\u00a0\u00bb sticky_enabled=\u00a0\u00bb0&Prime;]<\/p>\n<p><img loading=\"lazy\" decoding=\"async\" src=\"http:\/\/wptestkevin.ovh\/.Dev\/wp-content\/uploads\/2025\/04\/nerin-Gd.png\" width=\"258\" height=\"300\" \/><\/p>\n<p style=\"text-align: justify;\"><strong><span style=\"color: #2271b1;\">Isabelle NERIN<\/span><\/strong> est sp\u00e9cialis\u00e9e dans le d\u00e9veloppement et la gestion de projets culturels \u00e0 destination des Mus\u00e9es, Fondations et Organismes Institutionnels du patrimoine, de la culture et de l\u2019\u00e9ducation. Elle allie aujourd\u2019hui son expertise de la m\u00e9diation culturelle \u00e0 sa formation linguistique, particuli\u00e8rement \u00e0 destination des publics allophones.<\/p>\n<p style=\"text-align: justify;\">Depuis 2022, <strong><span style=\"color: #2271b1;\">Isabelle NERIN<\/span><\/strong>\u00a0est membre du <em>Comit\u00e9 P\u00e9dagogique de la Philharmonie de Paris<\/em> afin de mener une r\u00e9flexion sur l\u2019enseignement de la musique aux enfants d\u00e9favoris\u00e9s et participe activement \u00e0 l\u2019\u00e9laboration de contenus \u00e9ducatifs et p\u00e9dagogiques afin de permettre l\u2019apprentissage de la musique, le lien social et le pilotage de projets \u00e9ducatifs \u00e0 fort impact social.\u00a0\u00a0Elle a collabor\u00e9 \u00e0 ce titre au projet des orchestres <em>DEMOS<\/em> en France.<\/p>\n<p style=\"text-align: justify;\">Depuis 2020, <strong><span style=\"color: #2271b1;\">Isabelle NERIN<\/span><\/strong> organise des formations de m\u00e9diation culturelle pour publics sp\u00e9cifiques destin\u00e9es \u00e0 accompagner les m\u00e9diateurs culturels et directeurs de mus\u00e9es dans la mise en \u0153uvre de leurs projets \u00ab <em>Hors les murs<\/em> \u00bb. Elle intervient r\u00e9guli\u00e8rement, \u00e0 ce titre, aupr\u00e8s de la <em>Demeure Historique<\/em>.<\/p>\n<p style=\"text-align: justify;\">De 2019 \u00e0 2022, <strong><span style=\"color: #2271b1;\">Isabelle NERIN<\/span><\/strong> a particip\u00e9 \u00e0 des \u00e9changes culturels entre la Chine et la France, permettant ainsi une meilleure connaissance culturelle commune et envisager ainsi des partenariats contribuant \u00e0 la d\u00e9couverte d\u2019artistes de renom venus des deux pays. A ces fins, elle a organis\u00e9 des visites guid\u00e9es pour de jeunes \u00e9tudiants allophones du <em>Conservatoire de Musique de Shanga\u00ef<\/em>.<\/p>\n<p style=\"text-align: justify;\">De 2014 \u00e0 2019, <strong><span style=\"color: #2271b1;\">Isabelle NERIN<\/span><\/strong> occupe le poste de Directrice Commerciale au sein des <em>Laboratoires Eclair<\/em> pour le d\u00e9veloppement du cin\u00e9ma ind\u00e9pendant en Europe. Elle signe notamment des partenariats avec le <em>Festival de Locarno<\/em>, le <em>Festival du Cin\u00e9ma Ind\u00e9pendant de Sundance<\/em>, ainsi qu\u2019avec les Instituts fran\u00e7ais pour la valorisation du cin\u00e9ma ind\u00e9pendant. Elle collabore avec Unifrance pour le d\u00e9veloppement de partenariats institutionnels en France, en Belgique, en Suisse, ainsi qu\u2019en Espagne et au Royaume Uni.<\/p>\n<p style=\"text-align: justify;\">De 2005 \u00e0 2012, lors de la transition du cin\u00e9ma \u00e0 l\u2019\u00e8re du num\u00e9rique, <strong><span style=\"color: #2271b1;\">Isabelle NERIN<\/span><\/strong> conclut l\u2019adh\u00e9sion des grands studios de films am\u00e9ricains \u00e0 la bascule du cin\u00e9ma au \u00ab tout num\u00e9rique \u00bb et acc\u00e9l\u00e8re l\u2019\u00e9quipements des salles de cin\u00e9ma au nouveau format en France et au B\u00e9n\u00e9lux.<\/p>\n<p style=\"text-align: justify;\">En 1997, <strong><span style=\"color: #2271b1;\">Isabelle NERIN<\/span><\/strong> prend en charge la communication des \u00e9mission de \u00ab <em>la Matinale<\/em> \u00bb sur Europe 2 et coordonne la diffusion des \u00e9missions hors antenne dans les plus grandes villes de France.<\/p>\n<p style=\"text-align: justify;\"><strong><span style=\"color: #2271b1;\">Isabelle NERIN<\/span><\/strong> est dipl\u00f4m\u00e9e en Direction d\u2019Etablissements Culturels et d\u2019Education par l\u2019Alliance Fran\u00e7aise de Paris et valide un Master 2 du CELSA en gestion de projets, outils et m\u00e9thodologie de d\u00e9veloppement de projets \u00e0 l\u2019international. Elle a suivi des formations compl\u00e9mentaires en Art Th\u00e9rapie et organise des animations d\u2019ateliers artistiques dans une d\u00e9marche de th\u00e9rapie mus\u00e9ale\u00a0\u00a0pour l\u2019accompagnement d\u2019enfants malades.<\/p>\n<p style=\"text-align: justify;\">\n<p>[\/et_pb_text][\/et_pb_column][\/et_pb_row][et_pb_row column_structure=\u00a0\u00bb3_5,2_5&Prime; _builder_version=\u00a0\u00bb4.21.0&Prime; _module_preset=\u00a0\u00bbdefault\u00a0\u00bb global_colors_info=\u00a0\u00bb{}\u00a0\u00bb][et_pb_column type=\u00a0\u00bb3_5&Prime; _builder_version=\u00a0\u00bb4.21.0&Prime; _module_preset=\u00a0\u00bbdefault\u00a0\u00bb global_colors_info=\u00a0\u00bb{}\u00a0\u00bb][\/et_pb_column][et_pb_column type=\u00a0\u00bb2_5&Prime; _builder_version=\u00a0\u00bb4.21.0&Prime; _module_preset=\u00a0\u00bbdefault\u00a0\u00bb global_colors_info=\u00a0\u00bb{}\u00a0\u00bb][et_pb_text _builder_version=\u00a0\u00bb4.21.0&Prime; _module_preset=\u00a0\u00bbdefault\u00a0\u00bb text_orientation=\u00a0\u00bbcenter\u00a0\u00bb custom_padding=\u00a0\u00bb10px||10px||true|false\u00a0\u00bb border_width_all=\u00a0\u00bb1px\u00a0\u00bb border_color_all=\u00a0\u00bb#d8d8d8&Prime; global_colors_info=\u00a0\u00bb{}\u00a0\u00bb]<\/p>\n<p>[lmt-post-modified-info]<\/p>\n<p>[\/et_pb_text][\/et_pb_column][\/et_pb_row][\/et_pb_section]<\/p>\n","protected":false},"excerpt":{"rendered":"<p>Isabelle Nerin Isabelle NERIN est sp\u00e9cialis\u00e9e dans le d\u00e9veloppement et la gestion de projets culturels \u00e0 destination des Mus\u00e9es, Fondations et Organismes Institutionnels du patrimoine, de la culture et de l\u2019\u00e9ducation. Elle allie aujourd\u2019hui son expertise de la m\u00e9diation culturelle \u00e0 sa formation linguistique, particuli\u00e8rement \u00e0 destination des publics allophones. Depuis 2022, Isabelle NERIN\u00a0est membre [&hellip;]<\/p>\n","protected":false},"author":1,"featured_media":0,"parent":0,"menu_order":0,"comment_status":"closed","ping_status":"closed","template":"","meta":{"_et_pb_use_builder":"on","_et_pb_old_content":"","_et_gb_content_width":"","footnotes":""},"class_list":["post-8255","page","type-page","status-publish","hentry"],"_links":{"self":[{"href":"https:\/\/wptestkevin.ovh\/.Dev\/wp-json\/wp\/v2\/pages\/8255","targetHints":{"allow":["GET"]}}],"collection":[{"href":"https:\/\/wptestkevin.ovh\/.Dev\/wp-json\/wp\/v2\/pages"}],"about":[{"href":"https:\/\/wptestkevin.ovh\/.Dev\/wp-json\/wp\/v2\/types\/page"}],"author":[{"embeddable":true,"href":"https:\/\/wptestkevin.ovh\/.Dev\/wp-json\/wp\/v2\/users\/1"}],"replies":[{"embeddable":true,"href":"https:\/\/wptestkevin.ovh\/.Dev\/wp-json\/wp\/v2\/comments?post=8255"}],"version-history":[{"count":5,"href":"https:\/\/wptestkevin.ovh\/.Dev\/wp-json\/wp\/v2\/pages\/8255\/revisions"}],"predecessor-version":[{"id":8879,"href":"https:\/\/wptestkevin.ovh\/.Dev\/wp-json\/wp\/v2\/pages\/8255\/revisions\/8879"}],"wp:attachment":[{"href":"https:\/\/wptestkevin.ovh\/.Dev\/wp-json\/wp\/v2\/media?parent=8255"}],"curies":[{"name":"wp","href":"https:\/\/api.w.org\/{rel}","templated":true}]}}