{"id":8248,"date":"2025-04-01T13:03:46","date_gmt":"2025-04-01T11:03:46","guid":{"rendered":"https:\/\/wptestkevin.ovh\/.Dev\/?page_id=8248"},"modified":"2025-04-28T17:06:59","modified_gmt":"2025-04-28T15:06:59","slug":"osiris-moukoko-priso","status":"publish","type":"page","link":"https:\/\/wptestkevin.ovh\/.Dev\/osiris-moukoko-priso\/","title":{"rendered":"Osiris MOUKOKO-PRISO"},"content":{"rendered":"<p>[et_pb_section fb_built=\u00a0\u00bb1&Prime; admin_label=\u00a0\u00bbSection\u00a0\u00bb module_id=\u00a0\u00bbadelus\u00a0\u00bb _builder_version=\u00a0\u00bb4.27.4&Prime; _module_preset=\u00a0\u00bbdefault\u00a0\u00bb background_color=\u00a0\u00bb#f1f3f4&Prime; custom_margin=\u00a0\u00bb0px||0px||true|false\u00a0\u00bb custom_padding=\u00a0\u00bb0px||0px||true|false\u00a0\u00bb animation_style=\u00a0\u00bbfade\u00a0\u00bb da_popup_slug=\u00a0\u00bbadelus\u00a0\u00bb da_disable_devices=\u00a0\u00bboff|off|off\u00a0\u00bb global_colors_info=\u00a0\u00bb{}\u00a0\u00bb da_is_popup=\u00a0\u00bboff\u00a0\u00bb da_exit_intent=\u00a0\u00bboff\u00a0\u00bb da_has_close=\u00a0\u00bbon\u00a0\u00bb da_alt_close=\u00a0\u00bboff\u00a0\u00bb da_dark_close=\u00a0\u00bboff\u00a0\u00bb da_not_modal=\u00a0\u00bbon\u00a0\u00bb da_is_singular=\u00a0\u00bboff\u00a0\u00bb da_with_loader=\u00a0\u00bboff\u00a0\u00bb da_has_shadow=\u00a0\u00bbon\u00a0\u00bb][et_pb_row custom_padding_last_edited=\u00a0\u00bbon|phone\u00a0\u00bb _builder_version=\u00a0\u00bb4.27.4&Prime; _module_preset=\u00a0\u00bbdefault\u00a0\u00bb background_color=\u00a0\u00bb#FFFFFF\u00a0\u00bb width_tablet=\u00a0\u00bb\u00a0\u00bb width_phone=\u00a0\u00bb95%\u00a0\u00bb width_last_edited=\u00a0\u00bbon|phone\u00a0\u00bb custom_padding=\u00a0\u00bb|33px||33px|false|true\u00a0\u00bb custom_padding_tablet=\u00a0\u00bb\u00a0\u00bb custom_padding_phone=\u00a0\u00bb|10px||10px|false|true\u00a0\u00bb global_colors_info=\u00a0\u00bb{}\u00a0\u00bb][et_pb_column type=\u00a0\u00bb4_4&Prime; _builder_version=\u00a0\u00bb4.21.0&Prime; _module_preset=\u00a0\u00bbdefault\u00a0\u00bb global_colors_info=\u00a0\u00bb{}\u00a0\u00bb][et_pb_text _builder_version=\u00a0\u00bb4.21.0&Prime; _module_preset=\u00a0\u00bbdefault\u00a0\u00bb custom_margin=\u00a0\u00bb||10px||false|false\u00a0\u00bb global_colors_info=\u00a0\u00bb{}\u00a0\u00bb]<\/p>\n<h1 class=\"uk-article-title\">Osiris Moukoko Priso<\/h1>\n<p>[\/et_pb_text][et_pb_text _builder_version=\u00a0\u00bb4.27.4&Prime; _module_preset=\u00a0\u00bbdefault\u00a0\u00bb text_orientation=\u00a0\u00bbjustified\u00a0\u00bb hover_enabled=\u00a0\u00bb0&Prime; global_colors_info=\u00a0\u00bb{}\u00a0\u00bb sticky_enabled=\u00a0\u00bb0&Prime;]<\/p>\n<p><img loading=\"lazy\" decoding=\"async\" src=\"http:\/\/wptestkevin.ovh\/.Dev\/wp-content\/uploads\/2025\/04\/moukoko-priso-Gd.png\" width=\"258\" height=\"300\" \/><\/p>\n<p style=\"text-align: justify;\">Actuellement Consultant en protection de la vie priv\u00e9e, <strong><span style=\"color: #2271b1;\">Osiris MOUKOKO PRISO<\/span><\/strong>, est un juriste en droit du num\u00e9rique depuis plus de 5 ann\u00e9es.<\/p>\n<p style=\"text-align: justify;\">Apr\u00e8s un passage chez l\u2019<em>ADULLACT<\/em>, <strong><span style=\"color: #2271b1;\">Osiris MOUKOKO PRISO<\/span><\/strong> a rejoint Num\u00e9ricit\u00e9 d\u00e8s 2020 o\u00f9 il a appris \u00e0 naviguer entre la conformit\u00e9 au RGPD et le droit du num\u00e9rique, avec une teinte d\u2019int\u00e9r\u00eat g\u00e9n\u00e9ral. Enseignant \u00e0 ses heures perdues, il participe \u00e9galement aux missions internationales, notamment en Afrique, o\u00f9 la protection des donn\u00e9es joue un r\u00f4le central dans la d\u00e9mat\u00e9rialisation des services, notamment publics.<\/p>\n<p style=\"text-align: justify;\">Parmi ses missions chez Num\u00e9ricit\u00e9, <strong><span style=\"color: #2271b1;\">Osiris MOUKOKO PRISO<\/span><\/strong> participe \u00e0 la mise en conformit\u00e9 RGPD au sein d\u2019acteurs publics et priv\u00e9s divers, allant des minist\u00e8res, \u00e0 de grandes entreprises, \u00e0 de petites structures. Dans ce cadre, il veille \u00e0 ce que la conformit\u00e9 soit au c\u0153ur du d\u00e9veloppement des outils num\u00e9rique, par \u00ab design \u00bb quel que soit la taille et l\u2019avancement des projets.<\/p>\n<p style=\"text-align: justify;\">Particuli\u00e8rement, il tient \u00e0 ce que l\u2019utilisation des donn\u00e9es soit facilit\u00e9e, dans une optique d\u2019am\u00e9lioration de la prise en compte des personnes et de leur vie priv\u00e9e et des besoins r\u00e9els des entreprises et organismes.<\/p>\n<p style=\"text-align: justify;\"><strong><span style=\"color: #2271b1;\">Osiris MOUKOKO PRISO<\/span><\/strong> est titulaire d\u2019un master en droit du num\u00e9rique et droit des affaires num\u00e9riques obtenus \u00e0 l\u2019Universit\u00e9 Paris Saclay. Il a notamment publi\u00e9 un article sur la doctrine cloud de l\u2019Etat \u00ab<em> La doctrine \u00ab\u00a0cloud\u00a0\u00bb de l\u2019Etat, entre volontarisme politique et incertitude juridique<\/em> \u00bb et s\u2019int\u00e9resse aux interactions entre donn\u00e9es personnelles, int\u00e9r\u00eat g\u00e9n\u00e9ral, droit et souverainet\u00e9.<\/p>\n<p style=\"text-align: justify;\">Osiris effectue des formations juridiques au sein de l\u2019AGECIF.<\/p>\n<p>[\/et_pb_text][\/et_pb_column][\/et_pb_row][et_pb_row column_structure=\u00a0\u00bb3_5,2_5&Prime; _builder_version=\u00a0\u00bb4.21.0&Prime; _module_preset=\u00a0\u00bbdefault\u00a0\u00bb global_colors_info=\u00a0\u00bb{}\u00a0\u00bb][et_pb_column type=\u00a0\u00bb3_5&Prime; _builder_version=\u00a0\u00bb4.21.0&Prime; _module_preset=\u00a0\u00bbdefault\u00a0\u00bb global_colors_info=\u00a0\u00bb{}\u00a0\u00bb][\/et_pb_column][et_pb_column type=\u00a0\u00bb2_5&Prime; _builder_version=\u00a0\u00bb4.21.0&Prime; _module_preset=\u00a0\u00bbdefault\u00a0\u00bb global_colors_info=\u00a0\u00bb{}\u00a0\u00bb][et_pb_text _builder_version=\u00a0\u00bb4.21.0&Prime; _module_preset=\u00a0\u00bbdefault\u00a0\u00bb text_orientation=\u00a0\u00bbcenter\u00a0\u00bb custom_padding=\u00a0\u00bb10px||10px||true|false\u00a0\u00bb border_width_all=\u00a0\u00bb1px\u00a0\u00bb border_color_all=\u00a0\u00bb#d8d8d8&Prime; global_colors_info=\u00a0\u00bb{}\u00a0\u00bb]<\/p>\n<p>[lmt-post-modified-info]<\/p>\n<p>[\/et_pb_text][\/et_pb_column][\/et_pb_row][\/et_pb_section]<\/p>\n","protected":false},"excerpt":{"rendered":"<p>Osiris Moukoko Priso Actuellement Consultant en protection de la vie priv\u00e9e, Osiris MOUKOKO PRISO, est un juriste en droit du num\u00e9rique depuis plus de 5 ann\u00e9es. Apr\u00e8s un passage chez l\u2019ADULLACT, Osiris MOUKOKO PRISO a rejoint Num\u00e9ricit\u00e9 d\u00e8s 2020 o\u00f9 il a appris \u00e0 naviguer entre la conformit\u00e9 au RGPD et le droit du num\u00e9rique, [&hellip;]<\/p>\n","protected":false},"author":1,"featured_media":0,"parent":0,"menu_order":0,"comment_status":"closed","ping_status":"closed","template":"","meta":{"_et_pb_use_builder":"on","_et_pb_old_content":"","_et_gb_content_width":"","footnotes":""},"class_list":["post-8248","page","type-page","status-publish","hentry"],"_links":{"self":[{"href":"https:\/\/wptestkevin.ovh\/.Dev\/wp-json\/wp\/v2\/pages\/8248","targetHints":{"allow":["GET"]}}],"collection":[{"href":"https:\/\/wptestkevin.ovh\/.Dev\/wp-json\/wp\/v2\/pages"}],"about":[{"href":"https:\/\/wptestkevin.ovh\/.Dev\/wp-json\/wp\/v2\/types\/page"}],"author":[{"embeddable":true,"href":"https:\/\/wptestkevin.ovh\/.Dev\/wp-json\/wp\/v2\/users\/1"}],"replies":[{"embeddable":true,"href":"https:\/\/wptestkevin.ovh\/.Dev\/wp-json\/wp\/v2\/comments?post=8248"}],"version-history":[{"count":5,"href":"https:\/\/wptestkevin.ovh\/.Dev\/wp-json\/wp\/v2\/pages\/8248\/revisions"}],"predecessor-version":[{"id":9058,"href":"https:\/\/wptestkevin.ovh\/.Dev\/wp-json\/wp\/v2\/pages\/8248\/revisions\/9058"}],"wp:attachment":[{"href":"https:\/\/wptestkevin.ovh\/.Dev\/wp-json\/wp\/v2\/media?parent=8248"}],"curies":[{"name":"wp","href":"https:\/\/api.w.org\/{rel}","templated":true}]}}