{"id":8232,"date":"2025-04-01T12:56:49","date_gmt":"2025-04-01T10:56:49","guid":{"rendered":"https:\/\/wptestkevin.ovh\/.Dev\/?page_id=8232"},"modified":"2025-04-01T12:58:38","modified_gmt":"2025-04-01T10:58:38","slug":"aurelie-mongis","status":"publish","type":"page","link":"https:\/\/wptestkevin.ovh\/.Dev\/aurelie-mongis\/","title":{"rendered":"Aur\u00e9lie MONGIS"},"content":{"rendered":"<p>[et_pb_section fb_built=\u00a0\u00bb1&Prime; admin_label=\u00a0\u00bbSection\u00a0\u00bb module_id=\u00a0\u00bbadelus\u00a0\u00bb _builder_version=\u00a0\u00bb4.27.4&Prime; _module_preset=\u00a0\u00bbdefault\u00a0\u00bb background_color=\u00a0\u00bb#f1f3f4&Prime; custom_margin=\u00a0\u00bb0px||0px||true|false\u00a0\u00bb custom_padding=\u00a0\u00bb0px||0px||true|false\u00a0\u00bb animation_style=\u00a0\u00bbfade\u00a0\u00bb da_popup_slug=\u00a0\u00bbadelus\u00a0\u00bb da_disable_devices=\u00a0\u00bboff|off|off\u00a0\u00bb global_colors_info=\u00a0\u00bb{}\u00a0\u00bb da_is_popup=\u00a0\u00bboff\u00a0\u00bb da_exit_intent=\u00a0\u00bboff\u00a0\u00bb da_has_close=\u00a0\u00bbon\u00a0\u00bb da_alt_close=\u00a0\u00bboff\u00a0\u00bb da_dark_close=\u00a0\u00bboff\u00a0\u00bb da_not_modal=\u00a0\u00bbon\u00a0\u00bb da_is_singular=\u00a0\u00bboff\u00a0\u00bb da_with_loader=\u00a0\u00bboff\u00a0\u00bb da_has_shadow=\u00a0\u00bbon\u00a0\u00bb][et_pb_row custom_padding_last_edited=\u00a0\u00bbon|phone\u00a0\u00bb _builder_version=\u00a0\u00bb4.27.4&Prime; _module_preset=\u00a0\u00bbdefault\u00a0\u00bb background_color=\u00a0\u00bb#FFFFFF\u00a0\u00bb width_tablet=\u00a0\u00bb\u00a0\u00bb width_phone=\u00a0\u00bb95%\u00a0\u00bb width_last_edited=\u00a0\u00bbon|phone\u00a0\u00bb custom_padding=\u00a0\u00bb|33px||33px|false|true\u00a0\u00bb custom_padding_tablet=\u00a0\u00bb\u00a0\u00bb custom_padding_phone=\u00a0\u00bb|10px||10px|false|true\u00a0\u00bb global_colors_info=\u00a0\u00bb{}\u00a0\u00bb][et_pb_column type=\u00a0\u00bb4_4&Prime; _builder_version=\u00a0\u00bb4.21.0&Prime; _module_preset=\u00a0\u00bbdefault\u00a0\u00bb global_colors_info=\u00a0\u00bb{}\u00a0\u00bb][et_pb_text _builder_version=\u00a0\u00bb4.21.0&Prime; _module_preset=\u00a0\u00bbdefault\u00a0\u00bb custom_margin=\u00a0\u00bb||10px||false|false\u00a0\u00bb global_colors_info=\u00a0\u00bb{}\u00a0\u00bb]<\/p>\n<h1 class=\"uk-article-title\">Aur\u00e9lie Mongis<\/h1>\n<p>[\/et_pb_text][et_pb_text _builder_version=\u00a0\u00bb4.25.2&Prime; _module_preset=\u00a0\u00bbdefault\u00a0\u00bb text_orientation=\u00a0\u00bbjustified\u00a0\u00bb global_colors_info=\u00a0\u00bb{}\u00a0\u00bb]<\/p>\n<div class=\"article-content\">\n<div class=\"article-content\">\n<p><img loading=\"lazy\" decoding=\"async\" src=\"http:\/\/wptestkevin.ovh\/.Dev\/wp-content\/uploads\/2024\/06\/a.mongis.jpg\" alt=\"aur\u00e9lie-mongis\" width=\"200\" height=\"231\" \/><\/p>\n<p style=\"text-align: justify;\"><span style=\"color: #2271b1;\"><strong>Aur\u00e9lie Mongis<\/strong><\/span> a \u00e9t\u00e9 <em>Charg\u00e9e de mission Culture et Handicap<\/em> pour la Ville de Tours de 2004 \u00e0 2013. \u00c0 ce titre, elle a initi\u00e9 et accompagn\u00e9 de nombreux projets participant \u00e0 l&rsquo;accessibilit\u00e9 de la culture aux personnes en situation de handicap. Sa mission, alors unique en France dans le secteur territorial, lui a donn\u00e9 l&rsquo;occasion d&rsquo;animer de nombreux groupes de r\u00e9flexion sur les bonnes pratiques en mati\u00e8re d&rsquo;adaptation de l&rsquo;offre culturelle aux publics en situation de handicap souvent \u00ab \u00e9loign\u00e9s \u00bb de la culture, et de t\u00e9moigner des r\u00e9alisations, tout en maintenant une veille attentive sur les usages en France et \u00e0 l&rsquo;international.<\/p>\n<p style=\"text-align: justify;\"><span style=\"color: #2271b1;\"><strong>Aur\u00e9lie Mongis<\/strong><\/span> est r\u00e9guli\u00e8rement consult\u00e9e pour diagnostiquer la qualit\u00e9 d&rsquo;accessibilit\u00e9 d&rsquo;une offre culturelle, envisag\u00e9e dans une perspective globale : acc\u00e8s au lieu, au contenu culturel, \u00e0 l&rsquo;information, \u00e0 la qualit\u00e9 d&rsquo;accueil. Elle intervient r\u00e9guli\u00e8rement sur ces questions aupr\u00e8s de personnels du champ culturel et dans d\u2019autres domaines, pour des actions de formation, de sensibilisation et de conseil dans le secteur associatif et pour des collectivit\u00e9s territoriales.<\/p>\n<p style=\"text-align: justify;\">Elle a \u00e9galement accompagn\u00e9 de nombreux projets culturels ( aide \u00e0 la diffusion, conseil \u00e0 la communication, cr\u00e9ation de partenariats ) dans le cadre de ses fonctions au sein de la <em>Maison des Associations Culturelles<\/em> ( Ville de Tours ) et pour divers festivals musicaux. <span style=\"color: #2271b1;\"><strong>Aur\u00e9lie Mongis<\/strong><\/span>\u00a0est dipl\u00f4m\u00e9e en sciences humaines ( <em>Master II Musique et musicologie sp\u00e9cialis\u00e9 en ethnomusicologie,<\/em> 2003, et <em>Master II Administration des Entreprises<\/em>, 2004). Elle b\u00e9n\u00e9ficie \u00e0 ce titre d&rsquo;exp\u00e9riences vari\u00e9es dans les champs de l&rsquo;anthropologie de terrain ( publication 2011 : <em>Le Chant du Masque<\/em> ; interventions lors de rencontres et expos\u00e9s de recherche ), de la pratique et de l\u2019enseignement de la musique ( fl\u00fbte traversi\u00e8re, FM, chorale d\u2019enfants en \u00e9cole de musiques associatives et en coll\u00e8ge \u2013 trois ann\u00e9es de vacation pour l\u2019<em>Education Nationale<\/em> ), et de la gestion culturelle dans le secteur priv\u00e9.<\/p>\n<p style=\"text-align: justify;\"><span style=\"color: #2271b1;\"><strong>Aur\u00e9lie Mongis<\/strong><\/span> est actuellement Conseill\u00e8re au d\u00e9veloppement culturel au Conseil D\u00e9partemental d&rsquo;Indre-et-Loire, o\u00f9 elle est en charge de l\u2019enseignement artistique sp\u00e9cialis\u00e9, de l\u2019<em>Education Artistique et Culturelle (EAC)<\/em>, de la musique et de la danse. Agent territorial depuis presque vingt ans, elle appr\u00e9hende particuli\u00e8rement bien les enjeux et les particularit\u00e9s li\u00e9s \u00e0 l\u2019accueil et \u00e0 l\u2019offre culturelle dans le contexte du service public auquel elle est attach\u00e9e.<\/p>\n<p style=\"text-align: justify;\">\u00c0 l&rsquo;AGECIF, <span style=\"color: #2271b1;\"><strong>Aur\u00e9lie Mongis<\/strong><\/span>\u00a0intervient comme formatrice sur les questions relevant de l&rsquo;inclusion des personnes en situation de handicap dans la soci\u00e9t\u00e9. Soucieuse de participer au changement de regard port\u00e9 sur le handicap et en veille constante sur les outils facilitateurs et les bonnes pratiques en ce domaine, elle m\u00e8ne des sessions \u00e0 l\u2019adresse des personnels charg\u00e9s de l&rsquo;accueil dans les <em>ERP (\u00e9tablissements recevant du public)<\/em> de tous secteurs. Elle accompagne particuli\u00e8rement les charg\u00e9s des publics, m\u00e9diateurs et p\u00e9dagogues des structures culturelles (mus\u00e9es, salles de spectacle, biblioth\u00e8ques, cin\u00e9mas, conservatoires, centres socio-culturels&#8230;) dans leurs projets d\u2019actions culturelles inclusives. Etant r\u00e9guli\u00e8rement intervenue pour des formations dans des lieux de patrimoine (monuments nationaux, ch\u00e2teaux priv\u00e9s d\u00e9veloppant une offre touristique\u2026), nourrie par ses exp\u00e9riences de terrain dans le secteur ( premi\u00e8res exp\u00e9riences professionnelles en <em>HCR &#8211; h\u00f4tellerie, restauration et promotion de parcs de loisirs<\/em> ), et ses nombreux voyages, elle a d\u00e9velopp\u00e9 un regard et une compr\u00e9hension des enjeux et des m\u00e9tiers de l&rsquo;accueil de la client\u00e8le, domaine pour lequel elle intervient \u00e9galement \u00e0 l&rsquo;AGECIF.<\/p>\n<p style=\"text-align: justify;\">A la demande de l\u2018AGECIF, <span style=\"color: #2271b1;\"><strong>Aur\u00e9lie Mongis<\/strong><\/span>\u00a0a con\u00e7u une formation permettant aux professionnels issus de structures de tous secteurs et de toutes tailles ( <em>public et priv\u00e9, organismes de formation, CFA, \u00e9tablissements de sant\u00e9, s\u00e9curit\u00e9, commerces, industries, associations culturelles\u2026<\/em>) d\u2019amorcer ou de prolonger leur r\u00e9flexion sur leur positionnement en tant que (futur) <em>R\u00e9f\u00e9rent Handicap<\/em> de leur entreprise ou de leur collectivit\u00e9.<\/p>\n<p style=\"text-align: justify;\"><span><strong><br \/><\/strong><\/span><span style=\"color: #2271b1;\"><strong>Bibliographie :<\/strong><\/span><\/p>\n<p style=\"text-align: justify;\"><em>Le Chant du Masque, une enqu\u00eate ethnomusicologique chez les W\u00e8 de C\u00f4te d&rsquo;Ivoire.<\/em> Paris, L&rsquo;Harmattan 2011.<\/p>\n<p style=\"text-align: justify;\"><span>Interview d&rsquo;Aur\u00e9lie Mongis<\/span> :<em>\u00a0\u00a0<a href=\"https:\/\/artconseils.wordpress.com\/2017\/05\/10\/musees-expositions-laccessibilite-a-la-culture-des-publics-en-situation-de-handicap\/\" target=\"_blank\" rel=\"noopener\">Mus\u00e9es, expositions\u2026 L\u2019accessibilit\u00e9 \u00e0 la culture des publics en situation de handicap<\/a><\/em><\/p>\n<p style=\"text-align: justify;\"><span><strong><br \/><\/strong><\/span><span style=\"color: #2271b1;\"><strong>Quelques r\u00e9f\u00e9rences (structures form\u00e9es en intra), depuis 2014 :<\/strong><\/span><\/p>\n<p style=\"text-align: justify;\"><span>Mus\u00e9es, lieux de patrimoine et tourisme<\/span> :<em> Ch\u00e2teau de Fontainebleau ; Ch\u00e2teau de Chambord ; DGAP \u2013 Minist\u00e8re de la Culture ; Mus\u00e9es des Egouts ; Mus\u00e9es des Arts et de l\u2019Histoire du Juda\u00efsme, Ch\u00e2teau de Bl\u00e9rancourt, Fondation Dosne-Thiers, association du personnel scientifique des Mus\u00e9es de la R\u00e9gion Centre ; RMN R\u00e9union des Monuments Nationaux, Mus\u00e9es de l\u2019agglom\u00e9ration du Niortais, Ecole Nationale du Louvre, Offices de Tourisme Centre Val de Loire, Pays de la Loire&#8230;<\/em><\/p>\n<p style=\"text-align: justify;\"><strong>Sc\u00e8nes et festivals de musiques actuelles :<\/strong><em> La Paloma ; L\u2019A\u00e9ronef ; Le Grand Mix ; les 4 Ecluses, Papillons de Nuit ; La Car\u00e8ne ; le Gueulard Plus ; FRACA-MA<br \/><\/em><br \/><strong>Spectacle vivant :<\/strong><em> Les Folies Berg\u00e8res ; Th\u00e9\u00e2tre des Champs Elys\u00e9es ; Palais des Glaces ; Casino de Paris ; La Gait\u00e9 Lyrique ; La Com\u00e9die Fran\u00e7aise ; Th\u00e9\u00e2tre Chaillot ; Od\u00e9on ; Th\u00e9\u00e2tre Ath\u00e9n\u00e9e \u2013 Louis Jouvet ; Th\u00e9\u00e2tre National de Strasbourg ; Th\u00e9\u00e2tre Paul Eluard Bezons ; Le Quartz Brest ; Centre National des Arts du Cirque Ch\u00e2lons-en-Champagne ; Sc\u00e8ne Nationale de Dieppe ; Biennale \/ Maison de la Danse Lyon ; Centre chor\u00e9graphique National de Tours ; CCN Le Phare Brest ; Maison de la Musique Nanterre ; festival Tinta\u2019Mars Langres<\/em><\/p>\n<p style=\"text-align: justify;\"><em> <\/em><em><\/em><strong>Cin\u00e9ma :\u00a0<\/strong><em>R\u00e9seaux MK2, Cin\u00e9mas 93\u2026<\/em><\/p>\n<p style=\"text-align: justify;\"><strong>Biblioth\u00e8ques, m\u00e9diath\u00e8ques :<\/strong><em> Biblioth\u00e8ques d\u00e9partementales publiques (BDP)de Charente, des Vosges, d\u2019Alsace, de l\u2019Aisne ; Biblioth\u00e8ques municipales, universitaires : Limoges, Poitiers, Tours ; Archives Nationales\u2026<\/em><\/p>\n<p style=\"text-align: justify;\"><em> <\/em><em><\/em><strong>Ecoles de musique :\u00a0<\/strong><em>du Pays d\u2019Aix, Bretagne, Nantes, Paris, agents territoriaux d\u2019enseignement artistique sp\u00e9cialis\u00e9\u2026<\/em><\/p>\n<p style=\"text-align: justify;\"><em> <\/em><em><\/em><strong>Secteur de l\u2019animation et Agences de d\u00e9veloppement culturel :<\/strong> <em>IDDAC \u2013 Institut D\u00e9partemental de D\u00e9veloppement Artistique et Culturel Gironde ; M\u00e9tiers Culture, ITS (Institut des Travailleurs sociaux) ; Ligue de l\u2019Enseignement ; Centres Socio-culturels L\u00e9o Lagrange ;Le Patio centre d&rsquo;initiation aux Arts de Morlaix ; Ville-d\u2019Armenti\u00e8res (animateurs), Ville d&rsquo;Argenteuil (b\u00e9n\u00e9voles des associations locales)\u2026<\/em><\/p>\n<p style=\"text-align: justify;\"><em> <\/em><em><\/em><strong>Autres secteurs :\u00a0<\/strong><em>Villes de Clichy, St Cloud, Communaut\u00e9 d\u2019agglom\u00e9ration Est Ensemble, Conseil R\u00e9gional de Normandie (lyc\u00e9es et services administratifs) ; Chartres M\u00e9tropole ; Assembl\u00e9e Nationale ; Mutuelle MSA ; H\u00f4tels Mercure groupe Accor ; G\u00e9oreva ; S\u00e9curitas ;Maison du dioc\u00e8se d\u2019Annecy ; Centre Hospitaliers Avranches-Granville ; Clinique du Libournais ; Chambre des M\u00e9tiers et de l\u2019Artisanat ; Centre de Formation des Apprentis H\u00f4tellerie Restauration Chartres ; Institut pour d\u00e9ficients visuels Paul et Liliane Guinot ; Ecole Nationale des Fleuristes&#8230;<\/em><\/p>\n<\/div>\n<\/div>\n<p>[\/et_pb_text][\/et_pb_column][\/et_pb_row][et_pb_row column_structure=\u00a0\u00bb3_5,2_5&Prime; _builder_version=\u00a0\u00bb4.21.0&Prime; _module_preset=\u00a0\u00bbdefault\u00a0\u00bb global_colors_info=\u00a0\u00bb{}\u00a0\u00bb][et_pb_column type=\u00a0\u00bb3_5&Prime; _builder_version=\u00a0\u00bb4.21.0&Prime; _module_preset=\u00a0\u00bbdefault\u00a0\u00bb global_colors_info=\u00a0\u00bb{}\u00a0\u00bb][\/et_pb_column][et_pb_column type=\u00a0\u00bb2_5&Prime; _builder_version=\u00a0\u00bb4.21.0&Prime; _module_preset=\u00a0\u00bbdefault\u00a0\u00bb global_colors_info=\u00a0\u00bb{}\u00a0\u00bb][et_pb_text _builder_version=\u00a0\u00bb4.21.0&Prime; _module_preset=\u00a0\u00bbdefault\u00a0\u00bb text_orientation=\u00a0\u00bbcenter\u00a0\u00bb custom_padding=\u00a0\u00bb10px||10px||true|false\u00a0\u00bb border_width_all=\u00a0\u00bb1px\u00a0\u00bb border_color_all=\u00a0\u00bb#d8d8d8&Prime; global_colors_info=\u00a0\u00bb{}\u00a0\u00bb]<\/p>\n<p>[lmt-post-modified-info]<\/p>\n<p>[\/et_pb_text][\/et_pb_column][\/et_pb_row][\/et_pb_section]<\/p>\n","protected":false},"excerpt":{"rendered":"<p>Aur\u00e9lie Mongis Aur\u00e9lie Mongis a \u00e9t\u00e9 Charg\u00e9e de mission Culture et Handicap pour la Ville de Tours de 2004 \u00e0 2013. \u00c0 ce titre, elle a initi\u00e9 et accompagn\u00e9 de nombreux projets participant \u00e0 l&rsquo;accessibilit\u00e9 de la culture aux personnes en situation de handicap. Sa mission, alors unique en France dans le secteur territorial, lui [&hellip;]<\/p>\n","protected":false},"author":1,"featured_media":0,"parent":0,"menu_order":0,"comment_status":"closed","ping_status":"closed","template":"","meta":{"_et_pb_use_builder":"on","_et_pb_old_content":"","_et_gb_content_width":"","footnotes":""},"class_list":["post-8232","page","type-page","status-publish","hentry"],"_links":{"self":[{"href":"https:\/\/wptestkevin.ovh\/.Dev\/wp-json\/wp\/v2\/pages\/8232","targetHints":{"allow":["GET"]}}],"collection":[{"href":"https:\/\/wptestkevin.ovh\/.Dev\/wp-json\/wp\/v2\/pages"}],"about":[{"href":"https:\/\/wptestkevin.ovh\/.Dev\/wp-json\/wp\/v2\/types\/page"}],"author":[{"embeddable":true,"href":"https:\/\/wptestkevin.ovh\/.Dev\/wp-json\/wp\/v2\/users\/1"}],"replies":[{"embeddable":true,"href":"https:\/\/wptestkevin.ovh\/.Dev\/wp-json\/wp\/v2\/comments?post=8232"}],"version-history":[{"count":4,"href":"https:\/\/wptestkevin.ovh\/.Dev\/wp-json\/wp\/v2\/pages\/8232\/revisions"}],"predecessor-version":[{"id":8239,"href":"https:\/\/wptestkevin.ovh\/.Dev\/wp-json\/wp\/v2\/pages\/8232\/revisions\/8239"}],"wp:attachment":[{"href":"https:\/\/wptestkevin.ovh\/.Dev\/wp-json\/wp\/v2\/media?parent=8232"}],"curies":[{"name":"wp","href":"https:\/\/api.w.org\/{rel}","templated":true}]}}