{"id":8224,"date":"2025-04-01T12:52:21","date_gmt":"2025-04-01T10:52:21","guid":{"rendered":"https:\/\/wptestkevin.ovh\/.Dev\/?page_id=8224"},"modified":"2025-04-01T12:53:27","modified_gmt":"2025-04-01T10:53:27","slug":"isabelle-meunier-besin","status":"publish","type":"page","link":"https:\/\/wptestkevin.ovh\/.Dev\/isabelle-meunier-besin\/","title":{"rendered":"Isabelle MEUNIER-BESIN"},"content":{"rendered":"<p>[et_pb_section fb_built=\u00a0\u00bb1&Prime; admin_label=\u00a0\u00bbSection\u00a0\u00bb module_id=\u00a0\u00bbadelus\u00a0\u00bb _builder_version=\u00a0\u00bb4.27.4&Prime; _module_preset=\u00a0\u00bbdefault\u00a0\u00bb background_color=\u00a0\u00bb#f1f3f4&Prime; custom_margin=\u00a0\u00bb0px||0px||true|false\u00a0\u00bb custom_padding=\u00a0\u00bb0px||0px||true|false\u00a0\u00bb animation_style=\u00a0\u00bbfade\u00a0\u00bb da_popup_slug=\u00a0\u00bbadelus\u00a0\u00bb da_disable_devices=\u00a0\u00bboff|off|off\u00a0\u00bb global_colors_info=\u00a0\u00bb{}\u00a0\u00bb da_is_popup=\u00a0\u00bboff\u00a0\u00bb da_exit_intent=\u00a0\u00bboff\u00a0\u00bb da_has_close=\u00a0\u00bbon\u00a0\u00bb da_alt_close=\u00a0\u00bboff\u00a0\u00bb da_dark_close=\u00a0\u00bboff\u00a0\u00bb da_not_modal=\u00a0\u00bbon\u00a0\u00bb da_is_singular=\u00a0\u00bboff\u00a0\u00bb da_with_loader=\u00a0\u00bboff\u00a0\u00bb da_has_shadow=\u00a0\u00bbon\u00a0\u00bb][et_pb_row custom_padding_last_edited=\u00a0\u00bbon|phone\u00a0\u00bb _builder_version=\u00a0\u00bb4.27.4&Prime; _module_preset=\u00a0\u00bbdefault\u00a0\u00bb background_color=\u00a0\u00bb#FFFFFF\u00a0\u00bb width_tablet=\u00a0\u00bb\u00a0\u00bb width_phone=\u00a0\u00bb95%\u00a0\u00bb width_last_edited=\u00a0\u00bbon|phone\u00a0\u00bb custom_padding=\u00a0\u00bb|33px||33px|false|true\u00a0\u00bb custom_padding_tablet=\u00a0\u00bb\u00a0\u00bb custom_padding_phone=\u00a0\u00bb|10px||10px|false|true\u00a0\u00bb global_colors_info=\u00a0\u00bb{}\u00a0\u00bb][et_pb_column type=\u00a0\u00bb4_4&Prime; _builder_version=\u00a0\u00bb4.21.0&Prime; _module_preset=\u00a0\u00bbdefault\u00a0\u00bb global_colors_info=\u00a0\u00bb{}\u00a0\u00bb][et_pb_text _builder_version=\u00a0\u00bb4.21.0&Prime; _module_preset=\u00a0\u00bbdefault\u00a0\u00bb custom_margin=\u00a0\u00bb||10px||false|false\u00a0\u00bb global_colors_info=\u00a0\u00bb{}\u00a0\u00bb]<\/p>\n<h1>Isabelle Meunier-Besin<\/h1>\n<p>[\/et_pb_text][et_pb_text _builder_version=\u00a0\u00bb4.25.2&Prime; _module_preset=\u00a0\u00bbdefault\u00a0\u00bb text_orientation=\u00a0\u00bbjustified\u00a0\u00bb global_colors_info=\u00a0\u00bb{}\u00a0\u00bb]<\/p>\n<p><img loading=\"lazy\" decoding=\"async\" class=\"wp-image-905 alignnone size-full\" src=\"http:\/\/wptestkevin.ovh\/.Dev\/wp-content\/uploads\/2024\/06\/i-meunier-besin.jpg\" alt=\"\" width=\"180\" height=\"178\" \/><\/p>\n<p style=\"text-align: justify;\"><span style=\"color: #2271b1;\"><strong>Isabelle Meunier-Besin<\/strong><\/span> est une \u00ab juriste de terrain \u00bb, responsable d\u2019un service de n\u00e9gociation de contrats entre auteurs et producteurs audiovisuels (cin\u00e9ma, t\u00e9l\u00e9, web) au sein d\u2019un organisme de gestion collective de droits d\u2019auteurs (SACD).<\/p>\n<p style=\"text-align: justify;\">A ce titre, <span style=\"color: #2271b1;\"><strong>Isabelle Meunier-Besin<\/strong><\/span> partage son activit\u00e9 professionnelle entre le management, le conseil aux auteurs, la n\u00e9gociation des contrats de cession de droits et la formation des jeunes auteurs aux probl\u00e9matiques de propri\u00e9t\u00e9 litt\u00e9raire et artistique.<\/p>\n<p style=\"text-align: justify;\"><span style=\"color: #2271b1;\"><strong>Isabelle Meunier-Besin<\/strong><\/span> intervient r\u00e9guli\u00e8rement dans les \u00e9coles formant les futurs cr\u00e9ateurs audiovisuels (sc\u00e9naristes, r\u00e9alisateurs\u2026). Isabelle Meunier-Besin a par ailleurs occup\u00e9 diff\u00e9rents postes \u00e0 dominante juridique dans le domaine du spectacle vivant et de la musique.<\/p>\n<p style=\"text-align: justify;\"><span style=\"color: #2271b1;\"><strong>Isabelle Meunier-Besin<\/strong><\/span> a particip\u00e9 \u00e0 l\u2019ouvrage collectif \u00ab <em>Mise en sc\u00e8ne et droits d&rsquo;auteur : Libert\u00e9 de cr\u00e9ation sc\u00e9nique et respect de l\u2019\u0153uvre dramatique<\/em> \u00bb sous la direction de Sophie Proust, publi\u00e9 en janvier 2012 par les <em>Editions Entretemps<\/em> (coll : champs th\u00e9\u00e2tral).<\/p>\n<p style=\"text-align: justify;\"><span style=\"color: #2271b1;\"><strong>Isabelle Meunier-Besin<\/strong><\/span> est par ailleurs m\u00e9diatrice professionnelle et intervient principalement en mati\u00e8re de r\u00e9solution de conflits dans le secteur culturel.<\/p>\n<p>[\/et_pb_text][\/et_pb_column][\/et_pb_row][et_pb_row column_structure=\u00a0\u00bb3_5,2_5&Prime; _builder_version=\u00a0\u00bb4.21.0&Prime; _module_preset=\u00a0\u00bbdefault\u00a0\u00bb global_colors_info=\u00a0\u00bb{}\u00a0\u00bb][et_pb_column type=\u00a0\u00bb3_5&Prime; _builder_version=\u00a0\u00bb4.21.0&Prime; _module_preset=\u00a0\u00bbdefault\u00a0\u00bb global_colors_info=\u00a0\u00bb{}\u00a0\u00bb][\/et_pb_column][et_pb_column type=\u00a0\u00bb2_5&Prime; _builder_version=\u00a0\u00bb4.21.0&Prime; _module_preset=\u00a0\u00bbdefault\u00a0\u00bb global_colors_info=\u00a0\u00bb{}\u00a0\u00bb][et_pb_text _builder_version=\u00a0\u00bb4.21.0&Prime; _module_preset=\u00a0\u00bbdefault\u00a0\u00bb text_orientation=\u00a0\u00bbcenter\u00a0\u00bb custom_padding=\u00a0\u00bb10px||10px||true|false\u00a0\u00bb border_width_all=\u00a0\u00bb1px\u00a0\u00bb border_color_all=\u00a0\u00bb#d8d8d8&Prime; global_colors_info=\u00a0\u00bb{}\u00a0\u00bb]<\/p>\n<p>[lmt-post-modified-info]<\/p>\n<p>[\/et_pb_text][\/et_pb_column][\/et_pb_row][\/et_pb_section]<\/p>\n","protected":false},"excerpt":{"rendered":"<p>Isabelle Meunier-Besin Isabelle Meunier-Besin est une \u00ab juriste de terrain \u00bb, responsable d\u2019un service de n\u00e9gociation de contrats entre auteurs et producteurs audiovisuels (cin\u00e9ma, t\u00e9l\u00e9, web) au sein d\u2019un organisme de gestion collective de droits d\u2019auteurs (SACD). A ce titre, Isabelle Meunier-Besin partage son activit\u00e9 professionnelle entre le management, le conseil aux auteurs, la n\u00e9gociation [&hellip;]<\/p>\n","protected":false},"author":1,"featured_media":0,"parent":0,"menu_order":0,"comment_status":"closed","ping_status":"closed","template":"","meta":{"_et_pb_use_builder":"on","_et_pb_old_content":"","_et_gb_content_width":"","footnotes":""},"class_list":["post-8224","page","type-page","status-publish","hentry"],"_links":{"self":[{"href":"https:\/\/wptestkevin.ovh\/.Dev\/wp-json\/wp\/v2\/pages\/8224","targetHints":{"allow":["GET"]}}],"collection":[{"href":"https:\/\/wptestkevin.ovh\/.Dev\/wp-json\/wp\/v2\/pages"}],"about":[{"href":"https:\/\/wptestkevin.ovh\/.Dev\/wp-json\/wp\/v2\/types\/page"}],"author":[{"embeddable":true,"href":"https:\/\/wptestkevin.ovh\/.Dev\/wp-json\/wp\/v2\/users\/1"}],"replies":[{"embeddable":true,"href":"https:\/\/wptestkevin.ovh\/.Dev\/wp-json\/wp\/v2\/comments?post=8224"}],"version-history":[{"count":4,"href":"https:\/\/wptestkevin.ovh\/.Dev\/wp-json\/wp\/v2\/pages\/8224\/revisions"}],"predecessor-version":[{"id":8231,"href":"https:\/\/wptestkevin.ovh\/.Dev\/wp-json\/wp\/v2\/pages\/8224\/revisions\/8231"}],"wp:attachment":[{"href":"https:\/\/wptestkevin.ovh\/.Dev\/wp-json\/wp\/v2\/media?parent=8224"}],"curies":[{"name":"wp","href":"https:\/\/api.w.org\/{rel}","templated":true}]}}