{"id":8215,"date":"2025-04-01T12:48:37","date_gmt":"2025-04-01T10:48:37","guid":{"rendered":"https:\/\/wptestkevin.ovh\/.Dev\/?page_id=8215"},"modified":"2025-04-30T13:58:36","modified_gmt":"2025-04-30T11:58:36","slug":"lea-massare-di-duca","status":"publish","type":"page","link":"https:\/\/wptestkevin.ovh\/.Dev\/lea-massare-di-duca\/","title":{"rendered":"L\u00e9a MASSAR\u00c9 DI DUCA"},"content":{"rendered":"<p>[et_pb_section fb_built=\u00a0\u00bb1&Prime; admin_label=\u00a0\u00bbSection\u00a0\u00bb module_id=\u00a0\u00bbadelus\u00a0\u00bb _builder_version=\u00a0\u00bb4.27.4&Prime; _module_preset=\u00a0\u00bbdefault\u00a0\u00bb background_color=\u00a0\u00bb#f1f3f4&Prime; custom_margin=\u00a0\u00bb0px||0px||true|false\u00a0\u00bb custom_padding=\u00a0\u00bb0px||0px||true|false\u00a0\u00bb animation_style=\u00a0\u00bbfade\u00a0\u00bb da_popup_slug=\u00a0\u00bbadelus\u00a0\u00bb da_disable_devices=\u00a0\u00bboff|off|off\u00a0\u00bb global_colors_info=\u00a0\u00bb{}\u00a0\u00bb da_is_popup=\u00a0\u00bboff\u00a0\u00bb da_exit_intent=\u00a0\u00bboff\u00a0\u00bb da_has_close=\u00a0\u00bbon\u00a0\u00bb da_alt_close=\u00a0\u00bboff\u00a0\u00bb da_dark_close=\u00a0\u00bboff\u00a0\u00bb da_not_modal=\u00a0\u00bbon\u00a0\u00bb da_is_singular=\u00a0\u00bboff\u00a0\u00bb da_with_loader=\u00a0\u00bboff\u00a0\u00bb da_has_shadow=\u00a0\u00bbon\u00a0\u00bb][et_pb_row custom_padding_last_edited=\u00a0\u00bbon|phone\u00a0\u00bb _builder_version=\u00a0\u00bb4.27.4&Prime; _module_preset=\u00a0\u00bbdefault\u00a0\u00bb background_color=\u00a0\u00bb#FFFFFF\u00a0\u00bb width_tablet=\u00a0\u00bb\u00a0\u00bb width_phone=\u00a0\u00bb95%\u00a0\u00bb width_last_edited=\u00a0\u00bbon|phone\u00a0\u00bb custom_padding=\u00a0\u00bb|33px||33px|false|true\u00a0\u00bb custom_padding_tablet=\u00a0\u00bb\u00a0\u00bb custom_padding_phone=\u00a0\u00bb|10px||10px|false|true\u00a0\u00bb global_colors_info=\u00a0\u00bb{}\u00a0\u00bb][et_pb_column type=\u00a0\u00bb4_4&Prime; _builder_version=\u00a0\u00bb4.21.0&Prime; _module_preset=\u00a0\u00bbdefault\u00a0\u00bb global_colors_info=\u00a0\u00bb{}\u00a0\u00bb][et_pb_text _builder_version=\u00a0\u00bb4.21.0&Prime; _module_preset=\u00a0\u00bbdefault\u00a0\u00bb custom_margin=\u00a0\u00bb||10px||false|false\u00a0\u00bb global_colors_info=\u00a0\u00bb{}\u00a0\u00bb]<\/p>\n<h1 class=\"uk-article-title\">L\u00e9a Massar\u00e9 Di Duca<\/h1>\n<p>[\/et_pb_text][et_pb_text _builder_version=\u00a0\u00bb4.27.4&Prime; _module_preset=\u00a0\u00bbdefault\u00a0\u00bb text_orientation=\u00a0\u00bbjustified\u00a0\u00bb hover_enabled=\u00a0\u00bb0&Prime; global_colors_info=\u00a0\u00bb{}\u00a0\u00bb sticky_enabled=\u00a0\u00bb0&Prime;]<\/p>\n<p><strong><span class=\"Apple-style-span\"><img loading=\"lazy\" decoding=\"async\" src=\"http:\/\/wptestkevin.ovh\/.Dev\/wp-content\/uploads\/2024\/06\/lea.png\" alt=\"l\u00e9a-massar\u00e9-di-duca\" width=\"231\" height=\"166\" \/><\/span><\/strong><\/p>\n<p class=\"gmail-\">\u00c0 l\u2019issue d\u2019\u00e9tudes de lettres et dipl\u00f4m\u00e9e de <i>l\u2019EDHEC Business School<\/i>, <span style=\"color: #2271b1;\"><strong>L\u00e9a Massar\u00e9 Di Duca<\/strong><\/span> s\u2019engage dans l\u2019entrepreneuriat et devient une pionni\u00e8re en France, reconnue \u00e0 l\u2019international dans le domaine des tiers-lieux. Bien avant que leur potentiel ne soit largement reconnu, elle contribue \u00e0 faire \u00e9merger cette notion dans l\u2019opinion publique.<o:p><\/o:p><\/p>\n<p class=\"gmail-\">Si de nombreux sp\u00e9cialistes s\u2019\u00e9taient d\u00e9j\u00e0 int\u00e9ress\u00e9s \u00e0 ces espaces, c\u2019est \u00e0 travers <i>Wide Open Project<\/i>, un voyage de recherche de deux ans, qu\u2019elle analyse les pratiques \u00e9mergentes, identifie les pr\u00e9curseurs et met en lumi\u00e8re les dynamiques \u00e0 l\u2019\u0153uvre dans ces lieux collaboratifs \u00e0 l&rsquo;\u00e9chelle internationale. Cette initiative donne naissance \u00e0 <i>l&rsquo;agence Wide Open Project<\/i>, qui accompagne les institutions et acteurs dans leurs projets de transformation.<o:p><\/o:p><\/p>\n<p class=\"gmail-\">Sur le terrain, <span style=\"color: #2271b1;\"><strong>L\u00e9a Massar\u00e9 Di Duca<\/strong><\/span> cofonde<i> L&rsquo;Amarre<\/i> \u00e0 Toulon, premier tiers-lieu \u00e9cocitoyen, avant de rejoindre <i>Le Hameau Montrieux<\/i>. Elle y con\u00e7oit des programmes ouverts \u00e0 tous, centr\u00e9s sur la solidarit\u00e9, l\u2019intelligence collective, la transmission des savoirs et les dynamiques territoriales participatives.<o:p><\/o:p><\/p>\n<p class=\"gmail-\">Voix engag\u00e9e sur les enjeux soci\u00e9taux, <span style=\"color: #2271b1;\"><strong>L\u00e9a Massar\u00e9 Di Duca<\/strong><\/span> contribue \u00e0 \u00e9laborer des r\u00e9ponses sensibles et collectives aux d\u00e9fis contemporains.<\/p>\n<p><a href=\"http:\/\/linkedin.com\/in\/l%C3%A9a-massar%C3%A9-di-duca-50b38982\" target=\"_blank\" rel=\"noopener\">Profil LINKEDIN<\/a><\/p>\n<p><span style=\"color: #2271b1;\"><strong><br \/>LIENS<\/strong><\/span><\/p>\n<p><a href=\"http:\/\/wideopenproject.com\/media\/\">Site Web<\/a>\u00a0du Wide Open Project<\/p>\n<p><a href=\"https:\/\/www.lemonde.fr\/citynnovation\/article\/2018\/11\/02\/connecter-des-espaces-sans-personne-a-des-personnes-sans-espace_5378216_4811669.html#:~:text=les%20prochaines%20ann%C3%A9es.-,%C2%AB%20Connecter%20des%20espaces%20sans%20personne%20%C3%A0%20des%20personnes%20sans%20espace,d'un%20processus%20collectif%20%C2%BB.\">Tribune<\/a>\u00a0Le Monde \u00ab\u00a0Urbanisme Transitoire\u00a0\u00bb<\/p>\n<p><a href=\"https:\/\/www.ladn.eu\/archives\/innovation-positive\/\">Rubrique d\u00e9di\u00e9e<\/a>\u00a0dans le m\u00e9dia L\u2019ADN<\/p>\n<p><a href=\"https:\/\/hub-smartcity.com\/dossier\/le-tour-du-monde-des-tiers-lieux.html\">Dossier sp\u00e9cial<\/a>\u00a0dans Hub Smart City<\/p>\n<p><a href=\"https:\/\/www.facebook.com\/WidexOpen\/videos\/\">WebS\u00e9rie<\/a>\u00a0\u2013 Wide Open by Clipple<\/p>\n<p><a href=\"https:\/\/www.youtube.com\/watch?v=M8ijKgsjZzM&amp;index=21&amp;list=PLIv5HVo8FXCsOWZiVYgTdzJT_Z5L-Fhb1\">Interview<\/a>\u00a0et\u00a0<a href=\"https:\/\/www.youtube.com\/watch?v=Nd1a2fpKp28&amp;t=7s&amp;index=27&amp;list=PLIv5HVo8FXCuaBrF4KdxDvjE9lGQMKuR0\">Conf\u00e9rence<\/a>\u00a0World Forum 2018<\/p>\n<p><a href=\"https:\/\/www.placemakingx.org\/\">Site Web<\/a>\u00a0du r\u00e9seau PlaceMakingX<\/p>\n<p>[\/et_pb_text][\/et_pb_column][\/et_pb_row][et_pb_row column_structure=\u00a0\u00bb3_5,2_5&Prime; _builder_version=\u00a0\u00bb4.21.0&Prime; _module_preset=\u00a0\u00bbdefault\u00a0\u00bb global_colors_info=\u00a0\u00bb{}\u00a0\u00bb][et_pb_column type=\u00a0\u00bb3_5&Prime; _builder_version=\u00a0\u00bb4.21.0&Prime; _module_preset=\u00a0\u00bbdefault\u00a0\u00bb global_colors_info=\u00a0\u00bb{}\u00a0\u00bb][\/et_pb_column][et_pb_column type=\u00a0\u00bb2_5&Prime; _builder_version=\u00a0\u00bb4.21.0&Prime; _module_preset=\u00a0\u00bbdefault\u00a0\u00bb global_colors_info=\u00a0\u00bb{}\u00a0\u00bb][et_pb_text _builder_version=\u00a0\u00bb4.21.0&Prime; _module_preset=\u00a0\u00bbdefault\u00a0\u00bb text_orientation=\u00a0\u00bbcenter\u00a0\u00bb custom_padding=\u00a0\u00bb10px||10px||true|false\u00a0\u00bb border_width_all=\u00a0\u00bb1px\u00a0\u00bb border_color_all=\u00a0\u00bb#d8d8d8&Prime; global_colors_info=\u00a0\u00bb{}\u00a0\u00bb]<\/p>\n<p>[lmt-post-modified-info]<\/p>\n<p>[\/et_pb_text][\/et_pb_column][\/et_pb_row][\/et_pb_section]<\/p>\n","protected":false},"excerpt":{"rendered":"<p>L\u00e9a Massar\u00e9 Di Duca \u00c0 l\u2019issue d\u2019\u00e9tudes de lettres et dipl\u00f4m\u00e9e de l\u2019EDHEC Business School, L\u00e9a Massar\u00e9 Di Duca s\u2019engage dans l\u2019entrepreneuriat et devient une pionni\u00e8re en France, reconnue \u00e0 l\u2019international dans le domaine des tiers-lieux. Bien avant que leur potentiel ne soit largement reconnu, elle contribue \u00e0 faire \u00e9merger cette notion dans l\u2019opinion publique. [&hellip;]<\/p>\n","protected":false},"author":1,"featured_media":0,"parent":0,"menu_order":0,"comment_status":"closed","ping_status":"closed","template":"","meta":{"_et_pb_use_builder":"on","_et_pb_old_content":"","_et_gb_content_width":"","footnotes":""},"class_list":["post-8215","page","type-page","status-publish","hentry"],"_links":{"self":[{"href":"https:\/\/wptestkevin.ovh\/.Dev\/wp-json\/wp\/v2\/pages\/8215","targetHints":{"allow":["GET"]}}],"collection":[{"href":"https:\/\/wptestkevin.ovh\/.Dev\/wp-json\/wp\/v2\/pages"}],"about":[{"href":"https:\/\/wptestkevin.ovh\/.Dev\/wp-json\/wp\/v2\/types\/page"}],"author":[{"embeddable":true,"href":"https:\/\/wptestkevin.ovh\/.Dev\/wp-json\/wp\/v2\/users\/1"}],"replies":[{"embeddable":true,"href":"https:\/\/wptestkevin.ovh\/.Dev\/wp-json\/wp\/v2\/comments?post=8215"}],"version-history":[{"count":6,"href":"https:\/\/wptestkevin.ovh\/.Dev\/wp-json\/wp\/v2\/pages\/8215\/revisions"}],"predecessor-version":[{"id":9162,"href":"https:\/\/wptestkevin.ovh\/.Dev\/wp-json\/wp\/v2\/pages\/8215\/revisions\/9162"}],"wp:attachment":[{"href":"https:\/\/wptestkevin.ovh\/.Dev\/wp-json\/wp\/v2\/media?parent=8215"}],"curies":[{"name":"wp","href":"https:\/\/api.w.org\/{rel}","templated":true}]}}