{"id":8201,"date":"2025-04-01T12:10:12","date_gmt":"2025-04-01T10:10:12","guid":{"rendered":"https:\/\/wptestkevin.ovh\/.Dev\/?page_id=8201"},"modified":"2025-04-01T12:37:41","modified_gmt":"2025-04-01T10:37:41","slug":"francois-lozet-parcours-detaille","status":"publish","type":"page","link":"https:\/\/wptestkevin.ovh\/.Dev\/francois-lozet-parcours-detaille\/","title":{"rendered":"Francois LOZET &#8211; Parcours d\u00e9taill\u00e9"},"content":{"rendered":"<p>[et_pb_section fb_built=\u00a0\u00bb1&Prime; admin_label=\u00a0\u00bbSection\u00a0\u00bb module_id=\u00a0\u00bbadelus\u00a0\u00bb _builder_version=\u00a0\u00bb4.27.4&Prime; _module_preset=\u00a0\u00bbdefault\u00a0\u00bb background_color=\u00a0\u00bb#f1f3f4&Prime; custom_margin=\u00a0\u00bb0px||0px||true|false\u00a0\u00bb custom_padding=\u00a0\u00bb0px||0px||true|false\u00a0\u00bb animation_style=\u00a0\u00bbfade\u00a0\u00bb da_popup_slug=\u00a0\u00bbadelus\u00a0\u00bb da_disable_devices=\u00a0\u00bboff|off|off\u00a0\u00bb global_colors_info=\u00a0\u00bb{}\u00a0\u00bb da_is_popup=\u00a0\u00bboff\u00a0\u00bb da_exit_intent=\u00a0\u00bboff\u00a0\u00bb da_has_close=\u00a0\u00bbon\u00a0\u00bb da_alt_close=\u00a0\u00bboff\u00a0\u00bb da_dark_close=\u00a0\u00bboff\u00a0\u00bb da_not_modal=\u00a0\u00bbon\u00a0\u00bb da_is_singular=\u00a0\u00bboff\u00a0\u00bb da_with_loader=\u00a0\u00bboff\u00a0\u00bb da_has_shadow=\u00a0\u00bbon\u00a0\u00bb][et_pb_row custom_padding_last_edited=\u00a0\u00bbon|phone\u00a0\u00bb _builder_version=\u00a0\u00bb4.27.4&Prime; _module_preset=\u00a0\u00bbdefault\u00a0\u00bb background_color=\u00a0\u00bb#FFFFFF\u00a0\u00bb width_tablet=\u00a0\u00bb\u00a0\u00bb width_phone=\u00a0\u00bb95%\u00a0\u00bb width_last_edited=\u00a0\u00bbon|phone\u00a0\u00bb custom_padding=\u00a0\u00bb|33px||33px|false|true\u00a0\u00bb custom_padding_tablet=\u00a0\u00bb\u00a0\u00bb custom_padding_phone=\u00a0\u00bb|10px||10px|false|true\u00a0\u00bb global_colors_info=\u00a0\u00bb{}\u00a0\u00bb][et_pb_column type=\u00a0\u00bb4_4&Prime; _builder_version=\u00a0\u00bb4.21.0&Prime; _module_preset=\u00a0\u00bbdefault\u00a0\u00bb global_colors_info=\u00a0\u00bb{}\u00a0\u00bb][et_pb_text _builder_version=\u00a0\u00bb4.27.4&Prime; _module_preset=\u00a0\u00bbdefault\u00a0\u00bb custom_margin=\u00a0\u00bb||10px||false|false\u00a0\u00bb global_colors_info=\u00a0\u00bb{}\u00a0\u00bb]<\/p>\n<h1>Francois LOZET &#8211; Parcours d\u00e9taill\u00e9<\/h1>\n<p>[\/et_pb_text][et_pb_text _builder_version=\u00a0\u00bb4.27.4&Prime; _module_preset=\u00a0\u00bbdefault\u00a0\u00bb text_orientation=\u00a0\u00bbjustified\u00a0\u00bb global_colors_info=\u00a0\u00bb{}\u00a0\u00bb]<\/p>\n<p><span style=\"color: #2271b1;\"><strong>Profil<\/strong><\/span><br \/>\nAuteur, sc\u00e9nariste de documentaires et courts-m\u00e9trages. Charg\u00e9 de cours \u00e0 Paris XIII (\u00e9criture web,design d\u2019interface et design sonore etc). R\u00e9f\u00e9rent de la Licence professionnelle Sc\u00e9naristes Nouveaux M\u00e9dias au Campus de la Fonderie de l\u2019Image. Formateur aux nouveaux m\u00e9dias, transm\u00e9dia et \u00e9criture web \u00e0 l\u2019Agecif, en d\u00e9veloppement de projets \u00e0 Harmoniques . Directeur artistique de la Compagnie Harpo.<\/p>\n<p><span style=\"color: #2271b1;\"><strong>Exp\u00e9riences<\/strong><\/span><br \/>\n2017-2018 : \u00c9criture de L\u2019instant partag\u00e9, essai sur les nouvelles pratiques de m\u00e9diations culturelles et artistiques, dont il tire \u00e0 la demande du Th\u00e9\u00e2tre national de Bordeaux-Aquitaine une conf\u00e9rence (en mai 2018). Conseiller artistique sur le disque Duos de Wasaburo. Publication (aux \u00e9ditions du Lion qui parle) de son livre Les voyages ordinaires (1), illustr\u00e9 par Laurindo Feliciano, o\u00f9 il traite notamment de son amour du lointain et de la culture et de la civilisation japonaise (sortie pr\u00e9vue \u00e0 l\u2019automne 2018, pr\u00e9commandes en ligne). Sortie du livre audio De la vie br\u00e8ve, de S\u00e9n\u00e8que, retraduit pour l\u2019occasion pour lequel il compose l\u2019univers sonore et dans lequel il est r\u00e9citant.<\/p>\n<p>2013-2016 : Conception et coordination de l\u2019op\u00e9ration transm\u00e9dia de m\u00e9diation culturelle pour le Th\u00e9\u00e2tre des Champs-Elys\u00e9es autour de l\u2019op\u00e9ra de Monteverdi Le retour d\u2019Ulysse dans sa patrie (cr\u00e9ation f\u00e9vrier 2017). Charg\u00e9 de mission FNEIJMA pour l\u2019organisation des rencontres des nouvelles p\u00e9dagogies musicales \u00e0 l\u2019\u00e8re du num\u00e9rique (Grande Halle de la Villette &#8211; Musicora f\u00e9vrier 2016). Mise en oeuvre, au Th\u00e9\u00e2tre-Studio d\u2019Alfortville, de formations pour auteurs-dramatiques, en partenariat avec le Collectif \u00abA mots D\u00e9couverts\u00bb. Directeur de production de la web-application d\u00e9velopp\u00e9e pour la DRAC Rh\u00f4ne-Alpes pour les journ\u00e9es europ\u00e9ennes du patrimoine. Membre du comit\u00e9 de perfectionnement des formations num\u00e9riques de l\u2019Universit\u00e9 de Paris XIII.<\/p>\n<p>Depuis 2008 : Charg\u00e9 de cours \u00e0 l\u2019Universit\u00e9 de Paris XIII \u2013 UFR des Sciences de la Communication \u2013 en Master (Design d\u2019Interface et Internet, Communication des entreprises, Innovation et communication) et Licence 3 : r\u00e9f\u00e9rent p\u00e9dagogique de la Licence Sc\u00e9nariste Nouveaux M\u00e9dias (en partenariat avec le Campus de la Fonderie de l\u2019Image, depuis 2007).<\/p>\n<p>Depuis 2012 : Concepteur p\u00e9dagogique des formations \u00abL\u2019artiste et ses projets\u00bb (Harmoniques). Formateur, intervenant aupr\u00e8s d\u2019institutions culturelles (CDN, sc\u00e8nes nationales, mus\u00e9es, etc\u2026) pour leur communication via les nouveaux m\u00e9dias et les m\u00e9dias sociaux &#8211; ou pour l\u2019invention de nouvelles formes de m\u00e9diations culturelles et de narrations transm\u00e9dias.<\/p>\n<p>2009-2016 : Directeur de production des disques Lusitania de la chanteuse Bevinda (sortie chez rue Stendhal en f\u00e9vrier 2011), Des \u00eeles du d\u00e9sert du Zerrad Trio (chez le m\u00eame distributeur, s\u00e9lection FIP, f\u00e9vrier 2012), Asa to Aru de Wasaburo (Japon, 2015), et de Jeux de M\u00e9moires de Patrick Fournier (avec Enzo Enzo, sortie Absilone technologies, octobre 2016).<\/p>\n<p>2009-2012 : Auteur, producteur et r\u00e9alisateur de la dramatique-radio \u00abLa Luciole\u00bb (pi\u00e8ce \u00e0 12 voix, pour France-Culture : vie et mort du philosophe italien Lucilio Vanini, br\u00fbl\u00e9 \u00e0 Toulouse en 1619 \u00e0 partir des Essais de Montaigne et des \u0153uvres de Lucilio Vanini lui-m\u00eame, distribution num\u00e9rique Zebralution). Sc\u00e9nariste et voix-off du documentaire \u00abYasmine\u00bb de Bruno Morandi (Prix du meilleur sc\u00e9nario 2011 Festival de Bretagne).<\/p>\n<p>2008-2009 : Auteur et conseiller artistique sur le disque \u00abL\u2019Etranger\u00bb de Wasaburo (enregistr\u00e9 \u00e0 Tokyo en mars 2009). S\u00e9rie de concerts \u00e0 Tokyo, Kyoto et Arima. Avec l\u2019aide de la Spedidam, producteur des spectacles du Zerrad Trio au Th\u00e9\u00e2tre des Poissons. &#8211; 2007 : Publication par Arcadi des \u00abNotes pour un trait\u00e9 contre la rime dans l\u2019expression musicale populaire\u00bb.<\/p>\n<p>2006-2010 : Ing\u00e9nierie p\u00e9dagogique, coordonnateur et formateur pour les formations \u00abAttach\u00e9 de production et de Diffusion\u00bb (niveau III) et \u00abAdministrateur de Spectacle vivant\u00bb (titre de niveau II) au Greta des Arts Appliqu\u00e9s, P\u00f4le Spectacle. Elaboration des dossiers RNCP. 2006 : Producteur ex\u00e9cutif du disque \u00abReflets\u00bb de William Lecomte (avec Jean-Luc Ponty) \u2013 avec l\u2019aide de la Spedidam et de l\u2019Adami.<\/p>\n<p>2000-2005 : Directeur artistique et arrangeur du disque \u00abMaladie d\u2019amour\u00bb de Wasaburo. &#8211; 2004 : Sortie du disque \u00abL\u2019Homme ordinaire\u00bb &#8211; spectacles \u00e0 l\u2019espace Jemmapes (\u00e0 Paris), avec l\u2019aide de l\u2019Adami. 2003 : artiste en r\u00e9sidence \u00e0 La Grande-Dimi\u00e8re \u00e0 Fresnes &#8211; mise en place d\u2019actions culturelles, en partenariat avec la commune de Fresnes et le Minist\u00e8re de la Culture (DMDTS) &#8211; mise en place d\u2019Atelier d\u2019\u00e9criture Chanson en milieu p\u00e9nitentiaire (Maison d\u2019arr\u00eat de Fresnes) &#8211; 2002 : r\u00e9sidence artistique et action culturelle \u00e0 l\u2019Institut Fran\u00e7ais de Casablanca (Maroc) et cr\u00e9ation d\u2019un spectacle de chansons (en fran\u00e7ais) avec les \u00e9l\u00e8ves arabophones de l\u2019\u00e9cole Attahib &#8211; artiste en r\u00e9sidence au Th\u00e9\u00e2tre la Ferme de Bel Ebat (Guyancourt) avec le partenariat de Thecif (R\u00e9gion Ile de France) 2000 : 5 spectacles de chansons avec Wasaburo Fukuda, au th\u00e9\u00e2tre Ryokko-ka\u00ef \u00e0 Tokyo.<\/p>\n<p>1999-2000 : Responsable de production de la cha\u00eene de t\u00e9l\u00e9web \u00ab Startuptv.com \u00bb : cr\u00e9ation du studio, mise en place des moyens de production, r\u00e9alisation des \u00e9missions plateau, et r\u00e9glage de la cha\u00eene de postproduction, du montage \u00e0 l\u2019encodage (en diff\u00e9r\u00e9 ou en stream). Compositeur de l\u2019habillage musical.<\/p>\n<p>Et avant : 1999 : Co-auteur du documentaire \u201cDreamtimes\u201d : le Didgeridoo et la situation culturelle des aborig\u00e8nes (Factory media).<\/p>\n<p>1997 : avec le groupe Monsieur Paul, cr\u00e9ation d\u2019un spectacle de cinq semaines au Th\u00e9\u00e2tre du Tourtour. 1995 : Co-auteur de courts m\u00e9trages dont \u00ab\u00a0Sports Urbains\u00a0\u00bb (35mm, couleur &#8211; r\u00e9alisation Christian Passera) : Prix sp\u00e9cial du Jury du Festival de Neuchatel, diffusion Arte)<\/p>\n<p>1994 : premier voyage au Japon.<\/p>\n<p><span style=\"color: #2271b1;\"><strong>Comp\u00e9tences annexes<\/strong><\/span><br \/>\nMa\u00eetrise l\u2019administration de production dans le domaine culturel et associatif (l\u00e9gislation du spectacle, embauches, cadres fiscaux et administratifs, recherches de financements, etc&#8230;) Langues : Anglais, apprend le Japonais, comprend l\u2019italien et l\u2019espagnol. Ma\u00eetrise de l\u2019outil informatique dans les domaines de l\u2019image et du son : form\u00e9 \u00e0 Photoshop, After Effects \u2013 ProTools et divers logiciels pour le traitement audio \u2013 codage html, conception, \u00e9criture et mise en ligne de contenus multim\u00e9dias enrichis.<\/p>\n<p><span style=\"color: #2271b1;\"><strong>Formations<\/strong><\/span><br \/>\nMaster II Design d\u2019Interface Multimedia et Internet \u2013 UFR des sciences de la communication, Paris XIII (M\u00e9moire : \u201dLe multim\u00e9dia, un art de l\u2019ordinaire.\u201d)<\/p>\n<p>Ma\u00eetrise d&rsquo;Etudes Cin\u00e9matographiques et Audiovisuelles &#8211; section Lettres et Arts Modernes, Institut d&rsquo;Art et d&rsquo;Arch\u00e9ologie, (Paris I) &#8211; M\u00e9moire : \u201cFernando Pessoa &amp; le cin\u00e9ma portugais\u201d validant en parall\u00e8le, en 1991 par \u00e9quivalence un DEUG de Philosophie (Epist\u00e9mologie &#8211; Sorbonne-Paris IV). D.E.U.G d&rsquo;Histoire de l&rsquo;Art et d&rsquo;Arch\u00e9ologie 1985 &#8211; (Paris I).<\/p>\n<p><span style=\"color: #2271b1;\"><strong>Livres<\/strong><\/span><\/p>\n<p>[\/et_pb_text][\/et_pb_column][\/et_pb_row][et_pb_row column_structure=\u00a0\u00bb1_2,1_2&Prime; _builder_version=\u00a0\u00bb4.27.4&Prime; _module_preset=\u00a0\u00bbdefault\u00a0\u00bb background_color=\u00a0\u00bb#FFFFFF\u00a0\u00bb global_colors_info=\u00a0\u00bb{}\u00a0\u00bb][et_pb_column type=\u00a0\u00bb1_2&Prime; _builder_version=\u00a0\u00bb4.27.4&Prime; _module_preset=\u00a0\u00bbdefault\u00a0\u00bb global_colors_info=\u00a0\u00bb{}\u00a0\u00bb][et_pb_image src=\u00a0\u00bbhttp:\/\/wptestkevin.ovh\/.Dev\/wp-content\/uploads\/2025\/04\/voyages-ordinaires.png\u00a0\u00bb title_text=\u00a0\u00bbvoyages-ordinaires\u00a0\u00bb url=\u00a0\u00bbhttps:\/\/artspo-livresaudio.store\/index.php\/produit\/les-voyages-ordinaires-i-roman\/\u00a0\u00bb url_new_window=\u00a0\u00bbon\u00a0\u00bb align=\u00a0\u00bbcenter\u00a0\u00bb _builder_version=\u00a0\u00bb4.27.4&Prime; _module_preset=\u00a0\u00bbdefault\u00a0\u00bb background_color=\u00a0\u00bb#FFFFFF\u00a0\u00bb custom_margin=\u00a0\u00bb-40px||||false|false\u00a0\u00bb custom_padding=\u00a0\u00bb||33px||false|false\u00a0\u00bb global_colors_info=\u00a0\u00bb{}\u00a0\u00bb][\/et_pb_image][\/et_pb_column][et_pb_column type=\u00a0\u00bb1_2&Prime; _builder_version=\u00a0\u00bb4.27.4&Prime; _module_preset=\u00a0\u00bbdefault\u00a0\u00bb global_colors_info=\u00a0\u00bb{}\u00a0\u00bb][et_pb_image src=\u00a0\u00bbhttp:\/\/wptestkevin.ovh\/.Dev\/wp-content\/uploads\/2025\/04\/voyages-ordinaires2.jpg\u00a0\u00bb title_text=\u00a0\u00bbvoyages-ordinaires2&Prime; url=\u00a0\u00bbhttps:\/\/artspo-livresaudio.store\/index.php\/produit\/les-voyages-ordinaires-2\/\u00a0\u00bb url_new_window=\u00a0\u00bbon\u00a0\u00bb _builder_version=\u00a0\u00bb4.27.4&Prime; _module_preset=\u00a0\u00bbdefault\u00a0\u00bb height=\u00a0\u00bb419px\u00a0\u00bb global_colors_info=\u00a0\u00bb{}\u00a0\u00bb][\/et_pb_image][\/et_pb_column][\/et_pb_row][et_pb_row column_structure=\u00a0\u00bb3_5,2_5&Prime; _builder_version=\u00a0\u00bb4.21.0&Prime; _module_preset=\u00a0\u00bbdefault\u00a0\u00bb global_colors_info=\u00a0\u00bb{}\u00a0\u00bb][et_pb_column type=\u00a0\u00bb3_5&Prime; _builder_version=\u00a0\u00bb4.21.0&Prime; _module_preset=\u00a0\u00bbdefault\u00a0\u00bb global_colors_info=\u00a0\u00bb{}\u00a0\u00bb][\/et_pb_column][et_pb_column type=\u00a0\u00bb2_5&Prime; _builder_version=\u00a0\u00bb4.21.0&Prime; _module_preset=\u00a0\u00bbdefault\u00a0\u00bb global_colors_info=\u00a0\u00bb{}\u00a0\u00bb][et_pb_text _builder_version=\u00a0\u00bb4.21.0&Prime; _module_preset=\u00a0\u00bbdefault\u00a0\u00bb text_orientation=\u00a0\u00bbcenter\u00a0\u00bb custom_padding=\u00a0\u00bb10px||10px||true|false\u00a0\u00bb border_width_all=\u00a0\u00bb1px\u00a0\u00bb border_color_all=\u00a0\u00bb#d8d8d8&Prime; global_colors_info=\u00a0\u00bb{}\u00a0\u00bb]<\/p>\n<p>[lmt-post-modified-info]<\/p>\n<p>[\/et_pb_text][\/et_pb_column][\/et_pb_row][\/et_pb_section]<\/p>\n","protected":false},"excerpt":{"rendered":"<p>Francois LOZET &#8211; Parcours d\u00e9taill\u00e9Profil Auteur, sc\u00e9nariste de documentaires et courts-m\u00e9trages. Charg\u00e9 de cours \u00e0 Paris XIII (\u00e9criture web,design d\u2019interface et design sonore etc). R\u00e9f\u00e9rent de la Licence professionnelle Sc\u00e9naristes Nouveaux M\u00e9dias au Campus de la Fonderie de l\u2019Image. Formateur aux nouveaux m\u00e9dias, transm\u00e9dia et \u00e9criture web \u00e0 l\u2019Agecif, en d\u00e9veloppement de projets \u00e0 Harmoniques [&hellip;]<\/p>\n","protected":false},"author":1,"featured_media":0,"parent":0,"menu_order":0,"comment_status":"closed","ping_status":"closed","template":"","meta":{"_et_pb_use_builder":"on","_et_pb_old_content":"","_et_gb_content_width":"","footnotes":""},"class_list":["post-8201","page","type-page","status-publish","hentry"],"_links":{"self":[{"href":"https:\/\/wptestkevin.ovh\/.Dev\/wp-json\/wp\/v2\/pages\/8201","targetHints":{"allow":["GET"]}}],"collection":[{"href":"https:\/\/wptestkevin.ovh\/.Dev\/wp-json\/wp\/v2\/pages"}],"about":[{"href":"https:\/\/wptestkevin.ovh\/.Dev\/wp-json\/wp\/v2\/types\/page"}],"author":[{"embeddable":true,"href":"https:\/\/wptestkevin.ovh\/.Dev\/wp-json\/wp\/v2\/users\/1"}],"replies":[{"embeddable":true,"href":"https:\/\/wptestkevin.ovh\/.Dev\/wp-json\/wp\/v2\/comments?post=8201"}],"version-history":[{"count":6,"href":"https:\/\/wptestkevin.ovh\/.Dev\/wp-json\/wp\/v2\/pages\/8201\/revisions"}],"predecessor-version":[{"id":8212,"href":"https:\/\/wptestkevin.ovh\/.Dev\/wp-json\/wp\/v2\/pages\/8201\/revisions\/8212"}],"wp:attachment":[{"href":"https:\/\/wptestkevin.ovh\/.Dev\/wp-json\/wp\/v2\/media?parent=8201"}],"curies":[{"name":"wp","href":"https:\/\/api.w.org\/{rel}","templated":true}]}}