{"id":8190,"date":"2025-04-01T11:56:15","date_gmt":"2025-04-01T09:56:15","guid":{"rendered":"https:\/\/wptestkevin.ovh\/.Dev\/?page_id=8190"},"modified":"2025-04-01T12:35:56","modified_gmt":"2025-04-01T10:35:56","slug":"francois-lozet","status":"publish","type":"page","link":"https:\/\/wptestkevin.ovh\/.Dev\/francois-lozet\/","title":{"rendered":"Fran\u00e7ois LOZET"},"content":{"rendered":"<p>[et_pb_section fb_built=\u00a0\u00bb1&Prime; admin_label=\u00a0\u00bbSection\u00a0\u00bb module_id=\u00a0\u00bbadelus\u00a0\u00bb _builder_version=\u00a0\u00bb4.27.4&Prime; _module_preset=\u00a0\u00bbdefault\u00a0\u00bb background_color=\u00a0\u00bb#f1f3f4&Prime; custom_margin=\u00a0\u00bb0px||0px||true|false\u00a0\u00bb custom_padding=\u00a0\u00bb0px||0px||true|false\u00a0\u00bb animation_style=\u00a0\u00bbfade\u00a0\u00bb da_popup_slug=\u00a0\u00bbadelus\u00a0\u00bb da_disable_devices=\u00a0\u00bboff|off|off\u00a0\u00bb global_colors_info=\u00a0\u00bb{}\u00a0\u00bb da_is_popup=\u00a0\u00bboff\u00a0\u00bb da_exit_intent=\u00a0\u00bboff\u00a0\u00bb da_has_close=\u00a0\u00bbon\u00a0\u00bb da_alt_close=\u00a0\u00bboff\u00a0\u00bb da_dark_close=\u00a0\u00bboff\u00a0\u00bb da_not_modal=\u00a0\u00bbon\u00a0\u00bb da_is_singular=\u00a0\u00bboff\u00a0\u00bb da_with_loader=\u00a0\u00bboff\u00a0\u00bb da_has_shadow=\u00a0\u00bbon\u00a0\u00bb][et_pb_row custom_padding_last_edited=\u00a0\u00bbon|phone\u00a0\u00bb _builder_version=\u00a0\u00bb4.27.4&Prime; _module_preset=\u00a0\u00bbdefault\u00a0\u00bb background_color=\u00a0\u00bb#FFFFFF\u00a0\u00bb width_tablet=\u00a0\u00bb\u00a0\u00bb width_phone=\u00a0\u00bb95%\u00a0\u00bb width_last_edited=\u00a0\u00bbon|phone\u00a0\u00bb custom_padding=\u00a0\u00bb|33px||33px|false|true\u00a0\u00bb custom_padding_tablet=\u00a0\u00bb\u00a0\u00bb custom_padding_phone=\u00a0\u00bb|10px||10px|false|true\u00a0\u00bb global_colors_info=\u00a0\u00bb{}\u00a0\u00bb][et_pb_column type=\u00a0\u00bb4_4&Prime; _builder_version=\u00a0\u00bb4.21.0&Prime; _module_preset=\u00a0\u00bbdefault\u00a0\u00bb global_colors_info=\u00a0\u00bb{}\u00a0\u00bb][et_pb_text _builder_version=\u00a0\u00bb4.21.0&Prime; _module_preset=\u00a0\u00bbdefault\u00a0\u00bb custom_margin=\u00a0\u00bb||10px||false|false\u00a0\u00bb global_colors_info=\u00a0\u00bb{}\u00a0\u00bb]<\/p>\n<h1 class=\"uk-article-title\">Fran\u00e7ois Lozet<\/h1>\n<p>[\/et_pb_text][et_pb_text _builder_version=\u00a0\u00bb4.27.4&Prime; _module_preset=\u00a0\u00bbdefault\u00a0\u00bb text_orientation=\u00a0\u00bbjustified\u00a0\u00bb hover_enabled=\u00a0\u00bb0&Prime; global_colors_info=\u00a0\u00bb{}\u00a0\u00bb sticky_enabled=\u00a0\u00bb0&Prime;]<\/p>\n<p><img loading=\"lazy\" decoding=\"async\" style=\"font-size: 15px;\" src=\"http:\/\/wptestkevin.ovh\/.Dev\/wp-content\/uploads\/2024\/06\/FLozet-Site.png\" alt=\"FLozet Site\" width=\"200\" height=\"231\" \/><\/p>\n<p style=\"text-align: justify;\">A l&rsquo;AGECIF, <span style=\"color: #2271b1;\"><strong><span class=\"Apple-style-span\">Fran\u00e7ois Lozet<\/span><\/strong><\/span><span class=\"Apple-style-span\">\u00a0anime des formations qui traitent des strat\u00e9gies et des outils du Web 2.0, \u00e0 destination d&rsquo;institutions culturelles, de compagnies et de porteurs de projets<\/span><span class=\"Apple-style-span\">.<\/span><\/p>\n<p style=\"text-align: justify;\"><span style=\"color: #2271b1;\"><strong><span class=\"Apple-style-span\">Fran\u00e7ois Lozet<\/span><\/strong><\/span> cultive un parcours professionnel atypique. Il se d\u00e9finit comme p\u00e9dagogue, sc\u00e9nariste, auteur de courts-m\u00e9trages et de chansons. Mais ce r\u00e9sum\u00e9 pourrait faire oublier les comp\u00e9tences qu&rsquo;il a d\u00e9velopp\u00e9es dans le montage de projet phonographique et la production de spectacles.<\/p>\n<p style=\"text-align: justify;\"><span style=\"color: #2271b1;\"><strong><span class=\"Apple-style-span\">Fran\u00e7ois Lozet<\/span><\/strong><\/span> est titulaire d&rsquo;un Master 2 Design d&rsquo;interface multim\u00e9dia et Internet &#8211; Universit\u00e9 Paris 13, d&rsquo;une ma\u00eetrise d&rsquo;Etudes cin\u00e9matographiques et audiovisuelles \u2013 Universit\u00e9 Paris 1, d&rsquo;un DEUG Philosophie \u2013 Universit\u00e9 Paris 4 et d&rsquo;un DEUG Histoire de l&rsquo;art et arch\u00e9ologie &#8211; Universit\u00e9 Paris 1. Il a \u00e9t\u00e9 pendant 4 ans responsable p\u00e9dagogique du dipl\u00f4me d\u2019Administrateur de spectacle vivant (niveau II) au Greta des Arts appliqu\u00e9s et responsable \u00e9galement de la formation Attach\u00e9s de production. Parall\u00e8lement, passionn\u00e9 par les bouleversements des rapports aux savoirs cons\u00e9cutifs \u00e0 l\u2019\u00e9mergence des technologies num\u00e9riques, <span style=\"color: #2271b1;\"><strong><span class=\"Apple-style-span\">Fran\u00e7ois Lozet<\/span><\/strong><\/span>\u00a0est charg\u00e9 de cours \u00e0 Paris XIII depuis dix ans dans les domaines des nouveaux m\u00e9dias et des sciences de la communication num\u00e9rique, membre du comit\u00e9 de perfectionnement des fili\u00e8res num\u00e9riques de l\u2019universit\u00e9 Paris XIII. Il est depuis 2007 le professeur r\u00e9f\u00e9rent de la licence professionnelle de Sc\u00e9naristes nouveaux m\u00e9dias au Campus de la Fonderie de l\u2019Image.<\/p>\n<p style=\"text-align: justify;\">Sur le champ musical, <span style=\"color: #2271b1;\"><strong><span class=\"Apple-style-span\">Fran\u00e7ois Lozet<\/span><\/strong><\/span> est depuis plus de quinze ans artiste associ\u00e9 et directeur artistique de l\u2019association HARPO. Il est actuellement responsable de l\u2019op\u00e9ration de m\u00e9diation culturelle transm\u00e9dia autour de l\u2019op\u00e9ra de Monteverdi \u00ab Le retour d\u2019Ulysse dans sa patrie \u00bb cr\u00e9\u00e9 au th\u00e9\u00e2tre des Champs-Elys\u00e9es en f\u00e9vrier 2017, apr\u00e8s avoir \u00e9t\u00e9 pendant deux ans charg\u00e9 de mission pour la FNEIJMA dans le cadre d\u2019un colloque national qu\u2019il a aid\u00e9 \u00e0 organiser \u00e0 la Grande Halle de la Villette (Musicora 2016) autour du num\u00e9rique et des nouvelles p\u00e9dagogies musicales. Depuis 2006, <span style=\"color: #2271b1;\"><strong><span class=\"Apple-style-span\">Fran\u00e7ois Lozet<\/span><\/strong><\/span>\u00a0a \u00e9t\u00e9 directeur de production des disques Reflections de William Lecomte (pianiste entre autres de Jean-Luc Ponty), Lusitanie de la chanteuse Bevinda, Des \u00eeles du d\u00e9sert du Trio Lucien Zerrad, Asa to Aru du chanteur japonais Wasaburo &#8211; et en 2016 producteur du disque \u00ab Jeux de M\u00e9moires \u00bb de Patrick Fournier (avec Enzo Enzo). En 2017 on l\u2019entend chanter en japonais sur le disque Duos de Wasaburo. Une longue collaboration d\u2019auteur et de r\u00e9alisateur artistique le lie d\u2019ailleurs \u00e0 cet artiste : en 2015 on le voit participer \u00e0 sa tourn\u00e9e de d\u00e9cembre (\u00e0 Hamamatsu, Kyoto et Tokyo) ; en 2009, \u00e0 Tokyo, il est auteur et conseiller artistique sur son disque <em>L&rsquo;\u00e9tranger\u00a0<\/em>; en 2008 il participe \u00e0 une s\u00e9rie de concerts (\u00e0 Kyoto, Arima-onsen, Tokyo). En 2007, il publie pour Arcadi Notes pour un trait\u00e9 contre la rime dans l&rsquo;expression musicale populaire. Il a organis\u00e9 \u00e9galement des r\u00e9sidences de cr\u00e9ation et des ateliers d&rsquo;\u00e9criture chanson en milieu carc\u00e9ral \u00e0 la prison de Fresnes &#8211; comme au Maroc pour l&rsquo;Institut fran\u00e7ais de Casablanca (de 2002 \u00e0 2005) et publi\u00e9 son premier disque \u00ab L\u2019homme ordinaire \u00bb en 2004.<\/p>\n<p style=\"text-align: justify;\">Dans le domaine de l&rsquo;audiovisuel, <span style=\"color: #2271b1;\"><strong><span class=\"Apple-style-span\">Fran\u00e7ois Lozet<\/span><\/strong><\/span>\u00a0est auteur, producteur et r\u00e9alisateur de la dramatique-radio La Luciole pour France-Culture. Sc\u00e9nariste prim\u00e9 du documentaire de Bruno Morandi Le chemin de Yasmine, il a \u00e9galement compos\u00e9 diff\u00e9rentes musiques de films et est le co-auteur de Sports urbains (prim\u00e9 au festival de Neuchatel).<\/p>\n<p style=\"text-align: justify;\">A l&rsquo;AGECIF, <span style=\"color: #2271b1;\"><strong><span class=\"Apple-style-span\">Fran\u00e7ois Lozet<\/span><\/strong><\/span>\u00a0anime des formations qui traitent des nouvelles strat\u00e9gies num\u00e9riques de m\u00e9diation culturelle et des outils du Web 2.0 et des applications \u00e0 destination d&rsquo;institutions culturelles, de compagnies et de porteurs de projets.<\/p>\n<p style=\"text-align: justify;\"><a href=\"https:\/\/wptestkevin.ovh\/.Dev\/francois-lozet-parcours-detaille\/\">Voir le parcours d\u00e9taill\u00e9 de Fran\u00e7ois Lozet<\/a><\/p>\n<p style=\"text-align: justify;\"><span style=\"color: #2271b1;\"><strong><span class=\"Apple-style-span\">Livres<\/span><\/strong><\/span><span class=\"Apple-style-span\"><\/span><\/p>\n<p>[\/et_pb_text][\/et_pb_column][\/et_pb_row][et_pb_row column_structure=\u00a0\u00bb1_2,1_2&Prime; _builder_version=\u00a0\u00bb4.27.4&Prime; _module_preset=\u00a0\u00bbdefault\u00a0\u00bb background_color=\u00a0\u00bb#FFFFFF\u00a0\u00bb hover_enabled=\u00a0\u00bb0&Prime; global_colors_info=\u00a0\u00bb{}\u00a0\u00bb theme_builder_area=\u00a0\u00bbpost_content\u00a0\u00bb custom_padding=\u00a0\u00bb|33px||33px|false|true\u00a0\u00bb sticky_enabled=\u00a0\u00bb0&Prime; width_last_edited=\u00a0\u00bbon|phone\u00a0\u00bb width_phone=\u00a0\u00bb95%\u00a0\u00bb custom_padding_last_edited=\u00a0\u00bbon|phone\u00a0\u00bb custom_padding_phone=\u00a0\u00bb|10px||10px|false|true\u00a0\u00bb custom_padding_tablet=\u00a0\u00bb|33px||33px|false|true\u00a0\u00bb][et_pb_column type=\u00a0\u00bb1_2&Prime; _builder_version=\u00a0\u00bb4.27.4&Prime; _module_preset=\u00a0\u00bbdefault\u00a0\u00bb global_colors_info=\u00a0\u00bb{}\u00a0\u00bb theme_builder_area=\u00a0\u00bbpost_content\u00a0\u00bb][et_pb_image src=\u00a0\u00bbhttp:\/\/wptestkevin.ovh\/.Dev\/wp-content\/uploads\/2025\/04\/voyages-ordinaires.png\u00a0\u00bb title_text=\u00a0\u00bbvoyages-ordinaires\u00a0\u00bb url=\u00a0\u00bbhttps:\/\/artspo-livresaudio.store\/index.php\/produit\/les-voyages-ordinaires-i-roman\/\u00a0\u00bb url_new_window=\u00a0\u00bbon\u00a0\u00bb align=\u00a0\u00bbcenter\u00a0\u00bb _builder_version=\u00a0\u00bb4.27.4&Prime; _module_preset=\u00a0\u00bbdefault\u00a0\u00bb background_color=\u00a0\u00bb#FFFFFF\u00a0\u00bb custom_margin=\u00a0\u00bb-40px||||false|false\u00a0\u00bb custom_padding=\u00a0\u00bb||33px||false|false\u00a0\u00bb global_colors_info=\u00a0\u00bb{}\u00a0\u00bb theme_builder_area=\u00a0\u00bbpost_content\u00a0\u00bb][\/et_pb_image][\/et_pb_column][et_pb_column type=\u00a0\u00bb1_2&Prime; _builder_version=\u00a0\u00bb4.27.4&Prime; _module_preset=\u00a0\u00bbdefault\u00a0\u00bb global_colors_info=\u00a0\u00bb{}\u00a0\u00bb theme_builder_area=\u00a0\u00bbpost_content\u00a0\u00bb][et_pb_image src=\u00a0\u00bbhttp:\/\/wptestkevin.ovh\/.Dev\/wp-content\/uploads\/2025\/04\/voyages-ordinaires2.jpg\u00a0\u00bb title_text=\u00a0\u00bbvoyages-ordinaires2&Prime; url=\u00a0\u00bbhttps:\/\/artspo-livresaudio.store\/index.php\/produit\/les-voyages-ordinaires-2\/\u00a0\u00bb url_new_window=\u00a0\u00bbon\u00a0\u00bb _builder_version=\u00a0\u00bb4.27.4&Prime; _module_preset=\u00a0\u00bbdefault\u00a0\u00bb height=\u00a0\u00bb419px\u00a0\u00bb global_colors_info=\u00a0\u00bb{}\u00a0\u00bb theme_builder_area=\u00a0\u00bbpost_content\u00a0\u00bb][\/et_pb_image][\/et_pb_column][\/et_pb_row][et_pb_row column_structure=\u00a0\u00bb3_5,2_5&Prime; _builder_version=\u00a0\u00bb4.21.0&Prime; _module_preset=\u00a0\u00bbdefault\u00a0\u00bb global_colors_info=\u00a0\u00bb{}\u00a0\u00bb][et_pb_column type=\u00a0\u00bb3_5&Prime; _builder_version=\u00a0\u00bb4.21.0&Prime; _module_preset=\u00a0\u00bbdefault\u00a0\u00bb global_colors_info=\u00a0\u00bb{}\u00a0\u00bb][\/et_pb_column][et_pb_column type=\u00a0\u00bb2_5&Prime; _builder_version=\u00a0\u00bb4.21.0&Prime; _module_preset=\u00a0\u00bbdefault\u00a0\u00bb global_colors_info=\u00a0\u00bb{}\u00a0\u00bb][et_pb_text _builder_version=\u00a0\u00bb4.21.0&Prime; _module_preset=\u00a0\u00bbdefault\u00a0\u00bb text_orientation=\u00a0\u00bbcenter\u00a0\u00bb custom_padding=\u00a0\u00bb10px||10px||true|false\u00a0\u00bb border_width_all=\u00a0\u00bb1px\u00a0\u00bb border_color_all=\u00a0\u00bb#d8d8d8&Prime; global_colors_info=\u00a0\u00bb{}\u00a0\u00bb]<\/p>\n<p>[lmt-post-modified-info]<\/p>\n<p>[\/et_pb_text][\/et_pb_column][\/et_pb_row][\/et_pb_section]<\/p>\n","protected":false},"excerpt":{"rendered":"<p>Fran\u00e7ois Lozet A l&rsquo;AGECIF, Fran\u00e7ois Lozet\u00a0anime des formations qui traitent des strat\u00e9gies et des outils du Web 2.0, \u00e0 destination d&rsquo;institutions culturelles, de compagnies et de porteurs de projets. Fran\u00e7ois Lozet cultive un parcours professionnel atypique. Il se d\u00e9finit comme p\u00e9dagogue, sc\u00e9nariste, auteur de courts-m\u00e9trages et de chansons. Mais ce r\u00e9sum\u00e9 pourrait faire oublier les [&hellip;]<\/p>\n","protected":false},"author":1,"featured_media":0,"parent":0,"menu_order":0,"comment_status":"closed","ping_status":"closed","template":"","meta":{"_et_pb_use_builder":"on","_et_pb_old_content":"","_et_gb_content_width":"","footnotes":""},"class_list":["post-8190","page","type-page","status-publish","hentry"],"_links":{"self":[{"href":"https:\/\/wptestkevin.ovh\/.Dev\/wp-json\/wp\/v2\/pages\/8190","targetHints":{"allow":["GET"]}}],"collection":[{"href":"https:\/\/wptestkevin.ovh\/.Dev\/wp-json\/wp\/v2\/pages"}],"about":[{"href":"https:\/\/wptestkevin.ovh\/.Dev\/wp-json\/wp\/v2\/types\/page"}],"author":[{"embeddable":true,"href":"https:\/\/wptestkevin.ovh\/.Dev\/wp-json\/wp\/v2\/users\/1"}],"replies":[{"embeddable":true,"href":"https:\/\/wptestkevin.ovh\/.Dev\/wp-json\/wp\/v2\/comments?post=8190"}],"version-history":[{"count":6,"href":"https:\/\/wptestkevin.ovh\/.Dev\/wp-json\/wp\/v2\/pages\/8190\/revisions"}],"predecessor-version":[{"id":8214,"href":"https:\/\/wptestkevin.ovh\/.Dev\/wp-json\/wp\/v2\/pages\/8190\/revisions\/8214"}],"wp:attachment":[{"href":"https:\/\/wptestkevin.ovh\/.Dev\/wp-json\/wp\/v2\/media?parent=8190"}],"curies":[{"name":"wp","href":"https:\/\/api.w.org\/{rel}","templated":true}]}}