{"id":8182,"date":"2025-04-01T11:51:58","date_gmt":"2025-04-01T09:51:58","guid":{"rendered":"https:\/\/wptestkevin.ovh\/.Dev\/?page_id=8182"},"modified":"2025-04-01T11:53:57","modified_gmt":"2025-04-01T09:53:57","slug":"olivia-lindon","status":"publish","type":"page","link":"https:\/\/wptestkevin.ovh\/.Dev\/olivia-lindon\/","title":{"rendered":"Olivia LINDON"},"content":{"rendered":"<p>[et_pb_section fb_built=\u00a0\u00bb1&Prime; admin_label=\u00a0\u00bbSection\u00a0\u00bb module_id=\u00a0\u00bbadelus\u00a0\u00bb _builder_version=\u00a0\u00bb4.27.4&Prime; _module_preset=\u00a0\u00bbdefault\u00a0\u00bb background_color=\u00a0\u00bb#f1f3f4&Prime; custom_margin=\u00a0\u00bb0px||0px||true|false\u00a0\u00bb custom_padding=\u00a0\u00bb0px||0px||true|false\u00a0\u00bb animation_style=\u00a0\u00bbfade\u00a0\u00bb da_popup_slug=\u00a0\u00bbadelus\u00a0\u00bb da_disable_devices=\u00a0\u00bboff|off|off\u00a0\u00bb global_colors_info=\u00a0\u00bb{}\u00a0\u00bb da_is_popup=\u00a0\u00bboff\u00a0\u00bb da_exit_intent=\u00a0\u00bboff\u00a0\u00bb da_has_close=\u00a0\u00bbon\u00a0\u00bb da_alt_close=\u00a0\u00bboff\u00a0\u00bb da_dark_close=\u00a0\u00bboff\u00a0\u00bb da_not_modal=\u00a0\u00bbon\u00a0\u00bb da_is_singular=\u00a0\u00bboff\u00a0\u00bb da_with_loader=\u00a0\u00bboff\u00a0\u00bb da_has_shadow=\u00a0\u00bbon\u00a0\u00bb][et_pb_row custom_padding_last_edited=\u00a0\u00bbon|phone\u00a0\u00bb _builder_version=\u00a0\u00bb4.27.4&Prime; _module_preset=\u00a0\u00bbdefault\u00a0\u00bb background_color=\u00a0\u00bb#FFFFFF\u00a0\u00bb width_tablet=\u00a0\u00bb\u00a0\u00bb width_phone=\u00a0\u00bb95%\u00a0\u00bb width_last_edited=\u00a0\u00bbon|phone\u00a0\u00bb custom_padding=\u00a0\u00bb|33px||33px|false|true\u00a0\u00bb custom_padding_tablet=\u00a0\u00bb\u00a0\u00bb custom_padding_phone=\u00a0\u00bb|10px||10px|false|true\u00a0\u00bb global_colors_info=\u00a0\u00bb{}\u00a0\u00bb][et_pb_column type=\u00a0\u00bb4_4&Prime; _builder_version=\u00a0\u00bb4.21.0&Prime; _module_preset=\u00a0\u00bbdefault\u00a0\u00bb global_colors_info=\u00a0\u00bb{}\u00a0\u00bb][et_pb_text _builder_version=\u00a0\u00bb4.21.0&Prime; _module_preset=\u00a0\u00bbdefault\u00a0\u00bb custom_margin=\u00a0\u00bb||10px||false|false\u00a0\u00bb global_colors_info=\u00a0\u00bb{}\u00a0\u00bb]<\/p>\n<h1 class=\"uk-article-title\">Olivia Lindon<\/h1>\n<p>[\/et_pb_text][et_pb_text _builder_version=\u00a0\u00bb4.25.2&Prime; _module_preset=\u00a0\u00bbdefault\u00a0\u00bb text_orientation=\u00a0\u00bbjustified\u00a0\u00bb global_colors_info=\u00a0\u00bb{}\u00a0\u00bb]<\/p>\n<p class=\"p2\" style=\"text-align: justify;\"><span class=\"s2\">Form\u00e9e \u00e0 la danse contemporaine et classique au <em>CRR<\/em> de Paris, L\u2019enseignement de <em>Wilfride Piollet<\/em> et les <em>Summer Intensives de la School of American Ballet<\/em> \u00e0 New York sont d\u00e9terminants dans sa formation qu\u2019<span style=\"color: #2271b1;\"><strong>Olivia Lindon <\/strong><\/span>poursuit \u00e0 l\u2019<em>English National Ballet School<\/em> \u00e0 Londres.<\/span><\/p>\n<p class=\"p2\" style=\"text-align: justify;\"><span class=\"s2\">En 2015, elle int\u00e8gre le <em>Ballet du Capitole<\/em>, o\u00f9 elle interpr\u00e8te les grands ballets classiques et ainsi que les cr\u00e9ations et pi\u00e8ces contemporaines de <em>Hillel Kogan, Maguy Marin, Angel Rodrigues, Jacopo Godani<\/em> et <em>Mauro Bigonzetti<\/em>, jusqu\u2019en 2019. Elle se forme au chant lyrique.<\/span><\/p>\n<p class=\"p2\" style=\"text-align: justify;\"><span class=\"s2\">A l\u2019aube du confinement, <span style=\"color: #2271b1;\"><strong>Olivia Lindon<\/strong><\/span> revient \u00e0 Paris pour participer \u00e0 des projets artistiques pluridisciplinaires. Passionn\u00e9e de cin\u00e9ma, elle chor\u00e9graphie et interpr\u00e8te un <em>\u00ab\u00a0Journal de Confinement\u00a0\u00bb<\/em> qu\u2019elle r\u00e9alise avec <em>Pierre de Cintaz<\/em>, 56 videos en 56 jours en lien avec la musique et la danse au cin\u00e9ma.<\/span><\/p>\n<p class=\"p2\" style=\"text-align: justify;\"><span class=\"s2\">Elle se forme au th\u00e9\u00e2tre au cours <em>Eva Saint-Paul<\/em> et joue dans la s\u00e9rie <em>\u00ab\u00a0L\u2019Op\u00e9ra\u00a0\u00bb.<\/em><\/span><\/p>\n<p class=\"p2\" style=\"text-align: justify;\"><span class=\"s2\"><span style=\"color: #2271b1;\"><strong>Olivia Lindon<\/strong><\/span> chor\u00e9graphie des clips pour <em>Tim Dup<\/em> et <em>Louise Thiolon<\/em>. Elle assiste le chor\u00e9graphe <em>Maxime Thomas<\/em>pour <em>Rigoletto<\/em> mis en sc\u00e8ne par <em>Richard Brunel<\/em> et <em>Lancelot<\/em> mis en sc\u00e8ne par <em>Jean Romain Vesperini<\/em>.<\/span><\/p>\n<p class=\"p2\" style=\"text-align: justify;\"><span class=\"s2\">Depuis 2019, <span style=\"color: #2271b1;\"><strong>Olivia Lindon<\/strong><\/span> fait partie de l\u2019\u00e9quipe de <em>Karl Paquette<\/em> pour les spectacles jeune public <em>\u00ab\u00a0Mon premier Lac des Cygnes\u00a0\u00bb<\/em> et<em> \u00ab\u00a0Il \u00e9tait une fois Casse-Noisette\u00a0\u00bb<\/em>. <span style=\"color: #2271b1;\"><strong>Olivia Lindon<\/strong><\/span>\u00a0a rejoint la <em>Compagnie DCA<\/em>.<\/span><\/p>\n<p>[\/et_pb_text][\/et_pb_column][\/et_pb_row][et_pb_row column_structure=\u00a0\u00bb3_5,2_5&Prime; _builder_version=\u00a0\u00bb4.21.0&Prime; _module_preset=\u00a0\u00bbdefault\u00a0\u00bb global_colors_info=\u00a0\u00bb{}\u00a0\u00bb][et_pb_column type=\u00a0\u00bb3_5&Prime; _builder_version=\u00a0\u00bb4.21.0&Prime; _module_preset=\u00a0\u00bbdefault\u00a0\u00bb global_colors_info=\u00a0\u00bb{}\u00a0\u00bb][\/et_pb_column][et_pb_column type=\u00a0\u00bb2_5&Prime; _builder_version=\u00a0\u00bb4.21.0&Prime; _module_preset=\u00a0\u00bbdefault\u00a0\u00bb global_colors_info=\u00a0\u00bb{}\u00a0\u00bb][et_pb_text _builder_version=\u00a0\u00bb4.21.0&Prime; _module_preset=\u00a0\u00bbdefault\u00a0\u00bb text_orientation=\u00a0\u00bbcenter\u00a0\u00bb custom_padding=\u00a0\u00bb10px||10px||true|false\u00a0\u00bb border_width_all=\u00a0\u00bb1px\u00a0\u00bb border_color_all=\u00a0\u00bb#d8d8d8&Prime; global_colors_info=\u00a0\u00bb{}\u00a0\u00bb]<\/p>\n<p>[lmt-post-modified-info]<\/p>\n<p>[\/et_pb_text][\/et_pb_column][\/et_pb_row][\/et_pb_section]<\/p>\n","protected":false},"excerpt":{"rendered":"<p>Olivia LindonForm\u00e9e \u00e0 la danse contemporaine et classique au CRR de Paris, L\u2019enseignement de Wilfride Piollet et les Summer Intensives de la School of American Ballet \u00e0 New York sont d\u00e9terminants dans sa formation qu\u2019Olivia Lindon poursuit \u00e0 l\u2019English National Ballet School \u00e0 Londres. En 2015, elle int\u00e8gre le Ballet du Capitole, o\u00f9 elle interpr\u00e8te [&hellip;]<\/p>\n","protected":false},"author":1,"featured_media":0,"parent":0,"menu_order":0,"comment_status":"closed","ping_status":"closed","template":"","meta":{"_et_pb_use_builder":"on","_et_pb_old_content":"","_et_gb_content_width":"","footnotes":""},"class_list":["post-8182","page","type-page","status-publish","hentry"],"_links":{"self":[{"href":"https:\/\/wptestkevin.ovh\/.Dev\/wp-json\/wp\/v2\/pages\/8182","targetHints":{"allow":["GET"]}}],"collection":[{"href":"https:\/\/wptestkevin.ovh\/.Dev\/wp-json\/wp\/v2\/pages"}],"about":[{"href":"https:\/\/wptestkevin.ovh\/.Dev\/wp-json\/wp\/v2\/types\/page"}],"author":[{"embeddable":true,"href":"https:\/\/wptestkevin.ovh\/.Dev\/wp-json\/wp\/v2\/users\/1"}],"replies":[{"embeddable":true,"href":"https:\/\/wptestkevin.ovh\/.Dev\/wp-json\/wp\/v2\/comments?post=8182"}],"version-history":[{"count":4,"href":"https:\/\/wptestkevin.ovh\/.Dev\/wp-json\/wp\/v2\/pages\/8182\/revisions"}],"predecessor-version":[{"id":8189,"href":"https:\/\/wptestkevin.ovh\/.Dev\/wp-json\/wp\/v2\/pages\/8182\/revisions\/8189"}],"wp:attachment":[{"href":"https:\/\/wptestkevin.ovh\/.Dev\/wp-json\/wp\/v2\/media?parent=8182"}],"curies":[{"name":"wp","href":"https:\/\/api.w.org\/{rel}","templated":true}]}}