{"id":8061,"date":"2025-03-26T13:56:03","date_gmt":"2025-03-26T12:56:03","guid":{"rendered":"https:\/\/wptestkevin.ovh\/.Dev\/?page_id=8061"},"modified":"2025-03-26T13:58:28","modified_gmt":"2025-03-26T12:58:28","slug":"julie-legrand","status":"publish","type":"page","link":"https:\/\/wptestkevin.ovh\/.Dev\/julie-legrand\/","title":{"rendered":"Julie LEGRAND"},"content":{"rendered":"<p>[et_pb_section fb_built=\u00a0\u00bb1&Prime; admin_label=\u00a0\u00bbSection\u00a0\u00bb module_id=\u00a0\u00bbadelus\u00a0\u00bb _builder_version=\u00a0\u00bb4.27.4&Prime; _module_preset=\u00a0\u00bbdefault\u00a0\u00bb background_color=\u00a0\u00bb#f1f3f4&Prime; custom_margin=\u00a0\u00bb0px||0px||true|false\u00a0\u00bb custom_padding=\u00a0\u00bb0px||0px||true|false\u00a0\u00bb animation_style=\u00a0\u00bbfade\u00a0\u00bb da_popup_slug=\u00a0\u00bbadelus\u00a0\u00bb da_disable_devices=\u00a0\u00bboff|off|off\u00a0\u00bb global_colors_info=\u00a0\u00bb{}\u00a0\u00bb da_is_popup=\u00a0\u00bboff\u00a0\u00bb da_exit_intent=\u00a0\u00bboff\u00a0\u00bb da_has_close=\u00a0\u00bbon\u00a0\u00bb da_alt_close=\u00a0\u00bboff\u00a0\u00bb da_dark_close=\u00a0\u00bboff\u00a0\u00bb da_not_modal=\u00a0\u00bbon\u00a0\u00bb da_is_singular=\u00a0\u00bboff\u00a0\u00bb da_with_loader=\u00a0\u00bboff\u00a0\u00bb da_has_shadow=\u00a0\u00bbon\u00a0\u00bb][et_pb_row custom_padding_last_edited=\u00a0\u00bbon|phone\u00a0\u00bb _builder_version=\u00a0\u00bb4.27.4&Prime; _module_preset=\u00a0\u00bbdefault\u00a0\u00bb background_color=\u00a0\u00bb#FFFFFF\u00a0\u00bb width_tablet=\u00a0\u00bb\u00a0\u00bb width_phone=\u00a0\u00bb95%\u00a0\u00bb width_last_edited=\u00a0\u00bbon|phone\u00a0\u00bb custom_padding=\u00a0\u00bb|33px||33px|false|true\u00a0\u00bb custom_padding_tablet=\u00a0\u00bb\u00a0\u00bb custom_padding_phone=\u00a0\u00bb|10px||10px|false|true\u00a0\u00bb global_colors_info=\u00a0\u00bb{}\u00a0\u00bb][et_pb_column type=\u00a0\u00bb4_4&Prime; _builder_version=\u00a0\u00bb4.21.0&Prime; _module_preset=\u00a0\u00bbdefault\u00a0\u00bb global_colors_info=\u00a0\u00bb{}\u00a0\u00bb][et_pb_text _builder_version=\u00a0\u00bb4.21.0&Prime; _module_preset=\u00a0\u00bbdefault\u00a0\u00bb custom_margin=\u00a0\u00bb||10px||false|false\u00a0\u00bb global_colors_info=\u00a0\u00bb{}\u00a0\u00bb]<\/p>\n<h1 class=\"uk-article-title\">Julie Legrand<\/h1>\n<p>[\/et_pb_text][et_pb_text _builder_version=\u00a0\u00bb4.25.2&Prime; _module_preset=\u00a0\u00bbdefault\u00a0\u00bb text_orientation=\u00a0\u00bbjustified\u00a0\u00bb global_colors_info=\u00a0\u00bb{}\u00a0\u00bb]<\/p>\n<p><img loading=\"lazy\" decoding=\"async\" src=\"http:\/\/wptestkevin.ovh\/.Dev\/wp-content\/uploads\/2024\/11\/j.legrand.jpg\" width=\"200\" height=\"231\" \/><\/p>\n<p class=\"Standard\" style=\"text-align: justify;\"><strong><span style=\"color: #2271b1;\">Julie Legrand<\/span><\/strong>\u00a0est titulaire d\u2019une Ma\u00eetrise en Histoire de l&rsquo;Art et d\u2019un Master 2 en Enseignement et Didactique du Fran\u00e7ais Langue \u00c9trang\u00e8re (FLE). Elle commence sa carri\u00e8re dans la m\u00e9diation culturelle dans des sites patrimoniaux majeurs (<em>Ch\u00e2teau de Chambord<\/em>,\u00a0<em>Abbaye du Mont Saint-Michel)<\/em>, et dans le secteur de l&rsquo;art contemporain (<em>FRAC Poitou-Charentes,<\/em>\u00a0<em>Ch\u00e2teau d&rsquo;Oiron<\/em>), avant de poursuivre quelques ann\u00e9es dans l\u2019enseignement du fran\u00e7ais \u00e0 l\u2019\u00e9tranger (Espagne, Roumanie, Maroc). En revenant en France, elle \u0153uvre au\u00a0<em>Mus\u00e9e des Beaux-arts de Nantes<\/em>\u00a0(2008-2012).<\/p>\n<p class=\"Standard\" style=\"text-align: justify;\">C\u2019est en tant que charg\u00e9e des relations aux publics au\u00a0<em>Lieu Unique, sc\u00e8ne nationale de Nantes<\/em> (2012-2017), que <strong><span style=\"color: #2271b1;\">Julie Legrand<\/span><\/strong>\u00a0se forme pour travailler \u00e0 la mise en accessibilit\u00e9 de la programmation pluridisciplinaire (th\u00e9\u00e2tre, danse, musique, arts visuels&#8230;) aux personnes en situation de handicap. Les actions culturelles (parcours de spectateurs, rencontres artistiques, ateliers de pratiques, visites de lieu et visites comment\u00e9es des expositions..) font l&rsquo;objet d&rsquo;une adaptation : audiodescription\u00a0; amplification\u00a0; interpr\u00e9tation en LSF\u00a0; r\u00e9daction en FALC, cr\u00e9ation d\u2019outils en braille et gros caract\u00e8res\u00a0; conception de plans thermogonfl\u00e9s\u00a0; formation de l\u2019\u00e9quipe des m\u00e9diateurs pour un accueil adapt\u00e9 des expositions.<\/p>\n<p class=\"Standard\" style=\"text-align: justify;\">\u00c0 partir de 2017, <strong><span style=\"color: #2271b1;\">Julie Legrand<\/span><\/strong>\u00a0d\u00e9cide de mettre \u00e0 profit ses comp\u00e9tences \u00e0 360\u00b0 au service d&rsquo;une meilleure inclusion culturelle, en tant qu\u2019ind\u00e9pendante et slasheuse de l\u2019accessibilit\u00e9 culturelle (m\u00e9diatrice \/enseignante \/formatrice \/r\u00e9dactrice \/consultante).\u00a0De retour au Mus\u00e9e d\u2019arts de Nantes, elle con\u00e7oit un panel de visites adapt\u00e9es, avec les outils d\u00e9di\u00e9s, et participe \u00e0 la refonte de la page accessibilit\u00e9 du site internet du mus\u00e9e.\u00a0Avec le collectif d\u2019historiennes de l\u2019art \u2013 Les T\u00eates Renversantes \u2013 elle intervient dans les structures m\u00e9dico-sociales comme au\u00a0\u00e0 la, ainsi qu\u2019\u00e0etdans lesquels, elle a cr\u00e9\u00e9 deux projets dans le cadre des dispositifs Culture et Sant\u00e9.<\/p>\n<p class=\"Standard\" style=\"text-align: justify;\">En tant qu\u2019enseignante, <strong><span style=\"color: #2271b1;\">Julie Legrand<\/span><\/strong>\u00a0forme les futurs graphistes et communicants \u00e0\u00a0<em>LISAA Nantes<\/em>, les futurs sc\u00e9nographes et designers d\u2019espace de\u00a0<em>l\u2019Ecole de Design de Loire Atlantique<\/em>, et les futurs professionnels du m\u00e9dico-social inscrits dans le\u00a0<em>parcours Inclusion et participation \u2013 handicap, difficult\u00e9s, d\u00e9pendance \u00e0 l\u2019INSPE de Niort.<\/em><\/p>\n<p class=\"Standard\" style=\"text-align: justify;\">Comme r\u00e9dactrice en fran\u00e7ais simplifi\u00e9 ou en FALC, <strong><span style=\"color: #2271b1;\">Julie Legrand<\/span><\/strong>\u00a0a r\u00e9alis\u00e9 les aides \u00e0 la visite de la\u00a0<em>Hab Galerie du Voyage \u00e0 Nantes,\u00a0<\/em>des<em>\u00a0Machines de l\u2019\u00efle<\/em>\u00a0et du\u00a0<em>Chronographe de Nantes M\u00e9tropole<\/em>, ainsi que les plaquettes de saison du\u00a0<em>Festival Handiclap de l\u2019APAJH44<\/em>\u00a0et la\u00a0<em>Soufflerie, sc\u00e8ne conventionn\u00e9e de Rez\u00e9<\/em>. Elle a aussi cr\u00e9\u00e9 la plaquette de la\u00a0<em>Saison Accessible de la Ville de Nantes<\/em>\u00a0qui recensait l\u2019offre culturelle de 18 structures culturelles nantaises pour les personnes non-voyantes et malvoyantes.<\/p>\n<p class=\"Standard\" style=\"text-align: justify;\">En tant que formatrice professionnelle, <strong><span style=\"color: #2271b1;\">Julie Legrand<\/span><\/strong>\u00a0intervient pour\u00a0<em>l\u2019AGECIF<\/em>, sur l\u2019accueil des personnes en situation de handicap, sur les conception et l\u2019animation de m\u00e9diations adapt\u00e9es, ainsi que sur la cr\u00e9ation d\u2019outils en FALC.<\/p>\n<p>[\/et_pb_text][\/et_pb_column][\/et_pb_row][et_pb_row column_structure=\u00a0\u00bb3_5,2_5&Prime; _builder_version=\u00a0\u00bb4.21.0&Prime; _module_preset=\u00a0\u00bbdefault\u00a0\u00bb global_colors_info=\u00a0\u00bb{}\u00a0\u00bb][et_pb_column type=\u00a0\u00bb3_5&Prime; _builder_version=\u00a0\u00bb4.21.0&Prime; _module_preset=\u00a0\u00bbdefault\u00a0\u00bb global_colors_info=\u00a0\u00bb{}\u00a0\u00bb][\/et_pb_column][et_pb_column type=\u00a0\u00bb2_5&Prime; _builder_version=\u00a0\u00bb4.21.0&Prime; _module_preset=\u00a0\u00bbdefault\u00a0\u00bb global_colors_info=\u00a0\u00bb{}\u00a0\u00bb][et_pb_text _builder_version=\u00a0\u00bb4.21.0&Prime; _module_preset=\u00a0\u00bbdefault\u00a0\u00bb text_orientation=\u00a0\u00bbcenter\u00a0\u00bb custom_padding=\u00a0\u00bb10px||10px||true|false\u00a0\u00bb border_width_all=\u00a0\u00bb1px\u00a0\u00bb border_color_all=\u00a0\u00bb#d8d8d8&Prime; global_colors_info=\u00a0\u00bb{}\u00a0\u00bb]<\/p>\n<p>[lmt-post-modified-info]<\/p>\n<p>[\/et_pb_text][\/et_pb_column][\/et_pb_row][\/et_pb_section]<\/p>\n","protected":false},"excerpt":{"rendered":"<p>Julie Legrand Julie Legrand\u00a0est titulaire d\u2019une Ma\u00eetrise en Histoire de l&rsquo;Art et d\u2019un Master 2 en Enseignement et Didactique du Fran\u00e7ais Langue \u00c9trang\u00e8re (FLE). Elle commence sa carri\u00e8re dans la m\u00e9diation culturelle dans des sites patrimoniaux majeurs (Ch\u00e2teau de Chambord,\u00a0Abbaye du Mont Saint-Michel), et dans le secteur de l&rsquo;art contemporain (FRAC Poitou-Charentes,\u00a0Ch\u00e2teau d&rsquo;Oiron), avant de [&hellip;]<\/p>\n","protected":false},"author":1,"featured_media":0,"parent":0,"menu_order":0,"comment_status":"closed","ping_status":"closed","template":"","meta":{"_et_pb_use_builder":"on","_et_pb_old_content":"","_et_gb_content_width":"","footnotes":""},"class_list":["post-8061","page","type-page","status-publish","hentry"],"_links":{"self":[{"href":"https:\/\/wptestkevin.ovh\/.Dev\/wp-json\/wp\/v2\/pages\/8061","targetHints":{"allow":["GET"]}}],"collection":[{"href":"https:\/\/wptestkevin.ovh\/.Dev\/wp-json\/wp\/v2\/pages"}],"about":[{"href":"https:\/\/wptestkevin.ovh\/.Dev\/wp-json\/wp\/v2\/types\/page"}],"author":[{"embeddable":true,"href":"https:\/\/wptestkevin.ovh\/.Dev\/wp-json\/wp\/v2\/users\/1"}],"replies":[{"embeddable":true,"href":"https:\/\/wptestkevin.ovh\/.Dev\/wp-json\/wp\/v2\/comments?post=8061"}],"version-history":[{"count":4,"href":"https:\/\/wptestkevin.ovh\/.Dev\/wp-json\/wp\/v2\/pages\/8061\/revisions"}],"predecessor-version":[{"id":8068,"href":"https:\/\/wptestkevin.ovh\/.Dev\/wp-json\/wp\/v2\/pages\/8061\/revisions\/8068"}],"wp:attachment":[{"href":"https:\/\/wptestkevin.ovh\/.Dev\/wp-json\/wp\/v2\/media?parent=8061"}],"curies":[{"name":"wp","href":"https:\/\/api.w.org\/{rel}","templated":true}]}}