{"id":8053,"date":"2025-03-26T13:51:29","date_gmt":"2025-03-26T12:51:29","guid":{"rendered":"https:\/\/wptestkevin.ovh\/.Dev\/?page_id=8053"},"modified":"2025-04-23T09:56:24","modified_gmt":"2025-04-23T07:56:24","slug":"stephanie-larchanche","status":"publish","type":"page","link":"https:\/\/wptestkevin.ovh\/.Dev\/stephanie-larchanche\/","title":{"rendered":"St\u00e9phanie LARCHANCHE"},"content":{"rendered":"<p>[et_pb_section fb_built=\u00a0\u00bb1&Prime; admin_label=\u00a0\u00bbSection\u00a0\u00bb module_id=\u00a0\u00bbadelus\u00a0\u00bb _builder_version=\u00a0\u00bb4.27.4&Prime; _module_preset=\u00a0\u00bbdefault\u00a0\u00bb background_color=\u00a0\u00bb#f1f3f4&Prime; custom_margin=\u00a0\u00bb0px||0px||true|false\u00a0\u00bb custom_padding=\u00a0\u00bb0px||0px||true|false\u00a0\u00bb animation_style=\u00a0\u00bbfade\u00a0\u00bb da_popup_slug=\u00a0\u00bbadelus\u00a0\u00bb da_disable_devices=\u00a0\u00bboff|off|off\u00a0\u00bb global_colors_info=\u00a0\u00bb{}\u00a0\u00bb da_is_popup=\u00a0\u00bboff\u00a0\u00bb da_exit_intent=\u00a0\u00bboff\u00a0\u00bb da_has_close=\u00a0\u00bbon\u00a0\u00bb da_alt_close=\u00a0\u00bboff\u00a0\u00bb da_dark_close=\u00a0\u00bboff\u00a0\u00bb da_not_modal=\u00a0\u00bbon\u00a0\u00bb da_is_singular=\u00a0\u00bboff\u00a0\u00bb da_with_loader=\u00a0\u00bboff\u00a0\u00bb da_has_shadow=\u00a0\u00bbon\u00a0\u00bb][et_pb_row custom_padding_last_edited=\u00a0\u00bbon|phone\u00a0\u00bb _builder_version=\u00a0\u00bb4.27.4&Prime; _module_preset=\u00a0\u00bbdefault\u00a0\u00bb background_color=\u00a0\u00bb#FFFFFF\u00a0\u00bb width_tablet=\u00a0\u00bb\u00a0\u00bb width_phone=\u00a0\u00bb95%\u00a0\u00bb width_last_edited=\u00a0\u00bbon|phone\u00a0\u00bb custom_padding=\u00a0\u00bb|33px||33px|false|true\u00a0\u00bb custom_padding_tablet=\u00a0\u00bb\u00a0\u00bb custom_padding_phone=\u00a0\u00bb|10px||10px|false|true\u00a0\u00bb global_colors_info=\u00a0\u00bb{}\u00a0\u00bb][et_pb_column type=\u00a0\u00bb4_4&Prime; _builder_version=\u00a0\u00bb4.21.0&Prime; _module_preset=\u00a0\u00bbdefault\u00a0\u00bb global_colors_info=\u00a0\u00bb{}\u00a0\u00bb][et_pb_text _builder_version=\u00a0\u00bb4.21.0&Prime; _module_preset=\u00a0\u00bbdefault\u00a0\u00bb custom_margin=\u00a0\u00bb||10px||false|false\u00a0\u00bb global_colors_info=\u00a0\u00bb{}\u00a0\u00bb]<\/p>\n<h1 class=\"uk-article-title\">St\u00e9phanie Larchanche<\/h1>\n<p>[\/et_pb_text][et_pb_text _builder_version=\u00a0\u00bb4.27.4&Prime; _module_preset=\u00a0\u00bbdefault\u00a0\u00bb text_orientation=\u00a0\u00bbjustified\u00a0\u00bb hover_enabled=\u00a0\u00bb0&Prime; global_colors_info=\u00a0\u00bb{}\u00a0\u00bb sticky_enabled=\u00a0\u00bb0&Prime;]<\/p>\n<p><img loading=\"lazy\" decoding=\"async\" src=\"http:\/\/wptestkevin.ovh\/.Dev\/wp-content\/uploads\/2025\/04\/slarchanche-Gd.png\" width=\"258\" height=\"300\" \/><\/p>\n<p style=\"text-align: justify;\"><strong><span style=\"color: #2271b1;\">St\u00e9phanie LARCHANCHE<\/span><\/strong> est anthropologue de la sant\u00e9 et th\u00e9rapeute, sp\u00e9cialis\u00e9e sur l\u2019approche transculturelle des soins en sant\u00e9 mentale.<\/p>\n<p style=\"text-align: justify;\">Apr\u00e8s des \u00e9tudes doctorales aux Etats-Unis, et une th\u00e8se sur les dispositifs de sant\u00e9 mentale s\u2019adressant sp\u00e9cifiquement aux personnes migrantes et exil\u00e9es \u00e0 Paris, <strong><span style=\"color: #2271b1;\">St\u00e9phanie LARCHANCHE<\/span><\/strong> se retrouve face \u00e0 un dilemme : poursuivre une carri\u00e8re acad\u00e9mique, ou s\u2019engager dans une carri\u00e8re appliqu\u00e9e dans le domaine du soin. Apr\u00e8s quelques t\u00e2tonnements, une opportunit\u00e9 se pr\u00e9sente \u00e0 elle lorsqu\u2019un de ses lieux d\u2019enqu\u00eate, une clinique transculturelle, lui propose un poste \u00e0 la crois\u00e9e des chemins. Elle commence par la coordination d\u2019un Dipl\u00f4me Universitaire sur la \u00ab Comp\u00e9tence culturelle dans les pratiques cliniques et sociales \u00bb (Universit\u00e9 de Paris), et fait ses premiers pas en tant que formatrice, aupr\u00e8s de diff\u00e9rentes institutions sanitaires et sociales. Quelques ann\u00e9es plus tard elle devient responsable du p\u00f4le de comp\u00e9tences (formation \u2013 enseignement \u2013 recherche).<\/p>\n<p style=\"text-align: justify;\">A force de c\u00f4toyer ses coll\u00e8gues cliniciens et d\u2019assister aux staffs cliniques, une envie na\u00eet de pouvoir elle-m\u00eame accompagner les patients en psychoth\u00e9rapie. <strong><span style=\"color: #2271b1;\">St\u00e9phanie LARCHANCHE<\/span><\/strong> entame alors une formation de psychoth\u00e9rapeute, qui lui permettra de non seulement de r\u00e9aliser cette envie, mais \u00e9galement d\u2019assumer une nouvelle posture dans le cadre de son activit\u00e9 de formatrice.<\/p>\n<p style=\"text-align: justify;\">Apr\u00e8s 12 ann\u00e9es d\u2019exp\u00e9rience dans l\u2019institution, <strong><span style=\"color: #2271b1;\">St\u00e9phanie LARCHANCHE<\/span><\/strong> d\u00e9cide se lancer dans une activit\u00e9 ind\u00e9pendante, avec le d\u00e9sir d\u2019\u00e9largir son accompagnement en tant que formatrice et th\u00e9rapeute \u00e0 d\u2019autres publics. Elle se forme aux techniques de coaching et \u00e0 la th\u00e9orie polyvagale (fondements neurophysiologiques des \u00e9motions, de l\u2019attachement, de la communication et de l\u2019autor\u00e9gulation). Elle a r\u00e9cemment d\u00e9velopp\u00e9 un programme \u00ab Prendre soin de soi \u00bb qui propose une d\u00e9marche introspective aux salari\u00e9s de diff\u00e9rents domaines professionnels \u2013 du milieu m\u00e9dical au milieu du spectacle. Le programme consiste \u00e0 mieux conna\u00eetre ses propres mod\u00e8les mentaux, notamment afin d\u2019agir positivement sur ses croyances limitantes, et mieux s\u2019\u00e9panouir dans son environnement professionnel (et personnel!).<\/p>\n<p style=\"text-align: justify;\"><strong><span style=\"color: #2271b1;\">St\u00e9phanie LARCHANCHE<\/span><\/strong> continue d\u2019enseigner dans diff\u00e9rentes universit\u00e9s \u00e0 Paris, notamment \u00e0 l\u2019Universit\u00e9 priv\u00e9e de psychologie Sigmund Freud (SFU), et de mener des recherches \u00e0 l\u2019international. Son dernier projet a port\u00e9 sur une approche anthropologique de l\u2019anxi\u00e9t\u00e9 (Fondation Wenner-Gren). Elle vient de rejoindre l\u2019Institut de Recherche sur la Transmission Transg\u00e9n\u00e9rationnelle des Traumatismes (ITTTR) \u00e0 l\u2019Universit\u00e9 SFU-Vienne. Elle est l\u2019autrice de plusieurs articles et ouvrages scientifiques.<\/p>\n<p>[\/et_pb_text][\/et_pb_column][\/et_pb_row][et_pb_row column_structure=\u00a0\u00bb3_5,2_5&Prime; _builder_version=\u00a0\u00bb4.21.0&Prime; _module_preset=\u00a0\u00bbdefault\u00a0\u00bb global_colors_info=\u00a0\u00bb{}\u00a0\u00bb][et_pb_column type=\u00a0\u00bb3_5&Prime; _builder_version=\u00a0\u00bb4.21.0&Prime; _module_preset=\u00a0\u00bbdefault\u00a0\u00bb global_colors_info=\u00a0\u00bb{}\u00a0\u00bb][\/et_pb_column][et_pb_column type=\u00a0\u00bb2_5&Prime; _builder_version=\u00a0\u00bb4.21.0&Prime; _module_preset=\u00a0\u00bbdefault\u00a0\u00bb global_colors_info=\u00a0\u00bb{}\u00a0\u00bb][et_pb_text _builder_version=\u00a0\u00bb4.21.0&Prime; _module_preset=\u00a0\u00bbdefault\u00a0\u00bb text_orientation=\u00a0\u00bbcenter\u00a0\u00bb custom_padding=\u00a0\u00bb10px||10px||true|false\u00a0\u00bb border_width_all=\u00a0\u00bb1px\u00a0\u00bb border_color_all=\u00a0\u00bb#d8d8d8&Prime; global_colors_info=\u00a0\u00bb{}\u00a0\u00bb]<\/p>\n<p>[lmt-post-modified-info]<\/p>\n<p>[\/et_pb_text][\/et_pb_column][\/et_pb_row][\/et_pb_section]<\/p>\n","protected":false},"excerpt":{"rendered":"<p>St\u00e9phanie Larchanche St\u00e9phanie LARCHANCHE est anthropologue de la sant\u00e9 et th\u00e9rapeute, sp\u00e9cialis\u00e9e sur l\u2019approche transculturelle des soins en sant\u00e9 mentale. Apr\u00e8s des \u00e9tudes doctorales aux Etats-Unis, et une th\u00e8se sur les dispositifs de sant\u00e9 mentale s\u2019adressant sp\u00e9cifiquement aux personnes migrantes et exil\u00e9es \u00e0 Paris, St\u00e9phanie LARCHANCHE se retrouve face \u00e0 un dilemme : poursuivre une [&hellip;]<\/p>\n","protected":false},"author":1,"featured_media":0,"parent":0,"menu_order":0,"comment_status":"closed","ping_status":"closed","template":"","meta":{"_et_pb_use_builder":"on","_et_pb_old_content":"","_et_gb_content_width":"","footnotes":""},"class_list":["post-8053","page","type-page","status-publish","hentry"],"_links":{"self":[{"href":"https:\/\/wptestkevin.ovh\/.Dev\/wp-json\/wp\/v2\/pages\/8053","targetHints":{"allow":["GET"]}}],"collection":[{"href":"https:\/\/wptestkevin.ovh\/.Dev\/wp-json\/wp\/v2\/pages"}],"about":[{"href":"https:\/\/wptestkevin.ovh\/.Dev\/wp-json\/wp\/v2\/types\/page"}],"author":[{"embeddable":true,"href":"https:\/\/wptestkevin.ovh\/.Dev\/wp-json\/wp\/v2\/users\/1"}],"replies":[{"embeddable":true,"href":"https:\/\/wptestkevin.ovh\/.Dev\/wp-json\/wp\/v2\/comments?post=8053"}],"version-history":[{"count":7,"href":"https:\/\/wptestkevin.ovh\/.Dev\/wp-json\/wp\/v2\/pages\/8053\/revisions"}],"predecessor-version":[{"id":8877,"href":"https:\/\/wptestkevin.ovh\/.Dev\/wp-json\/wp\/v2\/pages\/8053\/revisions\/8877"}],"wp:attachment":[{"href":"https:\/\/wptestkevin.ovh\/.Dev\/wp-json\/wp\/v2\/media?parent=8053"}],"curies":[{"name":"wp","href":"https:\/\/api.w.org\/{rel}","templated":true}]}}