{"id":8045,"date":"2025-03-26T13:42:45","date_gmt":"2025-03-26T12:42:45","guid":{"rendered":"https:\/\/wptestkevin.ovh\/.Dev\/?page_id=8045"},"modified":"2025-03-26T13:45:09","modified_gmt":"2025-03-26T12:45:09","slug":"claire-lambert","status":"publish","type":"page","link":"https:\/\/wptestkevin.ovh\/.Dev\/claire-lambert\/","title":{"rendered":"Claire LAMBERT"},"content":{"rendered":"<p>[et_pb_section fb_built=\u00a0\u00bb1&Prime; admin_label=\u00a0\u00bbSection\u00a0\u00bb module_id=\u00a0\u00bbadelus\u00a0\u00bb _builder_version=\u00a0\u00bb4.27.4&Prime; _module_preset=\u00a0\u00bbdefault\u00a0\u00bb background_color=\u00a0\u00bb#f1f3f4&Prime; custom_margin=\u00a0\u00bb0px||0px||true|false\u00a0\u00bb custom_padding=\u00a0\u00bb0px||0px||true|false\u00a0\u00bb animation_style=\u00a0\u00bbfade\u00a0\u00bb da_popup_slug=\u00a0\u00bbadelus\u00a0\u00bb da_disable_devices=\u00a0\u00bboff|off|off\u00a0\u00bb global_colors_info=\u00a0\u00bb{}\u00a0\u00bb da_is_popup=\u00a0\u00bboff\u00a0\u00bb da_exit_intent=\u00a0\u00bboff\u00a0\u00bb da_has_close=\u00a0\u00bbon\u00a0\u00bb da_alt_close=\u00a0\u00bboff\u00a0\u00bb da_dark_close=\u00a0\u00bboff\u00a0\u00bb da_not_modal=\u00a0\u00bbon\u00a0\u00bb da_is_singular=\u00a0\u00bboff\u00a0\u00bb da_with_loader=\u00a0\u00bboff\u00a0\u00bb da_has_shadow=\u00a0\u00bbon\u00a0\u00bb][et_pb_row custom_padding_last_edited=\u00a0\u00bbon|phone\u00a0\u00bb _builder_version=\u00a0\u00bb4.27.4&Prime; _module_preset=\u00a0\u00bbdefault\u00a0\u00bb background_color=\u00a0\u00bb#FFFFFF\u00a0\u00bb width_tablet=\u00a0\u00bb\u00a0\u00bb width_phone=\u00a0\u00bb95%\u00a0\u00bb width_last_edited=\u00a0\u00bbon|phone\u00a0\u00bb custom_padding=\u00a0\u00bb|33px||33px|false|true\u00a0\u00bb custom_padding_tablet=\u00a0\u00bb\u00a0\u00bb custom_padding_phone=\u00a0\u00bb|10px||10px|false|true\u00a0\u00bb global_colors_info=\u00a0\u00bb{}\u00a0\u00bb][et_pb_column type=\u00a0\u00bb4_4&Prime; _builder_version=\u00a0\u00bb4.21.0&Prime; _module_preset=\u00a0\u00bbdefault\u00a0\u00bb global_colors_info=\u00a0\u00bb{}\u00a0\u00bb][et_pb_text _builder_version=\u00a0\u00bb4.21.0&Prime; _module_preset=\u00a0\u00bbdefault\u00a0\u00bb custom_margin=\u00a0\u00bb||10px||false|false\u00a0\u00bb global_colors_info=\u00a0\u00bb{}\u00a0\u00bb]<\/p>\n<h1 class=\"uk-article-title\">Claire Lambert<\/h1>\n<p>[\/et_pb_text][et_pb_text _builder_version=\u00a0\u00bb4.25.2&Prime; _module_preset=\u00a0\u00bbdefault\u00a0\u00bb text_orientation=\u00a0\u00bbjustified\u00a0\u00bb global_colors_info=\u00a0\u00bb{}\u00a0\u00bb]<\/p>\n<p><img loading=\"lazy\" decoding=\"async\" src=\"http:\/\/wptestkevin.ovh\/.Dev\/wp-content\/uploads\/2024\/06\/c.lambert.jpg\" alt=\"claire-lambert\" width=\"200\" height=\"231\" \/><\/p>\n<p>Apr\u00e8s deux ann\u00e9es en lettres sup\u00e9rieures, hypokh\u00e2gne et kh\u00e2gne, <span style=\"color: #2271b1;\"><strong>Claire Lambert<\/strong><\/span> pr\u00e9f\u00e8re l&rsquo;ouverture \u00e0 un monde moins conventionnel : celui de la cr\u00e9ation artistique. Une initiation aux beaux-arts \u00e0 l&rsquo;EAB \u00e0 Beauvais, une pratique de la danse contemporaine, une exp\u00e9rience en tant que projectionniste au Kino, cin\u00e9ma d&rsquo;art et essai de l&rsquo;universit\u00e9 de Lille, la conforte dans cette voie.<\/p>\n<p>Sensible aux musiques actuelles, <span style=\"color: #2271b1;\"><strong>Claire Lambert<\/strong><\/span>\u00a0s&rsquo;engage dans l&rsquo;organisation de festivals comme la Route du Rock (Saint Malo), Esperanzah et le Dour Festival (Belgique) avant de rejoindre le service des relations presses aux Francofolies \u00e0 La Rochelle en 2003 puis le service communication de la F\u00eate de la musique \u00e0 Bruxelles en 2004.<\/p>\n<p>En 2005, charg\u00e9e de projets art et culture au sein du r\u00e9seau Canop\u00e9, R\u00e9seau de cr\u00e9ation et d&rsquo;accompagnement p\u00e9dagogiques \u00e0 Poitiers, <span style=\"color: #2271b1;\"><strong>Claire Lambert<\/strong><\/span> coordonne les ressources en ligne et la mise en place de mallettes p\u00e9dagogiques autour des arts du cirque et de la BD, cr\u00e9e un partenariat avec le Frac (Fonds r\u00e9gional d&rsquo;art contemporain) Poitou-Charentes et propose une exposition autour de la question de la repr\u00e9sentation du corps.<\/p>\n<p><span style=\"color: #2271b1;\"><strong>Claire Lambert<\/strong><\/span> cr\u00e9e en 2006 le collectif artistique pluridisciplinaire antistatique (Montr\u00e9al, Bruxelles, Paris et Barcelone) et d\u00e9veloppe durant trois ans un cycle de recherches et de d\u00e9couvertes des pays qui bordent la mer baltique. De cette d\u00e9marche aboutissent l&rsquo;organisation de trois expositions en France et \u00e0 l&rsquo;\u00e9tranger et la publication du livre Baltic (\u00e9dition Nuit Myrtide).<\/p>\n<p>Titulaire d&rsquo;un master 2 d\u00e9veloppement culturel de la ville \u00e0 La Rochelle, <span style=\"color: #2271b1;\"><strong>Claire Lambert<\/strong><\/span>\u00a0est recrut\u00e9e en 2006 par la communaut\u00e9 d&rsquo;agglom\u00e9ration Pau Pyr\u00e9n\u00e9es pour contribuer au projet de r\u00e9habilitation des anciens abattoirs en espace culturel d\u00e9di\u00e9 \u00e0 la cr\u00e9ation et \u00e0 la diffusion. En 2014, le Bel Ordinaire est inaugur\u00e9. Dans cet espace d&rsquo;art contemporain, elle s&rsquo;occupe plus particuli\u00e8rement des questions li\u00e9es \u00e0 la communication et \u00e0 la m\u00e9diation avant de recentrer ses missions autour de l&rsquo;action culturelle.<\/p>\n<p>En relation avec le jeune public depuis 2005, <span style=\"color: #2271b1;\"><strong>Claire Lambert<\/strong><\/span>\u00a0s\u2019int\u00e9resse \u00e0 la r\u00e9ception des \u0153uvres par les enfants. De 2014 \u00e0 2017, elle d\u00e9veloppe en tant que commissaire un programme d&rsquo;expositions abordant les th\u00e8mes de l&rsquo;utopie, de l&rsquo;architecture, du mouvement et de la distraction, avec l&rsquo;envie de faire d\u00e9couvrir d\u00e8s le plus jeune \u00e2ge les richesses de la cr\u00e9ation contemporaine.<\/p>\n<p>Son go\u00fbt pour la transmission, le partage des connaissances ainsi que ses exp\u00e9riences acquises pendant plus de treize ans au sein de structures culturelles, associations et collectivit\u00e9s territoriales permettent aujourd&rsquo;hui \u00e0 <span style=\"color: #2271b1;\"><strong>Claire Lambert<\/strong><\/span>\u00a0de proposer des interventions combinant enseignements th\u00e9oriques, rencontres professionnelles et cas pratiques. Sp\u00e9cialis\u00e9e dans les questions li\u00e9es \u00e0 la m\u00e9diation culturelle, l&rsquo;art contemporain et le jeune public, elle est charg\u00e9e de cours en m\u00e9diation culturelle et mus\u00e9ologie \u00e0 l&rsquo;universit\u00e9 de Pau et des Pays de l&rsquo;Adour de 2016 \u00e0 2019.<\/p>\n<p><span style=\"color: #2271b1;\"><strong>Claire Lambert<\/strong><\/span> aime \u00eatre dans la pratique et anime \u00e9galement des ateliers arts visuels pour le CAPC \u2013 mus\u00e9e d&rsquo;art contemporain de Bordeaux et le Domaine du ch\u00e2teau de Pau (2019).<\/p>\n<p>En 2020, <span style=\"color: #2271b1;\"><strong>Claire Lambert<\/strong><\/span>\u00a0suit le parcours de la fondation pr\u00e9sid\u00e9e par Fr\u00e9d\u00e9ric Lenoir, SEVE Savoir \u00catre et Vivre Ensemble, pour proposer des ateliers de philosophie et de philo-art aux enfants et aux adolescents dans des \u00e9tablissements scolaires \u00e0 Pau, B\u00e9gles et pour la Ville de M\u00e9rignac. Pour le FRAC Nouvelle Aquitaine, elle coordonne cette m\u00eame ann\u00e9e, l\u2019\u00c9t\u00e9 culturel et apprenant et organise 19 rendez-vous avec 15 artistes \u00e0 l&rsquo;\u00e9chelle de la r\u00e9gion.<\/p>\n<p>Pour l&rsquo;IDDAC, Agence culturelle de Gironde, elle accompagne des artistes plasticiens dans leur d\u00e9veloppement professionnel. Elle collabore \u00e9galement avec Amiens M\u00e9tropole sur des temps de rencontre, de concertation, d&rsquo;animation du r\u00e9seau des arts visuels.<\/p>\n<p>Afin d&rsquo;\u00e9largir ses actions et de l&rsquo;ouvrir \u00e0 d&rsquo;autres champs, elle cr\u00e9e en 2021 \u00e0 Bordeaux l&rsquo;association jaune magenta dont le but est de mettre en place des projets dans le domaine des arts visuels et vivants favorisant l&rsquo;interaction avec d&rsquo;autres champs : architecture, sant\u00e9 et environnement.<\/p>\n<p><span style=\"color: #2271b1;\"><strong>Claire Lambert<\/strong><\/span> partage son savoir-faire lors de formations th\u00e9matiques. Attentive aux m\u00e9thodes p\u00e9dagogiques innovantes, elle ma\u00eetrise des techniques et des m\u00e9thodes adapt\u00e9es \u00e0 diff\u00e9rents types de publics. G\u00e9n\u00e9rer une dynamique de groupe dynamique et positive, prendre compte des connaissances et des apports de chacun, tels sont les ma\u00eetres mots de son modus operandi.<\/p>\n<p>A l&rsquo;AGECIF, <span style=\"color: #2271b1;\"><strong>Claire Lambert<\/strong><\/span>\u00a0anime des formations dans les domaines de la m\u00e9diation culturelle et de la question des publics, de l&rsquo;\u00e9ducation artistique et de l&rsquo;\u00e9valuation culturelle.<\/p>\n<p>Pour plus d\u2019informations sur <span style=\"color: #2271b1;\"><strong>Claire Lambert<\/strong><\/span> : <a href=\"https:\/\/www.bonjourclairelambert.com\/\" target=\"_blank\" rel=\"noopener\">www.bonjourclairelambert.com<\/a><\/p>\n<p>[\/et_pb_text][\/et_pb_column][\/et_pb_row][et_pb_row column_structure=\u00a0\u00bb3_5,2_5&Prime; _builder_version=\u00a0\u00bb4.21.0&Prime; _module_preset=\u00a0\u00bbdefault\u00a0\u00bb global_colors_info=\u00a0\u00bb{}\u00a0\u00bb][et_pb_column type=\u00a0\u00bb3_5&Prime; _builder_version=\u00a0\u00bb4.21.0&Prime; _module_preset=\u00a0\u00bbdefault\u00a0\u00bb global_colors_info=\u00a0\u00bb{}\u00a0\u00bb][\/et_pb_column][et_pb_column type=\u00a0\u00bb2_5&Prime; _builder_version=\u00a0\u00bb4.21.0&Prime; _module_preset=\u00a0\u00bbdefault\u00a0\u00bb global_colors_info=\u00a0\u00bb{}\u00a0\u00bb][et_pb_text _builder_version=\u00a0\u00bb4.21.0&Prime; _module_preset=\u00a0\u00bbdefault\u00a0\u00bb text_orientation=\u00a0\u00bbcenter\u00a0\u00bb custom_padding=\u00a0\u00bb10px||10px||true|false\u00a0\u00bb border_width_all=\u00a0\u00bb1px\u00a0\u00bb border_color_all=\u00a0\u00bb#d8d8d8&Prime; global_colors_info=\u00a0\u00bb{}\u00a0\u00bb]<\/p>\n<p>[lmt-post-modified-info]<\/p>\n<p>[\/et_pb_text][\/et_pb_column][\/et_pb_row][\/et_pb_section]<\/p>\n","protected":false},"excerpt":{"rendered":"<p>Claire Lambert Apr\u00e8s deux ann\u00e9es en lettres sup\u00e9rieures, hypokh\u00e2gne et kh\u00e2gne, Claire Lambert pr\u00e9f\u00e8re l&rsquo;ouverture \u00e0 un monde moins conventionnel : celui de la cr\u00e9ation artistique. Une initiation aux beaux-arts \u00e0 l&rsquo;EAB \u00e0 Beauvais, une pratique de la danse contemporaine, une exp\u00e9rience en tant que projectionniste au Kino, cin\u00e9ma d&rsquo;art et essai de l&rsquo;universit\u00e9 de [&hellip;]<\/p>\n","protected":false},"author":1,"featured_media":0,"parent":0,"menu_order":0,"comment_status":"closed","ping_status":"closed","template":"","meta":{"_et_pb_use_builder":"on","_et_pb_old_content":"","_et_gb_content_width":"","footnotes":""},"class_list":["post-8045","page","type-page","status-publish","hentry"],"_links":{"self":[{"href":"https:\/\/wptestkevin.ovh\/.Dev\/wp-json\/wp\/v2\/pages\/8045","targetHints":{"allow":["GET"]}}],"collection":[{"href":"https:\/\/wptestkevin.ovh\/.Dev\/wp-json\/wp\/v2\/pages"}],"about":[{"href":"https:\/\/wptestkevin.ovh\/.Dev\/wp-json\/wp\/v2\/types\/page"}],"author":[{"embeddable":true,"href":"https:\/\/wptestkevin.ovh\/.Dev\/wp-json\/wp\/v2\/users\/1"}],"replies":[{"embeddable":true,"href":"https:\/\/wptestkevin.ovh\/.Dev\/wp-json\/wp\/v2\/comments?post=8045"}],"version-history":[{"count":4,"href":"https:\/\/wptestkevin.ovh\/.Dev\/wp-json\/wp\/v2\/pages\/8045\/revisions"}],"predecessor-version":[{"id":8052,"href":"https:\/\/wptestkevin.ovh\/.Dev\/wp-json\/wp\/v2\/pages\/8045\/revisions\/8052"}],"wp:attachment":[{"href":"https:\/\/wptestkevin.ovh\/.Dev\/wp-json\/wp\/v2\/media?parent=8045"}],"curies":[{"name":"wp","href":"https:\/\/api.w.org\/{rel}","templated":true}]}}