{"id":8036,"date":"2025-03-26T13:37:52","date_gmt":"2025-03-26T12:37:52","guid":{"rendered":"https:\/\/wptestkevin.ovh\/.Dev\/?page_id=8036"},"modified":"2025-03-26T13:40:38","modified_gmt":"2025-03-26T12:40:38","slug":"veronique-lahargue","status":"publish","type":"page","link":"https:\/\/wptestkevin.ovh\/.Dev\/veronique-lahargue\/","title":{"rendered":"V\u00e9ronique LAHARGUE"},"content":{"rendered":"<p>[et_pb_section fb_built=\u00a0\u00bb1&Prime; admin_label=\u00a0\u00bbSection\u00a0\u00bb module_id=\u00a0\u00bbadelus\u00a0\u00bb _builder_version=\u00a0\u00bb4.27.4&Prime; _module_preset=\u00a0\u00bbdefault\u00a0\u00bb background_color=\u00a0\u00bb#f1f3f4&Prime; custom_margin=\u00a0\u00bb0px||0px||true|false\u00a0\u00bb custom_padding=\u00a0\u00bb0px||0px||true|false\u00a0\u00bb animation_style=\u00a0\u00bbfade\u00a0\u00bb da_popup_slug=\u00a0\u00bbadelus\u00a0\u00bb da_disable_devices=\u00a0\u00bboff|off|off\u00a0\u00bb global_colors_info=\u00a0\u00bb{}\u00a0\u00bb da_is_popup=\u00a0\u00bboff\u00a0\u00bb da_exit_intent=\u00a0\u00bboff\u00a0\u00bb da_has_close=\u00a0\u00bbon\u00a0\u00bb da_alt_close=\u00a0\u00bboff\u00a0\u00bb da_dark_close=\u00a0\u00bboff\u00a0\u00bb da_not_modal=\u00a0\u00bbon\u00a0\u00bb da_is_singular=\u00a0\u00bboff\u00a0\u00bb da_with_loader=\u00a0\u00bboff\u00a0\u00bb da_has_shadow=\u00a0\u00bbon\u00a0\u00bb][et_pb_row custom_padding_last_edited=\u00a0\u00bbon|phone\u00a0\u00bb _builder_version=\u00a0\u00bb4.27.4&Prime; _module_preset=\u00a0\u00bbdefault\u00a0\u00bb background_color=\u00a0\u00bb#FFFFFF\u00a0\u00bb width_tablet=\u00a0\u00bb\u00a0\u00bb width_phone=\u00a0\u00bb95%\u00a0\u00bb width_last_edited=\u00a0\u00bbon|phone\u00a0\u00bb custom_padding=\u00a0\u00bb|33px||33px|false|true\u00a0\u00bb custom_padding_tablet=\u00a0\u00bb\u00a0\u00bb custom_padding_phone=\u00a0\u00bb|10px||10px|false|true\u00a0\u00bb global_colors_info=\u00a0\u00bb{}\u00a0\u00bb][et_pb_column type=\u00a0\u00bb4_4&Prime; _builder_version=\u00a0\u00bb4.21.0&Prime; _module_preset=\u00a0\u00bbdefault\u00a0\u00bb global_colors_info=\u00a0\u00bb{}\u00a0\u00bb][et_pb_text _builder_version=\u00a0\u00bb4.21.0&Prime; _module_preset=\u00a0\u00bbdefault\u00a0\u00bb custom_margin=\u00a0\u00bb||10px||false|false\u00a0\u00bb global_colors_info=\u00a0\u00bb{}\u00a0\u00bb]<\/p>\n<h1>V\u00e9ronique Lahargue<\/h1>\n<p>[\/et_pb_text][et_pb_text _builder_version=\u00a0\u00bb4.25.2&Prime; _module_preset=\u00a0\u00bbdefault\u00a0\u00bb text_orientation=\u00a0\u00bbjustified\u00a0\u00bb global_colors_info=\u00a0\u00bb{}\u00a0\u00bb]<\/p>\n<div>\n<p><img loading=\"lazy\" decoding=\"async\" src=\"http:\/\/wptestkevin.ovh\/.Dev\/wp-content\/uploads\/2024\/06\/v-lahargue.jpg\" alt=\"veronique-lahargue\" width=\"200\" height=\"171\" \/><\/p>\n<p style=\"text-align: justify;\">Issue d\u2019une formation scientifique et titulaire d\u2019un dipl\u00f4me d\u2019ing\u00e9nieur en physiques, <span style=\"color: #2271b1;\"><strong>V\u00e9ronique Lahargue <\/strong><\/span>s\u2019engage par passion dans la culture, de b\u00e9n\u00e9vole \u00e0 professionnelle.<\/p>\n<p style=\"text-align: justify;\">En 2010, <span style=\"color: #2271b1;\"><strong>V\u00e9ronique Lahargue<\/strong><\/span>\u00a0part outre-mer o\u00f9 elle se forme \u00e0 la production et \u00e0 l\u2019administration de projets culturels au sein de <em><a href=\"https:\/\/www.toukadanses-cdc-guyane.com\/\" target=\"_blank\" rel=\"noopener\">Touka Danses<\/a>, Centre de D\u00e9veloppement Chor\u00e9graphique Guyane<\/em>. Elle y occupe \u00e0 pr\u00e9sent le poste d\u2019administratrice g\u00e9n\u00e9rale du festival <em>Rencontres de Danses M\u00e9tisses<\/em>.<\/p>\n<p style=\"text-align: justify;\">De retour en France hexagonale en 2014, tout en gardant sa mission pour la <em>Guyane<\/em>, <span style=\"color: #2271b1;\"><strong>V\u00e9ronique Lahargue<\/strong><\/span><strong>\u00a0<\/strong>s\u2019implante dans le <em>Gers<\/em>. Elle y travaille d\u2019abord dans le secteur du cirque. Pendant deux ans, elle occupe un poste de billetterie et d\u2019accueil des publics pour <em><a href=\"http:\/\/www.circa.auch.fr\/fr\/festival-du-cirque-actuel\" target=\"_blank\" rel=\"noopener\">CIRCa, Festival du cirque actuel<\/a>\u00a0port\u00e9 par le P\u00f4le national des arts du cirque (Auch). Puis elle se consacre au d\u00e9veloppement de la pratique du cirque en milieu rural en tant que charg\u00e9e de projets, communication et comptabilit\u00e9 pour l\u2019Ecole de cirque itin\u00e9rante Pr\u00e9 en Bulles.<\/em><\/p>\n<p style=\"text-align: justify;\"><em> <\/em><\/p>\n<p style=\"text-align: justify;\"><em>En 2019, <\/em><span style=\"color: #2271b1;\"><strong>V\u00e9ronique Lahargue<\/strong><\/span><em>\u00a0s\u2019oriente vers le secteur musical. Apr\u00e8s une mission d\u2019administration pour le Festival de Musique des Balkans, Welcome in Tziganie, elle rejoint <a href=\"https:\/\/www.znproduction.fr\/fr\" target=\"_blank\" rel=\"noopener\">Zn Production<\/a>, soci\u00e9t\u00e9 productrice de concerts et label de musique. Elle y occupe pendant trois ans le poste d\u2019administratrice de tourn\u00e9e pour des projets musicaux en France et en Europe, parmi lesquels Grupo Compay Segundo, Dubioza Kolektiv, Jim Murple Memorial, Ceux Qui Marchent Debout\u2026 Depuis 2021, elle supervise l\u2019administration, la programmation et l\u2019organisation de l\u2019ensemble du Festival de musique <a href=\"http:\/\/www.eclatsdevoix.com\/\" target=\"_blank\" rel=\"noopener\">\u00c9clats de Voix<\/a>.<\/em><\/p>\n<p style=\"text-align: justify;\">Tout au long de son parcours, <span style=\"color: #2271b1;\"><strong>V\u00e9ronique Lahargue<\/strong><\/span><strong>\u00a0<\/strong>enrichit ses connaissances en suivant des formations dans le domaine de la comptabilit\u00e9, la paie et la gestion et en 2021, elle compl\u00e8te ces ann\u00e9es d\u2019exp\u00e9rience pratique avec l\u2019obtention du <em>Master 2 Langues, Lettres Arts du Spectacle, Information et Communication (LLASIC) \u2013 Parcours Diffusion de la Culture<\/em> aupr\u00e8s de l\u2019<em>Universit\u00e9 Grenoble Alpes<\/em>.<\/p>\n<p style=\"text-align: justify;\">En 2022, <span style=\"color: #2271b1;\"><strong>V\u00e9ronique Lahargue<\/strong><\/span>\u00a0int\u00e8gre l\u2019AGECIF afin de mettre \u00e0 profit son go\u00fbt pour le partage de savoirs et d\u2019outils de travail. Elle y anime des formations p\u00e9dagogiques et conviviales sur l\u2019administration de projets culturels.<\/p>\n<p style=\"text-align: justify;\">Dans son temps libre, vous retrouverez <span style=\"color: #2271b1;\"><strong>V\u00e9ronique Lahargue<\/strong><\/span>\u00a0avec son piano et sa clarinette. Elle pratique la musique en amateur et s\u2019implique notamment dans diff\u00e9rents ensembles orchestraux.<\/p>\n<\/div>\n<p>[\/et_pb_text][\/et_pb_column][\/et_pb_row][et_pb_row column_structure=\u00a0\u00bb3_5,2_5&Prime; _builder_version=\u00a0\u00bb4.21.0&Prime; _module_preset=\u00a0\u00bbdefault\u00a0\u00bb global_colors_info=\u00a0\u00bb{}\u00a0\u00bb][et_pb_column type=\u00a0\u00bb3_5&Prime; _builder_version=\u00a0\u00bb4.21.0&Prime; _module_preset=\u00a0\u00bbdefault\u00a0\u00bb global_colors_info=\u00a0\u00bb{}\u00a0\u00bb][\/et_pb_column][et_pb_column type=\u00a0\u00bb2_5&Prime; _builder_version=\u00a0\u00bb4.21.0&Prime; _module_preset=\u00a0\u00bbdefault\u00a0\u00bb global_colors_info=\u00a0\u00bb{}\u00a0\u00bb][et_pb_text _builder_version=\u00a0\u00bb4.21.0&Prime; _module_preset=\u00a0\u00bbdefault\u00a0\u00bb text_orientation=\u00a0\u00bbcenter\u00a0\u00bb custom_padding=\u00a0\u00bb10px||10px||true|false\u00a0\u00bb border_width_all=\u00a0\u00bb1px\u00a0\u00bb border_color_all=\u00a0\u00bb#d8d8d8&Prime; global_colors_info=\u00a0\u00bb{}\u00a0\u00bb]<\/p>\n<p>[lmt-post-modified-info]<\/p>\n<p>[\/et_pb_text][\/et_pb_column][\/et_pb_row][\/et_pb_section]<\/p>\n","protected":false},"excerpt":{"rendered":"<p>V\u00e9ronique Lahargue Issue d\u2019une formation scientifique et titulaire d\u2019un dipl\u00f4me d\u2019ing\u00e9nieur en physiques, V\u00e9ronique Lahargue s\u2019engage par passion dans la culture, de b\u00e9n\u00e9vole \u00e0 professionnelle. En 2010, V\u00e9ronique Lahargue\u00a0part outre-mer o\u00f9 elle se forme \u00e0 la production et \u00e0 l\u2019administration de projets culturels au sein de Touka Danses, Centre de D\u00e9veloppement Chor\u00e9graphique Guyane. Elle y [&hellip;]<\/p>\n","protected":false},"author":1,"featured_media":0,"parent":0,"menu_order":0,"comment_status":"closed","ping_status":"closed","template":"","meta":{"_et_pb_use_builder":"on","_et_pb_old_content":"","_et_gb_content_width":"","footnotes":""},"class_list":["post-8036","page","type-page","status-publish","hentry"],"_links":{"self":[{"href":"https:\/\/wptestkevin.ovh\/.Dev\/wp-json\/wp\/v2\/pages\/8036","targetHints":{"allow":["GET"]}}],"collection":[{"href":"https:\/\/wptestkevin.ovh\/.Dev\/wp-json\/wp\/v2\/pages"}],"about":[{"href":"https:\/\/wptestkevin.ovh\/.Dev\/wp-json\/wp\/v2\/types\/page"}],"author":[{"embeddable":true,"href":"https:\/\/wptestkevin.ovh\/.Dev\/wp-json\/wp\/v2\/users\/1"}],"replies":[{"embeddable":true,"href":"https:\/\/wptestkevin.ovh\/.Dev\/wp-json\/wp\/v2\/comments?post=8036"}],"version-history":[{"count":4,"href":"https:\/\/wptestkevin.ovh\/.Dev\/wp-json\/wp\/v2\/pages\/8036\/revisions"}],"predecessor-version":[{"id":8044,"href":"https:\/\/wptestkevin.ovh\/.Dev\/wp-json\/wp\/v2\/pages\/8036\/revisions\/8044"}],"wp:attachment":[{"href":"https:\/\/wptestkevin.ovh\/.Dev\/wp-json\/wp\/v2\/media?parent=8036"}],"curies":[{"name":"wp","href":"https:\/\/api.w.org\/{rel}","templated":true}]}}