{"id":8028,"date":"2025-03-26T12:46:18","date_gmt":"2025-03-26T11:46:18","guid":{"rendered":"https:\/\/wptestkevin.ovh\/.Dev\/?page_id=8028"},"modified":"2025-03-26T12:57:51","modified_gmt":"2025-03-26T11:57:51","slug":"caroline-jules","status":"publish","type":"page","link":"https:\/\/wptestkevin.ovh\/.Dev\/caroline-jules\/","title":{"rendered":"Caroline JULES"},"content":{"rendered":"<p>[et_pb_section fb_built=\u00a0\u00bb1&Prime; admin_label=\u00a0\u00bbSection\u00a0\u00bb module_id=\u00a0\u00bbadelus\u00a0\u00bb _builder_version=\u00a0\u00bb4.27.4&Prime; _module_preset=\u00a0\u00bbdefault\u00a0\u00bb background_color=\u00a0\u00bb#f1f3f4&Prime; custom_margin=\u00a0\u00bb0px||0px||true|false\u00a0\u00bb custom_padding=\u00a0\u00bb0px||0px||true|false\u00a0\u00bb animation_style=\u00a0\u00bbfade\u00a0\u00bb da_popup_slug=\u00a0\u00bbadelus\u00a0\u00bb da_disable_devices=\u00a0\u00bboff|off|off\u00a0\u00bb global_colors_info=\u00a0\u00bb{}\u00a0\u00bb da_is_popup=\u00a0\u00bboff\u00a0\u00bb da_exit_intent=\u00a0\u00bboff\u00a0\u00bb da_has_close=\u00a0\u00bbon\u00a0\u00bb da_alt_close=\u00a0\u00bboff\u00a0\u00bb da_dark_close=\u00a0\u00bboff\u00a0\u00bb da_not_modal=\u00a0\u00bbon\u00a0\u00bb da_is_singular=\u00a0\u00bboff\u00a0\u00bb da_with_loader=\u00a0\u00bboff\u00a0\u00bb da_has_shadow=\u00a0\u00bbon\u00a0\u00bb][et_pb_row custom_padding_last_edited=\u00a0\u00bbon|phone\u00a0\u00bb _builder_version=\u00a0\u00bb4.27.4&Prime; _module_preset=\u00a0\u00bbdefault\u00a0\u00bb background_color=\u00a0\u00bb#FFFFFF\u00a0\u00bb width_tablet=\u00a0\u00bb\u00a0\u00bb width_phone=\u00a0\u00bb95%\u00a0\u00bb width_last_edited=\u00a0\u00bbon|phone\u00a0\u00bb custom_padding=\u00a0\u00bb|33px||33px|false|true\u00a0\u00bb custom_padding_tablet=\u00a0\u00bb\u00a0\u00bb custom_padding_phone=\u00a0\u00bb|10px||10px|false|true\u00a0\u00bb global_colors_info=\u00a0\u00bb{}\u00a0\u00bb][et_pb_column type=\u00a0\u00bb4_4&Prime; _builder_version=\u00a0\u00bb4.21.0&Prime; _module_preset=\u00a0\u00bbdefault\u00a0\u00bb global_colors_info=\u00a0\u00bb{}\u00a0\u00bb][et_pb_text _builder_version=\u00a0\u00bb4.21.0&Prime; _module_preset=\u00a0\u00bbdefault\u00a0\u00bb custom_margin=\u00a0\u00bb||10px||false|false\u00a0\u00bb global_colors_info=\u00a0\u00bb{}\u00a0\u00bb]<\/p>\n<h1 class=\"uk-article-title\">Caroline Jules<\/h1>\n<p>[\/et_pb_text][et_pb_text _builder_version=\u00a0\u00bb4.25.2&Prime; _module_preset=\u00a0\u00bbdefault\u00a0\u00bb text_orientation=\u00a0\u00bbjustified\u00a0\u00bb global_colors_info=\u00a0\u00bb{}\u00a0\u00bb]<\/p>\n<p><img loading=\"lazy\" decoding=\"async\" style=\"font-size: 15px;\" src=\"http:\/\/wptestkevin.ovh\/.Dev\/wp-content\/uploads\/2024\/06\/c.jules-2.jpg\" alt=\"caroline-jules\" width=\"200\" height=\"231\" \/><\/p>\n<p><span style=\"color: #2271b1;\"><strong style=\"font-size: 15px;\">Caroline Jules<\/strong><\/span><span style=\"font-size: 15px;\"> est titulaire d\u2019un double Master 2 de l\u2019<\/span><em style=\"font-size: 15px;\">Universit\u00e9 Paris I \u2013 Panth\u00e9on Sorbonne<\/em><span style=\"font-size: 15px;\"> en <\/span><em style=\"font-size: 15px;\">Histoire de l\u2019art<\/em><span style=\"font-size: 15px;\"> et en <\/span><em style=\"font-size: 15px;\">Gestion du patrimoine culturel europ\u00e9en<\/em><span style=\"font-size: 15px;\">.<\/span><\/p>\n<div class=\"article-content\">\n<p>Lorsqu\u2019elle est engag\u00e9e par le <em>Centre des Monuments Nationaux<\/em>, rien ne la pr\u00e9destine \u00e0 devenir l\u2019une des meilleures sp\u00e9cialistes de l\u2019accueil des personnes en situation de handicap au sein des structures culturelles. Pourtant, elle sera partie prenante de l\u2019am\u00e9lioration de l\u2019accueil pour tous et de la volont\u00e9 de mettre en application la loi du 11 f\u00e9vrier 2005. Pour cela, elle se sp\u00e9cialise et suit diff\u00e9rentes formations de mani\u00e8re \u00e0 mieux appr\u00e9hender ces publics et leurs attentes\u00a0: langue des signes, lecture labiale, audiodescription\u2026<\/p>\n<p><span style=\"color: #2271b1;\"><strong style=\"font-size: 15px;\">Caroline Jules<\/strong><\/span> occupe successivement les fonctions de <em>Charg\u00e9e des publics sp\u00e9cifiques<\/em> pour le <em>Panth\u00e9on <\/em>(2002\/2006) puis de <em>Charg\u00e9e des publics handicap\u00e9s et de l\u2019accessibilit\u00e9<\/em> \u00e0 la <em>Cit\u00e9 de la Musique <\/em>(2006\/2010). C\u2019est \u00e0 ce titre qu\u2019elle suit les travaux de r\u00e9am\u00e9nagement du mus\u00e9e.<\/p>\n<p>Aujourd\u2019hui, elle est formatrice et consultante. Elle intervient notamment pour des collectivit\u00e9s territoriales, pour le CNFPT, au sein des Master 2 <em>Gestion du patrimoine<\/em> de l\u2019<em>Universit\u00e9 d\u2019Orl\u00e9ans<\/em> et de l\u2019<em>Universit\u00e9 Paris I \u2013 Panth\u00e9on Sorbonne<\/em>. Elle forme des professionnels de la culture \u00e0 mieux accueillir les publics en situation de handicap. Elle les conseille et va parfois jusqu\u2019\u00e0 concevoir et r\u00e9aliser directement des outils de m\u00e9diation adapt\u00e9s. Elle r\u00e9dige de nombreuses publications professionnelles, notamment pour les \u00e9ditions <em>Weka<\/em>.<\/p>\n<p>A l\u2019AGECIF, <span style=\"color: #2271b1;\"><strong style=\"font-size: 15px;\">Caroline Jules<\/strong><\/span><strong>\u00a0<\/strong>anime les formations qui traitent de l\u2019accessibilit\u00e9, de l\u2019accueil et de la m\u00e9diation \u00e0 destination des personnes en situation de handicap.<\/p>\n<p><strong><span class=\"BlueStrong\" style=\"color: #2271b1;\">Bibliographie<\/span><\/strong><\/p>\n<p>&#8211; R\u00e9daction de fiches sur l&rsquo;accueil des publics jeunes et adultes dans les lieux culturels du guide <em>Manager vos projets culturels &#8211; <\/em>Editions WEKA, version 2014, guides WEKA.<br \/>&#8211; Collaboration \u00e0 l&rsquo;ouvrage <em>Cultureunis, Culture et Handicap<\/em>, compte-rendu des rencontres organis\u00e9es en 2011 par le Comit\u00e9 R\u00e9gional Franco-Genevois.<br \/>&#8211; Mises \u00e0 jour des fiches en ligne sur l&rsquo;accueil des publics handicap\u00e9s dans les lieux culturels du guide <em>Manager vos projets culturels &#8211;<\/em> Editions WEKA, version 2013, guides WEKA.<br \/>&#8211; R\u00e9daction de 10 Fiches <em>Mettre en place des actions de m\u00e9diation culturelle &#8211;<\/em> Editions WEKA, version 2012, guides WEKA<br \/>&#8211; Collaboration \u00e0 l&rsquo;ouvrage r\u00e9dig\u00e9 par Olivia Berthon et Carole Benaiteau <em>Concevoir et r\u00e9aliser une exposition &#8211;<\/em> Paris, Editions Eyrolles. R\u00e9daction d&rsquo;encarts sur l&rsquo;accessibilit\u00e9.<br \/>&#8211; R\u00e9daction de la revue <em>M\u00e9diation et patrimoine, D\u00e9couvrir, apprendre, \u00e9changer<\/em>, Collection En Coulisse, n\u00b040, novembre \/ d\u00e9cembre 2011 &#8211; Paris, \u00e9ditions WEKA.<br \/>&#8211; R\u00e9daction de 14 Fiches <em>Prendre en compte et accueillir les personnes en situation de handicap &#8211; <\/em>guides WEKA<br \/>&#8211; Conception de la journ\u00e9e de rencontres <em>Handicap visuel et expositions<\/em> \u00e0 la Cit\u00e9 de la musique \u00e0 Paris. Intervention sur le Parcours tactile du Mus\u00e9e de la Musique.<br \/>&#8211; Colloque <em>M\u00e9diation, Publics et Territoires<\/em> \u00e0 Perpignan. Intervention sur <em>Les liens m\u00e9diations culturelles et territoires<\/em>.<br \/>&#8211; Colloque <em>Conservation-restauration et m\u00e9diation culturelle<\/em> \u00e0 Tourcoing. Communication intitul\u00e9e <em>Accueillir les publics handicap\u00e9s, l&rsquo;indispensable transversalit\u00e9 restauration &#8211; m\u00e9diation<\/em>.<br \/>&#8211; Collaboration \u00e0 l&rsquo;ouvrage <em>Travailler avec les publics en situation de handicap<\/em>, Collection En Coulisse, n\u00b034, novembre \/ d\u00e9cembre 2010, Paris, \u00e9ditions WEKA.<br \/>&#8211; R\u00e9daction de l&rsquo;article <em>Parcours tactile dans les mus\u00e9es<\/em>, dans <em>La lettre de l&rsquo;OCIM<\/em>, n\u00b0130.<br \/>&#8211; Participation \u00e0 la r\u00e9daction du guide <em>Equipements culturels et handicap mental<\/em>, Minist\u00e8re de la Culture et de la Communication<br \/>&#8211; Co-r\u00e9daction des descriptions pour images tactiles, en collaboration avec Ho\u00eblle Corvest, ouvrage tactile <em>Le Panth\u00e9on<\/em>, \u00e9ditions du patrimoine, Paris<br \/>&#8211; Co-r\u00e9daction du catalogue de l&rsquo;exposition <em>Pierre Curie, l&rsquo;homme, le scientifique<\/em>, Panth\u00e9on, \u00e9ditions du patrimoine, Paris<br \/>&#8211; Recherches documentaires pour l&rsquo;ouvrage de Jean-Claude Daufresne <em>Th\u00e9\u00e2tre de l&rsquo;Od\u00e9on, Architecture, D\u00e9cors, Mus\u00e9e<\/em>\u00a0&#8211; Editions Mardaga.<\/p>\n<\/div>\n<p>[\/et_pb_text][\/et_pb_column][\/et_pb_row][et_pb_row column_structure=\u00a0\u00bb3_5,2_5&Prime; _builder_version=\u00a0\u00bb4.21.0&Prime; _module_preset=\u00a0\u00bbdefault\u00a0\u00bb global_colors_info=\u00a0\u00bb{}\u00a0\u00bb][et_pb_column type=\u00a0\u00bb3_5&Prime; _builder_version=\u00a0\u00bb4.21.0&Prime; _module_preset=\u00a0\u00bbdefault\u00a0\u00bb global_colors_info=\u00a0\u00bb{}\u00a0\u00bb][\/et_pb_column][et_pb_column type=\u00a0\u00bb2_5&Prime; _builder_version=\u00a0\u00bb4.21.0&Prime; _module_preset=\u00a0\u00bbdefault\u00a0\u00bb global_colors_info=\u00a0\u00bb{}\u00a0\u00bb][et_pb_text _builder_version=\u00a0\u00bb4.21.0&Prime; _module_preset=\u00a0\u00bbdefault\u00a0\u00bb text_orientation=\u00a0\u00bbcenter\u00a0\u00bb custom_padding=\u00a0\u00bb10px||10px||true|false\u00a0\u00bb border_width_all=\u00a0\u00bb1px\u00a0\u00bb border_color_all=\u00a0\u00bb#d8d8d8&Prime; global_colors_info=\u00a0\u00bb{}\u00a0\u00bb]<\/p>\n<p>[lmt-post-modified-info]<\/p>\n<p>[\/et_pb_text][\/et_pb_column][\/et_pb_row][\/et_pb_section]<\/p>\n","protected":false},"excerpt":{"rendered":"<p>Caroline Jules Caroline Jules est titulaire d\u2019un double Master 2 de l\u2019Universit\u00e9 Paris I \u2013 Panth\u00e9on Sorbonne en Histoire de l\u2019art et en Gestion du patrimoine culturel europ\u00e9en. Lorsqu\u2019elle est engag\u00e9e par le Centre des Monuments Nationaux, rien ne la pr\u00e9destine \u00e0 devenir l\u2019une des meilleures sp\u00e9cialistes de l\u2019accueil des personnes en situation de handicap [&hellip;]<\/p>\n","protected":false},"author":1,"featured_media":0,"parent":0,"menu_order":0,"comment_status":"closed","ping_status":"closed","template":"","meta":{"_et_pb_use_builder":"on","_et_pb_old_content":"","_et_gb_content_width":"","footnotes":""},"class_list":["post-8028","page","type-page","status-publish","hentry"],"_links":{"self":[{"href":"https:\/\/wptestkevin.ovh\/.Dev\/wp-json\/wp\/v2\/pages\/8028","targetHints":{"allow":["GET"]}}],"collection":[{"href":"https:\/\/wptestkevin.ovh\/.Dev\/wp-json\/wp\/v2\/pages"}],"about":[{"href":"https:\/\/wptestkevin.ovh\/.Dev\/wp-json\/wp\/v2\/types\/page"}],"author":[{"embeddable":true,"href":"https:\/\/wptestkevin.ovh\/.Dev\/wp-json\/wp\/v2\/users\/1"}],"replies":[{"embeddable":true,"href":"https:\/\/wptestkevin.ovh\/.Dev\/wp-json\/wp\/v2\/comments?post=8028"}],"version-history":[{"count":4,"href":"https:\/\/wptestkevin.ovh\/.Dev\/wp-json\/wp\/v2\/pages\/8028\/revisions"}],"predecessor-version":[{"id":8035,"href":"https:\/\/wptestkevin.ovh\/.Dev\/wp-json\/wp\/v2\/pages\/8028\/revisions\/8035"}],"wp:attachment":[{"href":"https:\/\/wptestkevin.ovh\/.Dev\/wp-json\/wp\/v2\/media?parent=8028"}],"curies":[{"name":"wp","href":"https:\/\/api.w.org\/{rel}","templated":true}]}}