{"id":8019,"date":"2025-03-26T12:39:11","date_gmt":"2025-03-26T11:39:11","guid":{"rendered":"https:\/\/wptestkevin.ovh\/.Dev\/?page_id=8019"},"modified":"2025-03-26T12:43:57","modified_gmt":"2025-03-26T11:43:57","slug":"pauline-husy-4","status":"publish","type":"page","link":"https:\/\/wptestkevin.ovh\/.Dev\/pauline-husy-4\/","title":{"rendered":"Pauline HUSY"},"content":{"rendered":"<p>[et_pb_section fb_built=\u00a0\u00bb1&Prime; admin_label=\u00a0\u00bbSection\u00a0\u00bb module_id=\u00a0\u00bbadelus\u00a0\u00bb _builder_version=\u00a0\u00bb4.27.4&Prime; _module_preset=\u00a0\u00bbdefault\u00a0\u00bb background_color=\u00a0\u00bb#f1f3f4&Prime; custom_margin=\u00a0\u00bb0px||0px||true|false\u00a0\u00bb custom_padding=\u00a0\u00bb0px||0px||true|false\u00a0\u00bb animation_style=\u00a0\u00bbfade\u00a0\u00bb da_popup_slug=\u00a0\u00bbadelus\u00a0\u00bb da_disable_devices=\u00a0\u00bboff|off|off\u00a0\u00bb global_colors_info=\u00a0\u00bb{}\u00a0\u00bb da_is_popup=\u00a0\u00bboff\u00a0\u00bb da_exit_intent=\u00a0\u00bboff\u00a0\u00bb da_has_close=\u00a0\u00bbon\u00a0\u00bb da_alt_close=\u00a0\u00bboff\u00a0\u00bb da_dark_close=\u00a0\u00bboff\u00a0\u00bb da_not_modal=\u00a0\u00bbon\u00a0\u00bb da_is_singular=\u00a0\u00bboff\u00a0\u00bb da_with_loader=\u00a0\u00bboff\u00a0\u00bb da_has_shadow=\u00a0\u00bbon\u00a0\u00bb][et_pb_row custom_padding_last_edited=\u00a0\u00bbon|phone\u00a0\u00bb _builder_version=\u00a0\u00bb4.27.4&Prime; _module_preset=\u00a0\u00bbdefault\u00a0\u00bb background_color=\u00a0\u00bb#FFFFFF\u00a0\u00bb width_tablet=\u00a0\u00bb\u00a0\u00bb width_phone=\u00a0\u00bb95%\u00a0\u00bb width_last_edited=\u00a0\u00bbon|phone\u00a0\u00bb custom_padding=\u00a0\u00bb|33px||33px|false|true\u00a0\u00bb custom_padding_tablet=\u00a0\u00bb\u00a0\u00bb custom_padding_phone=\u00a0\u00bb|10px||10px|false|true\u00a0\u00bb global_colors_info=\u00a0\u00bb{}\u00a0\u00bb][et_pb_column type=\u00a0\u00bb4_4&Prime; _builder_version=\u00a0\u00bb4.21.0&Prime; _module_preset=\u00a0\u00bbdefault\u00a0\u00bb global_colors_info=\u00a0\u00bb{}\u00a0\u00bb][et_pb_text _builder_version=\u00a0\u00bb4.21.0&Prime; _module_preset=\u00a0\u00bbdefault\u00a0\u00bb custom_margin=\u00a0\u00bb||10px||false|false\u00a0\u00bb global_colors_info=\u00a0\u00bb{}\u00a0\u00bb]<\/p>\n<h1 class=\"uk-article-title\">Pauline Husy<\/h1>\n<p>[\/et_pb_text][et_pb_text _builder_version=\u00a0\u00bb4.25.2&Prime; _module_preset=\u00a0\u00bbdefault\u00a0\u00bb text_orientation=\u00a0\u00bbjustified\u00a0\u00bb global_colors_info=\u00a0\u00bb{}\u00a0\u00bb]<\/p>\n<p><strong><span class=\"Apple-style-span\"><img decoding=\"async\" src=\"http:\/\/wptestkevin.ovh\/.Dev\/wp-content\/uploads\/2024\/06\/pauline-husy.jpg\" alt=\"pauline-husy\" \/><\/span><\/strong><\/p>\n<p><span style=\"color: #2271b1;\"><strong>Pauline Husy<\/strong><\/span> est form\u00e9e en direction de projets culturels, enseignement du fran\u00e7ais langue \u00e9trang\u00e8re et d\u00e9veloppement des publics du champ social. Son parcours professionnel se d\u00e9roule dans ces trois domaines compl\u00e9mentaires : la m\u00e9diation culturelle, la formation linguistique et l\u2019action sociale.<\/p>\n<p>Comment valoriser la langue et la culture de chacun ? Comment, en m\u00eame temps, s&rsquo;approprier la langue et la culture fran\u00e7aises ? Ces questions sont au c\u0153ur de sa d\u00e9marche en tant que Formatrice <em>FLE-Alpha<\/em> et Responsable de projets culturels aupr\u00e8s d&rsquo;un public en apprentissage du fran\u00e7ais.<\/p>\n<p>Depuis 2017, <span style=\"color: #2271b1;\"><strong>Pauline Husy<\/strong><\/span>\u00a0enseigne le fran\u00e7ais langue \u00e9trang\u00e8re \u00e0 Paris. Elle est sp\u00e9cialiste des publics non scolaris\u00e9s dans leur pays d\u2019origine.<\/p>\n<p>De 2016 \u00e0 2019, <span style=\"color: #2271b1;\"><strong>Pauline Husy<\/strong><\/span>\u00a0a d\u00e9velopp\u00e9 les publics du champ social au <em>Forum des images<\/em>, un lieu culturel atypique \u00e0 Paris. Dans ce cadre, elle a mis en place des activit\u00e9s sp\u00e9cifiques pour les publics allophones et les adolescents des quartiers politique de la ville. Elle a \u00e9galement coordonn\u00e9 des ateliers en direction des d\u00e9tenus de la <em>Maison d&rsquo;Arr\u00eat de Villepinte<\/em>.<\/p>\n<p>Au <em>Forum des images<\/em>, <span style=\"color: #2271b1;\"><strong>Pauline Husy<\/strong><\/span>\u00a0fut \u00e9galement charg\u00e9e, de 2002 \u00e0 2015, de projets p\u00e9dagogiques et de la valorisation des collections de films. Elle a organis\u00e9 pour un public diversifi\u00e9 de nombreuses s\u00e9ances de cin\u00e9ma, des ateliers d\u2019\u00e9ducation \u00e0 l\u2019image ou anim\u00e9 le blog \u00ab\u00a0<em>Chroniques parisiennes<\/em>\u00a0\u00bb sur <em>Rue89<\/em>, qui fut un succ\u00e8s \u00e9ditorial (450 000 vues en un an).<\/p>\n<p>De 2001 \u00e0 2002, lorsque <em>Jack Lang<\/em> \u00e9tait <em>Ministre de l\u2019Education<\/em>, <span style=\"color: #2271b1;\"><strong>Pauline Husy<\/strong><\/span>\u00a0a mis en place des projets culturels au sein du <em>Minist\u00e8re de l\u2019Education nationale<\/em> <em>\u00e0 Paris, \u00e0 la Ciotat et \u00e0 Digne-les-Bain<\/em>s.<\/p>\n<p>En 1998, pendant l\u2019effervescence de la <em>Coupe du Monde de Football<\/em>, <span style=\"color: #2271b1;\"><strong>Pauline Husy<\/strong><\/span>\u00a0a coordonn\u00e9 un bilan des actions culturelles de l\u2019<em>Ambassade de France en Tunisie<\/em>.<\/p>\n<p>L\u2019ann\u00e9e pr\u00e9c\u00e9dente, <span style=\"color: #2271b1;\"><strong>Pauline Husy<\/strong><\/span>\u00a0archivait de nombreuses photographies d\u2019<em>Eug\u00e8ne Atget au Mus\u00e9e Carnavalet<\/em>, qui seront expos\u00e9es plusieurs ann\u00e9es plus tard dans le cadre d\u2019une exposition consacr\u00e9e au c\u00e9l\u00e8bre photographe parisien.<\/p>\n<p><span style=\"color: #2271b1;\"><strong>Pauline Husy<\/strong><\/span> est dipl\u00f4m\u00e9e en <em>Direction de projets culturels (Master 2, Sorbonne Nouvelle)<\/em> et en <em>Enseignement du fran\u00e7ais langue \u00e9trang\u00e8re<\/em>, sp\u00e9cialis\u00e9 dans les publics non scolaris\u00e9s ant\u00e9rieurement (<em>DAEFLE, Alliance fran\u00e7aise<\/em>). Elle a suivi des formations compl\u00e9mentaires en communication interculturelle (<em>ADRIC<\/em>) et techniques d\u2019animation (<em>RADyA<\/em>).<\/p>\n<p><span style=\"color: #2271b1;\"><strong>Pauline Husy<\/strong><\/span> est \u00e9galement administratrice de l\u2019<em>Ecole Thot (Saint-Denis)<\/em>, destin\u00e9e aux personnes en situation d\u2019exil non scolaris\u00e9es dans leur pays d\u2019origine, et membre du groupe de travail <em>\u00ab\u00a0Langue, culture, socialisation\u00a0\u00bb<\/em>dirig\u00e9 par l\u2019<em>Association de Pr\u00e9vention du Site de La Villet<\/em>te.<\/p>\n<p>En 2020, <span style=\"color: #2271b1;\"><strong>Pauline Husy<\/strong><\/span>\u00a0a fond\u00e9 <em>LANGUE &amp; CULTURE<\/em>. Elle y pilote des projets culturels <em>FLE<\/em> \u00e0 impact social. Parmi ses r\u00e9alisations : la construction de visites libres ou guid\u00e9es, la conception d&rsquo;outils p\u00e9dagogiques, l&rsquo;\u00e9laboration et l&rsquo;animation de cycles d&rsquo;ateliers pour les publics en apprentissage du fran\u00e7ais.<\/p>\n<p><span style=\"color: #2271b1;\"><em><strong>Interventions :<\/strong><\/em><\/span><\/p>\n<p>Inalco (Institut National des Langues et Civilisations Orientales)<br \/>S\u00e9minaire international \u00ab\u00a0Distances apprivois\u00e9es\u00a0\u00bb, communication et article, 2020 :<br \/><em>\u00ab\u00a0WhatsApp : un outil au service des apprenants non scolaris\u00e9s\u00a0\u00bb<\/em><\/p>\n<p>Universit\u00e9 d\u2019Ottawa (Canada), Colloque EducLang, communication, 2019 :<br \/><em>\u00ab\u00a0Comment la culture peut favoriser l&rsquo;apprentissage du fran\u00e7ais et l&rsquo;inclusion sociale ?\u00a0\u00bb<\/em><\/p>\n<p>Mus\u00e9e du Quai Branly, mod\u00e9ration de la table-ronde, 2019 :<br \/><em>\u00ab\u00a0Insertion sociale et langue fran\u00e7aise : quel r\u00f4le pour la culture ?\u00a0\u00bb<\/em><\/p>\n<p>[\/et_pb_text][\/et_pb_column][\/et_pb_row][et_pb_row column_structure=\u00a0\u00bb3_5,2_5&Prime; _builder_version=\u00a0\u00bb4.21.0&Prime; _module_preset=\u00a0\u00bbdefault\u00a0\u00bb global_colors_info=\u00a0\u00bb{}\u00a0\u00bb][et_pb_column type=\u00a0\u00bb3_5&Prime; _builder_version=\u00a0\u00bb4.21.0&Prime; _module_preset=\u00a0\u00bbdefault\u00a0\u00bb global_colors_info=\u00a0\u00bb{}\u00a0\u00bb][\/et_pb_column][et_pb_column type=\u00a0\u00bb2_5&Prime; _builder_version=\u00a0\u00bb4.21.0&Prime; _module_preset=\u00a0\u00bbdefault\u00a0\u00bb global_colors_info=\u00a0\u00bb{}\u00a0\u00bb][et_pb_text _builder_version=\u00a0\u00bb4.21.0&Prime; _module_preset=\u00a0\u00bbdefault\u00a0\u00bb text_orientation=\u00a0\u00bbcenter\u00a0\u00bb custom_padding=\u00a0\u00bb10px||10px||true|false\u00a0\u00bb border_width_all=\u00a0\u00bb1px\u00a0\u00bb border_color_all=\u00a0\u00bb#d8d8d8&Prime; global_colors_info=\u00a0\u00bb{}\u00a0\u00bb]<\/p>\n<p>[lmt-post-modified-info]<\/p>\n<p>[\/et_pb_text][\/et_pb_column][\/et_pb_row][\/et_pb_section]<\/p>\n","protected":false},"excerpt":{"rendered":"<p>Pauline Husy Pauline Husy est form\u00e9e en direction de projets culturels, enseignement du fran\u00e7ais langue \u00e9trang\u00e8re et d\u00e9veloppement des publics du champ social. Son parcours professionnel se d\u00e9roule dans ces trois domaines compl\u00e9mentaires : la m\u00e9diation culturelle, la formation linguistique et l\u2019action sociale. Comment valoriser la langue et la culture de chacun ? Comment, en [&hellip;]<\/p>\n","protected":false},"author":1,"featured_media":0,"parent":0,"menu_order":0,"comment_status":"closed","ping_status":"closed","template":"","meta":{"_et_pb_use_builder":"on","_et_pb_old_content":"","_et_gb_content_width":"","footnotes":""},"class_list":["post-8019","page","type-page","status-publish","hentry"],"_links":{"self":[{"href":"https:\/\/wptestkevin.ovh\/.Dev\/wp-json\/wp\/v2\/pages\/8019","targetHints":{"allow":["GET"]}}],"collection":[{"href":"https:\/\/wptestkevin.ovh\/.Dev\/wp-json\/wp\/v2\/pages"}],"about":[{"href":"https:\/\/wptestkevin.ovh\/.Dev\/wp-json\/wp\/v2\/types\/page"}],"author":[{"embeddable":true,"href":"https:\/\/wptestkevin.ovh\/.Dev\/wp-json\/wp\/v2\/users\/1"}],"replies":[{"embeddable":true,"href":"https:\/\/wptestkevin.ovh\/.Dev\/wp-json\/wp\/v2\/comments?post=8019"}],"version-history":[{"count":4,"href":"https:\/\/wptestkevin.ovh\/.Dev\/wp-json\/wp\/v2\/pages\/8019\/revisions"}],"predecessor-version":[{"id":8027,"href":"https:\/\/wptestkevin.ovh\/.Dev\/wp-json\/wp\/v2\/pages\/8019\/revisions\/8027"}],"wp:attachment":[{"href":"https:\/\/wptestkevin.ovh\/.Dev\/wp-json\/wp\/v2\/media?parent=8019"}],"curies":[{"name":"wp","href":"https:\/\/api.w.org\/{rel}","templated":true}]}}