{"id":8010,"date":"2025-03-26T12:34:44","date_gmt":"2025-03-26T11:34:44","guid":{"rendered":"https:\/\/wptestkevin.ovh\/.Dev\/?page_id=8010"},"modified":"2025-03-26T12:37:21","modified_gmt":"2025-03-26T11:37:21","slug":"thomas-honnet","status":"publish","type":"page","link":"https:\/\/wptestkevin.ovh\/.Dev\/thomas-honnet\/","title":{"rendered":"Thomas HONNET"},"content":{"rendered":"<p>[et_pb_section fb_built=\u00a0\u00bb1&Prime; admin_label=\u00a0\u00bbSection\u00a0\u00bb module_id=\u00a0\u00bbadelus\u00a0\u00bb _builder_version=\u00a0\u00bb4.27.4&Prime; _module_preset=\u00a0\u00bbdefault\u00a0\u00bb background_color=\u00a0\u00bb#f1f3f4&Prime; custom_margin=\u00a0\u00bb0px||0px||true|false\u00a0\u00bb custom_padding=\u00a0\u00bb0px||0px||true|false\u00a0\u00bb animation_style=\u00a0\u00bbfade\u00a0\u00bb da_popup_slug=\u00a0\u00bbadelus\u00a0\u00bb da_disable_devices=\u00a0\u00bboff|off|off\u00a0\u00bb global_colors_info=\u00a0\u00bb{}\u00a0\u00bb da_is_popup=\u00a0\u00bboff\u00a0\u00bb da_exit_intent=\u00a0\u00bboff\u00a0\u00bb da_has_close=\u00a0\u00bbon\u00a0\u00bb da_alt_close=\u00a0\u00bboff\u00a0\u00bb da_dark_close=\u00a0\u00bboff\u00a0\u00bb da_not_modal=\u00a0\u00bbon\u00a0\u00bb da_is_singular=\u00a0\u00bboff\u00a0\u00bb da_with_loader=\u00a0\u00bboff\u00a0\u00bb da_has_shadow=\u00a0\u00bbon\u00a0\u00bb][et_pb_row custom_padding_last_edited=\u00a0\u00bbon|phone\u00a0\u00bb _builder_version=\u00a0\u00bb4.27.4&Prime; _module_preset=\u00a0\u00bbdefault\u00a0\u00bb background_color=\u00a0\u00bb#FFFFFF\u00a0\u00bb width_tablet=\u00a0\u00bb\u00a0\u00bb width_phone=\u00a0\u00bb95%\u00a0\u00bb width_last_edited=\u00a0\u00bbon|phone\u00a0\u00bb custom_padding=\u00a0\u00bb|33px||33px|false|true\u00a0\u00bb custom_padding_tablet=\u00a0\u00bb\u00a0\u00bb custom_padding_phone=\u00a0\u00bb|10px||10px|false|true\u00a0\u00bb global_colors_info=\u00a0\u00bb{}\u00a0\u00bb][et_pb_column type=\u00a0\u00bb4_4&Prime; _builder_version=\u00a0\u00bb4.21.0&Prime; _module_preset=\u00a0\u00bbdefault\u00a0\u00bb global_colors_info=\u00a0\u00bb{}\u00a0\u00bb][et_pb_text _builder_version=\u00a0\u00bb4.21.0&Prime; _module_preset=\u00a0\u00bbdefault\u00a0\u00bb custom_margin=\u00a0\u00bb||10px||false|false\u00a0\u00bb global_colors_info=\u00a0\u00bb{}\u00a0\u00bb]<\/p>\n<h1 class=\"uk-article-title\">Thomas Honnet<\/h1>\n<p>[\/et_pb_text][et_pb_text _builder_version=\u00a0\u00bb4.25.2&Prime; _module_preset=\u00a0\u00bbdefault\u00a0\u00bb text_orientation=\u00a0\u00bbjustified\u00a0\u00bb global_colors_info=\u00a0\u00bb{}\u00a0\u00bb]<\/p>\n<div class=\"article-content\">\n<p><img loading=\"lazy\" decoding=\"async\" style=\"font-size: 15px;\" src=\"http:\/\/wptestkevin.ovh\/.Dev\/wp-content\/uploads\/2024\/06\/t.honnet.jpg\" alt=\"thomas-honnet\" width=\"200\" height=\"231\" \/><\/p>\n<p>Actuellement D\u00e9l\u00e9gu\u00e9 \u00e0 la Protection des Donn\u00e9es de la ville de Marseille, <span style=\"color: #2271b1;\"><strong><span class=\"StrongEmphasis\">Thomas HONNET<\/span><\/strong><\/span>\u00a0est juriste sp\u00e9cialis\u00e9 en droit du num\u00e9rique et droit des donn\u00e9es personnelles. A ce titre, il assure le respect de la protection des donn\u00e9es personnelles trait\u00e9es par la 2\u00e8me ville de France et ses 12000 agents.<\/p>\n<div>\n<div>\n<p>Auparavant, il a conseill\u00e9 de nombreuses TPE-PME et Start-up dans la mise en conformit\u00e9 de leurs activit\u00e9s au RGPD et \u00e0 la r\u00e9glementation en vigueur en mati\u00e8re de protection des donn\u00e9es \u00e0 caract\u00e8re personnel. Il a conseill\u00e9 \u00e9galement le gouvernement vietnamien dans la mise en place de son\u00a0<em>e-Gouvernement<\/em>, et de l&rsquo;ensemble du cadre juridique qui l&rsquo;accompagne. Il a travaill\u00e9 pour plusieurs Minist\u00e8res en France sur diff\u00e9rents sujets juridiques. Enfin, il a r\u00e9alis\u00e9 une mission pour les Nations Unies et leur programme de d\u00e9veloppement, sur la protection des donn\u00e9es dans le monde.<\/p>\n<p><span style=\"color: #2271b1;\"><strong><span class=\"StrongEmphasis\">Thomas HONNET<\/span><\/strong><\/span> consacre une part importante de son temps \u00e0 l\u2019enseignement et \u00e0 la formation professionnelle. Il enseigne \u00e0 <em>Sciences Po<\/em>\u00a0un cours de\u00a0<em>Culture Num\u00e9rique<\/em>, ainsi que diff\u00e9rentes mati\u00e8res juridiques \u00e0 l\u2019universit\u00e9, comme le droit du num\u00e9rique, le droit p\u00e9nal des affaires, le droit bancaire ou la propri\u00e9t\u00e9 intellectuelle au sein de l&rsquo;<em>Universit\u00e9 Paris II Panth\u00e9on-Assas<\/em>, aux universit\u00e9s de droit de\u00a0<em>Phnom Penh<\/em>\u00a0(Cambodge) et d&rsquo;<em>H\u00f4-Chi-Minh-Ville<\/em>\u00a0(Vietnam), ainsi qu\u2019au sein du\u00a0<em>Master Droit du Num\u00e9rique<\/em>\u00a0de l&rsquo;<em>Universit\u00e9 Paris 1 Panth\u00e9on-Sorbonne<\/em>. Il a \u00e9galement r\u00e9alis\u00e9 un cours pour\u00a0<em>OpenClassrooms<\/em>\u00a0sur la\u00a0<em>Gouvernance des donn\u00e9es<\/em>.<\/p>\n<p><span style=\"color: #2271b1;\"><strong><span class=\"StrongEmphasis\">Thomas HONNET<\/span><\/strong><\/span> a occup\u00e9 diff\u00e9rents postes dans et en dehors du monde juridique, notamment collaborateur parlementaire \u00e0 l\u2019<em>Assembl\u00e9e Nationale,<\/em>\u00a0<em>Chef de cabinet<\/em>\u00a0d\u2019une mairie de petite couronne parisienne, et chef de p\u00f4le Protection des donn\u00e9es chez\u00a0<em>Deshouli\u00e8res Avocats<\/em>. Il a \u00e9galement enseign\u00e9 d\u2019autres mati\u00e8res au sein de l\u2019<em>Universit\u00e9 Paris 1 Panth\u00e9on-Sorbonne<\/em>\u00a0pendant plusieurs ann\u00e9es, comme le droit constitutionnel, le contentieux administratif, les finances locales ou les finances europ\u00e9ennes.<\/p>\n<p>Titulaire d\u2019une\u00a0<em>Licence de Droit public<\/em>, d\u2019un\u00a0<em>Master 1 de Droit public des affaires<\/em>\u00a0et d\u2019un\u00a0<em>Master 2 en Droit du num\u00e9rique<\/em>\u00a0obtenus au sein de l\u2019<em>Universit\u00e9 Paris 1 Panth\u00e9on-Sorbonne<\/em>, <span style=\"color: #2271b1;\"><strong><span class=\"StrongEmphasis\">Thomas HONNET<\/span><\/strong><\/span>\u00a0a \u00e9galement publi\u00e9 quelques articles sur les liens entre droit et num\u00e9rique, et notamment\u00a0<em>\u00ab La souverainet\u00e9 num\u00e9rique : condition pr\u00e9alable indispensable pour un r\u00e9el gouvernement ouvert fran\u00e7ais \u00bb\u00a0<\/em>ou<em>\u00a0\u00ab Espace et d\u00e9bat publics : et si Internet n&rsquo;avait rien chang\u00e9 ? \u00bb (Les Editions de l\u2019Imodev).<\/em><\/p>\n<p>A l\u2019AGECIF, <span style=\"color: #2271b1;\"><strong><span class=\"StrongEmphasis\">Thomas HONNET<\/span><\/strong><\/span> intervient dans le cadre des formations juridiques.<\/p>\n<\/div>\n<\/div>\n<\/div>\n<p>[\/et_pb_text][\/et_pb_column][\/et_pb_row][et_pb_row column_structure=\u00a0\u00bb3_5,2_5&Prime; _builder_version=\u00a0\u00bb4.21.0&Prime; _module_preset=\u00a0\u00bbdefault\u00a0\u00bb global_colors_info=\u00a0\u00bb{}\u00a0\u00bb][et_pb_column type=\u00a0\u00bb3_5&Prime; _builder_version=\u00a0\u00bb4.21.0&Prime; _module_preset=\u00a0\u00bbdefault\u00a0\u00bb global_colors_info=\u00a0\u00bb{}\u00a0\u00bb][\/et_pb_column][et_pb_column type=\u00a0\u00bb2_5&Prime; _builder_version=\u00a0\u00bb4.21.0&Prime; _module_preset=\u00a0\u00bbdefault\u00a0\u00bb global_colors_info=\u00a0\u00bb{}\u00a0\u00bb][et_pb_text _builder_version=\u00a0\u00bb4.21.0&Prime; _module_preset=\u00a0\u00bbdefault\u00a0\u00bb text_orientation=\u00a0\u00bbcenter\u00a0\u00bb custom_padding=\u00a0\u00bb10px||10px||true|false\u00a0\u00bb border_width_all=\u00a0\u00bb1px\u00a0\u00bb border_color_all=\u00a0\u00bb#d8d8d8&Prime; global_colors_info=\u00a0\u00bb{}\u00a0\u00bb]<\/p>\n<p>[lmt-post-modified-info]<\/p>\n<p>[\/et_pb_text][\/et_pb_column][\/et_pb_row][\/et_pb_section]<\/p>\n","protected":false},"excerpt":{"rendered":"<p>Thomas Honnet Actuellement D\u00e9l\u00e9gu\u00e9 \u00e0 la Protection des Donn\u00e9es de la ville de Marseille, Thomas HONNET\u00a0est juriste sp\u00e9cialis\u00e9 en droit du num\u00e9rique et droit des donn\u00e9es personnelles. A ce titre, il assure le respect de la protection des donn\u00e9es personnelles trait\u00e9es par la 2\u00e8me ville de France et ses 12000 agents. Auparavant, il a conseill\u00e9 [&hellip;]<\/p>\n","protected":false},"author":1,"featured_media":0,"parent":0,"menu_order":0,"comment_status":"closed","ping_status":"closed","template":"","meta":{"_et_pb_use_builder":"on","_et_pb_old_content":"","_et_gb_content_width":"","footnotes":""},"class_list":["post-8010","page","type-page","status-publish","hentry"],"_links":{"self":[{"href":"https:\/\/wptestkevin.ovh\/.Dev\/wp-json\/wp\/v2\/pages\/8010","targetHints":{"allow":["GET"]}}],"collection":[{"href":"https:\/\/wptestkevin.ovh\/.Dev\/wp-json\/wp\/v2\/pages"}],"about":[{"href":"https:\/\/wptestkevin.ovh\/.Dev\/wp-json\/wp\/v2\/types\/page"}],"author":[{"embeddable":true,"href":"https:\/\/wptestkevin.ovh\/.Dev\/wp-json\/wp\/v2\/users\/1"}],"replies":[{"embeddable":true,"href":"https:\/\/wptestkevin.ovh\/.Dev\/wp-json\/wp\/v2\/comments?post=8010"}],"version-history":[{"count":4,"href":"https:\/\/wptestkevin.ovh\/.Dev\/wp-json\/wp\/v2\/pages\/8010\/revisions"}],"predecessor-version":[{"id":8018,"href":"https:\/\/wptestkevin.ovh\/.Dev\/wp-json\/wp\/v2\/pages\/8010\/revisions\/8018"}],"wp:attachment":[{"href":"https:\/\/wptestkevin.ovh\/.Dev\/wp-json\/wp\/v2\/media?parent=8010"}],"curies":[{"name":"wp","href":"https:\/\/api.w.org\/{rel}","templated":true}]}}