{"id":8002,"date":"2025-03-26T12:27:38","date_gmt":"2025-03-26T11:27:38","guid":{"rendered":"https:\/\/wptestkevin.ovh\/.Dev\/?page_id=8002"},"modified":"2025-03-26T12:29:33","modified_gmt":"2025-03-26T11:29:33","slug":"claire-de-hauteclocque","status":"publish","type":"page","link":"https:\/\/wptestkevin.ovh\/.Dev\/claire-de-hauteclocque\/","title":{"rendered":"Claire de HAUTECLOCQUE"},"content":{"rendered":"<p>[et_pb_section fb_built=\u00a0\u00bb1&Prime; admin_label=\u00a0\u00bbSection\u00a0\u00bb module_id=\u00a0\u00bbadelus\u00a0\u00bb _builder_version=\u00a0\u00bb4.27.4&Prime; _module_preset=\u00a0\u00bbdefault\u00a0\u00bb background_color=\u00a0\u00bb#f1f3f4&Prime; custom_margin=\u00a0\u00bb0px||0px||true|false\u00a0\u00bb custom_padding=\u00a0\u00bb0px||0px||true|false\u00a0\u00bb animation_style=\u00a0\u00bbfade\u00a0\u00bb da_popup_slug=\u00a0\u00bbadelus\u00a0\u00bb da_disable_devices=\u00a0\u00bboff|off|off\u00a0\u00bb global_colors_info=\u00a0\u00bb{}\u00a0\u00bb da_is_popup=\u00a0\u00bboff\u00a0\u00bb da_exit_intent=\u00a0\u00bboff\u00a0\u00bb da_has_close=\u00a0\u00bbon\u00a0\u00bb da_alt_close=\u00a0\u00bboff\u00a0\u00bb da_dark_close=\u00a0\u00bboff\u00a0\u00bb da_not_modal=\u00a0\u00bbon\u00a0\u00bb da_is_singular=\u00a0\u00bboff\u00a0\u00bb da_with_loader=\u00a0\u00bboff\u00a0\u00bb da_has_shadow=\u00a0\u00bbon\u00a0\u00bb][et_pb_row custom_padding_last_edited=\u00a0\u00bbon|phone\u00a0\u00bb _builder_version=\u00a0\u00bb4.27.4&Prime; _module_preset=\u00a0\u00bbdefault\u00a0\u00bb background_color=\u00a0\u00bb#FFFFFF\u00a0\u00bb width_tablet=\u00a0\u00bb\u00a0\u00bb width_phone=\u00a0\u00bb95%\u00a0\u00bb width_last_edited=\u00a0\u00bbon|phone\u00a0\u00bb custom_padding=\u00a0\u00bb|33px||33px|false|true\u00a0\u00bb custom_padding_tablet=\u00a0\u00bb\u00a0\u00bb custom_padding_phone=\u00a0\u00bb|10px||10px|false|true\u00a0\u00bb global_colors_info=\u00a0\u00bb{}\u00a0\u00bb][et_pb_column type=\u00a0\u00bb4_4&Prime; _builder_version=\u00a0\u00bb4.21.0&Prime; _module_preset=\u00a0\u00bbdefault\u00a0\u00bb global_colors_info=\u00a0\u00bb{}\u00a0\u00bb][et_pb_text _builder_version=\u00a0\u00bb4.21.0&Prime; _module_preset=\u00a0\u00bbdefault\u00a0\u00bb custom_margin=\u00a0\u00bb||10px||false|false\u00a0\u00bb global_colors_info=\u00a0\u00bb{}\u00a0\u00bb]<\/p>\n<h1 class=\"uk-article-title\">Claire de Hauteclocque<\/h1>\n<p>[\/et_pb_text][et_pb_text _builder_version=\u00a0\u00bb4.25.2&Prime; _module_preset=\u00a0\u00bbdefault\u00a0\u00bb text_orientation=\u00a0\u00bbjustified\u00a0\u00bb global_colors_info=\u00a0\u00bb{}\u00a0\u00bb]<\/p>\n<p style=\"text-align: justify;\">Apr\u00e8s avoir obtenu une licence de droit \u00e0 l&rsquo;<em>Universit\u00e9 Paris X Nanterre<\/em>, avec une ann\u00e9e d&rsquo;\u00e9change universitaire en Nouvelle-Z\u00e9lande o\u00f9 elle d\u00e9couvre sa passion pour le droit des peuples autochtones, <span style=\"color: #2271b1;\"><strong>Claire de Hauteclocque<\/strong><\/span>\u00a0d\u00e9cide de se sp\u00e9cialiser dans ce domaine \u00e0 la crois\u00e9e des chemins entre culture et droits humains. Cette exp\u00e9rience la conduit \u00e0 poursuivre un master 1 en droit europ\u00e9en \u00e0 la Sorbonne, suivi d&rsquo;un master 2 en droits humains.<\/p>\n<p style=\"text-align: justify;\">Elle entame ensuite sa carri\u00e8re en se sp\u00e9cialisant dans le droit des peuples autochtones, d&rsquo;abord au sein de la section peuples autochtones et minorit\u00e9s du\u00a0<em>Haut Commissariat aux droits de l&rsquo;homme des Nations Unies<\/em>, puis au P\u00e9rou, o\u00f9 elle travaille pour l&rsquo;<em>ONG Equidad<\/em>. C&rsquo;est au cours de cette mission qu&rsquo;elle prend conscience de l&rsquo;impact des entreprises sur l&rsquo;environnement et la soci\u00e9t\u00e9, ce qui l&rsquo;am\u00e8ne \u00e0 se tourner vers la responsabilit\u00e9 soci\u00e9tale des entreprises (<em>RSE<\/em>).<\/p>\n<p style=\"text-align: justify;\">De retour en France, <span style=\"color: #2271b1;\"><strong>Claire de Hauteclocque<\/strong><\/span>\u00a0rejoint l&rsquo;ONG\u00a0<em>Sherpa<\/em>\u00a0avant de travailler pendant cinq ans au cabinet de conseil en RSE\u00a0<em>Greenflex<\/em>, o\u00f9 elle accompagne des organisations de toutes tailles et de tous secteurs sur des enjeux tels que l&rsquo;\u00e9laboration de\u00a0<em>strat\u00e9gie RSE<\/em>\u00a0(<em>matrice de mat\u00e9rialit\u00e9<\/em>bas\u00e9e sur ISO 26 000,\u00a0<em>matrice de double mat\u00e9rialit\u00e9<\/em>\u00a0bas\u00e9e sur la CSRD), les\u00a0<em>achats responsables<\/em>, le\u00a0<em>devoir de vigilance<\/em>, le\u00a0<em>dialogue avec les parties prenantes<\/em>\u00a0et la\u00a0<em>veille r\u00e9glementaire RSE<\/em>.<\/p>\n<p style=\"text-align: justify;\">Depuis un an, <span style=\"color: #2271b1;\"><strong>Claire de Hauteclocque<\/strong><\/span>\u00a0a choisi de se lancer \u00e0 son compte afin de concilier son m\u00e9tier avec ses passions personnelles. Forte de plus de<em>dix ans de pratique du th\u00e9\u00e2tre, et passionn\u00e9e par la peinture, la guitare et la fl\u00fbte traversi\u00e8re<\/em>, elle accompagne d\u00e9sormais des organisations du<em>secteur culturel<\/em>\u00a0dans la structuration de leur d\u00e9marche RSE, notamment dans le<em>\u00a0Sud-Ouest<\/em>\u00a0de la France.<\/p>\n<p style=\"text-align: justify;\">Elle anime depuis 6 ans des\u00a0<em>formations<\/em>\u00a0en mati\u00e8re de RSE et achats responsable et enseigne \u00e9galement la RSE dans plusieurs universit\u00e9s (<em>Dauphine, Sorbonne, Lille, Rennes<\/em>) et \u00e9coles sp\u00e9cialis\u00e9es (<em>Maria School, ESG-ACT<\/em>) et intervient en tant qu&rsquo;experte RSE et droits humains aupr\u00e8s du\u00a0<em>Pacte Mondial des Nations Unies &#8211; R\u00e9seau France<\/em>.<\/p>\n<p>[\/et_pb_text][\/et_pb_column][\/et_pb_row][et_pb_row column_structure=\u00a0\u00bb3_5,2_5&Prime; _builder_version=\u00a0\u00bb4.21.0&Prime; _module_preset=\u00a0\u00bbdefault\u00a0\u00bb global_colors_info=\u00a0\u00bb{}\u00a0\u00bb][et_pb_column type=\u00a0\u00bb3_5&Prime; _builder_version=\u00a0\u00bb4.21.0&Prime; _module_preset=\u00a0\u00bbdefault\u00a0\u00bb global_colors_info=\u00a0\u00bb{}\u00a0\u00bb][\/et_pb_column][et_pb_column type=\u00a0\u00bb2_5&Prime; _builder_version=\u00a0\u00bb4.21.0&Prime; _module_preset=\u00a0\u00bbdefault\u00a0\u00bb global_colors_info=\u00a0\u00bb{}\u00a0\u00bb][et_pb_text _builder_version=\u00a0\u00bb4.21.0&Prime; _module_preset=\u00a0\u00bbdefault\u00a0\u00bb text_orientation=\u00a0\u00bbcenter\u00a0\u00bb custom_padding=\u00a0\u00bb10px||10px||true|false\u00a0\u00bb border_width_all=\u00a0\u00bb1px\u00a0\u00bb border_color_all=\u00a0\u00bb#d8d8d8&Prime; global_colors_info=\u00a0\u00bb{}\u00a0\u00bb]<\/p>\n<p>[lmt-post-modified-info]<\/p>\n<p>[\/et_pb_text][\/et_pb_column][\/et_pb_row][\/et_pb_section]<\/p>\n","protected":false},"excerpt":{"rendered":"<p>Claire de HauteclocqueApr\u00e8s avoir obtenu une licence de droit \u00e0 l&rsquo;Universit\u00e9 Paris X Nanterre, avec une ann\u00e9e d&rsquo;\u00e9change universitaire en Nouvelle-Z\u00e9lande o\u00f9 elle d\u00e9couvre sa passion pour le droit des peuples autochtones, Claire de Hauteclocque\u00a0d\u00e9cide de se sp\u00e9cialiser dans ce domaine \u00e0 la crois\u00e9e des chemins entre culture et droits humains. Cette exp\u00e9rience la conduit [&hellip;]<\/p>\n","protected":false},"author":1,"featured_media":0,"parent":0,"menu_order":0,"comment_status":"closed","ping_status":"closed","template":"","meta":{"_et_pb_use_builder":"on","_et_pb_old_content":"","_et_gb_content_width":"","footnotes":""},"class_list":["post-8002","page","type-page","status-publish","hentry"],"_links":{"self":[{"href":"https:\/\/wptestkevin.ovh\/.Dev\/wp-json\/wp\/v2\/pages\/8002","targetHints":{"allow":["GET"]}}],"collection":[{"href":"https:\/\/wptestkevin.ovh\/.Dev\/wp-json\/wp\/v2\/pages"}],"about":[{"href":"https:\/\/wptestkevin.ovh\/.Dev\/wp-json\/wp\/v2\/types\/page"}],"author":[{"embeddable":true,"href":"https:\/\/wptestkevin.ovh\/.Dev\/wp-json\/wp\/v2\/users\/1"}],"replies":[{"embeddable":true,"href":"https:\/\/wptestkevin.ovh\/.Dev\/wp-json\/wp\/v2\/comments?post=8002"}],"version-history":[{"count":4,"href":"https:\/\/wptestkevin.ovh\/.Dev\/wp-json\/wp\/v2\/pages\/8002\/revisions"}],"predecessor-version":[{"id":8009,"href":"https:\/\/wptestkevin.ovh\/.Dev\/wp-json\/wp\/v2\/pages\/8002\/revisions\/8009"}],"wp:attachment":[{"href":"https:\/\/wptestkevin.ovh\/.Dev\/wp-json\/wp\/v2\/media?parent=8002"}],"curies":[{"name":"wp","href":"https:\/\/api.w.org\/{rel}","templated":true}]}}