{"id":7993,"date":"2025-03-26T12:23:14","date_gmt":"2025-03-26T11:23:14","guid":{"rendered":"https:\/\/wptestkevin.ovh\/.Dev\/?page_id=7993"},"modified":"2025-03-26T12:25:49","modified_gmt":"2025-03-26T11:25:49","slug":"fatima-hammouch","status":"publish","type":"page","link":"https:\/\/wptestkevin.ovh\/.Dev\/fatima-hammouch\/","title":{"rendered":"Fatima HAMMOUCH"},"content":{"rendered":"<p>[et_pb_section fb_built=\u00a0\u00bb1&Prime; admin_label=\u00a0\u00bbSection\u00a0\u00bb module_id=\u00a0\u00bbadelus\u00a0\u00bb _builder_version=\u00a0\u00bb4.27.4&Prime; _module_preset=\u00a0\u00bbdefault\u00a0\u00bb background_color=\u00a0\u00bb#f1f3f4&Prime; custom_margin=\u00a0\u00bb0px||0px||true|false\u00a0\u00bb custom_padding=\u00a0\u00bb0px||0px||true|false\u00a0\u00bb animation_style=\u00a0\u00bbfade\u00a0\u00bb da_popup_slug=\u00a0\u00bbadelus\u00a0\u00bb da_disable_devices=\u00a0\u00bboff|off|off\u00a0\u00bb global_colors_info=\u00a0\u00bb{}\u00a0\u00bb da_is_popup=\u00a0\u00bboff\u00a0\u00bb da_exit_intent=\u00a0\u00bboff\u00a0\u00bb da_has_close=\u00a0\u00bbon\u00a0\u00bb da_alt_close=\u00a0\u00bboff\u00a0\u00bb da_dark_close=\u00a0\u00bboff\u00a0\u00bb da_not_modal=\u00a0\u00bbon\u00a0\u00bb da_is_singular=\u00a0\u00bboff\u00a0\u00bb da_with_loader=\u00a0\u00bboff\u00a0\u00bb da_has_shadow=\u00a0\u00bbon\u00a0\u00bb][et_pb_row custom_padding_last_edited=\u00a0\u00bbon|phone\u00a0\u00bb _builder_version=\u00a0\u00bb4.27.4&Prime; _module_preset=\u00a0\u00bbdefault\u00a0\u00bb background_color=\u00a0\u00bb#FFFFFF\u00a0\u00bb width_tablet=\u00a0\u00bb\u00a0\u00bb width_phone=\u00a0\u00bb95%\u00a0\u00bb width_last_edited=\u00a0\u00bbon|phone\u00a0\u00bb custom_padding=\u00a0\u00bb|33px||33px|false|true\u00a0\u00bb custom_padding_tablet=\u00a0\u00bb\u00a0\u00bb custom_padding_phone=\u00a0\u00bb|10px||10px|false|true\u00a0\u00bb global_colors_info=\u00a0\u00bb{}\u00a0\u00bb][et_pb_column type=\u00a0\u00bb4_4&Prime; _builder_version=\u00a0\u00bb4.21.0&Prime; _module_preset=\u00a0\u00bbdefault\u00a0\u00bb global_colors_info=\u00a0\u00bb{}\u00a0\u00bb][et_pb_text _builder_version=\u00a0\u00bb4.21.0&Prime; _module_preset=\u00a0\u00bbdefault\u00a0\u00bb custom_margin=\u00a0\u00bb||10px||false|false\u00a0\u00bb global_colors_info=\u00a0\u00bb{}\u00a0\u00bb]<\/p>\n<h1 class=\"uk-article-title\">Fatima\u00a0Hammouch<\/h1>\n<p>[\/et_pb_text][et_pb_text _builder_version=\u00a0\u00bb4.25.2&Prime; _module_preset=\u00a0\u00bbdefault\u00a0\u00bb text_orientation=\u00a0\u00bbjustified\u00a0\u00bb global_colors_info=\u00a0\u00bb{}\u00a0\u00bb]<\/p>\n<div class=\"article-content\"><\/div>\n<div class=\"article-content\">\n<p><img loading=\"lazy\" decoding=\"async\" src=\"http:\/\/wptestkevin.ovh\/.Dev\/wp-content\/uploads\/2024\/06\/IMG_7825.jpg\" alt=\"\" width=\"171\" height=\"256\" \/><\/p>\n<p style=\"text-align: justify;\"><span style=\"color: #2271b1;\"><strong>Fatima<\/strong>\u00a0<\/span><strong><span style=\"color: #2271b1;\">Hammouch<\/span>\u00a0<\/strong>est sp\u00e9cialiste en communication et en relations presse. Elle a travaill\u00e9 pendant 8 ans dans de nombreuses structures (association, entreprises\u2026) afin de construire des messages de communication impactants.<\/p>\n<p style=\"text-align: justify;\"><strong><span style=\"color: #2271b1;\">Fatima\u00a0<\/span><span style=\"color: #2271b1;\">Hammouch<\/span> <\/strong>a suivi des \u00e9tudes en lettres modernes, en anglais et en communication. Elle est dipl\u00f4m\u00e9e en Litt\u00e9rature anglophone, et en communication de l&rsquo;universit\u00e9 Paris-Sorbonne et de la PPA Business School.<\/p>\n<p style=\"text-align: justify;\">En 2022, <span style=\"color: #2271b1;\"><strong>Fatima<\/strong>\u00a0<\/span><strong><span style=\"color: #2271b1;\">Hammouch<\/span><\/strong> rejoint en tant que consultante et formatrice le Next Level, une structure qui con\u00e7oit, produit et accompagne des initiatives collectives ayant pour objet ou effet de favoriser l\u2019\u00e9galit\u00e9 des droits, l\u2019\u00e9galit\u00e9 des chances, la solidarit\u00e9 et le respect de la dignit\u00e9 des personnes o\u00f9 elle contribue au d\u00e9veloppement de la puissance d\u2019initiatives issues de la soci\u00e9t\u00e9 civile. Le but : cr\u00e9er des liens et activer la solidarit\u00e9 humaine. Engag\u00e9e pour la justice, l\u2019\u00e9galit\u00e9 et f\u00e9rue de m\u00e9dias, <span style=\"color: #2271b1;\"><strong>Fatima<\/strong>\u00a0<\/span><strong><span style=\"color: #2271b1;\">Hammouch<\/span><\/strong>\u00a0souhaite mettre sa profession au service de sa vocation : introduire des nouvelles narrations pour favoriser l\u2019inclusion dans l\u2019imaginaire collectif, les politiques publiques et les pratiques du secteur priv\u00e9.<\/p>\n<p style=\"text-align: justify;\">En 2022, elle int\u00e8gre le cursus \u201c<em>Leadership, storytelling et action<\/em>\u201d de la Harvard Kennedy School.<\/p>\n<p style=\"text-align: justify;\">En parall\u00e8le, <span style=\"color: #2271b1;\"><strong>Fatima<\/strong>\u00a0<\/span><strong><span style=\"color: #2271b1;\">Hammouch<\/span><\/strong><strong>\u00a0<\/strong>est co-pr\u00e9sidente de l\u2019association f\u00e9ministe et antiraciste Lallab, qui d\u00e9fend les droits et fait entendre les voix des femmes musulmanes. Elle s\u2019occupe notamment de la dimension m\u00e9diatique et plaidoyer en introduisant des narrations plus vari\u00e9es et incarn\u00e9es dans l\u2019espace public, m\u00e9diatique et politique. Fatima a notamment particip\u00e9 \u00e0 la revue de la Ligue des Droits de l\u2019Homme,\u00a0<em>Hommes et Libert\u00e9s<\/em>, en 2021, sur la question de l\u2019universalit\u00e9 des droits qui recouvre les sujets autour des identit\u00e9s et de leurs rapports &#8211; r\u00e9els, fantasm\u00e9s, potentiels.<\/p>\n<\/div>\n<p>[\/et_pb_text][\/et_pb_column][\/et_pb_row][et_pb_row column_structure=\u00a0\u00bb3_5,2_5&Prime; _builder_version=\u00a0\u00bb4.21.0&Prime; _module_preset=\u00a0\u00bbdefault\u00a0\u00bb global_colors_info=\u00a0\u00bb{}\u00a0\u00bb][et_pb_column type=\u00a0\u00bb3_5&Prime; _builder_version=\u00a0\u00bb4.21.0&Prime; _module_preset=\u00a0\u00bbdefault\u00a0\u00bb global_colors_info=\u00a0\u00bb{}\u00a0\u00bb][\/et_pb_column][et_pb_column type=\u00a0\u00bb2_5&Prime; _builder_version=\u00a0\u00bb4.21.0&Prime; _module_preset=\u00a0\u00bbdefault\u00a0\u00bb global_colors_info=\u00a0\u00bb{}\u00a0\u00bb][et_pb_text _builder_version=\u00a0\u00bb4.21.0&Prime; _module_preset=\u00a0\u00bbdefault\u00a0\u00bb text_orientation=\u00a0\u00bbcenter\u00a0\u00bb custom_padding=\u00a0\u00bb10px||10px||true|false\u00a0\u00bb border_width_all=\u00a0\u00bb1px\u00a0\u00bb border_color_all=\u00a0\u00bb#d8d8d8&Prime; global_colors_info=\u00a0\u00bb{}\u00a0\u00bb]<\/p>\n<p>[lmt-post-modified-info]<\/p>\n<p>[\/et_pb_text][\/et_pb_column][\/et_pb_row][\/et_pb_section]<\/p>\n","protected":false},"excerpt":{"rendered":"<p>Fatima\u00a0Hammouch Fatima\u00a0Hammouch\u00a0est sp\u00e9cialiste en communication et en relations presse. Elle a travaill\u00e9 pendant 8 ans dans de nombreuses structures (association, entreprises\u2026) afin de construire des messages de communication impactants. Fatima\u00a0Hammouch a suivi des \u00e9tudes en lettres modernes, en anglais et en communication. Elle est dipl\u00f4m\u00e9e en Litt\u00e9rature anglophone, et en communication de l&rsquo;universit\u00e9 Paris-Sorbonne et [&hellip;]<\/p>\n","protected":false},"author":1,"featured_media":0,"parent":0,"menu_order":0,"comment_status":"closed","ping_status":"closed","template":"","meta":{"_et_pb_use_builder":"on","_et_pb_old_content":"","_et_gb_content_width":"","footnotes":""},"class_list":["post-7993","page","type-page","status-publish","hentry"],"_links":{"self":[{"href":"https:\/\/wptestkevin.ovh\/.Dev\/wp-json\/wp\/v2\/pages\/7993","targetHints":{"allow":["GET"]}}],"collection":[{"href":"https:\/\/wptestkevin.ovh\/.Dev\/wp-json\/wp\/v2\/pages"}],"about":[{"href":"https:\/\/wptestkevin.ovh\/.Dev\/wp-json\/wp\/v2\/types\/page"}],"author":[{"embeddable":true,"href":"https:\/\/wptestkevin.ovh\/.Dev\/wp-json\/wp\/v2\/users\/1"}],"replies":[{"embeddable":true,"href":"https:\/\/wptestkevin.ovh\/.Dev\/wp-json\/wp\/v2\/comments?post=7993"}],"version-history":[{"count":4,"href":"https:\/\/wptestkevin.ovh\/.Dev\/wp-json\/wp\/v2\/pages\/7993\/revisions"}],"predecessor-version":[{"id":8001,"href":"https:\/\/wptestkevin.ovh\/.Dev\/wp-json\/wp\/v2\/pages\/7993\/revisions\/8001"}],"wp:attachment":[{"href":"https:\/\/wptestkevin.ovh\/.Dev\/wp-json\/wp\/v2\/media?parent=7993"}],"curies":[{"name":"wp","href":"https:\/\/api.w.org\/{rel}","templated":true}]}}