{"id":7983,"date":"2025-03-26T12:12:19","date_gmt":"2025-03-26T11:12:19","guid":{"rendered":"https:\/\/wptestkevin.ovh\/.Dev\/?page_id=7983"},"modified":"2025-03-26T12:15:11","modified_gmt":"2025-03-26T11:15:11","slug":"amandine-greilich","status":"publish","type":"page","link":"https:\/\/wptestkevin.ovh\/.Dev\/amandine-greilich\/","title":{"rendered":"Amandine GREILICH"},"content":{"rendered":"<p>[et_pb_section fb_built=\u00a0\u00bb1&Prime; admin_label=\u00a0\u00bbSection\u00a0\u00bb module_id=\u00a0\u00bbadelus\u00a0\u00bb _builder_version=\u00a0\u00bb4.27.4&Prime; _module_preset=\u00a0\u00bbdefault\u00a0\u00bb background_color=\u00a0\u00bb#f1f3f4&Prime; custom_margin=\u00a0\u00bb0px||0px||true|false\u00a0\u00bb custom_padding=\u00a0\u00bb0px||0px||true|false\u00a0\u00bb animation_style=\u00a0\u00bbfade\u00a0\u00bb da_popup_slug=\u00a0\u00bbadelus\u00a0\u00bb da_disable_devices=\u00a0\u00bboff|off|off\u00a0\u00bb global_colors_info=\u00a0\u00bb{}\u00a0\u00bb da_is_popup=\u00a0\u00bboff\u00a0\u00bb da_exit_intent=\u00a0\u00bboff\u00a0\u00bb da_has_close=\u00a0\u00bbon\u00a0\u00bb da_alt_close=\u00a0\u00bboff\u00a0\u00bb da_dark_close=\u00a0\u00bboff\u00a0\u00bb da_not_modal=\u00a0\u00bbon\u00a0\u00bb da_is_singular=\u00a0\u00bboff\u00a0\u00bb da_with_loader=\u00a0\u00bboff\u00a0\u00bb da_has_shadow=\u00a0\u00bbon\u00a0\u00bb][et_pb_row custom_padding_last_edited=\u00a0\u00bbon|phone\u00a0\u00bb _builder_version=\u00a0\u00bb4.27.4&Prime; _module_preset=\u00a0\u00bbdefault\u00a0\u00bb background_color=\u00a0\u00bb#FFFFFF\u00a0\u00bb width_tablet=\u00a0\u00bb\u00a0\u00bb width_phone=\u00a0\u00bb95%\u00a0\u00bb width_last_edited=\u00a0\u00bbon|phone\u00a0\u00bb custom_padding=\u00a0\u00bb|33px||33px|false|true\u00a0\u00bb custom_padding_tablet=\u00a0\u00bb\u00a0\u00bb custom_padding_phone=\u00a0\u00bb|10px||10px|false|true\u00a0\u00bb global_colors_info=\u00a0\u00bb{}\u00a0\u00bb][et_pb_column type=\u00a0\u00bb4_4&Prime; _builder_version=\u00a0\u00bb4.21.0&Prime; _module_preset=\u00a0\u00bbdefault\u00a0\u00bb global_colors_info=\u00a0\u00bb{}\u00a0\u00bb][et_pb_text _builder_version=\u00a0\u00bb4.21.0&Prime; _module_preset=\u00a0\u00bbdefault\u00a0\u00bb custom_margin=\u00a0\u00bb||10px||false|false\u00a0\u00bb global_colors_info=\u00a0\u00bb{}\u00a0\u00bb]<\/p>\n<h1 class=\"uk-article-title\">Amandine Greilich<\/h1>\n<p>[\/et_pb_text][et_pb_text _builder_version=\u00a0\u00bb4.25.2&Prime; _module_preset=\u00a0\u00bbdefault\u00a0\u00bb text_orientation=\u00a0\u00bbjustified\u00a0\u00bb hover_enabled=\u00a0\u00bb0&Prime; global_colors_info=\u00a0\u00bb{}\u00a0\u00bb sticky_enabled=\u00a0\u00bb0&Prime;]<\/p>\n<p><img loading=\"lazy\" decoding=\"async\" src=\"http:\/\/wptestkevin.ovh\/.Dev\/wp-content\/uploads\/2024\/06\/a.greilich.jpg\" alt=\"Amandine Greilich\" width=\"200\" height=\"231\" \/><\/p>\n<p><span style=\"color: #2271b1;\"><strong>Amandine Greilich <\/strong><\/span>est titulaire d&rsquo;un master en histoire moderne et une licence en gestion du patrimoine culturel.<\/p>\n<p>Elle commence comme m\u00e9diatrice culturelle au Centre des Monuments Nationaux (site Ile de la Cit\u00e9) o\u00f9 elle exp\u00e9rimente diff\u00e9rentes m\u00e9diations (visite th\u00e9\u00e2tralis\u00e9e, parcours cont\u00e9, chasse au tr\u00e9sor, m\u00e9diations sp\u00e9cifiques pour les \u00e9v\u00e9nementiels\u2026) \u00e0 destination de diff\u00e9rents publics (scolaires, familles, groupes adultes\u2026). Elle se sp\u00e9cialise \u00e9galement dans l&rsquo;accueil des personnes en situation de handicap. <span style=\"color: #2271b1;\"><strong>Amandine Greilich<\/strong><\/span>\u00a0participe activement \u00e0 l&rsquo;am\u00e9lioration de l&rsquo;accueil pour tous et \u00e0 la volont\u00e9 de mettre en application la loi du 11 f\u00e9vrier 2005. Pour cela, elle suit diff\u00e9rentes formations de mani\u00e8re \u00e0 mieux appr\u00e9hender ces publics et leurs attentes : accueil et montage d&rsquo;activit\u00e9s pour les personnes en situation de handicap mental, lecture labiale, audiodescription, langue des signes fran\u00e7aise&#8230;<\/p>\n<p><span style=\"color: #2271b1;\"><strong>Amandine Greilich<\/strong><\/span> occupe ensuite la fonction de m\u00e9diatrice scientifique et technique ainsi que responsable de la cellule accessibilit\u00e9 pour les personnes en situation de handicap au Mus\u00e9e des arts et m\u00e9tiers (2007-2010). Elle y a suivi l&rsquo;audit de mise en accessibilit\u00e9 du mus\u00e9e ainsi que le d\u00e9but des travaux. Elle a \u00e9galement \u00e9largi l&rsquo;offre des activit\u00e9s pour les personnes en situation de handicap (visites en LSF, parcours tactile, visites en lecture labiale, audiodescription, cycles d&rsquo;activit\u00e9s pour les personnes en situation de handicap mental&#8230;). A ce titre, <span style=\"color: #2271b1;\"><strong>Amandine Greilich<\/strong><\/span>\u00a0a particip\u00e9 au groupe de r\u00e9flexion \u00ab\u00a0Culture et Handicap\u00a0\u00bb sur les th\u00e8mes de l&rsquo;am\u00e9lioration de la communication en direction des publics sp\u00e9cifiques et l&rsquo;utilisation des nouvelles technologies autour du handicap. Elle a \u00e9galement continu\u00e9 de recevoir tout type de public et de d\u00e9velopper des offres de m\u00e9diation adapt\u00e9es (atelier pour les 4-6 ans, visite en famille\u2026). Elle a \u00e9galement pu mettre en place des projets au long court avec des publics issus du champ social (formation de relais, cycle pour les ITEP, \u2026)<\/p>\n<p><span style=\"color: #2271b1;\"><strong>Amandine Greilich<\/strong><\/span> a ensuite occup\u00e9 le poste de charg\u00e9e de projets Territoire aux mus\u00e9es Gadagne (Lyon). Elle y a valoris\u00e9 le territoire gr\u00e2ce \u00e0 la programmation innovante des balades urbaines.<\/p>\n<p>Tout au long de ces diff\u00e9rents postes <span style=\"color: #2271b1;\"><strong>Amandine Greilich<\/strong><\/span>\u00a0s\u2019est toujours pr\u00e9occup\u00e9e des publics c\u2019est pourquoi elle a une tr\u00e8s bonne connaissance dans ce domaine.<br \/>A chaque mise en place d\u2019actions ou de projets, elle a su \u00e9valuer les attentes des visiteurs et ainsi adapter l\u2019offre afin de faire venir de nouveaux publics ou de les fid\u00e9liser.<\/p>\n<p>Aujourd\u2019hui <span style=\"color: #2271b1;\"><strong>Amandine Greilich<\/strong><\/span>\u00a0travaille \u00e0 son compte comme consultante et formatrice en projets culturels.\u00a0Elle est toujours r\u00e9guli\u00e8rement consult\u00e9e pour diagnostiquer l&rsquo;accessibilit\u00e9 des lieux culturels (b\u00e2ti, communication, partenariat, activit\u00e9s culturelles&#8230;). Elle intervient r\u00e9guli\u00e8rement pour des collectivit\u00e9s territoriales avec le CNFPT ou divers organismes de formation.<\/p>\n<p>A l&rsquo;AGECIF, <span style=\"color: #2271b1;\"><strong>Amandine Greilich<\/strong><\/span>\u00a0anime les formations qui traitent de l&rsquo;accessibilit\u00e9, de l&rsquo;accueil et de la m\u00e9diation.<\/p>\n<p>[\/et_pb_text][\/et_pb_column][\/et_pb_row][et_pb_row column_structure=\u00a0\u00bb3_5,2_5&Prime; _builder_version=\u00a0\u00bb4.21.0&Prime; _module_preset=\u00a0\u00bbdefault\u00a0\u00bb global_colors_info=\u00a0\u00bb{}\u00a0\u00bb][et_pb_column type=\u00a0\u00bb3_5&Prime; _builder_version=\u00a0\u00bb4.21.0&Prime; _module_preset=\u00a0\u00bbdefault\u00a0\u00bb global_colors_info=\u00a0\u00bb{}\u00a0\u00bb][\/et_pb_column][et_pb_column type=\u00a0\u00bb2_5&Prime; _builder_version=\u00a0\u00bb4.21.0&Prime; _module_preset=\u00a0\u00bbdefault\u00a0\u00bb global_colors_info=\u00a0\u00bb{}\u00a0\u00bb][et_pb_text _builder_version=\u00a0\u00bb4.21.0&Prime; _module_preset=\u00a0\u00bbdefault\u00a0\u00bb text_orientation=\u00a0\u00bbcenter\u00a0\u00bb custom_padding=\u00a0\u00bb10px||10px||true|false\u00a0\u00bb border_width_all=\u00a0\u00bb1px\u00a0\u00bb border_color_all=\u00a0\u00bb#d8d8d8&Prime; global_colors_info=\u00a0\u00bb{}\u00a0\u00bb]<\/p>\n<p>[lmt-post-modified-info]<\/p>\n<p>[\/et_pb_text][\/et_pb_column][\/et_pb_row][\/et_pb_section]<\/p>\n","protected":false},"excerpt":{"rendered":"<p>Amandine Greilich Amandine Greilich est titulaire d&rsquo;un master en histoire moderne et une licence en gestion du patrimoine culturel. Elle commence comme m\u00e9diatrice culturelle au Centre des Monuments Nationaux (site Ile de la Cit\u00e9) o\u00f9 elle exp\u00e9rimente diff\u00e9rentes m\u00e9diations (visite th\u00e9\u00e2tralis\u00e9e, parcours cont\u00e9, chasse au tr\u00e9sor, m\u00e9diations sp\u00e9cifiques pour les \u00e9v\u00e9nementiels\u2026) \u00e0 destination de diff\u00e9rents [&hellip;]<\/p>\n","protected":false},"author":1,"featured_media":0,"parent":0,"menu_order":0,"comment_status":"closed","ping_status":"closed","template":"","meta":{"_et_pb_use_builder":"on","_et_pb_old_content":"","_et_gb_content_width":"","footnotes":""},"class_list":["post-7983","page","type-page","status-publish","hentry"],"_links":{"self":[{"href":"https:\/\/wptestkevin.ovh\/.Dev\/wp-json\/wp\/v2\/pages\/7983","targetHints":{"allow":["GET"]}}],"collection":[{"href":"https:\/\/wptestkevin.ovh\/.Dev\/wp-json\/wp\/v2\/pages"}],"about":[{"href":"https:\/\/wptestkevin.ovh\/.Dev\/wp-json\/wp\/v2\/types\/page"}],"author":[{"embeddable":true,"href":"https:\/\/wptestkevin.ovh\/.Dev\/wp-json\/wp\/v2\/users\/1"}],"replies":[{"embeddable":true,"href":"https:\/\/wptestkevin.ovh\/.Dev\/wp-json\/wp\/v2\/comments?post=7983"}],"version-history":[{"count":5,"href":"https:\/\/wptestkevin.ovh\/.Dev\/wp-json\/wp\/v2\/pages\/7983\/revisions"}],"predecessor-version":[{"id":7991,"href":"https:\/\/wptestkevin.ovh\/.Dev\/wp-json\/wp\/v2\/pages\/7983\/revisions\/7991"}],"wp:attachment":[{"href":"https:\/\/wptestkevin.ovh\/.Dev\/wp-json\/wp\/v2\/media?parent=7983"}],"curies":[{"name":"wp","href":"https:\/\/api.w.org\/{rel}","templated":true}]}}