{"id":7975,"date":"2025-03-26T12:08:49","date_gmt":"2025-03-26T11:08:49","guid":{"rendered":"https:\/\/wptestkevin.ovh\/.Dev\/?page_id=7975"},"modified":"2025-03-26T12:10:25","modified_gmt":"2025-03-26T11:10:25","slug":"sylvie-giraud-maillier","status":"publish","type":"page","link":"https:\/\/wptestkevin.ovh\/.Dev\/sylvie-giraud-maillier\/","title":{"rendered":"Sylvie GIRAUD-MAILLIER"},"content":{"rendered":"<p>[et_pb_section fb_built=\u00a0\u00bb1&Prime; admin_label=\u00a0\u00bbSection\u00a0\u00bb module_id=\u00a0\u00bbadelus\u00a0\u00bb _builder_version=\u00a0\u00bb4.27.4&Prime; _module_preset=\u00a0\u00bbdefault\u00a0\u00bb background_color=\u00a0\u00bb#f1f3f4&Prime; custom_margin=\u00a0\u00bb0px||0px||true|false\u00a0\u00bb custom_padding=\u00a0\u00bb0px||0px||true|false\u00a0\u00bb animation_style=\u00a0\u00bbfade\u00a0\u00bb da_popup_slug=\u00a0\u00bbadelus\u00a0\u00bb da_disable_devices=\u00a0\u00bboff|off|off\u00a0\u00bb global_colors_info=\u00a0\u00bb{}\u00a0\u00bb da_is_popup=\u00a0\u00bboff\u00a0\u00bb da_exit_intent=\u00a0\u00bboff\u00a0\u00bb da_has_close=\u00a0\u00bbon\u00a0\u00bb da_alt_close=\u00a0\u00bboff\u00a0\u00bb da_dark_close=\u00a0\u00bboff\u00a0\u00bb da_not_modal=\u00a0\u00bbon\u00a0\u00bb da_is_singular=\u00a0\u00bboff\u00a0\u00bb da_with_loader=\u00a0\u00bboff\u00a0\u00bb da_has_shadow=\u00a0\u00bbon\u00a0\u00bb][et_pb_row custom_padding_last_edited=\u00a0\u00bbon|phone\u00a0\u00bb _builder_version=\u00a0\u00bb4.27.4&Prime; _module_preset=\u00a0\u00bbdefault\u00a0\u00bb background_color=\u00a0\u00bb#FFFFFF\u00a0\u00bb width_tablet=\u00a0\u00bb\u00a0\u00bb width_phone=\u00a0\u00bb95%\u00a0\u00bb width_last_edited=\u00a0\u00bbon|phone\u00a0\u00bb custom_padding=\u00a0\u00bb|33px||33px|false|true\u00a0\u00bb custom_padding_tablet=\u00a0\u00bb\u00a0\u00bb custom_padding_phone=\u00a0\u00bb|10px||10px|false|true\u00a0\u00bb global_colors_info=\u00a0\u00bb{}\u00a0\u00bb][et_pb_column type=\u00a0\u00bb4_4&Prime; _builder_version=\u00a0\u00bb4.21.0&Prime; _module_preset=\u00a0\u00bbdefault\u00a0\u00bb global_colors_info=\u00a0\u00bb{}\u00a0\u00bb][et_pb_text _builder_version=\u00a0\u00bb4.21.0&Prime; _module_preset=\u00a0\u00bbdefault\u00a0\u00bb custom_margin=\u00a0\u00bb||10px||false|false\u00a0\u00bb custom_padding=\u00a0\u00bb0px|||||\u00a0\u00bb global_colors_info=\u00a0\u00bb{}\u00a0\u00bb]<\/p>\n<h1 class=\"uk-article-title\">Sylvie Giraud-Mallier<\/h1>\n<p>[\/et_pb_text][et_pb_text _builder_version=\u00a0\u00bb4.25.2&Prime; _module_preset=\u00a0\u00bbdefault\u00a0\u00bb text_orientation=\u00a0\u00bbjustified\u00a0\u00bb global_colors_info=\u00a0\u00bb{}\u00a0\u00bb]<\/p>\n<p><strong style=\"font-size: 15px;\"><img loading=\"lazy\" decoding=\"async\" src=\"http:\/\/wptestkevin.ovh\/.Dev\/wp-content\/uploads\/2024\/06\/giraud-mallier3.jpg\" alt=\"a mongis\" width=\"271\" height=\"192\" \/><\/strong><span style=\"font-size: 15px;\">\u00a0<\/span><\/p>\n<p>Sp\u00e9cialiste de la communication d\u2019int\u00e9r\u00eat g\u00e9n\u00e9ral, <span style=\"color: #2271b1;\"><strong>Sylvie Giraud-Mallier <\/strong><\/span>accompagne des responsables d\u2019organismes, institutions, associations et entreprises dans toutes leurs d\u00e9marches de communication, de la r\u00e9flexion strat\u00e9gique \u00e0 la mise en \u0153uvre des outils.<\/p>\n<p>Dipl\u00f4m\u00e9e d\u2019un Master II en sciences de l\u2019information et de la communication, <span style=\"color: #2271b1;\"><strong>Sylvie Giraud-Mallier <\/strong><\/span> d\u00e9marre son parcours professionnel au sein d\u2019une agence de communication parisienne tourn\u00e9e vers le secteur public et les entreprises culturelles. Pendant 7 ans, elle y d\u00e9couvre tout le plaisir de mettre son savoir-faire au service de projets \u00ab porteurs de sens \u00bb. Elle int\u00e8gre ensuite une agence n\u00eemoise, \u00e9galement d\u00e9di\u00e9e aux structures investies d\u2019une mission d\u2019int\u00e9r\u00eat g\u00e9n\u00e9ral. Au d\u00e9part \u00e0 la retraite de son directeur, l\u2019agence est transform\u00e9e en SCOP pour appartenir tout enti\u00e8re \u00e0 ses salari\u00e9s ; elle sera dirig\u00e9e par <span style=\"color: #2271b1;\"><strong>Sylvie Giraud-Mallier <\/strong><\/span>pendant 7 ans.<\/p>\n<p>Attach\u00e9e au cadre coop\u00e9ratif des entreprises de l\u2019Economie Sociale et Solidaire, <span style=\"color: #2271b1;\"><strong>Sylvie Giraud-Mallier <\/strong><\/span>d\u00e9cide en 2013 d\u2019int\u00e9grer une Coop\u00e9rative d\u2019Activit\u00e9 et d\u2019Emploi pour y d\u00e9velopper son activit\u00e9 de consultante etformatrice en communication. En 2014, elle fonde le collectif <em>COM\u2019les10doigts<\/em>, agence de communication coop\u00e9rative, qui permet \u00e0 ses membres, tous ind\u00e9pendants, de mutualiser leurs savoir-faire sur de beaux projets communs, tout en poursuivant leurs activit\u00e9s respectives.<\/p>\n<p>Au fil de ce parcours, <span style=\"color: #2271b1;\"><strong>Sylvie Giraud-Mallier <\/strong><\/span> a accompagn\u00e9 des structures aux probl\u00e9matiques de communication tr\u00e8s diverses, notamment dans les secteurs de :<br \/>\u2022 la culture : <em>BNF, Op\u00e9ra national de Lyon, Sc\u00e8ne nationale d\u2019Evry, CDN de Corbeil-Essonne\u2026<\/em><br \/>\u2022 l\u2019environnement : <em>Conservatoire du Littoral Normandie, Parc naturel r\u00e9gional de Camargue, Syndicats Mixtes Camargue Gardoise, Vistre Vistrenque, SMAGE des Gardons\u2026<\/em><br \/>\u2022 le tourisme : <em>Association G\u00eetes de France Tourisme Vert Gard, Domaine du Lazaret, Office de tourisme d\u2019All\u00e8gre-les-Fumades, Comit\u00e9 d\u00e9partemental du Tourisme Gardois\u2026<\/em><br \/>\u2022 le social et m\u00e9dico-social : <em>Groupe Up et Fondation du Groupe UP, CARSAT Languedoc Roussillon, Mutualit\u00e9 Fran\u00e7aise Ile-de-France\u2026<\/em><br \/>\u2022 les transports publics : <em>r\u00e9seaux de bus Keolis, Groupe Gal\u00e9o, Transports de Mont\u00e9limar Agglom\u00e9ration\u2026<\/em><\/p>\n<p>Aujourd\u2019hui riche de plus de 25 ans d\u2019exp\u00e9rience, <span style=\"color: #2271b1;\"><strong>Sylvie Giraud-Mallier <\/strong><\/span> est tour \u00e0 tour consultante en solo(conseil strat\u00e9gique, conception r\u00e9daction, recherche de noms, ergonomie web\u2026), formatrice \u00e0 l\u2019AGECIF (strat\u00e9gie de communication, r\u00e9daction web, \u00e9crits professionnels, identit\u00e9 visuelle\u2026) et coordinatrice d\u2019\u00e9quipes-projets (direction de missions de communication, direction artistique, suivi de fabrication, pilotage de projets web\u2026).<\/p>\n<p>[\/et_pb_text][\/et_pb_column][\/et_pb_row][et_pb_row column_structure=\u00a0\u00bb3_5,2_5&Prime; _builder_version=\u00a0\u00bb4.21.0&Prime; _module_preset=\u00a0\u00bbdefault\u00a0\u00bb global_colors_info=\u00a0\u00bb{}\u00a0\u00bb][et_pb_column type=\u00a0\u00bb3_5&Prime; _builder_version=\u00a0\u00bb4.21.0&Prime; _module_preset=\u00a0\u00bbdefault\u00a0\u00bb global_colors_info=\u00a0\u00bb{}\u00a0\u00bb][\/et_pb_column][et_pb_column type=\u00a0\u00bb2_5&Prime; _builder_version=\u00a0\u00bb4.21.0&Prime; _module_preset=\u00a0\u00bbdefault\u00a0\u00bb global_colors_info=\u00a0\u00bb{}\u00a0\u00bb][et_pb_text _builder_version=\u00a0\u00bb4.21.0&Prime; _module_preset=\u00a0\u00bbdefault\u00a0\u00bb text_orientation=\u00a0\u00bbcenter\u00a0\u00bb custom_padding=\u00a0\u00bb10px||10px||true|false\u00a0\u00bb border_width_all=\u00a0\u00bb1px\u00a0\u00bb border_color_all=\u00a0\u00bb#d8d8d8&Prime; global_colors_info=\u00a0\u00bb{}\u00a0\u00bb]<\/p>\n<p>[lmt-post-modified-info]<\/p>\n<p>[\/et_pb_text][\/et_pb_column][\/et_pb_row][\/et_pb_section]<\/p>\n","protected":false},"excerpt":{"rendered":"<p>Sylvie Giraud-Mallier\u00a0 Sp\u00e9cialiste de la communication d\u2019int\u00e9r\u00eat g\u00e9n\u00e9ral, Sylvie Giraud-Mallier accompagne des responsables d\u2019organismes, institutions, associations et entreprises dans toutes leurs d\u00e9marches de communication, de la r\u00e9flexion strat\u00e9gique \u00e0 la mise en \u0153uvre des outils. Dipl\u00f4m\u00e9e d\u2019un Master II en sciences de l\u2019information et de la communication, Sylvie Giraud-Mallier d\u00e9marre son parcours professionnel au sein [&hellip;]<\/p>\n","protected":false},"author":1,"featured_media":0,"parent":0,"menu_order":0,"comment_status":"closed","ping_status":"closed","template":"","meta":{"_et_pb_use_builder":"on","_et_pb_old_content":"","_et_gb_content_width":"","footnotes":""},"class_list":["post-7975","page","type-page","status-publish","hentry"],"_links":{"self":[{"href":"https:\/\/wptestkevin.ovh\/.Dev\/wp-json\/wp\/v2\/pages\/7975","targetHints":{"allow":["GET"]}}],"collection":[{"href":"https:\/\/wptestkevin.ovh\/.Dev\/wp-json\/wp\/v2\/pages"}],"about":[{"href":"https:\/\/wptestkevin.ovh\/.Dev\/wp-json\/wp\/v2\/types\/page"}],"author":[{"embeddable":true,"href":"https:\/\/wptestkevin.ovh\/.Dev\/wp-json\/wp\/v2\/users\/1"}],"replies":[{"embeddable":true,"href":"https:\/\/wptestkevin.ovh\/.Dev\/wp-json\/wp\/v2\/comments?post=7975"}],"version-history":[{"count":4,"href":"https:\/\/wptestkevin.ovh\/.Dev\/wp-json\/wp\/v2\/pages\/7975\/revisions"}],"predecessor-version":[{"id":7982,"href":"https:\/\/wptestkevin.ovh\/.Dev\/wp-json\/wp\/v2\/pages\/7975\/revisions\/7982"}],"wp:attachment":[{"href":"https:\/\/wptestkevin.ovh\/.Dev\/wp-json\/wp\/v2\/media?parent=7975"}],"curies":[{"name":"wp","href":"https:\/\/api.w.org\/{rel}","templated":true}]}}