{"id":7890,"date":"2025-03-25T16:10:39","date_gmt":"2025-03-25T15:10:39","guid":{"rendered":"https:\/\/wptestkevin.ovh\/.Dev\/?page_id=7890"},"modified":"2025-03-25T16:12:28","modified_gmt":"2025-03-25T15:12:28","slug":"karin-garaialde-3","status":"publish","type":"page","link":"https:\/\/wptestkevin.ovh\/.Dev\/karin-garaialde-3\/","title":{"rendered":"Karin GARAIALDE"},"content":{"rendered":"<p>[et_pb_section fb_built=\u00a0\u00bb1&Prime; admin_label=\u00a0\u00bbSection\u00a0\u00bb module_id=\u00a0\u00bbadelus\u00a0\u00bb _builder_version=\u00a0\u00bb4.27.4&Prime; _module_preset=\u00a0\u00bbdefault\u00a0\u00bb background_color=\u00a0\u00bb#f1f3f4&Prime; custom_margin=\u00a0\u00bb0px||0px||true|false\u00a0\u00bb custom_padding=\u00a0\u00bb0px||0px||true|false\u00a0\u00bb animation_style=\u00a0\u00bbfade\u00a0\u00bb da_popup_slug=\u00a0\u00bbadelus\u00a0\u00bb da_disable_devices=\u00a0\u00bboff|off|off\u00a0\u00bb global_colors_info=\u00a0\u00bb{}\u00a0\u00bb da_is_popup=\u00a0\u00bboff\u00a0\u00bb da_exit_intent=\u00a0\u00bboff\u00a0\u00bb da_has_close=\u00a0\u00bbon\u00a0\u00bb da_alt_close=\u00a0\u00bboff\u00a0\u00bb da_dark_close=\u00a0\u00bboff\u00a0\u00bb da_not_modal=\u00a0\u00bbon\u00a0\u00bb da_is_singular=\u00a0\u00bboff\u00a0\u00bb da_with_loader=\u00a0\u00bboff\u00a0\u00bb da_has_shadow=\u00a0\u00bbon\u00a0\u00bb][et_pb_row custom_padding_last_edited=\u00a0\u00bbon|phone\u00a0\u00bb _builder_version=\u00a0\u00bb4.27.4&Prime; _module_preset=\u00a0\u00bbdefault\u00a0\u00bb background_color=\u00a0\u00bb#FFFFFF\u00a0\u00bb width_tablet=\u00a0\u00bb\u00a0\u00bb width_phone=\u00a0\u00bb95%\u00a0\u00bb width_last_edited=\u00a0\u00bbon|phone\u00a0\u00bb custom_padding=\u00a0\u00bb|33px||33px|false|true\u00a0\u00bb custom_padding_tablet=\u00a0\u00bb\u00a0\u00bb custom_padding_phone=\u00a0\u00bb|10px||10px|false|true\u00a0\u00bb global_colors_info=\u00a0\u00bb{}\u00a0\u00bb][et_pb_column type=\u00a0\u00bb4_4&Prime; _builder_version=\u00a0\u00bb4.21.0&Prime; _module_preset=\u00a0\u00bbdefault\u00a0\u00bb global_colors_info=\u00a0\u00bb{}\u00a0\u00bb][et_pb_text _builder_version=\u00a0\u00bb4.21.0&Prime; _module_preset=\u00a0\u00bbdefault\u00a0\u00bb custom_margin=\u00a0\u00bb||10px||false|false\u00a0\u00bb global_colors_info=\u00a0\u00bb{}\u00a0\u00bb]<\/p>\n<h1 class=\"uk-article-title\"><span>Karin Garaialde<\/span><\/h1>\n<p>[\/et_pb_text][et_pb_text _builder_version=\u00a0\u00bb4.25.2&Prime; _module_preset=\u00a0\u00bbdefault\u00a0\u00bb text_orientation=\u00a0\u00bbjustified\u00a0\u00bb global_colors_info=\u00a0\u00bb{}\u00a0\u00bb]<\/p>\n<p><img loading=\"lazy\" decoding=\"async\" class=\"wp-image-4147 alignnone \" src=\"http:\/\/wptestkevin.ovh\/.Dev\/wp-content\/uploads\/2024\/06\/karin-garaialde-1.jpg\" alt=\"\" width=\"150\" height=\"180\" \/><\/p>\n<p style=\"text-align: justify;\"><span style=\"color: #2271b1;\"><strong>Karin Garaialde<\/strong><\/span>\u00a0est consultante\u00a0et formatrice en <em>Communication NonViolente (CNV)<\/em>, sp\u00e9cialis\u00e9e dans la communication interpersonnelle, la gestion d&rsquo;\u00e9quipe et la r\u00e9solution de conflits.<\/p>\n<p style=\"text-align: justify;\">De nationalit\u00e9 su\u00e9doise, originaire de Stockholm, <span style=\"color: #2271b1;\"><strong>Karin Garaialde<\/strong><\/span>\u00a0passe ses 15 premi\u00e8res ann\u00e9es en Su\u00e8de puis s\u2019installe en Suisse avec sa famille o\u00f9 elle termine ses \u00e9tudes \u00e0 l\u2019<em>Ecole internationale de Gen\u00e8ve<\/em>. Passionn\u00e9e par les langues et la diversit\u00e9 culturelle, elle \u00e9tudie ensuite l&rsquo;h\u00f4tellerie et le management \u00e0 l\u2019<em>\u00c9cole H\u00f4teli\u00e8re<\/em> de Lausanne.<\/p>\n<p style=\"text-align: justify;\">Dipl\u00f4mee en 1991, <span style=\"color: #2271b1;\"><strong>Karin Garaialde<\/strong><\/span>\u00a0travaille \u00e0 <em>Walt Disney World<\/em> en Floride puis \u00e0\u00a0<em>Disneyland Paris<\/em> pendant plus de 15ans. Elle\u00a0occupe\u00a0divers postes d&rsquo;encadrement dans les op\u00e9rations h\u00f4teli\u00e8res\u00a0(gestion des chambres, restauration, nettoyage)\u00a0et les ressources humaines, g\u00e9rant des \u00e9quipes allant de 30 \u00e0 120 personnes.<\/p>\n<p style=\"text-align: justify;\">En 1999,\u00a0elle devient\u00a0formatrice\u00a0en entreprise\u00a0\u00e0 l\u2019<em>Universit\u00e9 Disney<\/em>,\u00a0\u00a0prenant en charge le d\u00e9veloppement et l&rsquo;animation de programmes de formation au leadership, en communication, en r\u00e9solution de conflits et en gestion d&rsquo;\u00e9quipe dans un environnement multiculturel.<\/p>\n<p style=\"text-align: justify;\"><span style=\"color: #2271b1;\"><strong>Karin Garaialde<\/strong><\/span> se met \u00e0 son compte en 2011 et travaille en tant que consultante ind\u00e9pendante d\u2019abord en France puis aux Emirats Arabes Unis o\u00f9 elle vit avec son mari et ses enfants jusqu\u2019en 2021.<\/p>\n<p style=\"text-align: justify;\">Durant ces ann\u00e9es elle se forme \u00e0 la Communication NonViolente et devient formatrice certifi\u00e9e en 2015. Elle\u00a0anime\u00a0des ateliers et des s\u00e9minaires pour des entreprises de renom telles que\u00a0<em>Galeries Lafayettes, InterContinental Hotels Group,\u00a0SKMC Hospital, Total, Etihad, Boston Consulting Group<\/em>,\u00a0le <em>Lyc\u00e9e Fran\u00e7ais<\/em> d&rsquo;Abu Dhabi. Ses interventions englobent \u00e9galement l&rsquo;accompagnement individuel et la m\u00e9diation,\u00a0ainsi que des conf\u00e9rences interactives sur le processus de Communication NonViolente.<\/p>\n<p style=\"text-align: justify;\">De retour en France depuis septembre 2021, <span style=\"color: #2271b1;\"><strong>Karin Garaialde<\/strong><\/span>\u00a0a plaisir \u00e0 accompagner et former des professionnels dans\u00a0divers milieux\u00a0: entreprises, institutions gouvernementales, \u00e9coles et universit\u00e9s.\u00a0Son approche p\u00e9dagogique allie th\u00e9orie et pratique, en s&rsquo;appuyant sur son exp\u00e9rience terrain et son expertise dans le d\u00e9veloppement des comp\u00e9tences\u00a0inter relationnel.<\/p>\n<p style=\"text-align: justify;\">Elle s\u2019investit aussi dans l\u2019association des formateurs fran\u00e7ais certifi\u00e9s en CNV\u00a0(AFFCNV) et l\u2019association de certification en CNV (Acertif). Actuellement elle participe \u00e0 la cr\u00e9ation d\u2019un nouveau parcours de certification pour des acteur terrain de nonviolence, qui sera deploy\u00e9 en France et au niveau internationale avec le <em>Center for NonViolent Communication<\/em>.<\/p>\n<p>[\/et_pb_text][\/et_pb_column][\/et_pb_row][et_pb_row column_structure=\u00a0\u00bb3_5,2_5&Prime; _builder_version=\u00a0\u00bb4.21.0&Prime; _module_preset=\u00a0\u00bbdefault\u00a0\u00bb global_colors_info=\u00a0\u00bb{}\u00a0\u00bb][et_pb_column type=\u00a0\u00bb3_5&Prime; _builder_version=\u00a0\u00bb4.21.0&Prime; _module_preset=\u00a0\u00bbdefault\u00a0\u00bb global_colors_info=\u00a0\u00bb{}\u00a0\u00bb][\/et_pb_column][et_pb_column type=\u00a0\u00bb2_5&Prime; _builder_version=\u00a0\u00bb4.21.0&Prime; _module_preset=\u00a0\u00bbdefault\u00a0\u00bb global_colors_info=\u00a0\u00bb{}\u00a0\u00bb][et_pb_text _builder_version=\u00a0\u00bb4.21.0&Prime; _module_preset=\u00a0\u00bbdefault\u00a0\u00bb text_orientation=\u00a0\u00bbcenter\u00a0\u00bb custom_padding=\u00a0\u00bb10px||10px||true|false\u00a0\u00bb border_width_all=\u00a0\u00bb1px\u00a0\u00bb border_color_all=\u00a0\u00bb#d8d8d8&Prime; global_colors_info=\u00a0\u00bb{}\u00a0\u00bb]<\/p>\n<p>[lmt-post-modified-info]<\/p>\n<p>[\/et_pb_text][\/et_pb_column][\/et_pb_row][\/et_pb_section]<\/p>\n","protected":false},"excerpt":{"rendered":"<p>Karin Garaialde Karin Garaialde\u00a0est consultante\u00a0et formatrice en Communication NonViolente (CNV), sp\u00e9cialis\u00e9e dans la communication interpersonnelle, la gestion d&rsquo;\u00e9quipe et la r\u00e9solution de conflits. De nationalit\u00e9 su\u00e9doise, originaire de Stockholm, Karin Garaialde\u00a0passe ses 15 premi\u00e8res ann\u00e9es en Su\u00e8de puis s\u2019installe en Suisse avec sa famille o\u00f9 elle termine ses \u00e9tudes \u00e0 l\u2019Ecole internationale de Gen\u00e8ve. Passionn\u00e9e [&hellip;]<\/p>\n","protected":false},"author":1,"featured_media":0,"parent":0,"menu_order":0,"comment_status":"closed","ping_status":"closed","template":"","meta":{"_et_pb_use_builder":"on","_et_pb_old_content":"","_et_gb_content_width":"","footnotes":""},"class_list":["post-7890","page","type-page","status-publish","hentry"],"_links":{"self":[{"href":"https:\/\/wptestkevin.ovh\/.Dev\/wp-json\/wp\/v2\/pages\/7890","targetHints":{"allow":["GET"]}}],"collection":[{"href":"https:\/\/wptestkevin.ovh\/.Dev\/wp-json\/wp\/v2\/pages"}],"about":[{"href":"https:\/\/wptestkevin.ovh\/.Dev\/wp-json\/wp\/v2\/types\/page"}],"author":[{"embeddable":true,"href":"https:\/\/wptestkevin.ovh\/.Dev\/wp-json\/wp\/v2\/users\/1"}],"replies":[{"embeddable":true,"href":"https:\/\/wptestkevin.ovh\/.Dev\/wp-json\/wp\/v2\/comments?post=7890"}],"version-history":[{"count":4,"href":"https:\/\/wptestkevin.ovh\/.Dev\/wp-json\/wp\/v2\/pages\/7890\/revisions"}],"predecessor-version":[{"id":7897,"href":"https:\/\/wptestkevin.ovh\/.Dev\/wp-json\/wp\/v2\/pages\/7890\/revisions\/7897"}],"wp:attachment":[{"href":"https:\/\/wptestkevin.ovh\/.Dev\/wp-json\/wp\/v2\/media?parent=7890"}],"curies":[{"name":"wp","href":"https:\/\/api.w.org\/{rel}","templated":true}]}}