{"id":7859,"date":"2025-03-25T14:17:25","date_gmt":"2025-03-25T13:17:25","guid":{"rendered":"https:\/\/wptestkevin.ovh\/.Dev\/?page_id=7859"},"modified":"2025-03-25T14:18:52","modified_gmt":"2025-03-25T13:18:52","slug":"thierry-fernandez-soler","status":"publish","type":"page","link":"https:\/\/wptestkevin.ovh\/.Dev\/thierry-fernandez-soler\/","title":{"rendered":"Thierry FERNANDEZ SOLER"},"content":{"rendered":"<p>[et_pb_section fb_built=\u00a0\u00bb1&Prime; admin_label=\u00a0\u00bbSection\u00a0\u00bb module_id=\u00a0\u00bbadelus\u00a0\u00bb _builder_version=\u00a0\u00bb4.27.4&Prime; _module_preset=\u00a0\u00bbdefault\u00a0\u00bb background_color=\u00a0\u00bb#f1f3f4&Prime; custom_margin=\u00a0\u00bb0px||0px||true|false\u00a0\u00bb custom_padding=\u00a0\u00bb0px||0px||true|false\u00a0\u00bb animation_style=\u00a0\u00bbfade\u00a0\u00bb da_popup_slug=\u00a0\u00bbadelus\u00a0\u00bb da_disable_devices=\u00a0\u00bboff|off|off\u00a0\u00bb global_colors_info=\u00a0\u00bb{}\u00a0\u00bb da_is_popup=\u00a0\u00bboff\u00a0\u00bb da_exit_intent=\u00a0\u00bboff\u00a0\u00bb da_has_close=\u00a0\u00bbon\u00a0\u00bb da_alt_close=\u00a0\u00bboff\u00a0\u00bb da_dark_close=\u00a0\u00bboff\u00a0\u00bb da_not_modal=\u00a0\u00bbon\u00a0\u00bb da_is_singular=\u00a0\u00bboff\u00a0\u00bb da_with_loader=\u00a0\u00bboff\u00a0\u00bb da_has_shadow=\u00a0\u00bbon\u00a0\u00bb][et_pb_row custom_padding_last_edited=\u00a0\u00bbon|phone\u00a0\u00bb _builder_version=\u00a0\u00bb4.27.4&Prime; _module_preset=\u00a0\u00bbdefault\u00a0\u00bb background_color=\u00a0\u00bb#FFFFFF\u00a0\u00bb width_tablet=\u00a0\u00bb\u00a0\u00bb width_phone=\u00a0\u00bb95%\u00a0\u00bb width_last_edited=\u00a0\u00bbon|phone\u00a0\u00bb custom_padding=\u00a0\u00bb|33px||33px|false|true\u00a0\u00bb custom_padding_tablet=\u00a0\u00bb\u00a0\u00bb custom_padding_phone=\u00a0\u00bb|10px||10px|false|true\u00a0\u00bb global_colors_info=\u00a0\u00bb{}\u00a0\u00bb][et_pb_column type=\u00a0\u00bb4_4&Prime; _builder_version=\u00a0\u00bb4.21.0&Prime; _module_preset=\u00a0\u00bbdefault\u00a0\u00bb global_colors_info=\u00a0\u00bb{}\u00a0\u00bb][et_pb_text _builder_version=\u00a0\u00bb4.21.0&Prime; _module_preset=\u00a0\u00bbdefault\u00a0\u00bb custom_margin=\u00a0\u00bb||10px||false|false\u00a0\u00bb global_colors_info=\u00a0\u00bb{}\u00a0\u00bb]<\/p>\n<h1 class=\"uk-article-title\">Thierry Fernandez Soler<\/h1>\n<p>[\/et_pb_text][et_pb_text _builder_version=\u00a0\u00bb4.25.2&Prime; _module_preset=\u00a0\u00bbdefault\u00a0\u00bb text_orientation=\u00a0\u00bbjustified\u00a0\u00bb global_colors_info=\u00a0\u00bb{}\u00a0\u00bb]<\/p>\n<p><img loading=\"lazy\" decoding=\"async\" src=\"http:\/\/wptestkevin.ovh\/.Dev\/wp-content\/uploads\/2024\/06\/T-Fernandez-Soler2.png\" alt=\"T Fernandez Soler2\" width=\"200\" height=\"232\" \/><\/p>\n<p>Professionnel du conseil en ing\u00e9nierie touristique et culturelle, <span style=\"color: #2271b1;\"><strong>Thierry Fernandez Soler<\/strong><\/span> a une longue carri\u00e8re dans le monde des projets et \u00e9quipements culturels. Il travaille partout en France pour des collectivit\u00e9s et des entreprises cherchant \u00e0 valoriser leurs patrimoines pour mieux affirmer leur identit\u00e9.<\/p>\n<p><span style=\"color: #2271b1;\"><strong>Thierry Fernandez Soler<\/strong><\/span> a fond\u00e9 son agence ATELIER BLEU en 1997 \u00e0 Paris et totalise aujourd\u2019hui plus de 280 missions au service d\u2019une grande diversit\u00e9 de projets et de territoires.<\/p>\n<p>Dans la plupart des missions qu\u2019il m\u00e8ne, il traite tous les aspects de la strat\u00e9gie \u00e0 la conception, de la m\u00e9diation \u00e0 la programmation, de l\u2019\u00e9conomie des sites \u00e0 l\u2019optimisation du fonctionnement des \u00e9quipements touristiques. Il int\u00e8gre l\u2019ensemble des nouvelles technologies dans la m\u00e9diation culturelle.<\/p>\n<p><span style=\"color: #2271b1;\"><strong>Thierry Fernandez Soler<\/strong><\/span> apporte aussi un \u00e9clairage pr\u00e9cis et \u00e9tay\u00e9 sur les solutions de gestion ad hoc, les financements mobilisables et les partenariats qu\u2019il est possible de monter. Il a \u00e9galement assur\u00e9 des missions de ma\u00eetrise d\u2019\u0153uvre.<\/p>\n<p><span style=\"color: #2271b1;\"><strong>Thierry Fernandez Soler<\/strong><\/span> a une grande exp\u00e9rience de la m\u00e9diation des sites culturels et touristiques, de l\u2019animation des \u00e9quipes, de l\u2019optimisation des ressources humaines. Son cr\u00e9do, chercher le point d\u2019\u00e9quilibre entre force du discours, exp\u00e9rience de visite enrichissante, ludique et vivante et mod\u00e8le \u00e9conomique viable et p\u00e9renne.<\/p>\n<p>Avant de cr\u00e9er son agence de conseil, <span style=\"color: #2271b1;\"><strong>Thierry Fernandez Soler<\/strong><\/span>\u00a0a eu un parcours op\u00e9rationnel dans le secteur priv\u00e9 au sein de grandes entreprises de services o\u00f9 il a occup\u00e9 d\u2019importantes fonctions de direction.<\/p>\n<p><span style=\"color: #2271b1;\"><strong>Thierry Fernandez Soler<\/strong><\/span> est dipl\u00f4m\u00e9 de Sup de Co Montpellier et titulaire d\u2019un master pro multimedia INA\/Sorbonne. Il intervient ponctuellement au CELSA (Master professionnel Entreprises, institutions, territoires et culture) sur la valorisation et l\u2019\u00e9conomie des patrimoines et a anim\u00e9 deux s\u00e9minaires en Alg\u00e9rie (en lien avec l\u2019universit\u00e9 Paris 8) aupr\u00e8s de jeunes architectes sur le m\u00eame th\u00e8me.<\/p>\n<p><span style=\"color: #2271b1;\"><strong>Thierry Fernandez Soler<\/strong><\/span> est administrateur et vice-pr\u00e9sident du CINOV Tourisme et Culture (syndicat national des bureaux d\u2019\u00e9tudes Tourisme-Loisirs-Culture). A ce titre il d\u00e9fend la profession sur des sujets majeurs aupr\u00e8s des pouvoirs publics (concurrence de l\u2019ing\u00e9nierie publique, l\u2019\u00e9galit\u00e9 entre femmes et hommes, le consulting au service des transitions, promotion des missions d\u2019assistance \u00e0 ma\u00eetrise d\u2019ouvrage au service des territoires et aupr\u00e8s des jeunes, etc\u2026).<\/p>\n<p>Au long de ses d\u00e9placements sur les territoires, <span style=\"color: #2271b1;\"><strong>Thierry Fernandez Soler<\/strong><\/span>\u00a0milite pour d\u00e9fendre la primaut\u00e9 de la culture dans les d\u00e9cisions politiques, rappelant que face \u00e0 la crise, face aux crises qui traversent notre soci\u00e9t\u00e9 et fracturent souvent notre vivre ensemble, la culture n\u2019est pas une douce futilit\u00e9, un luxe irresponsable, voire un gros mot\u2026elle est une n\u00e9cessit\u00e9 et il est essentiel de lutter contre les pr\u00e9jug\u00e9s de certains d\u00e9cideurs pour qui il y a toujours plus urgent, plus important, plus strat\u00e9gique, plus s\u00e9rieux. C&rsquo;est la posture permanente de tous ceux qui n&rsquo;imaginent pas que la culture soit cr\u00e9atrice de richesses tangibles et de valeurs aussi concr\u00e8tes que spirituelles. Or, plus que jamais, le vrai, le beau, le solide, l&rsquo;authentique, le futuriste, le d\u00e9cal\u00e9, le conceptuel, sont les nouvelles valeurs refuges rassurantes et p\u00e9rennes. La culture donne des rep\u00e8res. Elle est l&rsquo;alliance rare entre l&rsquo;immat\u00e9riel et le mat\u00e9riel, partout et \u00e0 toutes les \u00e9chelles.<\/p>\n<p><strong><span style=\"color: #2271b1;\">Thierry Fernandez Soler<\/span>,<\/strong> dans ses m\u00e9thodes de travail, porte cette conviction au quotidien conscient que les projets culturels doivent g\u00e9n\u00e9rer une \u00e9conomie de fonctionnement \u00e9quilibr\u00e9e. Il apporte des solutions calibr\u00e9es et concert\u00e9es pour trouver cet \u00e9quilibre. Pour valoriser au mieux les patrimoines et sites, cr\u00e9er une identit\u00e9 sp\u00e9cifique en m\u00eame temps qu\u2019innover, il cherche \u00e0 allier respect des traditions et exigences de modernit\u00e9, \u00e0 raconter une histoire pour nourrir la m\u00e9diation.<\/p>\n<p>Dans cet esprit, <span style=\"color: #2271b1;\"><strong>Thierry Fernandez Soler<\/strong><\/span>\u00a0pilote actuellement des missions importantes autour de plusieurs projets, par exemple, une Cit\u00e9 de l\u2019Agriculture et de l\u2019Alimentation \u00e0 Rouen Bois-Guillaume, la cr\u00e9ation d\u2019un \u00e9v\u00e9nement lumi\u00e8res \u00e0 Mantes la Jolie, la programmation d\u2019une Cit\u00e9 des horlogers \u00e0 Morteau, l\u2019assistance \u00e0 ma\u00eetrise d\u2019ouvrage pour l\u2019accompagnement des entreprises pour l\u2019ouverture au public (Tourisme de savoir-faire) pour le compte de la R\u00e9gion Bretagne, etc\u2026valorisant toujours des savoir-faire d\u2019excellence avec \u00e0 chaque fois un temps d\u00e9di\u00e9 pour la concertation, veillant sur l\u2019adh\u00e9sion des acteurs et des populations.<\/p>\n<p>[\/et_pb_text][\/et_pb_column][\/et_pb_row][et_pb_row column_structure=\u00a0\u00bb3_5,2_5&Prime; _builder_version=\u00a0\u00bb4.21.0&Prime; _module_preset=\u00a0\u00bbdefault\u00a0\u00bb global_colors_info=\u00a0\u00bb{}\u00a0\u00bb][et_pb_column type=\u00a0\u00bb3_5&Prime; _builder_version=\u00a0\u00bb4.21.0&Prime; _module_preset=\u00a0\u00bbdefault\u00a0\u00bb global_colors_info=\u00a0\u00bb{}\u00a0\u00bb][\/et_pb_column][et_pb_column type=\u00a0\u00bb2_5&Prime; _builder_version=\u00a0\u00bb4.21.0&Prime; _module_preset=\u00a0\u00bbdefault\u00a0\u00bb global_colors_info=\u00a0\u00bb{}\u00a0\u00bb][et_pb_text _builder_version=\u00a0\u00bb4.21.0&Prime; _module_preset=\u00a0\u00bbdefault\u00a0\u00bb text_orientation=\u00a0\u00bbcenter\u00a0\u00bb custom_padding=\u00a0\u00bb10px||10px||true|false\u00a0\u00bb border_width_all=\u00a0\u00bb1px\u00a0\u00bb border_color_all=\u00a0\u00bb#d8d8d8&Prime; global_colors_info=\u00a0\u00bb{}\u00a0\u00bb]<\/p>\n<p>[lmt-post-modified-info]<\/p>\n<p>[\/et_pb_text][\/et_pb_column][\/et_pb_row][\/et_pb_section]<\/p>\n","protected":false},"excerpt":{"rendered":"<p>Thierry Fernandez Soler Professionnel du conseil en ing\u00e9nierie touristique et culturelle, Thierry Fernandez Soler a une longue carri\u00e8re dans le monde des projets et \u00e9quipements culturels. Il travaille partout en France pour des collectivit\u00e9s et des entreprises cherchant \u00e0 valoriser leurs patrimoines pour mieux affirmer leur identit\u00e9. Thierry Fernandez Soler a fond\u00e9 son agence ATELIER [&hellip;]<\/p>\n","protected":false},"author":1,"featured_media":0,"parent":0,"menu_order":0,"comment_status":"closed","ping_status":"closed","template":"","meta":{"_et_pb_use_builder":"on","_et_pb_old_content":"","_et_gb_content_width":"","footnotes":""},"class_list":["post-7859","page","type-page","status-publish","hentry"],"_links":{"self":[{"href":"https:\/\/wptestkevin.ovh\/.Dev\/wp-json\/wp\/v2\/pages\/7859","targetHints":{"allow":["GET"]}}],"collection":[{"href":"https:\/\/wptestkevin.ovh\/.Dev\/wp-json\/wp\/v2\/pages"}],"about":[{"href":"https:\/\/wptestkevin.ovh\/.Dev\/wp-json\/wp\/v2\/types\/page"}],"author":[{"embeddable":true,"href":"https:\/\/wptestkevin.ovh\/.Dev\/wp-json\/wp\/v2\/users\/1"}],"replies":[{"embeddable":true,"href":"https:\/\/wptestkevin.ovh\/.Dev\/wp-json\/wp\/v2\/comments?post=7859"}],"version-history":[{"count":5,"href":"https:\/\/wptestkevin.ovh\/.Dev\/wp-json\/wp\/v2\/pages\/7859\/revisions"}],"predecessor-version":[{"id":7868,"href":"https:\/\/wptestkevin.ovh\/.Dev\/wp-json\/wp\/v2\/pages\/7859\/revisions\/7868"}],"wp:attachment":[{"href":"https:\/\/wptestkevin.ovh\/.Dev\/wp-json\/wp\/v2\/media?parent=7859"}],"curies":[{"name":"wp","href":"https:\/\/api.w.org\/{rel}","templated":true}]}}