{"id":7851,"date":"2025-03-25T14:10:48","date_gmt":"2025-03-25T13:10:48","guid":{"rendered":"https:\/\/wptestkevin.ovh\/.Dev\/?page_id=7851"},"modified":"2025-03-25T14:12:20","modified_gmt":"2025-03-25T13:12:20","slug":"tara-dickman","status":"publish","type":"page","link":"https:\/\/wptestkevin.ovh\/.Dev\/tara-dickman\/","title":{"rendered":"Tara DICKMAN"},"content":{"rendered":"<p>[et_pb_section fb_built=\u00a0\u00bb1&Prime; admin_label=\u00a0\u00bbSection\u00a0\u00bb module_id=\u00a0\u00bbadelus\u00a0\u00bb _builder_version=\u00a0\u00bb4.27.4&Prime; _module_preset=\u00a0\u00bbdefault\u00a0\u00bb background_color=\u00a0\u00bb#f1f3f4&Prime; custom_margin=\u00a0\u00bb0px||0px||true|false\u00a0\u00bb custom_padding=\u00a0\u00bb0px||0px||true|false\u00a0\u00bb animation_style=\u00a0\u00bbfade\u00a0\u00bb da_popup_slug=\u00a0\u00bbadelus\u00a0\u00bb da_disable_devices=\u00a0\u00bboff|off|off\u00a0\u00bb global_colors_info=\u00a0\u00bb{}\u00a0\u00bb da_is_popup=\u00a0\u00bboff\u00a0\u00bb da_exit_intent=\u00a0\u00bboff\u00a0\u00bb da_has_close=\u00a0\u00bbon\u00a0\u00bb da_alt_close=\u00a0\u00bboff\u00a0\u00bb da_dark_close=\u00a0\u00bboff\u00a0\u00bb da_not_modal=\u00a0\u00bbon\u00a0\u00bb da_is_singular=\u00a0\u00bboff\u00a0\u00bb da_with_loader=\u00a0\u00bboff\u00a0\u00bb da_has_shadow=\u00a0\u00bbon\u00a0\u00bb][et_pb_row custom_padding_last_edited=\u00a0\u00bbon|phone\u00a0\u00bb _builder_version=\u00a0\u00bb4.27.4&Prime; _module_preset=\u00a0\u00bbdefault\u00a0\u00bb background_color=\u00a0\u00bb#FFFFFF\u00a0\u00bb width_tablet=\u00a0\u00bb\u00a0\u00bb width_phone=\u00a0\u00bb95%\u00a0\u00bb width_last_edited=\u00a0\u00bbon|phone\u00a0\u00bb custom_padding=\u00a0\u00bb|33px||33px|false|true\u00a0\u00bb custom_padding_tablet=\u00a0\u00bb\u00a0\u00bb custom_padding_phone=\u00a0\u00bb|10px||10px|false|true\u00a0\u00bb global_colors_info=\u00a0\u00bb{}\u00a0\u00bb][et_pb_column type=\u00a0\u00bb4_4&Prime; _builder_version=\u00a0\u00bb4.21.0&Prime; _module_preset=\u00a0\u00bbdefault\u00a0\u00bb global_colors_info=\u00a0\u00bb{}\u00a0\u00bb][et_pb_text _builder_version=\u00a0\u00bb4.21.0&Prime; _module_preset=\u00a0\u00bbdefault\u00a0\u00bb custom_margin=\u00a0\u00bb||10px||false|false\u00a0\u00bb global_colors_info=\u00a0\u00bb{}\u00a0\u00bb]<\/p>\n<h1 class=\"uk-article-title\">Tara Dickman<\/h1>\n<p>[\/et_pb_text][et_pb_text _builder_version=\u00a0\u00bb4.25.2&Prime; _module_preset=\u00a0\u00bbdefault\u00a0\u00bb text_orientation=\u00a0\u00bbjustified\u00a0\u00bb global_colors_info=\u00a0\u00bb{}\u00a0\u00bb]<\/p>\n<div class=\"article-content\">\n<p><strong><img loading=\"lazy\" decoding=\"async\" id=\"_x0000_i1026\" src=\"http:\/\/wptestkevin.ovh\/.Dev\/wp-content\/uploads\/2024\/06\/Tara-Bio-Pic.jpg\" alt=\"\" width=\"200\" height=\"200\" \/><\/strong><\/p>\n<p style=\"text-align: justify;\"><span style=\"color: #2271b1;\"><strong>Tara Dickman<\/strong><\/span>\u00a0est formatrice, consultante et conseill\u00e8re en strat\u00e9gie sp\u00e9cialis\u00e9e sur les pratiques professionnelles non discriminantes, l\u2019application du principe de la\u00efcit\u00e9 dans le service public, et le\u00a0<em>community organizing<\/em>.<\/p>\n<p style=\"text-align: justify;\">Dipl\u00f4m\u00e9e en Communication (Universit\u00e9 Paris 8), Etudes Europ\u00e9ennes (Institut d\u2019\u00c9tudes Europ\u00e9ennes de Paris 8) et Sciences Politiques Compar\u00e9es (Universit\u00e9 de New York), <span style=\"color: #2271b1;\"><strong>Tara Dickman<\/strong><\/span><strong>\u00a0<\/strong>a commenc\u00e9 sa carri\u00e8re dans le secteur associatif. Pendant 5 ans, elle a d\u00e9velopp\u00e9 des programmes de formation sur l\u2019histoire et les enjeux contemporains de la diversit\u00e9 en France \u00e0 travers une approche pluridisciplinaire et comparative au sein de l\u2019association Humanity in Action France, co-fond\u00e9e par l\u2019historien Patrick Weil.<\/p>\n<p style=\"text-align: justify;\">En parall\u00e8le, <span style=\"color: #2271b1;\"><strong>Tara Dickman<\/strong><\/span>\u00a0d\u00e9couvre le\u00a0<em>community organizing<\/em>, discipline utilis\u00e9e dans les mouvements pour les droits civiques aux Etats-Unis. Elle y est form\u00e9e par des acteurs associatifs, avant d\u2019\u00e9tudier la discipline \u00e0 la Harvard Kennedy School quelques ann\u00e9es plus tard.<\/p>\n<p style=\"text-align: justify;\">En 2011, elle s&rsquo;engage pour la tra\u00e7abilit\u00e9 des contr\u00f4les d\u2019identit\u00e9 en co-fondant le collectif Stop le contr\u00f4le au faci\u00e8s, dont la mobilisation impose le sujet dans la campagne pr\u00e9sidentielle ; fait condamner l\u2019Etat pour faute lourde dans les contr\u00f4les d\u2019identit\u00e9 ; contribue \u00e0 mener le Comit\u00e9 des Nations Unies contre la torture \u00e0 demander \u00e0 l\u2019\u00c9tat fran\u00e7ais de recenser le nombre de morts au cours d\u2019interventions polici\u00e8res chaque ann\u00e9e ; et fait pr\u00e9senter quatre propositions de loi visant \u00e0 objectiver, quantifier et \u00e9valuer la pratiques de contr\u00f4les d\u2019identit\u00e9 en France.<\/p>\n<p style=\"text-align: justify;\">Souhaitant accompagner d\u2019autres acteurs et actrices de terrain dans leurs efforts pour l\u2019\u00e9galit\u00e9 des droits, l\u2019\u00e9galit\u00e9 des chances, la justice ou le respect de la dignit\u00e9, <span style=\"color: #2271b1;\"><strong>Tara Dickman<\/strong><\/span><strong>\u00a0<\/strong>devient ensuite formatrice, consultante et intervenante r\u00e9guli\u00e8re aupr\u00e8s d\u2019associations (Collectif Different Leaders d\u2019Article 1, Les D\u00e9termin\u00e9s, Institut des Futurs Souhaitables, European Network Against Racism\u2026), ONGs (Amnesty International,\u00a0<a href=\"http:\/\/350.org\/\">350.org<\/a>\u2026) ou encore dans l\u2019enseignement sup\u00e9rieur (Ecole des Mines, Universit\u00e9 de Strasbourg\u2026)<\/p>\n<p style=\"text-align: justify;\">Depuis 2015, <span style=\"color: #2271b1;\"><strong>Tara Dickman<\/strong><\/span><strong>\u00a0<\/strong>intervient r\u00e9guli\u00e8rement sur les pratiques non discriminantes ainsi que l\u2019application du principe de la la\u00efcit\u00e9 dans des tr\u00e8s grandes collectivit\u00e9s (Communaut\u00e9 Urbaine de Dunkerque, Seine-Saint-Denis, Eurom\u00e9tropole de Strasbourg).<\/p>\n<p style=\"text-align: justify;\">Parall\u00e8lement elle continue de former, accompagner et agir aux c\u00f4t\u00e9s de structures souhaitant d\u00e9velopper une culture et des pratiques plus inclusives, et\/ou dont la mission contribue au respect de la dignit\u00e9 humaine.<\/p>\n<\/div>\n<p>[\/et_pb_text][\/et_pb_column][\/et_pb_row][et_pb_row column_structure=\u00a0\u00bb3_5,2_5&Prime; _builder_version=\u00a0\u00bb4.21.0&Prime; _module_preset=\u00a0\u00bbdefault\u00a0\u00bb global_colors_info=\u00a0\u00bb{}\u00a0\u00bb][et_pb_column type=\u00a0\u00bb3_5&Prime; _builder_version=\u00a0\u00bb4.21.0&Prime; _module_preset=\u00a0\u00bbdefault\u00a0\u00bb global_colors_info=\u00a0\u00bb{}\u00a0\u00bb][\/et_pb_column][et_pb_column type=\u00a0\u00bb2_5&Prime; _builder_version=\u00a0\u00bb4.21.0&Prime; _module_preset=\u00a0\u00bbdefault\u00a0\u00bb global_colors_info=\u00a0\u00bb{}\u00a0\u00bb][et_pb_text _builder_version=\u00a0\u00bb4.21.0&Prime; _module_preset=\u00a0\u00bbdefault\u00a0\u00bb text_orientation=\u00a0\u00bbcenter\u00a0\u00bb custom_padding=\u00a0\u00bb10px||10px||true|false\u00a0\u00bb border_width_all=\u00a0\u00bb1px\u00a0\u00bb border_color_all=\u00a0\u00bb#d8d8d8&Prime; global_colors_info=\u00a0\u00bb{}\u00a0\u00bb]<\/p>\n<p>[lmt-post-modified-info]<\/p>\n<p>[\/et_pb_text][\/et_pb_column][\/et_pb_row][\/et_pb_section]<\/p>\n","protected":false},"excerpt":{"rendered":"<p>Tara Dickman Tara Dickman\u00a0est formatrice, consultante et conseill\u00e8re en strat\u00e9gie sp\u00e9cialis\u00e9e sur les pratiques professionnelles non discriminantes, l\u2019application du principe de la\u00efcit\u00e9 dans le service public, et le\u00a0community organizing. Dipl\u00f4m\u00e9e en Communication (Universit\u00e9 Paris 8), Etudes Europ\u00e9ennes (Institut d\u2019\u00c9tudes Europ\u00e9ennes de Paris 8) et Sciences Politiques Compar\u00e9es (Universit\u00e9 de New York), Tara Dickman\u00a0a commenc\u00e9 sa [&hellip;]<\/p>\n","protected":false},"author":1,"featured_media":0,"parent":0,"menu_order":0,"comment_status":"closed","ping_status":"closed","template":"","meta":{"_et_pb_use_builder":"on","_et_pb_old_content":"","_et_gb_content_width":"","footnotes":""},"class_list":["post-7851","page","type-page","status-publish","hentry"],"_links":{"self":[{"href":"https:\/\/wptestkevin.ovh\/.Dev\/wp-json\/wp\/v2\/pages\/7851","targetHints":{"allow":["GET"]}}],"collection":[{"href":"https:\/\/wptestkevin.ovh\/.Dev\/wp-json\/wp\/v2\/pages"}],"about":[{"href":"https:\/\/wptestkevin.ovh\/.Dev\/wp-json\/wp\/v2\/types\/page"}],"author":[{"embeddable":true,"href":"https:\/\/wptestkevin.ovh\/.Dev\/wp-json\/wp\/v2\/users\/1"}],"replies":[{"embeddable":true,"href":"https:\/\/wptestkevin.ovh\/.Dev\/wp-json\/wp\/v2\/comments?post=7851"}],"version-history":[{"count":4,"href":"https:\/\/wptestkevin.ovh\/.Dev\/wp-json\/wp\/v2\/pages\/7851\/revisions"}],"predecessor-version":[{"id":7858,"href":"https:\/\/wptestkevin.ovh\/.Dev\/wp-json\/wp\/v2\/pages\/7851\/revisions\/7858"}],"wp:attachment":[{"href":"https:\/\/wptestkevin.ovh\/.Dev\/wp-json\/wp\/v2\/media?parent=7851"}],"curies":[{"name":"wp","href":"https:\/\/api.w.org\/{rel}","templated":true}]}}