{"id":7843,"date":"2025-03-25T14:05:36","date_gmt":"2025-03-25T13:05:36","guid":{"rendered":"https:\/\/wptestkevin.ovh\/.Dev\/?page_id=7843"},"modified":"2025-03-25T14:07:03","modified_gmt":"2025-03-25T13:07:03","slug":"scott-delhaise-ramond","status":"publish","type":"page","link":"https:\/\/wptestkevin.ovh\/.Dev\/scott-delhaise-ramond\/","title":{"rendered":"Scott DELHAISE RAMOND"},"content":{"rendered":"<p>[et_pb_section fb_built=\u00a0\u00bb1&Prime; admin_label=\u00a0\u00bbSection\u00a0\u00bb module_id=\u00a0\u00bbadelus\u00a0\u00bb _builder_version=\u00a0\u00bb4.27.4&Prime; _module_preset=\u00a0\u00bbdefault\u00a0\u00bb background_color=\u00a0\u00bb#f1f3f4&Prime; custom_margin=\u00a0\u00bb0px||0px||true|false\u00a0\u00bb custom_padding=\u00a0\u00bb0px||0px||true|false\u00a0\u00bb animation_style=\u00a0\u00bbfade\u00a0\u00bb da_popup_slug=\u00a0\u00bbadelus\u00a0\u00bb da_disable_devices=\u00a0\u00bboff|off|off\u00a0\u00bb global_colors_info=\u00a0\u00bb{}\u00a0\u00bb da_is_popup=\u00a0\u00bboff\u00a0\u00bb da_exit_intent=\u00a0\u00bboff\u00a0\u00bb da_has_close=\u00a0\u00bbon\u00a0\u00bb da_alt_close=\u00a0\u00bboff\u00a0\u00bb da_dark_close=\u00a0\u00bboff\u00a0\u00bb da_not_modal=\u00a0\u00bbon\u00a0\u00bb da_is_singular=\u00a0\u00bboff\u00a0\u00bb da_with_loader=\u00a0\u00bboff\u00a0\u00bb da_has_shadow=\u00a0\u00bbon\u00a0\u00bb][et_pb_row custom_padding_last_edited=\u00a0\u00bbon|phone\u00a0\u00bb _builder_version=\u00a0\u00bb4.27.4&Prime; _module_preset=\u00a0\u00bbdefault\u00a0\u00bb background_color=\u00a0\u00bb#FFFFFF\u00a0\u00bb width_tablet=\u00a0\u00bb\u00a0\u00bb width_phone=\u00a0\u00bb95%\u00a0\u00bb width_last_edited=\u00a0\u00bbon|phone\u00a0\u00bb custom_padding=\u00a0\u00bb|33px||33px|false|true\u00a0\u00bb custom_padding_tablet=\u00a0\u00bb\u00a0\u00bb custom_padding_phone=\u00a0\u00bb|10px||10px|false|true\u00a0\u00bb global_colors_info=\u00a0\u00bb{}\u00a0\u00bb][et_pb_column type=\u00a0\u00bb4_4&Prime; _builder_version=\u00a0\u00bb4.21.0&Prime; _module_preset=\u00a0\u00bbdefault\u00a0\u00bb global_colors_info=\u00a0\u00bb{}\u00a0\u00bb][et_pb_text _builder_version=\u00a0\u00bb4.21.0&Prime; _module_preset=\u00a0\u00bbdefault\u00a0\u00bb custom_margin=\u00a0\u00bb||10px||false|false\u00a0\u00bb global_colors_info=\u00a0\u00bb{}\u00a0\u00bb]<\/p>\n<h1 class=\"uk-article-title\">Scott Delhaise Ramond<\/h1>\n<p>[\/et_pb_text][et_pb_text _builder_version=\u00a0\u00bb4.25.2&Prime; _module_preset=\u00a0\u00bbdefault\u00a0\u00bb text_orientation=\u00a0\u00bbjustified\u00a0\u00bb global_colors_info=\u00a0\u00bb{}\u00a0\u00bb]<\/p>\n<p><strong style=\"font-size: 15px;\"><img loading=\"lazy\" decoding=\"async\" src=\"http:\/\/wptestkevin.ovh\/.Dev\/wp-content\/uploads\/2024\/06\/delhaise-Ramond.jpg\" alt=\"a mongis\" width=\"200\" height=\"214\" \/><\/strong><\/p>\n<p><span style=\"color: #2271b1;\"><strong>Scott Delhaise-Ramond <\/strong><\/span> poss\u00e8de une double casquette de consultant et de formateur. Associ\u00e9 de la soci\u00e9t\u00e9 Mo\u00eb-Kan, il est Intervenant en Pr\u00e9vention des Risques Professionnels (IPRP) d\u00fbment enregistr\u00e9 aupr\u00e8s de la DREETS. \u00c0 ce titre, il se met au service des entreprises de la culture et de l\u2019\u00e9v\u00e8nement pour leur permettre d\u2019am\u00e9liorer leur pr\u00e9vention des risques professionnels.<\/p>\n<p>Avant de se consacrer exclusivement aux risques professionnels, <span style=\"color: #2271b1;\"><strong>Scott Delhaise-Ramond<\/strong><\/span>\u00a0a eu une carri\u00e8re vari\u00e9e qui lui a permis d\u2019appr\u00e9hender des comp\u00e9tences et savoir-faire multiples qui enrichissent ses pratiques actuelles.<\/p>\n<p>Dans les ann\u00e9es 1990, <span style=\"color: #2271b1;\"><strong>Scott Delhaise-Ramond<\/strong><\/span>\u00a0encha\u00eene les projets musicaux ragga, rock, jazz ou classique, \u00e0 la basse ou \u00e0 la contrebasse en parall\u00e8le d\u2019\u00e9tudes d\u2019Histoire. \u00c0 partir de 2001, tout en continuant ses aventures artistiques, il devient professeur d\u2019Histoire-G\u00e9ographie comme rempla\u00e7ant dans ce qui s\u2019appelait alors les ZEP. Ces cinq ann\u00e9es dans l\u2019enseignement lui donnent l\u2019occasion de d\u00e9velopper sa p\u00e9dagogie dans un contexte exigeant et passionnant.<\/p>\n<p>En 2006, <span style=\"color: #2271b1;\"><strong>Scott Delhaise-Ramond<\/strong><\/span>\u00a0change de voie et se met au service de l\u2019\u00e9v\u00e9nementiel et du culturel, d\u2019abord \u00e0 l\u2019<em>Acad\u00e9mie Fratellini<\/em>\u00a0puis au sein de la soci\u00e9t\u00e9\u00a0<em>Maw Men At Work<\/em>\u00a0dans laquelle il officie d\u2019abord en tant que\u00a0Responsable Planning\u00a0puis en tant que num\u00e9ro deux de cette soci\u00e9t\u00e9 qui fait travailler pr\u00e8s de 600 techniciens par an dans la France enti\u00e8re. Il se perfectionne alors dans tous les domaines du fonctionnement de l\u2019entreprise que ce soit au niveau strat\u00e9gique, tactique ou bien op\u00e9rationnel (orientations de l&rsquo;entreprise et ses objectifs, mise en \u0153uvre de ses objectifs et activit\u00e9 quotidienne). Dans le cadre de ces missions, il commence \u00e0 s\u2019int\u00e9resser au domaine de la sant\u00e9 et la s\u00e9curit\u00e9 au travail, ayant \u00e0 c\u0153ur de prot\u00e9ger celle des travailleurs de l\u2019entreprise.<\/p>\n<p>2014 est une ann\u00e9e charni\u00e8re. Tout d\u2019abord <span style=\"color: #2271b1;\"><strong>Scott Delhaise-Ramond<\/strong><\/span>\u00a0cr\u00e9e, avec\u00a0<em>Philippe CUVELETTE<\/em>, la soci\u00e9t\u00e9 Mo\u00eb-Kan ( <a href=\"http:\/\/www.moe-kan.fr\/\">www.moe-kan.fr<\/a> ),\u00a0l\u2019interlocuteur unique Conseil, Accompagnement, Pilotage de la S\u00e9curit\u00e9 et des Ressources Humaine. Il obtient dans le m\u00eame temps un titre II\u00a0Responsable en Gestion\u00a0\u00e0 l\u2019IGS Paris\u00a0(Actuellement Niveau 6). Il s\u2019agit ainsi pour lui de sanctionner, par un dipl\u00f4me reconnu, toutes les comp\u00e9tences acquises empiriquement depuis 2006. D\u00e9sireux d\u2019\u00e9tendre ses champs d\u2019actions, il quitte cette m\u00eame ann\u00e9e l\u2019\u00e9v\u00e9nementiel pour entrer dans le domaine de l\u2019H\u00f4tellerie-Restauration et relever le d\u00e9fi de participer au sauvetage \u00e9conomique d\u2019une structure en difficult\u00e9.<\/p>\n<p>Cette mission achev\u00e9e, il remplit ensuite une fonction de Responsable Administratif dans une soci\u00e9t\u00e9 de marketing et de communication, tout en poursuivant ses interventions au sein de sa soci\u00e9t\u00e9. <span style=\"color: #2271b1;\"><strong>Scott Delhaise-Ramond<\/strong><\/span>\u00a0d\u00e9cide alors de se sp\u00e9cialiser en sant\u00e9 et s\u00e9curit\u00e9 au travail et se forme aupr\u00e8s de l\u2019INRS. Il ajoute rapidement la corde de l\u2019intervention p\u00e9dagogique \u00e0 son arc.<\/p>\n<p>En 2020, <span style=\"color: #2271b1;\"><strong>Scott Delhaise-Ramond<\/strong><\/span>\u00a0suit au\u00a0CNPP\u00a0le cycle technique sant\u00e9 et s\u00e9curit\u00e9 au travail et obtient le\u00a0Certificat Technique Sant\u00e9 et S\u00e9curit\u00e9 au Travail, puis il poursuit en 2022 avec le cycle technique incendie et obtient le\u00a0Certificat Technique Incendie.<\/p>\n<p>En 2024, il obtient son SSIAP 3 \u2013 Service de S\u00e9curit\u00e9 Incendie \u2013 Assistance \u00e0 Personnes 3\u00e8me degr\u00e9.<\/p>\n<p>Comme formateur, il anime des formations sur la sant\u00e9 et la s\u00e9curit\u00e9 au travail et la r\u00e9glementation incendie avec passion et enthousiasme. Il est d\u2019ailleurs d\u00e9tenteur du\u00a0Certificat EvRP-SDC niveau 2\u00a0(Formateur\u00a0EvRP-SDC) &#8211; Devenir formateur \u00e0 l&rsquo;\u00e9valuation des risques professionnels et \u00e0 la mission de salari\u00e9 d\u00e9sign\u00e9 comp\u00e9tent d\u00e9livr\u00e9 par l\u2019INRS et du certificat Formateur PRAP 2S<em>.<\/em> \u00c0 l\u2019AGECIF, il intervient sur la formation obligatoire en Sant\u00e9, S\u00e9curit\u00e9 et Conditions de travail des membres du\u00a0CSE, formation qu\u2019il a con\u00e7u \u00e0 la demande de l\u2019AGECIF.<\/p>\n<p>[\/et_pb_text][\/et_pb_column][\/et_pb_row][et_pb_row column_structure=\u00a0\u00bb3_5,2_5&Prime; _builder_version=\u00a0\u00bb4.21.0&Prime; _module_preset=\u00a0\u00bbdefault\u00a0\u00bb global_colors_info=\u00a0\u00bb{}\u00a0\u00bb][et_pb_column type=\u00a0\u00bb3_5&Prime; _builder_version=\u00a0\u00bb4.21.0&Prime; _module_preset=\u00a0\u00bbdefault\u00a0\u00bb global_colors_info=\u00a0\u00bb{}\u00a0\u00bb][\/et_pb_column][et_pb_column type=\u00a0\u00bb2_5&Prime; _builder_version=\u00a0\u00bb4.21.0&Prime; _module_preset=\u00a0\u00bbdefault\u00a0\u00bb global_colors_info=\u00a0\u00bb{}\u00a0\u00bb][et_pb_text _builder_version=\u00a0\u00bb4.21.0&Prime; _module_preset=\u00a0\u00bbdefault\u00a0\u00bb text_orientation=\u00a0\u00bbcenter\u00a0\u00bb custom_padding=\u00a0\u00bb10px||10px||true|false\u00a0\u00bb border_width_all=\u00a0\u00bb1px\u00a0\u00bb border_color_all=\u00a0\u00bb#d8d8d8&Prime; global_colors_info=\u00a0\u00bb{}\u00a0\u00bb]<\/p>\n<p>[lmt-post-modified-info]<\/p>\n<p>[\/et_pb_text][\/et_pb_column][\/et_pb_row][\/et_pb_section]<\/p>\n","protected":false},"excerpt":{"rendered":"<p>Scott Delhaise Ramond Scott Delhaise-Ramond poss\u00e8de une double casquette de consultant et de formateur. Associ\u00e9 de la soci\u00e9t\u00e9 Mo\u00eb-Kan, il est Intervenant en Pr\u00e9vention des Risques Professionnels (IPRP) d\u00fbment enregistr\u00e9 aupr\u00e8s de la DREETS. \u00c0 ce titre, il se met au service des entreprises de la culture et de l\u2019\u00e9v\u00e8nement pour leur permettre d\u2019am\u00e9liorer leur [&hellip;]<\/p>\n","protected":false},"author":1,"featured_media":0,"parent":0,"menu_order":0,"comment_status":"closed","ping_status":"closed","template":"","meta":{"_et_pb_use_builder":"on","_et_pb_old_content":"","_et_gb_content_width":"","footnotes":""},"class_list":["post-7843","page","type-page","status-publish","hentry"],"_links":{"self":[{"href":"https:\/\/wptestkevin.ovh\/.Dev\/wp-json\/wp\/v2\/pages\/7843","targetHints":{"allow":["GET"]}}],"collection":[{"href":"https:\/\/wptestkevin.ovh\/.Dev\/wp-json\/wp\/v2\/pages"}],"about":[{"href":"https:\/\/wptestkevin.ovh\/.Dev\/wp-json\/wp\/v2\/types\/page"}],"author":[{"embeddable":true,"href":"https:\/\/wptestkevin.ovh\/.Dev\/wp-json\/wp\/v2\/users\/1"}],"replies":[{"embeddable":true,"href":"https:\/\/wptestkevin.ovh\/.Dev\/wp-json\/wp\/v2\/comments?post=7843"}],"version-history":[{"count":4,"href":"https:\/\/wptestkevin.ovh\/.Dev\/wp-json\/wp\/v2\/pages\/7843\/revisions"}],"predecessor-version":[{"id":7850,"href":"https:\/\/wptestkevin.ovh\/.Dev\/wp-json\/wp\/v2\/pages\/7843\/revisions\/7850"}],"wp:attachment":[{"href":"https:\/\/wptestkevin.ovh\/.Dev\/wp-json\/wp\/v2\/media?parent=7843"}],"curies":[{"name":"wp","href":"https:\/\/api.w.org\/{rel}","templated":true}]}}