{"id":7835,"date":"2025-03-25T14:01:32","date_gmt":"2025-03-25T13:01:32","guid":{"rendered":"https:\/\/wptestkevin.ovh\/.Dev\/?page_id=7835"},"modified":"2025-03-25T14:03:10","modified_gmt":"2025-03-25T13:03:10","slug":"charlene-deduffeleer","status":"publish","type":"page","link":"https:\/\/wptestkevin.ovh\/.Dev\/charlene-deduffeleer\/","title":{"rendered":"Charl\u00e8ne DEDUFFELEER"},"content":{"rendered":"<p>[et_pb_section fb_built=\u00a0\u00bb1&Prime; admin_label=\u00a0\u00bbSection\u00a0\u00bb module_id=\u00a0\u00bbadelus\u00a0\u00bb _builder_version=\u00a0\u00bb4.27.4&Prime; _module_preset=\u00a0\u00bbdefault\u00a0\u00bb background_color=\u00a0\u00bb#f1f3f4&Prime; custom_margin=\u00a0\u00bb0px||0px||true|false\u00a0\u00bb custom_padding=\u00a0\u00bb0px||0px||true|false\u00a0\u00bb animation_style=\u00a0\u00bbfade\u00a0\u00bb da_popup_slug=\u00a0\u00bbadelus\u00a0\u00bb da_disable_devices=\u00a0\u00bboff|off|off\u00a0\u00bb global_colors_info=\u00a0\u00bb{}\u00a0\u00bb da_is_popup=\u00a0\u00bboff\u00a0\u00bb da_exit_intent=\u00a0\u00bboff\u00a0\u00bb da_has_close=\u00a0\u00bbon\u00a0\u00bb da_alt_close=\u00a0\u00bboff\u00a0\u00bb da_dark_close=\u00a0\u00bboff\u00a0\u00bb da_not_modal=\u00a0\u00bbon\u00a0\u00bb da_is_singular=\u00a0\u00bboff\u00a0\u00bb da_with_loader=\u00a0\u00bboff\u00a0\u00bb da_has_shadow=\u00a0\u00bbon\u00a0\u00bb][et_pb_row custom_padding_last_edited=\u00a0\u00bbon|phone\u00a0\u00bb _builder_version=\u00a0\u00bb4.27.4&Prime; _module_preset=\u00a0\u00bbdefault\u00a0\u00bb background_color=\u00a0\u00bb#FFFFFF\u00a0\u00bb width_tablet=\u00a0\u00bb\u00a0\u00bb width_phone=\u00a0\u00bb95%\u00a0\u00bb width_last_edited=\u00a0\u00bbon|phone\u00a0\u00bb custom_padding=\u00a0\u00bb|33px||33px|false|true\u00a0\u00bb custom_padding_tablet=\u00a0\u00bb\u00a0\u00bb custom_padding_phone=\u00a0\u00bb|10px||10px|false|true\u00a0\u00bb global_colors_info=\u00a0\u00bb{}\u00a0\u00bb][et_pb_column type=\u00a0\u00bb4_4&Prime; _builder_version=\u00a0\u00bb4.21.0&Prime; _module_preset=\u00a0\u00bbdefault\u00a0\u00bb global_colors_info=\u00a0\u00bb{}\u00a0\u00bb][et_pb_text _builder_version=\u00a0\u00bb4.21.0&Prime; _module_preset=\u00a0\u00bbdefault\u00a0\u00bb custom_margin=\u00a0\u00bb||10px||false|false\u00a0\u00bb global_colors_info=\u00a0\u00bb{}\u00a0\u00bb]<\/p>\n<h1 class=\"uk-article-title\">Charl\u00e8ne DEDUFFELEER<\/h1>\n<p>[\/et_pb_text][et_pb_text _builder_version=\u00a0\u00bb4.25.2&Prime; _module_preset=\u00a0\u00bbdefault\u00a0\u00bb text_orientation=\u00a0\u00bbjustified\u00a0\u00bb global_colors_info=\u00a0\u00bb{}\u00a0\u00bb]<\/p>\n<p><img loading=\"lazy\" decoding=\"async\" src=\"http:\/\/wptestkevin.ovh\/.Dev\/wp-content\/uploads\/2025\/03\/Charlene-Deduffeler-Gd.png\" width=\"200\" height=\"233\" \/><\/p>\n<p style=\"text-align: justify;\">Titulaire d\u2019une Licence en Histoire et Administration ainsi que d\u2019une Licence Professionnelle en Gestion des Associations, <strong><span style=\"color: #2271b1;\">Charl\u00e8ne DEDUFFELEER<\/span><\/strong> a su allier sa passion pour la culture et ses comp\u00e9tences en administration et production tout au long de son parcours professionnel.<\/p>\n<p style=\"text-align: justify;\">C\u2019est en 2013, que Charl\u00e8ne r\u00e9alise que les artistes, bien que poss\u00e9dant de solides connaissances artistiques, \u00e9taient n\u00e9anmoins d\u00e9pourvus des connaissances administratives \u00e9l\u00e9mentaires requises pour mener \u00e0 bien leurs projets. C\u2019est \u00e0 ce moment qu\u2019elle d\u00e9cide de partager ses comp\u00e9tences afin de cr\u00e9er la colonne vert\u00e9brale n\u00e9cessaire \u00e0 leur bon d\u00e9roulement.<\/p>\n<p style=\"text-align: justify;\">Depuis 2014, Charl\u00e8ne occupe des fonctions d\u2019administratrice de production aupr\u00e8s de diverses compagnies de th\u00e9\u00e2tre, ainsi que de consultante pour des projets culturels vari\u00e9s. Son parcours, alliant travail au sein d\u2019associations et de soci\u00e9t\u00e9s, lui a permis de d\u00e9velopper une expertise compl\u00e8te en gestion de projets culturels, adapt\u00e9e \u00e0 diff\u00e9rents types de structures.<\/p>\n<p style=\"text-align: justify;\">Ses exp\u00e9riences aupr\u00e8s d\u2019une compagnie de rue, d\u2019une compagnie valorisant le Matrimoine litt\u00e9raire, d\u2019une compagnie d\u2019improvisation th\u00e9\u00e2trale, d\u2019un th\u00e9\u00e2tre avignonnais ainsi que d\u2019une radio sp\u00e9cialis\u00e9e dans la musique de film et d\u2019une soci\u00e9t\u00e9 de production d\u2019\u00e9v\u00e9nements culturels autour de la BD, lui ont offert une ouverture sur des secteurs culturels divers et vari\u00e9s et une vision globale des enjeux propres \u00e0 chacun de ces secteurs. En s\u2019adaptant aux besoins et aux r\u00e9alit\u00e9s de chaque structure, Charl\u00e8ne leur assure professionnalisme, structuration et autonomie.<\/p>\n<p style=\"text-align: justify;\">Forte de sa rencontre avec Anne Roussel, c\u2019est donc tout naturellement qu\u2019elle se tourne vers la formation afin de partager les connaissances et les m\u00e9thodes qu\u2019elle a acquises.<\/p>\n<p>[\/et_pb_text][\/et_pb_column][\/et_pb_row][et_pb_row column_structure=\u00a0\u00bb3_5,2_5&Prime; _builder_version=\u00a0\u00bb4.21.0&Prime; _module_preset=\u00a0\u00bbdefault\u00a0\u00bb global_colors_info=\u00a0\u00bb{}\u00a0\u00bb][et_pb_column type=\u00a0\u00bb3_5&Prime; _builder_version=\u00a0\u00bb4.21.0&Prime; _module_preset=\u00a0\u00bbdefault\u00a0\u00bb global_colors_info=\u00a0\u00bb{}\u00a0\u00bb][\/et_pb_column][et_pb_column type=\u00a0\u00bb2_5&Prime; _builder_version=\u00a0\u00bb4.21.0&Prime; _module_preset=\u00a0\u00bbdefault\u00a0\u00bb global_colors_info=\u00a0\u00bb{}\u00a0\u00bb][et_pb_text _builder_version=\u00a0\u00bb4.21.0&Prime; _module_preset=\u00a0\u00bbdefault\u00a0\u00bb text_orientation=\u00a0\u00bbcenter\u00a0\u00bb custom_padding=\u00a0\u00bb10px||10px||true|false\u00a0\u00bb border_width_all=\u00a0\u00bb1px\u00a0\u00bb border_color_all=\u00a0\u00bb#d8d8d8&Prime; global_colors_info=\u00a0\u00bb{}\u00a0\u00bb]<\/p>\n<p>[lmt-post-modified-info]<\/p>\n<p>[\/et_pb_text][\/et_pb_column][\/et_pb_row][\/et_pb_section]<\/p>\n","protected":false},"excerpt":{"rendered":"<p>Charl\u00e8ne DEDUFFELEER Titulaire d\u2019une Licence en Histoire et Administration ainsi que d\u2019une Licence Professionnelle en Gestion des Associations, Charl\u00e8ne DEDUFFELEER a su allier sa passion pour la culture et ses comp\u00e9tences en administration et production tout au long de son parcours professionnel. C\u2019est en 2013, que Charl\u00e8ne r\u00e9alise que les artistes, bien que poss\u00e9dant de [&hellip;]<\/p>\n","protected":false},"author":1,"featured_media":0,"parent":0,"menu_order":0,"comment_status":"closed","ping_status":"closed","template":"","meta":{"_et_pb_use_builder":"on","_et_pb_old_content":"","_et_gb_content_width":"","footnotes":""},"class_list":["post-7835","page","type-page","status-publish","hentry"],"_links":{"self":[{"href":"https:\/\/wptestkevin.ovh\/.Dev\/wp-json\/wp\/v2\/pages\/7835","targetHints":{"allow":["GET"]}}],"collection":[{"href":"https:\/\/wptestkevin.ovh\/.Dev\/wp-json\/wp\/v2\/pages"}],"about":[{"href":"https:\/\/wptestkevin.ovh\/.Dev\/wp-json\/wp\/v2\/types\/page"}],"author":[{"embeddable":true,"href":"https:\/\/wptestkevin.ovh\/.Dev\/wp-json\/wp\/v2\/users\/1"}],"replies":[{"embeddable":true,"href":"https:\/\/wptestkevin.ovh\/.Dev\/wp-json\/wp\/v2\/comments?post=7835"}],"version-history":[{"count":4,"href":"https:\/\/wptestkevin.ovh\/.Dev\/wp-json\/wp\/v2\/pages\/7835\/revisions"}],"predecessor-version":[{"id":7842,"href":"https:\/\/wptestkevin.ovh\/.Dev\/wp-json\/wp\/v2\/pages\/7835\/revisions\/7842"}],"wp:attachment":[{"href":"https:\/\/wptestkevin.ovh\/.Dev\/wp-json\/wp\/v2\/media?parent=7835"}],"curies":[{"name":"wp","href":"https:\/\/api.w.org\/{rel}","templated":true}]}}