{"id":7808,"date":"2025-03-25T10:49:09","date_gmt":"2025-03-25T09:49:09","guid":{"rendered":"https:\/\/wptestkevin.ovh\/.Dev\/?page_id=7808"},"modified":"2025-03-25T10:51:41","modified_gmt":"2025-03-25T09:51:41","slug":"marie-josephe-dargent","status":"publish","type":"page","link":"https:\/\/wptestkevin.ovh\/.Dev\/marie-josephe-dargent\/","title":{"rendered":"Marie-Jos\u00e8phe DARGENT"},"content":{"rendered":"<p>[et_pb_section fb_built=\u00a0\u00bb1&Prime; admin_label=\u00a0\u00bbSection\u00a0\u00bb module_id=\u00a0\u00bbadelus\u00a0\u00bb _builder_version=\u00a0\u00bb4.27.4&Prime; _module_preset=\u00a0\u00bbdefault\u00a0\u00bb background_color=\u00a0\u00bb#f1f3f4&Prime; custom_margin=\u00a0\u00bb0px||0px||true|false\u00a0\u00bb custom_padding=\u00a0\u00bb0px||0px||true|false\u00a0\u00bb hover_enabled=\u00a0\u00bb0&Prime; da_popup_slug=\u00a0\u00bbadelus\u00a0\u00bb da_disable_devices=\u00a0\u00bboff|off|off\u00a0\u00bb global_colors_info=\u00a0\u00bb{}\u00a0\u00bb animation_style=\u00a0\u00bbfade\u00a0\u00bb sticky_enabled=\u00a0\u00bb0&Prime; da_is_popup=\u00a0\u00bboff\u00a0\u00bb da_exit_intent=\u00a0\u00bboff\u00a0\u00bb da_has_close=\u00a0\u00bbon\u00a0\u00bb da_alt_close=\u00a0\u00bboff\u00a0\u00bb da_dark_close=\u00a0\u00bboff\u00a0\u00bb da_not_modal=\u00a0\u00bbon\u00a0\u00bb da_is_singular=\u00a0\u00bboff\u00a0\u00bb da_with_loader=\u00a0\u00bboff\u00a0\u00bb da_has_shadow=\u00a0\u00bbon\u00a0\u00bb][et_pb_row custom_padding_last_edited=\u00a0\u00bbon|phone\u00a0\u00bb _builder_version=\u00a0\u00bb4.27.4&Prime; _module_preset=\u00a0\u00bbdefault\u00a0\u00bb background_color=\u00a0\u00bb#FFFFFF\u00a0\u00bb width_tablet=\u00a0\u00bb\u00a0\u00bb width_phone=\u00a0\u00bb95%\u00a0\u00bb width_last_edited=\u00a0\u00bbon|phone\u00a0\u00bb custom_padding=\u00a0\u00bb|33px||33px|false|true\u00a0\u00bb custom_padding_tablet=\u00a0\u00bb\u00a0\u00bb custom_padding_phone=\u00a0\u00bb|10px||10px|false|true\u00a0\u00bb global_colors_info=\u00a0\u00bb{}\u00a0\u00bb][et_pb_column type=\u00a0\u00bb4_4&Prime; _builder_version=\u00a0\u00bb4.21.0&Prime; _module_preset=\u00a0\u00bbdefault\u00a0\u00bb global_colors_info=\u00a0\u00bb{}\u00a0\u00bb][et_pb_text _builder_version=\u00a0\u00bb4.21.0&Prime; _module_preset=\u00a0\u00bbdefault\u00a0\u00bb custom_margin=\u00a0\u00bb||10px||false|false\u00a0\u00bb global_colors_info=\u00a0\u00bb{}\u00a0\u00bb]<\/p>\n<h1 class=\"uk-article-title\">Marie-Jos\u00e8phe Dargent<\/h1>\n<p>[\/et_pb_text][et_pb_text _builder_version=\u00a0\u00bb4.25.2&Prime; _module_preset=\u00a0\u00bbdefault\u00a0\u00bb text_orientation=\u00a0\u00bbjustified\u00a0\u00bb global_colors_info=\u00a0\u00bb{}\u00a0\u00bb]<\/p>\n<p><img decoding=\"async\" src=\"http:\/\/wptestkevin.ovh\/.Dev\/wp-content\/uploads\/2024\/06\/mj-dargent.jpg\" alt=\"mj-dargent\" \/><\/p>\n<p>Apr\u00e8s un bac litt\u00e9raire artistique (A7) au lyc\u00e9e Corneille de Rouen, <span style=\"color: #2271b1;\"><strong>Marie-Jos\u00e8phe\u00a0<\/strong><\/span><span style=\"color: #2271b1;\"><span style=\"caret-color: #2271b1;\"><b>Dargent<\/b><\/span><\/span>\u00a0\u00e9tudie la litt\u00e9rature compar\u00e9e \u00e0 la Columbia University de New York puis, le droit \u00e0 l&rsquo;Universit\u00e9 de Rouen.<\/p>\n<p>Le parcours de cette passionn\u00e9e d&rsquo;art \u2013 en particulier celui du XVIII\u00e8me si\u00e8cle &#8211; et de litt\u00e9rature est atypique. C&rsquo;est tout d&rsquo;abord pour le compte de compagnies p\u00e9troli\u00e8res (au Moyen Orient, en Am\u00e9rique du Nord, au Maghreb, Afrique de l&rsquo;Ouest et Europe du Nord) que <span style=\"color: #2271b1;\"><strong>Marie-Jos\u00e8phe\u00a0<\/strong><\/span><span style=\"color: #2271b1;\"><span style=\"caret-color: #2271b1;\"><b>Dargent<\/b><\/span><\/span>\u00a0\u00a0d\u00e9veloppe une activit\u00e9 d&rsquo;ing\u00e9nierie de formation ainsi que de solides comp\u00e9tences en relations humaines et n\u00e9gociation.<\/p>\n<p><span style=\"color: #2271b1;\"><strong>Marie-Jos\u00e8phe\u00a0<\/strong><\/span><span style=\"color: #2271b1;\"><span style=\"caret-color: #2271b1;\"><b>Dargent<\/b><\/span><\/span>\u00a0participe \u00e0 la cr\u00e9ation et la mise en \u0153uvre de l\u2019IFI (Institut de Formation Internationale). Elle d\u00e9veloppe les relations avec des instituts de formation partenaires, britanniques, scandinaves et nord am\u00e9ricains.<\/p>\n<p>Cette premi\u00e8re approche la conduit naturellement \u00e0 partir des ann\u00e9es 1990 vers la gestion humaine des ressources et le management. En 1997, <span style=\"color: #2271b1;\"><strong>Marie-Jos\u00e8phe\u00a0<\/strong><\/span><span style=\"color: #2271b1;\"><span style=\"caret-color: #2271b1;\"><b>Dargent<\/b><\/span><\/span>\u00a0se forme alors au d\u00e9veloppement personnel, \u00e0 l&rsquo;analyse transactionnelle \u00e0 l\u2019<em>Ecole d&rsquo;analyse transactionnelle de Paris<\/em> et \u00e0 la <em>Process communication<\/em> en 2005 \u00e0 Ta\u00eebi Khaler.<\/p>\n<p>De 2007 \u00e0 aujourd&rsquo;hui, <span style=\"color: #2271b1;\"><strong>Marie-Jos\u00e8phe\u00a0<\/strong><\/span><span style=\"color: #2271b1;\"><span style=\"caret-color: #2271b1;\"><b>Dargent<\/b><\/span><\/span>\u00a0se forme r\u00e9guli\u00e8rement aux techniques de coaching. Elle acquiert des comp\u00e9tences en Analyse Transactionnelle en organisations, avec le cabinet ATORG. Elle pr\u00e9pare une certification (CTA) en Analyse Transactionnelle.<\/p>\n<p>Consultante, formateur et coach en management et techniques comportementales, elle intervient dans tous types d&rsquo;organisations publiques ou priv\u00e9es.<\/p>\n<p>Depuis 2000, \u00e0 l&rsquo;AGECIF, <span style=\"color: #2271b1;\"><strong>Marie-Jos\u00e8phe\u00a0<\/strong><\/span><span style=\"color: #2271b1;\"><span style=\"caret-color: #2271b1;\"><b>Dargent<\/b><\/span><\/span>\u00a0anime des formations en Inter ou en Intra traitant de th\u00e9matiques telles que l&rsquo;organisation du travail et la gestion du temps, l&rsquo;animation des \u00e9quipes, la n\u00e9gociation :<\/p>\n<p>&#8211; Organiser son travail et g\u00e9rer son temps<br \/>&#8211; Le bien-\u00eatre au travail<br \/>&#8211; Piloter une \u00e9quipe op\u00e9rationnelle<br \/>&#8211; La n\u00e9gociation au quotidien<br \/>&#8211; La gestion des conflits<br \/>&#8211; Encadrer et manager des b\u00e9n\u00e9voles<br \/>&#8211; R\u00e9diger et pr\u00e9senter le pitch de son projet<br \/>&#8211; Piloter un projet<br \/>&#8211; D\u00e9velopper les ventes<\/p>\n<p>Ses chemins croisent de grandes institutions, comme Le Palais de Tokyo, Le Th\u00e9\u00e2tre des Champs-Elys\u00e9es, L\u2019Op\u00e9ra de Lyon, L\u2019Op\u00e9ra de Rouen, La Philharmonie, Le Centre Georges Pompidou, Le Th\u00e9\u00e2tre national de Chaillot, Le Th\u00e9\u00e2tre national de l\u2019Od\u00e9on et de nombreuses autres comme les sc\u00e8nes nationales, les CDN, CDR et les compagnies et ensembles.<\/p>\n<p>D\u2019autre part, <span style=\"color: #2271b1;\"><strong>Marie-Jos\u00e8phe\u00a0<\/strong><\/span><span style=\"color: #2271b1;\"><span style=\"caret-color: #2271b1;\"><b>Dargent<\/b><\/span><\/span> est pr\u00e9sidente d\u2019une association de d\u00e9fense du patrimoine \u00e0 Dieppe.<\/p>\n<p>Depuis 24 ans que <span style=\"color: #2271b1;\"><strong>Marie-Jos\u00e8phe\u00a0<\/strong><\/span><span style=\"color: #2271b1;\"><span style=\"caret-color: #2271b1;\"><b>Dargent<\/b><\/span><\/span>\u00a0intervient \u00e0 l\u2019AGECIF, elle a d\u00fb animer environ 800 \u00e0 1 000 jours de formation pour plus de 2 500 stagiaires du secteur.<\/p>\n<p>Sa devise : \u00ab L&rsquo;Homme est au c\u0153ur de l&rsquo;organisation \u00bb.<\/p>\n<p>[\/et_pb_text][\/et_pb_column][\/et_pb_row][et_pb_row column_structure=\u00a0\u00bb3_5,2_5&Prime; _builder_version=\u00a0\u00bb4.21.0&Prime; _module_preset=\u00a0\u00bbdefault\u00a0\u00bb global_colors_info=\u00a0\u00bb{}\u00a0\u00bb][et_pb_column type=\u00a0\u00bb3_5&Prime; _builder_version=\u00a0\u00bb4.21.0&Prime; _module_preset=\u00a0\u00bbdefault\u00a0\u00bb global_colors_info=\u00a0\u00bb{}\u00a0\u00bb][\/et_pb_column][et_pb_column type=\u00a0\u00bb2_5&Prime; _builder_version=\u00a0\u00bb4.21.0&Prime; _module_preset=\u00a0\u00bbdefault\u00a0\u00bb global_colors_info=\u00a0\u00bb{}\u00a0\u00bb][et_pb_text _builder_version=\u00a0\u00bb4.21.0&Prime; _module_preset=\u00a0\u00bbdefault\u00a0\u00bb text_orientation=\u00a0\u00bbcenter\u00a0\u00bb custom_padding=\u00a0\u00bb10px||10px||true|false\u00a0\u00bb border_width_all=\u00a0\u00bb1px\u00a0\u00bb border_color_all=\u00a0\u00bb#d8d8d8&Prime; global_colors_info=\u00a0\u00bb{}\u00a0\u00bb]<\/p>\n<p>[lmt-post-modified-info]<\/p>\n<p>[\/et_pb_text][\/et_pb_column][\/et_pb_row][\/et_pb_section]<\/p>\n","protected":false},"excerpt":{"rendered":"<p>Marie-Jos\u00e8phe Dargent Apr\u00e8s un bac litt\u00e9raire artistique (A7) au lyc\u00e9e Corneille de Rouen, Marie-Jos\u00e8phe\u00a0Dargent\u00a0\u00e9tudie la litt\u00e9rature compar\u00e9e \u00e0 la Columbia University de New York puis, le droit \u00e0 l&rsquo;Universit\u00e9 de Rouen. Le parcours de cette passionn\u00e9e d&rsquo;art \u2013 en particulier celui du XVIII\u00e8me si\u00e8cle &#8211; et de litt\u00e9rature est atypique. C&rsquo;est tout d&rsquo;abord pour le [&hellip;]<\/p>\n","protected":false},"author":1,"featured_media":0,"parent":0,"menu_order":0,"comment_status":"closed","ping_status":"closed","template":"","meta":{"_et_pb_use_builder":"on","_et_pb_old_content":"","_et_gb_content_width":"","footnotes":""},"class_list":["post-7808","page","type-page","status-publish","hentry"],"_links":{"self":[{"href":"https:\/\/wptestkevin.ovh\/.Dev\/wp-json\/wp\/v2\/pages\/7808","targetHints":{"allow":["GET"]}}],"collection":[{"href":"https:\/\/wptestkevin.ovh\/.Dev\/wp-json\/wp\/v2\/pages"}],"about":[{"href":"https:\/\/wptestkevin.ovh\/.Dev\/wp-json\/wp\/v2\/types\/page"}],"author":[{"embeddable":true,"href":"https:\/\/wptestkevin.ovh\/.Dev\/wp-json\/wp\/v2\/users\/1"}],"replies":[{"embeddable":true,"href":"https:\/\/wptestkevin.ovh\/.Dev\/wp-json\/wp\/v2\/comments?post=7808"}],"version-history":[{"count":5,"href":"https:\/\/wptestkevin.ovh\/.Dev\/wp-json\/wp\/v2\/pages\/7808\/revisions"}],"predecessor-version":[{"id":7816,"href":"https:\/\/wptestkevin.ovh\/.Dev\/wp-json\/wp\/v2\/pages\/7808\/revisions\/7816"}],"wp:attachment":[{"href":"https:\/\/wptestkevin.ovh\/.Dev\/wp-json\/wp\/v2\/media?parent=7808"}],"curies":[{"name":"wp","href":"https:\/\/api.w.org\/{rel}","templated":true}]}}