{"id":7799,"date":"2025-03-25T10:24:42","date_gmt":"2025-03-25T09:24:42","guid":{"rendered":"https:\/\/wptestkevin.ovh\/.Dev\/?page_id=7799"},"modified":"2025-03-25T10:28:09","modified_gmt":"2025-03-25T09:28:09","slug":"philippe-cuvellette","status":"publish","type":"page","link":"https:\/\/wptestkevin.ovh\/.Dev\/philippe-cuvellette\/","title":{"rendered":"Philippe CUVELLETTE"},"content":{"rendered":"<p>[et_pb_section fb_built=\u00a0\u00bb1&Prime; admin_label=\u00a0\u00bbSection\u00a0\u00bb module_id=\u00a0\u00bbadelus\u00a0\u00bb _builder_version=\u00a0\u00bb4.27.4&Prime; _module_preset=\u00a0\u00bbdefault\u00a0\u00bb background_color=\u00a0\u00bb#f1f3f4&Prime; custom_margin=\u00a0\u00bb0px||0px||true|false\u00a0\u00bb custom_padding=\u00a0\u00bb0px||0px||true|false\u00a0\u00bb animation_style=\u00a0\u00bbfade\u00a0\u00bb da_popup_slug=\u00a0\u00bbadelus\u00a0\u00bb da_disable_devices=\u00a0\u00bboff|off|off\u00a0\u00bb global_colors_info=\u00a0\u00bb{}\u00a0\u00bb da_is_popup=\u00a0\u00bboff\u00a0\u00bb da_exit_intent=\u00a0\u00bboff\u00a0\u00bb da_has_close=\u00a0\u00bbon\u00a0\u00bb da_alt_close=\u00a0\u00bboff\u00a0\u00bb da_dark_close=\u00a0\u00bboff\u00a0\u00bb da_not_modal=\u00a0\u00bbon\u00a0\u00bb da_is_singular=\u00a0\u00bboff\u00a0\u00bb da_with_loader=\u00a0\u00bboff\u00a0\u00bb da_has_shadow=\u00a0\u00bbon\u00a0\u00bb][et_pb_row custom_padding_last_edited=\u00a0\u00bbon|phone\u00a0\u00bb _builder_version=\u00a0\u00bb4.27.4&Prime; _module_preset=\u00a0\u00bbdefault\u00a0\u00bb background_color=\u00a0\u00bb#FFFFFF\u00a0\u00bb width_tablet=\u00a0\u00bb\u00a0\u00bb width_phone=\u00a0\u00bb95%\u00a0\u00bb width_last_edited=\u00a0\u00bbon|phone\u00a0\u00bb custom_padding=\u00a0\u00bb|33px||33px|false|true\u00a0\u00bb custom_padding_tablet=\u00a0\u00bb\u00a0\u00bb custom_padding_phone=\u00a0\u00bb|10px||10px|false|true\u00a0\u00bb global_colors_info=\u00a0\u00bb{}\u00a0\u00bb][et_pb_column type=\u00a0\u00bb4_4&Prime; _builder_version=\u00a0\u00bb4.21.0&Prime; _module_preset=\u00a0\u00bbdefault\u00a0\u00bb global_colors_info=\u00a0\u00bb{}\u00a0\u00bb][et_pb_text _builder_version=\u00a0\u00bb4.21.0&Prime; _module_preset=\u00a0\u00bbdefault\u00a0\u00bb custom_margin=\u00a0\u00bb||10px||false|false\u00a0\u00bb global_colors_info=\u00a0\u00bb{}\u00a0\u00bb]<\/p>\n<h1 class=\"uk-article-title\">Philippe Cuvelette<\/h1>\n<p>[\/et_pb_text][et_pb_text _builder_version=\u00a0\u00bb4.25.2&Prime; _module_preset=\u00a0\u00bbdefault\u00a0\u00bb text_orientation=\u00a0\u00bbjustified\u00a0\u00bb global_colors_info=\u00a0\u00bb{}\u00a0\u00bb]<\/p>\n<p><img loading=\"lazy\" decoding=\"async\" src=\"http:\/\/wptestkevin.ovh\/.Dev\/wp-content\/uploads\/2024\/06\/p.cuvelette-2.jpg\" alt=\"philippe-cuvelette\" width=\"200\" height=\"231\" \/><\/p>\n<p style=\"text-align: justify;\">D\u00e8s 1985, <span style=\"color: #2271b1;\"><strong>Philippe Cuvelette<\/strong><\/span> est au service de l\u2019extraordinaire, des artistes, dans des fonctions manag\u00e9riales. Depuis 2000, une grande partie de son parcours s\u2019effectue aux c\u00f4t\u00e9s des artistes du th\u00e9\u00e2tre de rue et notamment du Centre National des Arts de la Rue et de l\u2019Espace Public en Bretagne (Le Fourneau \u2013 CNAREP) et la Cie OPOSITO.<\/p>\n<p style=\"text-align: justify;\"><span style=\"color: #2271b1;\"><strong>Philippe Cuvelette<\/strong><\/span> accompagne et pose, dans des villes d\u2019ici et d\u2019ailleurs, d\u2019imposants objets artistiques aux \u00e9tonnantes jauges publiques (70 000 personnes, et plus encore). C\u2019est \u00e0 partir de ces exp\u00e9riences qu\u2019il initie une r\u00e9flexion sur la probl\u00e9matique de la gestion de la situation de crise.<\/p>\n<p style=\"text-align: justify;\">\u00c0 partir de 2004, <span style=\"color: #2271b1;\"><strong>Philippe Cuvelette<\/strong><\/span> est sollicit\u00e9 r\u00e9guli\u00e8rement en qualit\u00e9 de formateur par les centres de formation d\u00e9di\u00e9s au secteur d\u2019activit\u00e9 du spectacle sur les th\u00e9matiques de la sant\u00e9 s\u00e9curit\u00e9 au travail, de la gestion de projet, du management et de la s\u00e9curit\u00e9. Qualifi\u00e9 en gestion de projet, s\u00e9curit\u00e9 incendie, sant\u00e9 s\u00e9curit\u00e9 au travail, s\u00e9curit\u00e9 \u00e9v\u00e9nementielle et gestion des foules, aujourd\u2019hui <span style=\"color: #2271b1;\"><strong>Philippe Cuvelette<\/strong><\/span>\u00a0est mandat\u00e9 pour prendre en charge la dimension s\u00e9curit\u00e9 et coordination de dispositifs s\u00e9curit\u00e9 pour des festivals et manifestations d\u2019envergures (festival \u00ab\u00a0Pause Guitare\u00a0\u00bb-Albi, Festival \u00ab\u00a0Imaginarium\u00a0\u00bb-Margny Les Compi\u00e8gne, festival \u00ab\u00a0Rock En Seine\u00a0\u00bb-St Cloud, &#8230;).<\/p>\n<p style=\"text-align: justify;\">En 2014, <span style=\"color: #2271b1;\"><strong>Philippe Cuvelette<\/strong><\/span>\u00a0cr\u00e9e la SAS Mo\u00eb-Kan (<a href=\"https:\/\/spectacles-et-evenements.fr\/\" target=\"_blank\" rel=\"noopener\">www.moe-kan.fr<\/a>), l\u2019interlocuteur unique pour le management de projet et de la s\u00e9curit\u00e9.<\/p>\n<p style=\"text-align: justify;\">Il est actuellement auditeur de la 7\u00e8me session nationale \u00ab Management strat\u00e9gique de la crise \u00bb \u00e0 l\u2019INHESJ.<\/p>\n<p style=\"text-align: justify;\">A l\u2019AGECIF, <span style=\"color: #2271b1;\"><strong>Philippe Cuvelette<\/strong><\/span>\u00a0intervient depuis plus de 10 ans sur les questions de sant\u00e9 et la s\u00e9curit\u00e9 au travail, sur la r\u00e9daction de fiches techniques\u2026<\/p>\n<p>[\/et_pb_text][\/et_pb_column][\/et_pb_row][et_pb_row column_structure=\u00a0\u00bb3_5,2_5&Prime; _builder_version=\u00a0\u00bb4.21.0&Prime; _module_preset=\u00a0\u00bbdefault\u00a0\u00bb global_colors_info=\u00a0\u00bb{}\u00a0\u00bb][et_pb_column type=\u00a0\u00bb3_5&Prime; _builder_version=\u00a0\u00bb4.21.0&Prime; _module_preset=\u00a0\u00bbdefault\u00a0\u00bb global_colors_info=\u00a0\u00bb{}\u00a0\u00bb][\/et_pb_column][et_pb_column type=\u00a0\u00bb2_5&Prime; _builder_version=\u00a0\u00bb4.21.0&Prime; _module_preset=\u00a0\u00bbdefault\u00a0\u00bb global_colors_info=\u00a0\u00bb{}\u00a0\u00bb][et_pb_text _builder_version=\u00a0\u00bb4.21.0&Prime; _module_preset=\u00a0\u00bbdefault\u00a0\u00bb text_orientation=\u00a0\u00bbcenter\u00a0\u00bb custom_padding=\u00a0\u00bb10px||10px||true|false\u00a0\u00bb border_width_all=\u00a0\u00bb1px\u00a0\u00bb border_color_all=\u00a0\u00bb#d8d8d8&Prime; global_colors_info=\u00a0\u00bb{}\u00a0\u00bb]<\/p>\n<p>[lmt-post-modified-info]<\/p>\n<p>[\/et_pb_text][\/et_pb_column][\/et_pb_row][\/et_pb_section]<\/p>\n","protected":false},"excerpt":{"rendered":"<p>Philippe Cuvelette D\u00e8s 1985, Philippe Cuvelette est au service de l\u2019extraordinaire, des artistes, dans des fonctions manag\u00e9riales. Depuis 2000, une grande partie de son parcours s\u2019effectue aux c\u00f4t\u00e9s des artistes du th\u00e9\u00e2tre de rue et notamment du Centre National des Arts de la Rue et de l\u2019Espace Public en Bretagne (Le Fourneau \u2013 CNAREP) et [&hellip;]<\/p>\n","protected":false},"author":1,"featured_media":0,"parent":0,"menu_order":0,"comment_status":"closed","ping_status":"closed","template":"","meta":{"_et_pb_use_builder":"on","_et_pb_old_content":"","_et_gb_content_width":"","footnotes":""},"class_list":["post-7799","page","type-page","status-publish","hentry"],"_links":{"self":[{"href":"https:\/\/wptestkevin.ovh\/.Dev\/wp-json\/wp\/v2\/pages\/7799","targetHints":{"allow":["GET"]}}],"collection":[{"href":"https:\/\/wptestkevin.ovh\/.Dev\/wp-json\/wp\/v2\/pages"}],"about":[{"href":"https:\/\/wptestkevin.ovh\/.Dev\/wp-json\/wp\/v2\/types\/page"}],"author":[{"embeddable":true,"href":"https:\/\/wptestkevin.ovh\/.Dev\/wp-json\/wp\/v2\/users\/1"}],"replies":[{"embeddable":true,"href":"https:\/\/wptestkevin.ovh\/.Dev\/wp-json\/wp\/v2\/comments?post=7799"}],"version-history":[{"count":4,"href":"https:\/\/wptestkevin.ovh\/.Dev\/wp-json\/wp\/v2\/pages\/7799\/revisions"}],"predecessor-version":[{"id":7807,"href":"https:\/\/wptestkevin.ovh\/.Dev\/wp-json\/wp\/v2\/pages\/7799\/revisions\/7807"}],"wp:attachment":[{"href":"https:\/\/wptestkevin.ovh\/.Dev\/wp-json\/wp\/v2\/media?parent=7799"}],"curies":[{"name":"wp","href":"https:\/\/api.w.org\/{rel}","templated":true}]}}