{"id":7783,"date":"2025-03-25T10:01:15","date_gmt":"2025-03-25T09:01:15","guid":{"rendered":"https:\/\/wptestkevin.ovh\/.Dev\/?page_id=7783"},"modified":"2025-03-25T10:03:14","modified_gmt":"2025-03-25T09:03:14","slug":"fabien-colmant","status":"publish","type":"page","link":"https:\/\/wptestkevin.ovh\/.Dev\/fabien-colmant\/","title":{"rendered":"Fabien COLMANT"},"content":{"rendered":"<p>[et_pb_section fb_built=\u00a0\u00bb1&Prime; admin_label=\u00a0\u00bbSection\u00a0\u00bb module_id=\u00a0\u00bbadelus\u00a0\u00bb _builder_version=\u00a0\u00bb4.27.4&Prime; _module_preset=\u00a0\u00bbdefault\u00a0\u00bb background_color=\u00a0\u00bb#f1f3f4&Prime; custom_margin=\u00a0\u00bb0px||0px||true|false\u00a0\u00bb custom_padding=\u00a0\u00bb0px||0px||true|false\u00a0\u00bb animation_style=\u00a0\u00bbfade\u00a0\u00bb da_popup_slug=\u00a0\u00bbadelus\u00a0\u00bb da_disable_devices=\u00a0\u00bboff|off|off\u00a0\u00bb global_colors_info=\u00a0\u00bb{}\u00a0\u00bb da_is_popup=\u00a0\u00bboff\u00a0\u00bb da_exit_intent=\u00a0\u00bboff\u00a0\u00bb da_has_close=\u00a0\u00bbon\u00a0\u00bb da_alt_close=\u00a0\u00bboff\u00a0\u00bb da_dark_close=\u00a0\u00bboff\u00a0\u00bb da_not_modal=\u00a0\u00bbon\u00a0\u00bb da_is_singular=\u00a0\u00bboff\u00a0\u00bb da_with_loader=\u00a0\u00bboff\u00a0\u00bb da_has_shadow=\u00a0\u00bbon\u00a0\u00bb][et_pb_row custom_padding_last_edited=\u00a0\u00bbon|phone\u00a0\u00bb _builder_version=\u00a0\u00bb4.27.4&Prime; _module_preset=\u00a0\u00bbdefault\u00a0\u00bb background_color=\u00a0\u00bb#FFFFFF\u00a0\u00bb width_tablet=\u00a0\u00bb\u00a0\u00bb width_phone=\u00a0\u00bb95%\u00a0\u00bb width_last_edited=\u00a0\u00bbon|phone\u00a0\u00bb custom_padding=\u00a0\u00bb|33px||33px|false|true\u00a0\u00bb custom_padding_tablet=\u00a0\u00bb\u00a0\u00bb custom_padding_phone=\u00a0\u00bb|10px||10px|false|true\u00a0\u00bb global_colors_info=\u00a0\u00bb{}\u00a0\u00bb][et_pb_column type=\u00a0\u00bb4_4&Prime; _builder_version=\u00a0\u00bb4.21.0&Prime; _module_preset=\u00a0\u00bbdefault\u00a0\u00bb global_colors_info=\u00a0\u00bb{}\u00a0\u00bb][et_pb_text _builder_version=\u00a0\u00bb4.21.0&Prime; _module_preset=\u00a0\u00bbdefault\u00a0\u00bb custom_margin=\u00a0\u00bb||10px||false|false\u00a0\u00bb global_colors_info=\u00a0\u00bb{}\u00a0\u00bb]<\/p>\n<h1 class=\"uk-article-title\">Fabien Colmant<\/h1>\n<p>[\/et_pb_text][et_pb_text _builder_version=\u00a0\u00bb4.25.2&Prime; _module_preset=\u00a0\u00bbdefault\u00a0\u00bb text_orientation=\u00a0\u00bbjustified\u00a0\u00bb global_colors_info=\u00a0\u00bb{}\u00a0\u00bb]<\/p>\n<p style=\"text-align: justify;\">Apr\u00e8s des exp\u00e9riences dans la production musicale, l\u2019\u00e9dition litt\u00e9raire et d\u2019applications, la t\u00e9l\u00e9vision, <span style=\"color: #2271b1;\"><strong>Fabien Colmant<\/strong><\/span> travaille en tant que Juriste n\u00e9gociateur et conseil au sein de la Direction des Affaires Juridiques de la Soci\u00e9t\u00e9 des Auteurs et Compositeurs Dramatiques, la SACD, depuis 10 ans, principalement dans le domaine de la fiction (Cin\u00e9ma, T\u00e9l\u00e9vision, Digital, VR et AR).<\/p>\n<p style=\"text-align: justify;\">La formation de <span style=\"color: #2271b1;\"><strong>Fabien Colmant<\/strong><\/span> a \u00e9t\u00e9 jalonn\u00e9e par une ma\u00eetrise en Droit des affaires, puis un Master 2 en droit de la Propri\u00e9t\u00e9 Industrielle et des strat\u00e9gies d\u2019innovation, la n\u00e9gociation raisonn\u00e9e dite \u00ab de Harvard \u00bb, diverses certifications audiovisuelles Dixit et de formateur, puis une certification r\u00e9cente en Contract Management \u00e0 l\u2019Ecole Europ\u00e9enne de Contract Management.<\/p>\n<p style=\"text-align: justify;\">Au quotidien, <span style=\"color: #2271b1;\"><strong>Fabien Colmant<\/strong><\/span> est tr\u00e8s souvent l\u2019interface entre le producteur et l\u2019auteur, quand ce n\u2019est pas le diffuseur pour des questions de gestion collective. <span style=\"color: #2271b1;\"><strong>Fabien Colmant<\/strong><\/span> suit \u00e9galement les trames des discussions interprofessionnelles audiovisuelles et les questions plus politiques du droit d\u2019auteur.<\/p>\n<p>[\/et_pb_text][\/et_pb_column][\/et_pb_row][et_pb_row column_structure=\u00a0\u00bb3_5,2_5&Prime; _builder_version=\u00a0\u00bb4.21.0&Prime; _module_preset=\u00a0\u00bbdefault\u00a0\u00bb global_colors_info=\u00a0\u00bb{}\u00a0\u00bb][et_pb_column type=\u00a0\u00bb3_5&Prime; _builder_version=\u00a0\u00bb4.21.0&Prime; _module_preset=\u00a0\u00bbdefault\u00a0\u00bb global_colors_info=\u00a0\u00bb{}\u00a0\u00bb][\/et_pb_column][et_pb_column type=\u00a0\u00bb2_5&Prime; _builder_version=\u00a0\u00bb4.21.0&Prime; _module_preset=\u00a0\u00bbdefault\u00a0\u00bb global_colors_info=\u00a0\u00bb{}\u00a0\u00bb][et_pb_text _builder_version=\u00a0\u00bb4.21.0&Prime; _module_preset=\u00a0\u00bbdefault\u00a0\u00bb text_orientation=\u00a0\u00bbcenter\u00a0\u00bb custom_padding=\u00a0\u00bb10px||10px||true|false\u00a0\u00bb border_width_all=\u00a0\u00bb1px\u00a0\u00bb border_color_all=\u00a0\u00bb#d8d8d8&Prime; global_colors_info=\u00a0\u00bb{}\u00a0\u00bb]<\/p>\n<p>[lmt-post-modified-info]<\/p>\n<p>[\/et_pb_text][\/et_pb_column][\/et_pb_row][\/et_pb_section]<\/p>\n","protected":false},"excerpt":{"rendered":"<p>Fabien ColmantApr\u00e8s des exp\u00e9riences dans la production musicale, l\u2019\u00e9dition litt\u00e9raire et d\u2019applications, la t\u00e9l\u00e9vision, Fabien Colmant travaille en tant que Juriste n\u00e9gociateur et conseil au sein de la Direction des Affaires Juridiques de la Soci\u00e9t\u00e9 des Auteurs et Compositeurs Dramatiques, la SACD, depuis 10 ans, principalement dans le domaine de la fiction (Cin\u00e9ma, T\u00e9l\u00e9vision, Digital, [&hellip;]<\/p>\n","protected":false},"author":1,"featured_media":0,"parent":0,"menu_order":0,"comment_status":"closed","ping_status":"closed","template":"","meta":{"_et_pb_use_builder":"on","_et_pb_old_content":"","_et_gb_content_width":"","footnotes":""},"class_list":["post-7783","page","type-page","status-publish","hentry"],"_links":{"self":[{"href":"https:\/\/wptestkevin.ovh\/.Dev\/wp-json\/wp\/v2\/pages\/7783","targetHints":{"allow":["GET"]}}],"collection":[{"href":"https:\/\/wptestkevin.ovh\/.Dev\/wp-json\/wp\/v2\/pages"}],"about":[{"href":"https:\/\/wptestkevin.ovh\/.Dev\/wp-json\/wp\/v2\/types\/page"}],"author":[{"embeddable":true,"href":"https:\/\/wptestkevin.ovh\/.Dev\/wp-json\/wp\/v2\/users\/1"}],"replies":[{"embeddable":true,"href":"https:\/\/wptestkevin.ovh\/.Dev\/wp-json\/wp\/v2\/comments?post=7783"}],"version-history":[{"count":4,"href":"https:\/\/wptestkevin.ovh\/.Dev\/wp-json\/wp\/v2\/pages\/7783\/revisions"}],"predecessor-version":[{"id":7790,"href":"https:\/\/wptestkevin.ovh\/.Dev\/wp-json\/wp\/v2\/pages\/7783\/revisions\/7790"}],"wp:attachment":[{"href":"https:\/\/wptestkevin.ovh\/.Dev\/wp-json\/wp\/v2\/media?parent=7783"}],"curies":[{"name":"wp","href":"https:\/\/api.w.org\/{rel}","templated":true}]}}