{"id":7763,"date":"2025-03-25T09:50:33","date_gmt":"2025-03-25T08:50:33","guid":{"rendered":"https:\/\/wptestkevin.ovh\/.Dev\/?page_id=7763"},"modified":"2025-03-25T09:55:02","modified_gmt":"2025-03-25T08:55:02","slug":"liane-chancerelle-soudin","status":"publish","type":"page","link":"https:\/\/wptestkevin.ovh\/.Dev\/liane-chancerelle-soudin\/","title":{"rendered":"Liane CHANCERELLE SOUDIN"},"content":{"rendered":"<p>[et_pb_section fb_built=\u00a0\u00bb1&Prime; admin_label=\u00a0\u00bbSection\u00a0\u00bb module_id=\u00a0\u00bbadelus\u00a0\u00bb _builder_version=\u00a0\u00bb4.27.4&Prime; _module_preset=\u00a0\u00bbdefault\u00a0\u00bb background_color=\u00a0\u00bb#f1f3f4&Prime; custom_margin=\u00a0\u00bb0px||0px||true|false\u00a0\u00bb custom_padding=\u00a0\u00bb0px||0px||true|false\u00a0\u00bb animation_style=\u00a0\u00bbfade\u00a0\u00bb da_popup_slug=\u00a0\u00bbadelus\u00a0\u00bb da_disable_devices=\u00a0\u00bboff|off|off\u00a0\u00bb global_colors_info=\u00a0\u00bb{}\u00a0\u00bb da_is_popup=\u00a0\u00bboff\u00a0\u00bb da_exit_intent=\u00a0\u00bboff\u00a0\u00bb da_has_close=\u00a0\u00bbon\u00a0\u00bb da_alt_close=\u00a0\u00bboff\u00a0\u00bb da_dark_close=\u00a0\u00bboff\u00a0\u00bb da_not_modal=\u00a0\u00bbon\u00a0\u00bb da_is_singular=\u00a0\u00bboff\u00a0\u00bb da_with_loader=\u00a0\u00bboff\u00a0\u00bb da_has_shadow=\u00a0\u00bbon\u00a0\u00bb][et_pb_row custom_padding_last_edited=\u00a0\u00bbon|phone\u00a0\u00bb _builder_version=\u00a0\u00bb4.27.4&Prime; _module_preset=\u00a0\u00bbdefault\u00a0\u00bb background_color=\u00a0\u00bb#FFFFFF\u00a0\u00bb width_tablet=\u00a0\u00bb\u00a0\u00bb width_phone=\u00a0\u00bb95%\u00a0\u00bb width_last_edited=\u00a0\u00bbon|phone\u00a0\u00bb custom_padding=\u00a0\u00bb|33px||33px|false|true\u00a0\u00bb custom_padding_tablet=\u00a0\u00bb\u00a0\u00bb custom_padding_phone=\u00a0\u00bb|10px||10px|false|true\u00a0\u00bb global_colors_info=\u00a0\u00bb{}\u00a0\u00bb][et_pb_column type=\u00a0\u00bb4_4&Prime; _builder_version=\u00a0\u00bb4.21.0&Prime; _module_preset=\u00a0\u00bbdefault\u00a0\u00bb global_colors_info=\u00a0\u00bb{}\u00a0\u00bb][et_pb_text _builder_version=\u00a0\u00bb4.21.0&Prime; _module_preset=\u00a0\u00bbdefault\u00a0\u00bb custom_margin=\u00a0\u00bb||10px||false|false\u00a0\u00bb custom_padding=\u00a0\u00bb11px|||||\u00a0\u00bb global_colors_info=\u00a0\u00bb{}\u00a0\u00bb]<\/p>\n<h1 class=\"uk-article-title\">Liane Chancerelle Soudin<\/h1>\n<p>[\/et_pb_text][et_pb_text _builder_version=\u00a0\u00bb4.25.2&Prime; _module_preset=\u00a0\u00bbdefault\u00a0\u00bb text_orientation=\u00a0\u00bbjustified\u00a0\u00bb global_colors_info=\u00a0\u00bb{}\u00a0\u00bb]<\/p>\n<p><img loading=\"lazy\" decoding=\"async\" src=\"http:\/\/wptestkevin.ovh\/.Dev\/wp-content\/uploads\/2024\/06\/Liane-Chancerelle.png\" alt=\"Liane Chancerelle\" width=\"200\" height=\"243\" \/><\/p>\n<p style=\"text-align: justify;\"><span style=\"color: #2271b1;\"><strong>Liane Chancerelle Soudin<\/strong><\/span> est formatrice et consultante en \u00e9galit\u00e9 femmes hommes, pr\u00e9vention des violences sexistes et sexuelles et des discriminations.<\/p>\n<p style=\"text-align: justify;\">Apr\u00e8s une double licence en \u00e9conomie et en droit public (Universit\u00e9 Toulouse 1 Capitole et \u00c9cole d\u2019 \u00c9conomie de Toulouse &#8211; TSE), <span style=\"color: #2271b1;\"><strong>Liane Chancerelle Soudin<\/strong><\/span>\u00a0se sp\u00e9cialise en droit international et europ\u00e9en des droits humains (Amsterdam Law School et Universit\u00e9 Paris I Panth\u00e9on Sorbonne).<\/p>\n<p style=\"text-align: justify;\"><span style=\"color: #2271b1;\"><strong>Liane Chancerelle Soudin<\/strong><\/span> commence sa carri\u00e8re au sein du D\u00e9fenseur des droits, en tant que charg\u00e9e de mission formation et ing\u00e9nierie p\u00e9dagogique. Elle participe \u00e0 la conception d\u2019un manuel pratique \u00e0 destination des intervenant\u2022es de l\u2019action sociale, forme des \u00e9l\u00e8ves des services de s\u00e9curit\u00e9 de la SNCF \u00e0 la lutte contre les discriminations et \u00e0 la d\u00e9ontologie de la s\u00e9curit\u00e9, et con\u00e7oit des modules de formation en ligne sur la lutte contre les discriminations.<\/p>\n<p style=\"text-align: justify;\"><span style=\"color: #2271b1;\"><strong>Liane Chancerelle Soudin<\/strong><\/span> rejoint ensuite un cabinet de conseil sp\u00e9cialis\u00e9 sur la diversit\u00e9 dans l\u2019emploi. Pendant plus de trois ans, elle sensibilise des salari\u00e9\u2022es du secteur priv\u00e9 et des agent\u2022es de la fonction publique sur l\u2019inclusion, la lutte contre les discriminations et les violences sexistes et sexuelles. Elle participe \u00e0 la cr\u00e9ation d\u2019outils p\u00e9dagogiques (jeux s\u00e9rieux, outil digital, guides) et accompagne les structures professionnelles dans l\u2019\u00e9laboration et le d\u00e9ploiement de plans d\u2019actions en mati\u00e8re d\u2019\u00e9galit\u00e9 et de lutte contre les discriminations, le harc\u00e8lement et les violences.<\/p>\n<p>[\/et_pb_text][\/et_pb_column][\/et_pb_row][et_pb_row column_structure=\u00a0\u00bb3_5,2_5&Prime; _builder_version=\u00a0\u00bb4.21.0&Prime; _module_preset=\u00a0\u00bbdefault\u00a0\u00bb global_colors_info=\u00a0\u00bb{}\u00a0\u00bb][et_pb_column type=\u00a0\u00bb3_5&Prime; _builder_version=\u00a0\u00bb4.21.0&Prime; _module_preset=\u00a0\u00bbdefault\u00a0\u00bb global_colors_info=\u00a0\u00bb{}\u00a0\u00bb][\/et_pb_column][et_pb_column type=\u00a0\u00bb2_5&Prime; _builder_version=\u00a0\u00bb4.21.0&Prime; _module_preset=\u00a0\u00bbdefault\u00a0\u00bb global_colors_info=\u00a0\u00bb{}\u00a0\u00bb][et_pb_text _builder_version=\u00a0\u00bb4.21.0&Prime; _module_preset=\u00a0\u00bbdefault\u00a0\u00bb text_orientation=\u00a0\u00bbcenter\u00a0\u00bb custom_padding=\u00a0\u00bb10px||10px||true|false\u00a0\u00bb border_width_all=\u00a0\u00bb1px\u00a0\u00bb border_color_all=\u00a0\u00bb#d8d8d8&Prime; global_colors_info=\u00a0\u00bb{}\u00a0\u00bb]<\/p>\n<p>[lmt-post-modified-info]<\/p>\n<p>[\/et_pb_text][\/et_pb_column][\/et_pb_row][\/et_pb_section]<\/p>\n","protected":false},"excerpt":{"rendered":"<p>Liane Chancerelle Soudin Liane Chancerelle Soudin est formatrice et consultante en \u00e9galit\u00e9 femmes hommes, pr\u00e9vention des violences sexistes et sexuelles et des discriminations. Apr\u00e8s une double licence en \u00e9conomie et en droit public (Universit\u00e9 Toulouse 1 Capitole et \u00c9cole d\u2019 \u00c9conomie de Toulouse &#8211; TSE), Liane Chancerelle Soudin\u00a0se sp\u00e9cialise en droit international et europ\u00e9en des [&hellip;]<\/p>\n","protected":false},"author":1,"featured_media":0,"parent":0,"menu_order":0,"comment_status":"closed","ping_status":"closed","template":"","meta":{"_et_pb_use_builder":"on","_et_pb_old_content":"","_et_gb_content_width":"","footnotes":""},"class_list":["post-7763","page","type-page","status-publish","hentry"],"_links":{"self":[{"href":"https:\/\/wptestkevin.ovh\/.Dev\/wp-json\/wp\/v2\/pages\/7763","targetHints":{"allow":["GET"]}}],"collection":[{"href":"https:\/\/wptestkevin.ovh\/.Dev\/wp-json\/wp\/v2\/pages"}],"about":[{"href":"https:\/\/wptestkevin.ovh\/.Dev\/wp-json\/wp\/v2\/types\/page"}],"author":[{"embeddable":true,"href":"https:\/\/wptestkevin.ovh\/.Dev\/wp-json\/wp\/v2\/users\/1"}],"replies":[{"embeddable":true,"href":"https:\/\/wptestkevin.ovh\/.Dev\/wp-json\/wp\/v2\/comments?post=7763"}],"version-history":[{"count":4,"href":"https:\/\/wptestkevin.ovh\/.Dev\/wp-json\/wp\/v2\/pages\/7763\/revisions"}],"predecessor-version":[{"id":7774,"href":"https:\/\/wptestkevin.ovh\/.Dev\/wp-json\/wp\/v2\/pages\/7763\/revisions\/7774"}],"wp:attachment":[{"href":"https:\/\/wptestkevin.ovh\/.Dev\/wp-json\/wp\/v2\/media?parent=7763"}],"curies":[{"name":"wp","href":"https:\/\/api.w.org\/{rel}","templated":true}]}}