{"id":7755,"date":"2025-03-25T09:46:03","date_gmt":"2025-03-25T08:46:03","guid":{"rendered":"https:\/\/wptestkevin.ovh\/.Dev\/?page_id=7755"},"modified":"2025-03-25T09:47:10","modified_gmt":"2025-03-25T08:47:10","slug":"jacques-chabrillat","status":"publish","type":"page","link":"https:\/\/wptestkevin.ovh\/.Dev\/jacques-chabrillat\/","title":{"rendered":"Jacques CHABRILLAT"},"content":{"rendered":"<p>[et_pb_section fb_built=\u00a0\u00bb1&Prime; admin_label=\u00a0\u00bbSection\u00a0\u00bb module_id=\u00a0\u00bbadelus\u00a0\u00bb _builder_version=\u00a0\u00bb4.27.4&Prime; _module_preset=\u00a0\u00bbdefault\u00a0\u00bb background_color=\u00a0\u00bb#f1f3f4&Prime; custom_margin=\u00a0\u00bb0px||0px||true|false\u00a0\u00bb custom_padding=\u00a0\u00bb0px||0px||true|false\u00a0\u00bb animation_style=\u00a0\u00bbfade\u00a0\u00bb da_popup_slug=\u00a0\u00bbadelus\u00a0\u00bb da_disable_devices=\u00a0\u00bboff|off|off\u00a0\u00bb global_colors_info=\u00a0\u00bb{}\u00a0\u00bb da_is_popup=\u00a0\u00bboff\u00a0\u00bb da_exit_intent=\u00a0\u00bboff\u00a0\u00bb da_has_close=\u00a0\u00bbon\u00a0\u00bb da_alt_close=\u00a0\u00bboff\u00a0\u00bb da_dark_close=\u00a0\u00bboff\u00a0\u00bb da_not_modal=\u00a0\u00bbon\u00a0\u00bb da_is_singular=\u00a0\u00bboff\u00a0\u00bb da_with_loader=\u00a0\u00bboff\u00a0\u00bb da_has_shadow=\u00a0\u00bbon\u00a0\u00bb][et_pb_row custom_padding_last_edited=\u00a0\u00bbon|phone\u00a0\u00bb _builder_version=\u00a0\u00bb4.27.4&Prime; _module_preset=\u00a0\u00bbdefault\u00a0\u00bb background_color=\u00a0\u00bb#FFFFFF\u00a0\u00bb width_tablet=\u00a0\u00bb\u00a0\u00bb width_phone=\u00a0\u00bb95%\u00a0\u00bb width_last_edited=\u00a0\u00bbon|phone\u00a0\u00bb custom_padding=\u00a0\u00bb|33px||33px|false|true\u00a0\u00bb custom_padding_tablet=\u00a0\u00bb\u00a0\u00bb custom_padding_phone=\u00a0\u00bb|10px||10px|false|true\u00a0\u00bb global_colors_info=\u00a0\u00bb{}\u00a0\u00bb][et_pb_column type=\u00a0\u00bb4_4&Prime; _builder_version=\u00a0\u00bb4.21.0&Prime; _module_preset=\u00a0\u00bbdefault\u00a0\u00bb global_colors_info=\u00a0\u00bb{}\u00a0\u00bb][et_pb_text _builder_version=\u00a0\u00bb4.21.0&Prime; _module_preset=\u00a0\u00bbdefault\u00a0\u00bb custom_margin=\u00a0\u00bb||10px||false|false\u00a0\u00bb global_colors_info=\u00a0\u00bb{}\u00a0\u00bb]<\/p>\n<h1>Jacques Chabrillat<\/h1>\n<p>[\/et_pb_text][et_pb_text _builder_version=\u00a0\u00bb4.25.2&Prime; _module_preset=\u00a0\u00bbdefault\u00a0\u00bb text_orientation=\u00a0\u00bbjustified\u00a0\u00bb global_colors_info=\u00a0\u00bb{}\u00a0\u00bb]<\/p>\n<p><a href=\"http:\/\/wptestkevin.ovh\/.Dev\/wp-content\/uploads\/2024\/06\/j-chabrillat.jpg\"><img loading=\"lazy\" decoding=\"async\" class=\"wp-image-51 alignnone size-full\" src=\"http:\/\/wptestkevin.ovh\/.Dev\/wp-content\/uploads\/2022\/06\/j-chabrillat.jpg\" alt=\"\" width=\"180\" height=\"120\" \/><\/a><\/p>\n<p style=\"text-align: justify;\">Expert\u00a0en ing\u00e9nierie financi\u00e8re et budg\u00e9taire, <span style=\"color: #2271b1;\"><strong>Jacques CHABRILLAT<\/strong><\/span>, responsable p\u00e9dagogique \u00e0 l&rsquo;AGECIF, coordonne et anime les formations consacr\u00e9es \u00e0 la gestion financi\u00e8re et aux outils de gestion.<\/p>\n<p style=\"text-align: justify;\">Dipl\u00f4m\u00e9 de l&rsquo;<em>Ecole Sup\u00e9rieure de Commerce de Clermont-Ferrand<\/em>, <span style=\"color: #2271b1;\"><strong>Jacques CHABRILLAT<\/strong><\/span> s&rsquo;implique tout d&rsquo;abord dans l&rsquo;aide \u00e0 la cr\u00e9ation d&rsquo;entreprises du domaine de l&rsquo;\u00e9conomie sociale, avant de se sp\u00e9cialiser dans le secteur culturel.<\/p>\n<p style=\"text-align: justify;\">A l&rsquo;AGECIF, <span style=\"color: #2271b1;\"><strong>Jacques CHABRILLAT<\/strong><\/span> d\u00e9veloppe des contenus et dispositifs de formation professionnelle et universitaire, ainsi que des m\u00e9thodologies d&rsquo;audit, d&rsquo;analyse et de conseil en mati\u00e8re de cr\u00e9ation et de d\u00e9veloppement de projets. Il d\u00e9veloppe particuli\u00e8rement des formations en intra et des accompagnements autour de la conception et l\u2019appropriation d\u2019outils et indicateurs de gestion adapt\u00e9s.<\/p>\n<p style=\"text-align: justify;\">En tant que consultant, il intervient aupr\u00e8s des services de l&rsquo;Etat et des collectivit\u00e9s territoriales pour des actions de formation d\u00e9di\u00e9es, des missions de conseil, des \u00e9tudes de faisabilit\u00e9, des audits financiers. Il est \u00e9galement op\u00e9rateur pour le dispositif DLA.<\/p>\n<p style=\"text-align: justify;\">La gestion financi\u00e8re &#8211; et la communication autour des \u00e9l\u00e9ments de gestion &#8211; constituent pour lui une grille de lecture des projets, de leur management, et des rapports entre acteurs culturels, partenaires publics et professionnels.<\/p>\n<p style=\"text-align: justify;\">A ce titre, <span style=\"color: #2271b1;\"><strong>Jacques CHABRILLAT<\/strong><\/span> s&rsquo;est impliqu\u00e9 dans des interventions et travaux autour de l&rsquo;entr\u00e9e en vigueur de la LOLF (Loi Organique relative aux Lois de Finances), et plus largement les nouvelles modalit\u00e9s d&rsquo;intervention et de partenariat autour des entreprises culturelles : s\u00e9minaires autour de la norme UNIDO en r\u00e9gion, intervention en formation dans les DRAC, r\u00e8glements d\u2019intervention des collectivit\u00e9s.<\/p>\n<p style=\"text-align: justify;\">Il est \u00e9galement charg\u00e9 de cours \u00e0 l&rsquo;<em>Universit\u00e9 Lyon II<\/em> et de l\u2019<em>Universit\u00e9 Clermont-Auvergne<\/em>.<\/p>\n<p style=\"text-align: justify;\">Passionn\u00e9 de musique, <span style=\"color: #2271b1;\"><strong>Jacques CHABRILLAT<\/strong><\/span> collabore \u00e0 la direction du <em>Moulin<\/em> &#8211; Sc\u00e8ne de Musiques Actuelles de Marseille. Il est pr\u00e9sident de <em>Combustible<\/em>, une association de d\u00e9veloppement culturel et musical de Toulouse. Il est membre du Conseil d&rsquo;Administration des <em>Eurock\u00e9ennes<\/em>, \u00e0 Belfort et du <em>Florida<\/em>, \u00e0 Agen. Il a particip\u00e9, pendant 5 ans, en tant que personnalit\u00e9 qualifi\u00e9e, d\u00e9sign\u00e9e par le Minist\u00e8re de la Culture et de la Communication, aux travaux de la commission 1 \u00ab Comptes entrepreneurs et \u00e9conomie des entreprises \u00bb du CNV &#8211; Centre National des Vari\u00e9t\u00e9s.<\/p>\n<p style=\"text-align: justify;\">Docteur en sciences de gestion \u00e0 l&rsquo;<em>Universit\u00e9 de Clermont-Auvergne<\/em>, il a soutenu en mars 2018 une th\u00e8se autour de \u00ab\u00a0L\u2019innovation des organisations culturelles sur les outils de gestion et leur appropriation\u00a0\u00bb.<\/p>\n<p style=\"text-align: justify;\"><span style=\"color: #2271b1;\"><strong>Bibliographie<\/strong><\/span><\/p>\n<p style=\"text-align: justify;\"><em>Appropriation de crit\u00e8res d\u2019\u00e9valuation et \u00e9laboration d\u2019outils de gestion<\/em><br \/><em>dans les entreprises de spectacle vivant, Gestion et Management Public \u2013 2015 (avec I. Horvath)<\/em><\/p>\n<p style=\"text-align: justify;\"><em>La comptabilit\u00e9 de l&rsquo;entreprise culturelle, Editions WEKA \u2013 2010<\/em><\/p>\n<p style=\"text-align: justify;\"><em>Les nouveaux enjeux budg\u00e9taires, Editions WEKA \u2013 2007<\/em><\/p>\n<p style=\"text-align: justify;\"><em>Direction et gestion des entreprises culturelles, Editions WEKA \u2013 2005 (coordination avec JP. Durand)<\/em><\/p>\n<p>[\/et_pb_text][\/et_pb_column][\/et_pb_row][et_pb_row column_structure=\u00a0\u00bb3_5,2_5&Prime; _builder_version=\u00a0\u00bb4.21.0&Prime; _module_preset=\u00a0\u00bbdefault\u00a0\u00bb global_colors_info=\u00a0\u00bb{}\u00a0\u00bb][et_pb_column type=\u00a0\u00bb3_5&Prime; _builder_version=\u00a0\u00bb4.21.0&Prime; _module_preset=\u00a0\u00bbdefault\u00a0\u00bb global_colors_info=\u00a0\u00bb{}\u00a0\u00bb][\/et_pb_column][et_pb_column type=\u00a0\u00bb2_5&Prime; _builder_version=\u00a0\u00bb4.21.0&Prime; _module_preset=\u00a0\u00bbdefault\u00a0\u00bb global_colors_info=\u00a0\u00bb{}\u00a0\u00bb][et_pb_text _builder_version=\u00a0\u00bb4.21.0&Prime; _module_preset=\u00a0\u00bbdefault\u00a0\u00bb text_orientation=\u00a0\u00bbcenter\u00a0\u00bb custom_padding=\u00a0\u00bb10px||10px||true|false\u00a0\u00bb border_width_all=\u00a0\u00bb1px\u00a0\u00bb border_color_all=\u00a0\u00bb#d8d8d8&Prime; global_colors_info=\u00a0\u00bb{}\u00a0\u00bb]<\/p>\n<p>[lmt-post-modified-info]<\/p>\n<p>[\/et_pb_text][\/et_pb_column][\/et_pb_row][\/et_pb_section]<\/p>\n","protected":false},"excerpt":{"rendered":"<p>Jacques Chabrillat Expert\u00a0en ing\u00e9nierie financi\u00e8re et budg\u00e9taire, Jacques CHABRILLAT, responsable p\u00e9dagogique \u00e0 l&rsquo;AGECIF, coordonne et anime les formations consacr\u00e9es \u00e0 la gestion financi\u00e8re et aux outils de gestion. Dipl\u00f4m\u00e9 de l&rsquo;Ecole Sup\u00e9rieure de Commerce de Clermont-Ferrand, Jacques CHABRILLAT s&rsquo;implique tout d&rsquo;abord dans l&rsquo;aide \u00e0 la cr\u00e9ation d&rsquo;entreprises du domaine de l&rsquo;\u00e9conomie sociale, avant de se [&hellip;]<\/p>\n","protected":false},"author":1,"featured_media":0,"parent":0,"menu_order":0,"comment_status":"closed","ping_status":"closed","template":"","meta":{"_et_pb_use_builder":"on","_et_pb_old_content":"","_et_gb_content_width":"","footnotes":""},"class_list":["post-7755","page","type-page","status-publish","hentry"],"_links":{"self":[{"href":"https:\/\/wptestkevin.ovh\/.Dev\/wp-json\/wp\/v2\/pages\/7755","targetHints":{"allow":["GET"]}}],"collection":[{"href":"https:\/\/wptestkevin.ovh\/.Dev\/wp-json\/wp\/v2\/pages"}],"about":[{"href":"https:\/\/wptestkevin.ovh\/.Dev\/wp-json\/wp\/v2\/types\/page"}],"author":[{"embeddable":true,"href":"https:\/\/wptestkevin.ovh\/.Dev\/wp-json\/wp\/v2\/users\/1"}],"replies":[{"embeddable":true,"href":"https:\/\/wptestkevin.ovh\/.Dev\/wp-json\/wp\/v2\/comments?post=7755"}],"version-history":[{"count":4,"href":"https:\/\/wptestkevin.ovh\/.Dev\/wp-json\/wp\/v2\/pages\/7755\/revisions"}],"predecessor-version":[{"id":7762,"href":"https:\/\/wptestkevin.ovh\/.Dev\/wp-json\/wp\/v2\/pages\/7755\/revisions\/7762"}],"wp:attachment":[{"href":"https:\/\/wptestkevin.ovh\/.Dev\/wp-json\/wp\/v2\/media?parent=7755"}],"curies":[{"name":"wp","href":"https:\/\/api.w.org\/{rel}","templated":true}]}}