{"id":7747,"date":"2025-03-25T09:39:36","date_gmt":"2025-03-25T08:39:36","guid":{"rendered":"https:\/\/wptestkevin.ovh\/.Dev\/?page_id=7747"},"modified":"2025-03-25T09:52:40","modified_gmt":"2025-03-25T08:52:40","slug":"conrad-cecil","status":"publish","type":"page","link":"https:\/\/wptestkevin.ovh\/.Dev\/conrad-cecil\/","title":{"rendered":"Conrad CECIL"},"content":{"rendered":"<p>[et_pb_section fb_built=\u00a0\u00bb1&Prime; admin_label=\u00a0\u00bbSection\u00a0\u00bb module_id=\u00a0\u00bbadelus\u00a0\u00bb _builder_version=\u00a0\u00bb4.27.4&Prime; _module_preset=\u00a0\u00bbdefault\u00a0\u00bb background_color=\u00a0\u00bb#f1f3f4&Prime; custom_margin=\u00a0\u00bb0px||0px||true|false\u00a0\u00bb custom_padding=\u00a0\u00bb0px||0px||true|false\u00a0\u00bb animation_style=\u00a0\u00bbfade\u00a0\u00bb da_popup_slug=\u00a0\u00bbadelus\u00a0\u00bb da_disable_devices=\u00a0\u00bboff|off|off\u00a0\u00bb global_colors_info=\u00a0\u00bb{}\u00a0\u00bb da_is_popup=\u00a0\u00bboff\u00a0\u00bb da_exit_intent=\u00a0\u00bboff\u00a0\u00bb da_has_close=\u00a0\u00bbon\u00a0\u00bb da_alt_close=\u00a0\u00bboff\u00a0\u00bb da_dark_close=\u00a0\u00bboff\u00a0\u00bb da_not_modal=\u00a0\u00bbon\u00a0\u00bb da_is_singular=\u00a0\u00bboff\u00a0\u00bb da_with_loader=\u00a0\u00bboff\u00a0\u00bb da_has_shadow=\u00a0\u00bbon\u00a0\u00bb][et_pb_row custom_padding_last_edited=\u00a0\u00bbon|phone\u00a0\u00bb _builder_version=\u00a0\u00bb4.27.4&Prime; _module_preset=\u00a0\u00bbdefault\u00a0\u00bb background_color=\u00a0\u00bb#FFFFFF\u00a0\u00bb width_tablet=\u00a0\u00bb\u00a0\u00bb width_phone=\u00a0\u00bb95%\u00a0\u00bb width_last_edited=\u00a0\u00bbon|phone\u00a0\u00bb custom_padding=\u00a0\u00bb|33px||33px|false|true\u00a0\u00bb custom_padding_tablet=\u00a0\u00bb\u00a0\u00bb custom_padding_phone=\u00a0\u00bb|10px||10px|false|true\u00a0\u00bb global_colors_info=\u00a0\u00bb{}\u00a0\u00bb][et_pb_column type=\u00a0\u00bb4_4&Prime; _builder_version=\u00a0\u00bb4.21.0&Prime; _module_preset=\u00a0\u00bbdefault\u00a0\u00bb global_colors_info=\u00a0\u00bb{}\u00a0\u00bb][et_pb_text _builder_version=\u00a0\u00bb4.27.4&Prime; _module_preset=\u00a0\u00bbdefault\u00a0\u00bb custom_margin=\u00a0\u00bb||10px||false|false\u00a0\u00bb hover_enabled=\u00a0\u00bb0&Prime; global_colors_info=\u00a0\u00bb{}\u00a0\u00bb sticky_enabled=\u00a0\u00bb0&Prime;]<\/p>\n<h1>Conrad Cecil<\/h1>\n<p>[\/et_pb_text][et_pb_text _builder_version=\u00a0\u00bb4.25.2&Prime; _module_preset=\u00a0\u00bbdefault\u00a0\u00bb text_orientation=\u00a0\u00bbjustified\u00a0\u00bb global_colors_info=\u00a0\u00bb{}\u00a0\u00bb]<\/p>\n<p><img loading=\"lazy\" decoding=\"async\" src=\"http:\/\/wptestkevin.ovh\/.Dev\/wp-content\/uploads\/2024\/06\/c-conrad2.jpg\" alt=\"c cecil\" width=\"200\" height=\"184\" \/><\/p>\n<p><strong><span style=\"color: #2271b1;\">Conrad Cecil<\/span>\u00a0\u2013 USA \u2013 Californie\u00a0<\/strong><\/p>\n<p><strong><span style=\"color: #2271b1;\">Conrad Cecil<\/span> <\/strong>est un acteur et producteur pour la t\u00e9l\u00e9vision et le th\u00e9\u00e2tre qui vit en Californie (USA).<\/p>\n<p><strong><span style=\"color: #2271b1;\">Conrad Cecil<\/span><\/strong> a jou\u00e9 dans des longs m\u00e9trages aux c\u00f4t\u00e9s de Sophie Marceau, Liam Cunningham (GoT), Cl\u00e9mence Po\u00e9sy, Johan Leysen et Maya Sansa. Il a jou\u00e9 des r\u00f4les principaux dans le canon de Shakespeare et a \u00e9galement v\u00e9cu et jou\u00e9 \u00e0 Paris. Il a pr\u00e9par\u00e9 une \u00e9dition des <em>Sonnets<\/em>\u00a0de Shakespeare pour une imprimerie typographique californienne, et accompagne des lyc\u00e9ens \u00e0 travers la Californie pour le programme\u00a0<em>Poetry Out Loud<\/em>\u00a0du NEA.<\/p>\n<p>Pendant quelques ann\u00e9es en France, <strong><span style=\"color: #2271b1;\">Conrad Cecil<\/span><\/strong>\u00a0est producteur de th\u00e9\u00e2tre pour la\u00a0<em>Compagnie Tangente<\/em>, dont il est fondateur, avec le parrainage du po\u00e8te dramatique Roland Dubillard. Il est \u00e9galement\u00a0<em>Script Supervisor<\/em>\u00a0pour la t\u00e9l\u00e9vision fran\u00e7aise et am\u00e9ricaine pour\u00a0<em>Les Cartooneurs Associ\u00e9s\u00a0<\/em>(Netflix, France T\u00e9l\u00e9visions).<\/p>\n<p>Pour l\u2019AGECIF \u00e0 l\u2019\u00e9tranger, <strong><span style=\"color: #2271b1;\">Conrad Cecil<\/span><\/strong><strong>\u00a0<\/strong>forme artistes et producteurs \u00e0 travailler dans des milieux internationaux, voire anglophones.<\/p>\n<p><strong><span style=\"color: #2271b1;\">Conrad Cecil<\/span><\/strong> est form\u00e9 au m\u00e9tier de com\u00e9dien \u00e0 l&rsquo;East 15 Acting School, et a obtenu une ma\u00eetrise \u00e0 la Royal Academy of Dramatic Art et au King&rsquo;s College de Londres.<\/p>\n<p><span class=\"Apple-style-span\">Liens :<\/span><\/p>\n<p>IMDb :\u00a0<a href=\"https:\/\/www.imdb.com\/name\/nm2880381\/\" target=\"_blank\" rel=\"noopener\">https:\/\/www.imdb.com\/name\/nm2880381\/<\/a><\/p>\n<p>YouTube :\u00a0<a href=\"https:\/\/www.youtube.com\/@ConradCecil\" target=\"_blank\" rel=\"noopener\">https:\/\/www.youtube.com\/@ConradCecil<\/a><\/p>\n<p>Instagram : <a href=\"https:\/\/www.instagram.com\/ConradCecilActor\" target=\"_blank\" rel=\"noopener\">https:\/\/www.instagram.com\/ConradCecilActor<\/a><\/p>\n<p>Facebook :\u00a0<a href=\"https:\/\/www.facebook.com\/ConradCecil1616\" target=\"_blank\" rel=\"noopener\">https:\/\/www.facebook.com\/ConradCecil1616<\/a><\/p>\n<p>Facebook page artiste:\u00a0<a href=\"https:\/\/www.facebook.com\/ConradCecilActor\" target=\"_blank\" rel=\"noopener\">https:\/\/www.facebook.com\/ConradCecilActor<\/a><\/p>\n<p>Twitter :\u00a0<a href=\"https:\/\/twitter.com\/Cecil_Conrad\" target=\"_blank\" rel=\"noopener\">https:\/\/twitter.com\/Cecil_Conrad<\/a><\/p>\n<p>LinkedIn :\u00a0<a href=\"https:\/\/www.linkedin.com\/in\/conradcecil\/\" target=\"_blank\" rel=\"noopener\">https:\/\/www.linkedin.com\/in\/conradcecil\/<\/a><\/p>\n<div><span class=\"Apple-style-span\">Bibliographie :<\/span><\/div>\n<p><em>L&rsquo;anglais pour la diffusion internationale du spectacle<br \/>Touring and production management<\/em><br \/>Avec Jean-Philippe Durand,\u00a0Editions Weka &#8211; Paris 2010<\/p>\n<p><img loading=\"lazy\" decoding=\"async\" src=\"https:\/\/wptestkevin.ovh\/.Dev\/images\/publications\/Anglais_diffusion_spectacle.jpg\" alt=\"Anglais diffusion spectacle\" width=\"120\" height=\"172\" \/><\/p>\n<p><em>William Shake-speare, Sonnets<\/em><br \/><a href=\"http:\/\/www.petrarchpress.com\/\" target=\"_blank\" rel=\"noopener\">The Petrarch Press<\/a> &#8211; California 2015<\/p>\n<p>[\/et_pb_text][\/et_pb_column][\/et_pb_row][et_pb_row column_structure=\u00a0\u00bb3_5,2_5&Prime; _builder_version=\u00a0\u00bb4.21.0&Prime; _module_preset=\u00a0\u00bbdefault\u00a0\u00bb global_colors_info=\u00a0\u00bb{}\u00a0\u00bb][et_pb_column type=\u00a0\u00bb3_5&Prime; _builder_version=\u00a0\u00bb4.21.0&Prime; _module_preset=\u00a0\u00bbdefault\u00a0\u00bb global_colors_info=\u00a0\u00bb{}\u00a0\u00bb][\/et_pb_column][et_pb_column type=\u00a0\u00bb2_5&Prime; _builder_version=\u00a0\u00bb4.21.0&Prime; _module_preset=\u00a0\u00bbdefault\u00a0\u00bb global_colors_info=\u00a0\u00bb{}\u00a0\u00bb][et_pb_text _builder_version=\u00a0\u00bb4.21.0&Prime; _module_preset=\u00a0\u00bbdefault\u00a0\u00bb text_orientation=\u00a0\u00bbcenter\u00a0\u00bb custom_padding=\u00a0\u00bb10px||10px||true|false\u00a0\u00bb border_width_all=\u00a0\u00bb1px\u00a0\u00bb border_color_all=\u00a0\u00bb#d8d8d8&Prime; global_colors_info=\u00a0\u00bb{}\u00a0\u00bb]<\/p>\n<p>[lmt-post-modified-info]<\/p>\n<p>[\/et_pb_text][\/et_pb_column][\/et_pb_row][\/et_pb_section]<\/p>\n","protected":false},"excerpt":{"rendered":"<p>Conrad Cecil Conrad Cecil\u00a0\u2013 USA \u2013 Californie\u00a0 Conrad Cecil est un acteur et producteur pour la t\u00e9l\u00e9vision et le th\u00e9\u00e2tre qui vit en Californie (USA). Conrad Cecil a jou\u00e9 dans des longs m\u00e9trages aux c\u00f4t\u00e9s de Sophie Marceau, Liam Cunningham (GoT), Cl\u00e9mence Po\u00e9sy, Johan Leysen et Maya Sansa. Il a jou\u00e9 des r\u00f4les principaux dans [&hellip;]<\/p>\n","protected":false},"author":1,"featured_media":0,"parent":0,"menu_order":0,"comment_status":"closed","ping_status":"closed","template":"","meta":{"_et_pb_use_builder":"on","_et_pb_old_content":"","_et_gb_content_width":"","footnotes":""},"class_list":["post-7747","page","type-page","status-publish","hentry"],"_links":{"self":[{"href":"https:\/\/wptestkevin.ovh\/.Dev\/wp-json\/wp\/v2\/pages\/7747","targetHints":{"allow":["GET"]}}],"collection":[{"href":"https:\/\/wptestkevin.ovh\/.Dev\/wp-json\/wp\/v2\/pages"}],"about":[{"href":"https:\/\/wptestkevin.ovh\/.Dev\/wp-json\/wp\/v2\/types\/page"}],"author":[{"embeddable":true,"href":"https:\/\/wptestkevin.ovh\/.Dev\/wp-json\/wp\/v2\/users\/1"}],"replies":[{"embeddable":true,"href":"https:\/\/wptestkevin.ovh\/.Dev\/wp-json\/wp\/v2\/comments?post=7747"}],"version-history":[{"count":5,"href":"https:\/\/wptestkevin.ovh\/.Dev\/wp-json\/wp\/v2\/pages\/7747\/revisions"}],"predecessor-version":[{"id":7771,"href":"https:\/\/wptestkevin.ovh\/.Dev\/wp-json\/wp\/v2\/pages\/7747\/revisions\/7771"}],"wp:attachment":[{"href":"https:\/\/wptestkevin.ovh\/.Dev\/wp-json\/wp\/v2\/media?parent=7747"}],"curies":[{"name":"wp","href":"https:\/\/api.w.org\/{rel}","templated":true}]}}